{"id":146247,"date":"2023-03-19T10:56:00","date_gmt":"2023-03-19T07:56:00","guid":{"rendered":"https:\/\/medclinics.com\/monsplastik\/"},"modified":"2025-01-02T17:03:13","modified_gmt":"2025-01-02T14:03:13","slug":"monsplastik","status":"publish","type":"page","link":"https:\/\/medclinics.com\/de\/monsplastik\/","title":{"rendered":"Monsplastik"},"content":{"rendered":"\n<h2 class=\"wp-block-heading\">Wenn Sie mit dem Aussehen oder der Gr\u00f6\u00dfe Ihres Schamh\u00fcgels unzufrieden sind, gibt es eine L\u00f6sung: Monsplastik.<\/h2>\n\n<p>Mit diesem chirurgischen Eingriff kann der dreieckige Bereich \u00fcber dem <a href=\"https:\/\/en.wikipedia.org\/wiki\/Pubis_(bone)\" target=\"_blank\" rel=\"noreferrer noopener\">Schambein<\/a> und vor den Genitalien neu geformt und konturiert werden.<\/p>\n\n<p>Es gibt viele Gr\u00fcnde, warum sich Menschen f\u00fcr eine solche Operation entscheiden. Manche haben aufgrund von Gewichtsschwankungen, Alterung oder genetischen Faktoren \u00fcbersch\u00fcssiges Fett oder schlaffe Haut, die eine unsch\u00f6ne W\u00f6lbung in der Schamgegend verursachen. Andere leiden unter Unebenheiten oder Asymmetrien, die dazu f\u00fchren, dass sie sich ihrer K\u00f6rperproportionen nicht bewusst sind.<\/p>\n\n<p>F\u00fcr diejenigen, die eine Verbesserung der \u00c4sthetik im Genitalbereich anstreben &#8211; sei es eine Verringerung der Vorw\u00f6lbung f\u00fcr eine bessere Balance &#8211; bietet die Monsplastik eine M\u00f6glichkeit, unerw\u00fcnschtes Gewebe zu entfernen und gleichzeitig die sichtbare Narbenbildung dank der sorgf\u00e4ltigen Platzierung der Schnitte w\u00e4hrend des Eingriffs zu minimieren.<\/p>\n\n<p>Wie bei allen chirurgischen Eingriffen bestehen auch hier Risiken, wie z.B. das Infektionsrisiko in Verbindung mit Blutungskomplikationen, die nach der Operation auftreten k\u00f6nnen; diese sollten jedoch niemanden davon abhalten, sich einer Monspalsty zu unterziehen, da diese zahlreiche Vorteile bietet!<\/p>\n\n<h3 class=\"wp-block-heading\">Hier ist alles, was Sie \u00fcber <a href=\"https:\/\/medclinics.com\/de\/intimchirurgie\/\" target=\"_blank\" rel=\"noreferrer noopener\">Intimchirurgie<\/a> wissen m\u00fcssen, einschlie\u00dflich Preis, Nachbehandlung und Heilungsprozess, oder <a href=\"#requestform\">kontaktieren Sie uns<\/a>!<\/h3>\n\n<h2 class=\"wp-block-heading\">FAQ<\/h2>\n<div id=\"rank-math-faq\" class=\"rank-math-block\">\n<div class=\"rank-math-list \">\n<div id=\"faq-question-1684839089777\" class=\"rank-math-list-item\">\n<h3 class=\"rank-math-question \">Was ist eine monsplastische Operation?<\/h3>\n<div class=\"rank-math-answer \">\n\n<p>Die Monsplastik, auch Schamh\u00fcgelverkleinerung oder Schamliftung genannt, ist ein kosmetischer Eingriff, der darauf abzielt, den Schamh\u00fcgel, das Fettgewebe oberhalb des Schambeins, neu zu formen und zu verkleinern. Sie behebt Probleme wie Erschlaffung, Fett- oder Haut\u00fcberschuss und Asymmetrie. Bei dem Eingriff wird \u00fcbersch\u00fcssiges Gewebe entfernt, die Haut gestrafft und der Schamh\u00fcgel neu geformt, um das \u00e4sthetische Erscheinungsbild zu verbessern. Der Eingriff kann ambulant unter Narkose durchgef\u00fchrt werden, und die Erholungszeit ist unterschiedlich lang.  <\/p>\n\n<\/div>\n<\/div>\n<div id=\"faq-question-1684839152373\" class=\"rank-math-list-item\">\n<h3 class=\"rank-math-question \">Wie viel kostet eine Monsplastie?<\/h3>\n<div class=\"rank-math-answer \">\n\n<p>Die Kosten f\u00fcr eine Monsplastik oder eine Schamh\u00fcgelverkleinerung variieren und h\u00e4ngen unter anderem von Faktoren wie dem geografischen Standort der Klinik, der Komplexit\u00e4t des Eingriffs sowie dem Fachwissen des Chirurgen ab. Im Allgemeinen liegen die Kosten f\u00fcr eine Monsplastik in europ\u00e4ischen L\u00e4ndern zwischen 2.000 \u20ac und 5.000 \u20ac oder mehr. In der T\u00fcrkei h\u00e4ngen die Kosten f\u00fcr eine Monsplastie-Operation von mehreren Faktoren ab, darunter die Klinik, die Erfahrung des Chirurgen und die Komplexit\u00e4t des Eingriffs. Im Durchschnitt liegen die Kosten f\u00fcr eine Monsplastik in der T\u00fcrkei zwischen 1.500 \u20ac und 3.500 \u20ac oder mehr.<\/p>\n\n<\/div>\n<\/div>\n<\/div>\n<\/div>\n<p>\u00a0<\/p>\n\n<h3 class=\"wp-block-heading\">Kontaktieren Sie uns jetzt, falls Sie Fragen haben!<\/h3>\n","protected":false},"excerpt":{"rendered":"<p>Wenn Sie mit dem Aussehen oder der Gr\u00f6\u00dfe Ihres Schamh\u00fcgels unzufrieden sind, gibt es eine L\u00f6sung: Monsplastik. Mit diesem chirurgischen [&hellip;]<\/p>\n","protected":false},"author":4,"featured_media":91457,"parent":0,"menu_order":0,"comment_status":"closed","ping_status":"closed","template":"","meta":{"site-sidebar-layout":"default","site-content-layout":"","ast-site-content-layout":"default","site-content-style":"default","site-sidebar-style":"default","ast-global-header-display":"","ast-banner-title-visibility":"","ast-main-header-display":"","ast-hfb-above-header-display":"","ast-hfb-below-header-display":"","ast-hfb-mobile-header-display":"","site-post-title":"","ast-breadcrumbs-content":"","ast-featured-img":"","footer-sml-layout":"","ast-disable-related-posts":"","theme-transparent-header-meta":"","adv-header-id-meta":"","stick-header-meta":"","header-above-stick-meta":"","header-main-stick-meta":"","header-below-stick-meta":"","astra-migrate-meta-layouts":"default","ast-page-background-enabled":"default","ast-page-background-meta":{"desktop":{"background-color":"var(--ast-global-color-4)","background-image":"","background-repeat":"repeat","background-position":"center center","background-size":"auto","background-attachment":"scroll","background-type":"","background-media":"","overlay-type":"","overlay-color":"","overlay-opacity":"","overlay-gradient":""},"tablet":{"background-color":"","background-image":"","background-repeat":"repeat","background-position":"center center","background-size":"auto","background-attachment":"scroll","background-type":"","background-media":"","overlay-type":"","overlay-color":"","overlay-opacity":"","overlay-gradient":""},"mobile":{"background-color":"","background-image":"","background-repeat":"repeat","background-position":"center center","background-size":"auto","background-attachment":"scroll","background-type":"","background-media":"","overlay-type":"","overlay-color":"","overlay-opacity":"","overlay-gradient":""}},"ast-content-background-meta":{"desktop":{"background-color":"var(--ast-global-color-5)","background-image":"","background-repeat":"repeat","background-position":"center center","background-size":"auto","background-attachment":"scroll","background-type":"","background-media":"","overlay-type":"","overlay-color":"","overlay-opacity":"","overlay-gradient":""},"tablet":{"background-color":"var(--ast-global-color-5)","background-image":"","background-repeat":"repeat","background-position":"center center","background-size":"auto","background-attachment":"scroll","background-type":"","background-media":"","overlay-type":"","overlay-color":"","overlay-opacity":"","overlay-gradient":""},"mobile":{"background-color":"var(--ast-global-color-5)","background-image":"","background-repeat":"repeat","background-position":"center center","background-size":"auto","background-attachment":"scroll","background-type":"","background-media":"","overlay-type":"","overlay-color":"","overlay-opacity":"","overlay-gradient":""}},"footnotes":""},"class_list":["post-146247","page","type-page","status-publish","has-post-thumbnail","hentry"],"_links":{"self":[{"href":"https:\/\/medclinics.com\/de\/wp-json\/wp\/v2\/pages\/146247","targetHints":{"allow":["GET"]}}],"collection":[{"href":"https:\/\/medclinics.com\/de\/wp-json\/wp\/v2\/pages"}],"about":[{"href":"https:\/\/medclinics.com\/de\/wp-json\/wp\/v2\/types\/page"}],"author":[{"embeddable":true,"href":"https:\/\/medclinics.com\/de\/wp-json\/wp\/v2\/users\/4"}],"replies":[{"embeddable":true,"href":"https:\/\/medclinics.com\/de\/wp-json\/wp\/v2\/comments?post=146247"}],"version-history":[{"count":0,"href":"https:\/\/medclinics.com\/de\/wp-json\/wp\/v2\/pages\/146247\/revisions"}],"wp:featuredmedia":[{"embeddable":true,"href":"https:\/\/medclinics.com\/de\/wp-json\/wp\/v2\/media\/91457"}],"wp:attachment":[{"href":"https:\/\/medclinics.com\/de\/wp-json\/wp\/v2\/media?parent=146247"}],"curies":[{"name":"wp","href":"https:\/\/api.w.org\/{rel}","templated":true}]}}