{"id":146221,"date":"2023-03-15T10:33:00","date_gmt":"2023-03-15T07:33:00","guid":{"rendered":"https:\/\/medclinics.com\/schamlippenkorrektur\/"},"modified":"2025-01-02T16:25:27","modified_gmt":"2025-01-02T13:25:27","slug":"schamlippenkorrektur","status":"publish","type":"page","link":"https:\/\/medclinics.com\/de\/schamlippenkorrektur\/","title":{"rendered":"Schamlippenkorrektur"},"content":{"rendered":"\n<p>Die Schamlippenkorrektur, auch Labioplastik genannt, ist ein chirurgischer Eingriff, mit dem kosmetische und k\u00f6rperliche Probleme im Zusammenhang mit den inneren und \u00e4u\u00dferen Hautfalten, die den Scheideneingang umgeben, behoben werden. Dieser Eingriff kann f\u00fcr Personen von Vorteil sein, die sich mit der Gr\u00f6\u00dfe, Form oder Symmetrie ihrer Schamlippen unwohl f\u00fchlen, die sich bei k\u00f6rperlichen Aktivit\u00e4ten wie dem Geschlechtsverkehr unwohl f\u00fchlen oder die aufgrund vergr\u00f6\u00dferter Schamlippen Schwierigkeiten mit der Hygiene haben.<\/p>\n\n<p>Es gibt zwei Arten dieser Operation: Bei der Edge Trim Labiaplasty wird \u00fcbersch\u00fcssiges Gewebe entlang des Randes entfernt, w\u00e4hrend bei der Wedge Resection <a href=\"https:\/\/en.wikipedia.org\/wiki\/Labiaplasty\" target=\"_blank\" rel=\"noopener\">Labioalasty<\/a> ein keilf\u00f6rmiges St\u00fcck der Minora entfernt wird, bevor die verbleibenden R\u00e4nder zusammengen\u00e4ht werden, was zu einem nat\u00fcrlich aussehenden Aussehen f\u00fchrt.<\/p>\n\n<p>Der Eingriff selbst kann unter \u00f6rtlicher Bet\u00e4ubung durchgef\u00fchrt werden, je nach Komplexit\u00e4t und Pr\u00e4ferenz des Patienten. Unser Team bietet eine pers\u00f6nliche Betreuung, die speziell auf Ihre Bed\u00fcrfnisse zugeschnitten ist!<\/p>\n\n<p>Nach dieser lebensver\u00e4ndernden Operation folgt die Genesung, die Geduld erfordert, aber letztendlich dazu f\u00fchrt, dass Sie sich wieder selbstbewusst f\u00fchlen!<\/p>\n\n<p>Als MedClinics sind wir hier, um die besten Chirurgen f\u00fcr Schamlippenkorrekturen in der T\u00fcrkei und im Ausland zu finden. Kontaktieren Sie uns einfach!<\/p>\n\n<h3 class=\"wp-block-heading\">Alles, was Sie \u00fcber <a href=\"https:\/\/medclinics.com\/de\/intimchirurgie\/\" target=\"_blank\" rel=\"noreferrer noopener\">Intimchirurgie<\/a> wissen m\u00fcssen, finden Sie hier, <a href=\"#requestform\">kontaktieren Sie uns!<\/a><\/h3>\n\n<h2 class=\"wp-block-heading\">FAQ<\/h2>\n<div id=\"rank-math-faq\" class=\"rank-math-block\">\n<div class=\"rank-math-list \">\n<div id=\"faq-question-1684837646045\" class=\"rank-math-list-item\">\n<h3 class=\"rank-math-question \">Sind Schamlippenkorrekturen schmerzhaft?<\/h3>\n<div class=\"rank-math-answer \">\n\n<p>Die Schamlippenkorrektur kann w\u00e4hrend der Genesungsphase einige Unannehmlichkeiten und Schmerzen verursachen, die jedoch durch geeignete Ma\u00dfnahmen gelindert werden k\u00f6nnen. Das Befolgen der postoperativen Anweisungen und die Einnahme der verschriebenen Schmerzmittel k\u00f6nnen zu einem angenehmeren Heilungsprozess beitragen.<\/p>\n\n<\/div>\n<\/div>\n<div id=\"faq-question-1684837736928\" class=\"rank-math-list-item\">\n<h3 class=\"rank-math-question \">Warum wird eine Schamlippenkorrektur durchgef\u00fchrt?<\/h3>\n<div class=\"rank-math-answer \">\n\n<p>Eine Schamlippenkorrektur wird aus verschiedenen Gr\u00fcnden durchgef\u00fchrt, z. B. zur Verkleinerung oder Asymmetrie der kleinen oder gro\u00dfen Schamlippen, zur Beseitigung von Beschwerden oder Irritationen, die durch vergr\u00f6\u00dferte Schamlippen verursacht werden, zur Verbesserung des \u00e4sthetischen Aussehens des Genitalbereichs, zur St\u00e4rkung des Selbstbewusstseins und zur Beseitigung funktioneller Probleme, die die sexuelle Aktivit\u00e4t oder das t\u00e4gliche Leben beeintr\u00e4chtigen k\u00f6nnen. Das Verfahren wird individuell auf die Bed\u00fcrfnisse und W\u00fcnsche des Einzelnen abgestimmt und zielt auf k\u00f6rperliche und psychische Vorteile ab.<\/p>\n\n<\/div>\n<\/div>\n<div id=\"faq-question-1684837803889\" class=\"rank-math-list-item\">\n<h3 class=\"rank-math-question \">Ist eine Schamlippenkorrektur \u00fcblich?<\/h3>\n<div class=\"rank-math-answer \">\n\n<p>Die Schamlippenkorrektur hat in den letzten Jahren an Bedeutung gewonnen. Es handelt sich um ein Verfahren, das immer beliebter wird, da immer mehr Menschen von seiner Verf\u00fcgbarkeit und seinen potenziellen Vorteilen erfahren. Die Entscheidung, sich einer solchen Behandlung zu unterziehen, ist eine pers\u00f6nliche Entscheidung, die von Person zu Person unterschiedlich ausf\u00e4llt und von den jeweiligen Anliegen und Zielen abh\u00e4ngt. Es ist wichtig, dass Sie sich von einem qualifizierten Arzt oder plastischen Chirurgen beraten lassen, um den Eingriff, die m\u00f6glichen Risiken und die zu erwartenden Ergebnisse zu besprechen und zu entscheiden, ob eine Schamlippenkorrektur die richtige Wahl ist.<\/p>\n\n<\/div>\n<\/div>\n<\/div>\n<\/div>\n<p>\u00a0<\/p>\n\n<h3 class=\"wp-block-heading\">Kontaktieren Sie uns jetzt, falls Sie Fragen haben!<\/h3>\n","protected":false},"excerpt":{"rendered":"<p>Die Schamlippenkorrektur, auch Labioplastik genannt, ist ein chirurgischer Eingriff, mit dem kosmetische und k\u00f6rperliche Probleme im Zusammenhang mit den inneren [&hellip;]<\/p>\n","protected":false},"author":4,"featured_media":91429,"parent":0,"menu_order":0,"comment_status":"closed","ping_status":"closed","template":"","meta":{"site-sidebar-layout":"default","site-content-layout":"","ast-site-content-layout":"default","site-content-style":"default","site-sidebar-style":"default","ast-global-header-display":"","ast-banner-title-visibility":"","ast-main-header-display":"","ast-hfb-above-header-display":"","ast-hfb-below-header-display":"","ast-hfb-mobile-header-display":"","site-post-title":"","ast-breadcrumbs-content":"","ast-featured-img":"","footer-sml-layout":"","ast-disable-related-posts":"","theme-transparent-header-meta":"","adv-header-id-meta":"","stick-header-meta":"","header-above-stick-meta":"","header-main-stick-meta":"","header-below-stick-meta":"","astra-migrate-meta-layouts":"default","ast-page-background-enabled":"default","ast-page-background-meta":{"desktop":{"background-color":"var(--ast-global-color-4)","background-image":"","background-repeat":"repeat","background-position":"center center","background-size":"auto","background-attachment":"scroll","background-type":"","background-media":"","overlay-type":"","overlay-color":"","overlay-opacity":"","overlay-gradient":""},"tablet":{"background-color":"","background-image":"","background-repeat":"repeat","background-position":"center center","background-size":"auto","background-attachment":"scroll","background-type":"","background-media":"","overlay-type":"","overlay-color":"","overlay-opacity":"","overlay-gradient":""},"mobile":{"background-color":"","background-image":"","background-repeat":"repeat","background-position":"center center","background-size":"auto","background-attachment":"scroll","background-type":"","background-media":"","overlay-type":"","overlay-color":"","overlay-opacity":"","overlay-gradient":""}},"ast-content-background-meta":{"desktop":{"background-color":"var(--ast-global-color-5)","background-image":"","background-repeat":"repeat","background-position":"center center","background-size":"auto","background-attachment":"scroll","background-type":"","background-media":"","overlay-type":"","overlay-color":"","overlay-opacity":"","overlay-gradient":""},"tablet":{"background-color":"var(--ast-global-color-5)","background-image":"","background-repeat":"repeat","background-position":"center center","background-size":"auto","background-attachment":"scroll","background-type":"","background-media":"","overlay-type":"","overlay-color":"","overlay-opacity":"","overlay-gradient":""},"mobile":{"background-color":"var(--ast-global-color-5)","background-image":"","background-repeat":"repeat","background-position":"center center","background-size":"auto","background-attachment":"scroll","background-type":"","background-media":"","overlay-type":"","overlay-color":"","overlay-opacity":"","overlay-gradient":""}},"footnotes":""},"class_list":["post-146221","page","type-page","status-publish","has-post-thumbnail","hentry"],"_links":{"self":[{"href":"https:\/\/medclinics.com\/de\/wp-json\/wp\/v2\/pages\/146221","targetHints":{"allow":["GET"]}}],"collection":[{"href":"https:\/\/medclinics.com\/de\/wp-json\/wp\/v2\/pages"}],"about":[{"href":"https:\/\/medclinics.com\/de\/wp-json\/wp\/v2\/types\/page"}],"author":[{"embeddable":true,"href":"https:\/\/medclinics.com\/de\/wp-json\/wp\/v2\/users\/4"}],"replies":[{"embeddable":true,"href":"https:\/\/medclinics.com\/de\/wp-json\/wp\/v2\/comments?post=146221"}],"version-history":[{"count":0,"href":"https:\/\/medclinics.com\/de\/wp-json\/wp\/v2\/pages\/146221\/revisions"}],"wp:featuredmedia":[{"embeddable":true,"href":"https:\/\/medclinics.com\/de\/wp-json\/wp\/v2\/media\/91429"}],"wp:attachment":[{"href":"https:\/\/medclinics.com\/de\/wp-json\/wp\/v2\/media?parent=146221"}],"curies":[{"name":"wp","href":"https:\/\/api.w.org\/{rel}","templated":true}]}}