{"id":146211,"date":"2023-03-15T10:17:00","date_gmt":"2023-03-15T07:17:00","guid":{"rendered":"https:\/\/medclinics.com\/hymenoplastik\/"},"modified":"2025-01-02T16:15:31","modified_gmt":"2025-01-02T13:15:31","slug":"hymenoplastik","status":"publish","type":"page","link":"https:\/\/medclinics.com\/de\/hymenoplastik\/","title":{"rendered":"Hymenoplastik"},"content":{"rendered":"\n<p>Bei der Hymenoplastik handelt es sich um eine chirurgische L\u00f6sung, bei der das Jungfernh\u00e4utchen, das sich am Scheideneingang befindet, rekonstruiert oder repariert wird. Die Form und Gr\u00f6\u00dfe dieser d\u00fcnnen Membran kann von Mensch zu Mensch variieren und durch k\u00f6rperliche Aktivit\u00e4ten wie Sex, Sport oder Tampongebrauch gedehnt werden oder rei\u00dfen.<\/p>\n\n<p>Menschen suchen die Hymenoplastik aus kulturellen, religi\u00f6sen oder pers\u00f6nlichen Gr\u00fcnden auf, da sie darauf abzielt, den urspr\u00fcnglichen Zustand wiederherzustellen, bevor es zu einem Riss kam. Bei diesem Verfahren werden entweder Reste des bestehenden Jungfernh\u00e4utchens repariert oder neue Strukturen aus dem umliegenden Gewebe geschaffen.<\/p>\n\n<p>Es ist wichtig zu verstehen, dass es sich dabei nicht um einen medizinisch notwendigen, sondern um einen kosmetischen Eingriff handelt, dessen Hauptzweck darin besteht, ein Aussehen zu erreichen, das einer intakten Hymenalstruktur \u00e4hnelt. <a href=\"https:\/\/en.wikipedia.org\/wiki\/Hymenorrhaphy\" target=\"_blank\" rel=\"noopener\">Hymnoplastiken<\/a> werden in der Regel ambulant durchgef\u00fchrt und die Erholungszeit nach dem Eingriff ist kurz.<\/p>\n\n<p>Bevor man sich solchen Eingriffen unterzieht, sollte man offen mit qualifizierten plastischen Chirurgen sprechen, die einen ausf\u00fchrlich \u00fcber die Erwartungen an das Ergebnis informieren und dabei auch auf Ihre Bedenken eingehen, die Sie m\u00f6glicherweise im Zusammenhang mit den kulturellen\/ethischen\/sozialen Implikationen sowie den individuellen Beweggr\u00fcnden f\u00fcr Ihren Entscheidungsprozess haben.<\/p>\n\n<h3 class=\"wp-block-heading\">Hier ist alles, was Sie \u00fcber <a href=\"https:\/\/medclinics.com\/de\/intimchirurgie\/\" target=\"_blank\" rel=\"noreferrer noopener\">Intimchirurgie<\/a> wissen m\u00fcssen, einschlie\u00dflich Preis, Nachbehandlung und Heilungsprozess, oder <a href=\"#requestform\">kontaktieren Sie uns<\/a>!<\/h3>\n\n<h2 class=\"wp-block-heading\">FAQ<\/h2>\n<div id=\"rank-math-faq\" class=\"rank-math-block\">\n<div class=\"rank-math-list \">\n<div id=\"faq-question-1684836770900\" class=\"rank-math-list-item\">\n<h3 class=\"rank-math-question \">Was ist eine Hymenoplastik?<\/h3>\n<div class=\"rank-math-answer \">\n\n<p>Die Hymenoplastik ist ein chirurgischer Eingriff, der darauf abzielt, das Jungfernh\u00e4utchen, eine d\u00fcnne Membran am Eingang der Vagina, zu rekonstruieren oder zu reparieren. Sie wird oft aus pers\u00f6nlichen, kulturellen oder gesellschaftlichen Gr\u00fcnden angestrebt und beinhaltet das Vern\u00e4hen oder Wiederherstellen des Hymenalrings.<\/p>\n\n<\/div>\n<\/div>\n<div id=\"faq-question-1684836822286\" class=\"rank-math-list-item\">\n<h3 class=\"rank-math-question \">Was ist ein Hymenoplastik-Eingriff?<\/h3>\n<div class=\"rank-math-answer \">\n\n<p>Die Hymenoplastik ist ein chirurgischer Eingriff, bei dem das Jungfernh\u00e4utchen rekonstruiert oder repariert wird. Bei diesem Verfahren werden in der Regel die Reste des Jungfernh\u00e4utchens zusammengen\u00e4ht oder es werden Gewebetransplantate verwendet, um den Hymenalring wiederherzustellen und sein Aussehen zu verbessern.<\/p>\n\n<\/div>\n<\/div>\n<\/div>\n<\/div>\n<p>\u00a0<\/p>\n\n<h3 class=\"wp-block-heading\">Kontaktieren Sie uns jetzt, falls Sie Fragen haben!<\/h3>\n","protected":false},"excerpt":{"rendered":"<p>Bei der Hymenoplastik handelt es sich um eine chirurgische L\u00f6sung, bei der das Jungfernh\u00e4utchen, das sich am Scheideneingang befindet, rekonstruiert [&hellip;]<\/p>\n","protected":false},"author":4,"featured_media":93072,"parent":0,"menu_order":0,"comment_status":"closed","ping_status":"closed","template":"","meta":{"site-sidebar-layout":"default","site-content-layout":"","ast-site-content-layout":"default","site-content-style":"default","site-sidebar-style":"default","ast-global-header-display":"","ast-banner-title-visibility":"","ast-main-header-display":"","ast-hfb-above-header-display":"","ast-hfb-below-header-display":"","ast-hfb-mobile-header-display":"","site-post-title":"","ast-breadcrumbs-content":"","ast-featured-img":"","footer-sml-layout":"","ast-disable-related-posts":"","theme-transparent-header-meta":"","adv-header-id-meta":"","stick-header-meta":"","header-above-stick-meta":"","header-main-stick-meta":"","header-below-stick-meta":"","astra-migrate-meta-layouts":"default","ast-page-background-enabled":"default","ast-page-background-meta":{"desktop":{"background-color":"var(--ast-global-color-4)","background-image":"","background-repeat":"repeat","background-position":"center center","background-size":"auto","background-attachment":"scroll","background-type":"","background-media":"","overlay-type":"","overlay-color":"","overlay-opacity":"","overlay-gradient":""},"tablet":{"background-color":"","background-image":"","background-repeat":"repeat","background-position":"center center","background-size":"auto","background-attachment":"scroll","background-type":"","background-media":"","overlay-type":"","overlay-color":"","overlay-opacity":"","overlay-gradient":""},"mobile":{"background-color":"","background-image":"","background-repeat":"repeat","background-position":"center center","background-size":"auto","background-attachment":"scroll","background-type":"","background-media":"","overlay-type":"","overlay-color":"","overlay-opacity":"","overlay-gradient":""}},"ast-content-background-meta":{"desktop":{"background-color":"var(--ast-global-color-5)","background-image":"","background-repeat":"repeat","background-position":"center center","background-size":"auto","background-attachment":"scroll","background-type":"","background-media":"","overlay-type":"","overlay-color":"","overlay-opacity":"","overlay-gradient":""},"tablet":{"background-color":"var(--ast-global-color-5)","background-image":"","background-repeat":"repeat","background-position":"center center","background-size":"auto","background-attachment":"scroll","background-type":"","background-media":"","overlay-type":"","overlay-color":"","overlay-opacity":"","overlay-gradient":""},"mobile":{"background-color":"var(--ast-global-color-5)","background-image":"","background-repeat":"repeat","background-position":"center center","background-size":"auto","background-attachment":"scroll","background-type":"","background-media":"","overlay-type":"","overlay-color":"","overlay-opacity":"","overlay-gradient":""}},"footnotes":""},"class_list":["post-146211","page","type-page","status-publish","has-post-thumbnail","hentry"],"_links":{"self":[{"href":"https:\/\/medclinics.com\/de\/wp-json\/wp\/v2\/pages\/146211","targetHints":{"allow":["GET"]}}],"collection":[{"href":"https:\/\/medclinics.com\/de\/wp-json\/wp\/v2\/pages"}],"about":[{"href":"https:\/\/medclinics.com\/de\/wp-json\/wp\/v2\/types\/page"}],"author":[{"embeddable":true,"href":"https:\/\/medclinics.com\/de\/wp-json\/wp\/v2\/users\/4"}],"replies":[{"embeddable":true,"href":"https:\/\/medclinics.com\/de\/wp-json\/wp\/v2\/comments?post=146211"}],"version-history":[{"count":0,"href":"https:\/\/medclinics.com\/de\/wp-json\/wp\/v2\/pages\/146211\/revisions"}],"wp:featuredmedia":[{"embeddable":true,"href":"https:\/\/medclinics.com\/de\/wp-json\/wp\/v2\/media\/93072"}],"wp:attachment":[{"href":"https:\/\/medclinics.com\/de\/wp-json\/wp\/v2\/media?parent=146211"}],"curies":[{"name":"wp","href":"https:\/\/api.w.org\/{rel}","templated":true}]}}