{"id":146177,"date":"2023-03-14T09:20:00","date_gmt":"2023-03-14T06:20:00","guid":{"rendered":"https:\/\/medclinics.com\/klitorisverkleinerung\/"},"modified":"2024-12-30T19:30:23","modified_gmt":"2024-12-30T16:30:23","slug":"klitorisverkleinerung","status":"publish","type":"page","link":"https:\/\/medclinics.com\/de\/klitorisverkleinerung\/","title":{"rendered":"Klitorisverkleinerung"},"content":{"rendered":"\n<h2 class=\"wp-block-heading\">Wenn Sie aufgrund einer vergr\u00f6\u00dferten Klitorishaube Beschwerden haben, k\u00f6nnte eine Klitorishaubenverkleinerung von Vorteil sein.<\/h2>\n\n<p>Die <a href=\"https:\/\/en.wikipedia.org\/wiki\/Clitoral_hood_reduction\" target=\"_blank\" rel=\"noreferrer noopener\">Verkleinerung der Klitorisvorhaut<\/a>, auch Klitorisvorhautentfernung oder Klitorisvorhautplastik genannt, ist eine chirurgische Option, mit der das \u00fcbersch\u00fcssige Gewebe der Klitorisvorhaut reduziert werden kann. Obwohl dieses Verfahren zum Schutz und zur Stimulierung w\u00e4hrend der sexuellen Aktivit\u00e4t beitr\u00e4gt, f\u00fchlen sich manche Menschen wegen ihrer hervorstehenden oder zu gro\u00dfen Klitoris unwohl.<\/p>\n\n<p>W\u00e4hrend des Eingriffs unter \u00f6rtlicher Bet\u00e4ubung entfernen die Chirurgen \u00fcbersch\u00fcssiges Gewebe, wobei die wesentlichen Funktionen und die Empfindlichkeit erhalten bleiben, um ein optimales Ergebnis zu erzielen, das speziell auf die Bed\u00fcrfnisse der individuellen Anatomie zugeschnitten ist.<\/p>\n\n<p>Wie bei jedem anderen medizinischen Eingriff gibt es jedoch auch hier Risiken wie Infektionen, Blutungen, Narbenbildung, Gef\u00fchlsst\u00f6rungen usw. Es ist daher wichtig, diese Bedenken nicht nur gr\u00fcndlich zu er\u00f6rtern, sondern auch realistische Erwartungen zu haben, bevor man eine endg\u00fcltige Entscheidung \u00fcber kosmetische Operationen trifft!<\/p>\n\n<h3 class=\"wp-block-heading\">Hier ist alles, was Sie \u00fcber <a href=\"https:\/\/medclinics.com\/de\/intimchirurgie\/\" target=\"_blank\" rel=\"noreferrer noopener\">Intimchirurgie<\/a> wissen m\u00fcssen, einschlie\u00dflich Preis, Nachbehandlung und Heilungsprozess, oder <a href=\"#requestform\">kontaktieren Sie uns<\/a>!<\/h3>\n\n<h2 class=\"wp-block-heading\">FAQ<\/h2>\n<div id=\"rank-math-faq\" class=\"rank-math-block\">\n<div class=\"rank-math-list \">\n<div id=\"faq-question-1684831298996\" class=\"rank-math-list-item\">\n<h3 class=\"rank-math-question \">Kann die Klitorisvorhaut verkleinert werden?<\/h3>\n<div class=\"rank-math-answer \">\n\n<p>Ja, die Klitorisvorhaut kann durch einen chirurgischen Eingriff, die so genannte Klitorisvorhautreduktion oder Klitorisvorhautektomie, verkleinert werden. Bei diesem Verfahren wird \u00fcbersch\u00fcssiges Gewebe von der Klitorisvorhaut entfernt, um die Klitoris freizulegen und ihre Sichtbarkeit zu verbessern. Die Verkleinerung der Klitorisvorhaut wird h\u00e4ufig aus \u00e4sthetischen Gr\u00fcnden oder zur Linderung von Beschwerden durchgef\u00fchrt, die durch \u00fcbersch\u00fcssiges oder \u00fcberfl\u00fcssiges Gewebe verursacht werden. Es ist wichtig, einen qualifizierten Arzt oder einen plastischen Chirurgen, der auf dieses Verfahren spezialisiert ist, zu konsultieren, um die potenziellen Risiken, den Nutzen und das zu erwartende Ergebnis je nach den individuellen Umst\u00e4nden zu besprechen.<\/p>\n\n<\/div>\n<\/div>\n<div id=\"faq-question-1684831318284\" class=\"rank-math-list-item\">\n<h3 class=\"rank-math-question \">Warum tut meine Klitorisvorhaut weh?<\/h3>\n<div class=\"rank-math-answer \">\n\n<p>Unbehagen oder Schmerzen in der Klitorisvorhaut k\u00f6nnen sehr belastend sein, und es gibt mehrere m\u00f6gliche Ursachen f\u00fcr dieses Gef\u00fchl. Eine Reizung oder Entz\u00fcndung der Klitorisvorhaut kann durch Faktoren wie Reibung, enge Kleidung oder den Kontakt mit Reizstoffen entstehen. Auch Infektionen wie Hefepilzinfektionen oder bakterielle Vaginose k\u00f6nnen zu Entz\u00fcndungen und Beschwerden in der Klitorisvorhaut f\u00fchren. Au\u00dferdem k\u00f6nnen Traumata oder Verletzungen der Klitorisvorhaut sowie Verwachsungen der Klitorisvorhaut zu Schmerzen oder Empfindlichkeit beitragen. Wenn Sie anhaltende oder starke Schmerzen in der Klitorisvorhaut haben, ist es ratsam, einen Arzt oder Gyn\u00e4kologen aufzusuchen, der Ihre Symptome beurteilen, eine Untersuchung durchf\u00fchren und Ihnen geeignete Ratschl\u00e4ge und Behandlungsm\u00f6glichkeiten geben kann, die auf Ihre spezielle Situation zugeschnitten sind.<\/p>\n\n<\/div>\n<\/div>\n<div id=\"faq-question-1684831417949\" class=\"rank-math-list-item\">\n<h3 class=\"rank-math-question \">Was passiert, wenn man die Klitorisvorhaut entfernt?<\/h3>\n<div class=\"rank-math-answer \">\n\n<p>Das Hauptergebnis der Verkleinerung der Klitorisvorhaut ist eine st\u00e4rkere Freilegung der Klitoris, wodurch die sexuelle Stimulation und Sensibilit\u00e4t verbessert werden kann. Au\u00dferdem kann der Eingriff zu \u00e4sthetischen Ver\u00e4nderungen f\u00fchren, indem die Klitoris sichtbarer oder prominenter wird. Wie jeder chirurgische Eingriff birgt auch die Entfernung der Klitorisvorhaut m\u00f6gliche Risiken und Komplikationen wie Blutungen, Infektionen, Narbenbildung oder Gef\u00fchlsst\u00f6rungen. Pers\u00f6nliche Erfahrungen und Ergebnisse k\u00f6nnen variieren, daher ist es wichtig, dass Sie sich mit einem qualifizierten Gesundheitsdienstleister oder einem plastischen Chirurgen beraten, der auf dieses Verfahren spezialisiert ist, um die m\u00f6glichen Vorteile, Risiken und erwarteten Ergebnisse auf der Grundlage Ihrer individuellen Bed\u00fcrfnisse und W\u00fcnsche zu besprechen.<\/p>\n\n<\/div>\n<\/div>\n<\/div>\n<\/div>\n<p>\u00a0<\/p>\n\n<h3 class=\"wp-block-heading\">Kontaktieren Sie uns jetzt, falls Sie Fragen haben!<\/h3>\n","protected":false},"excerpt":{"rendered":"<p>Wenn Sie aufgrund einer vergr\u00f6\u00dferten Klitorishaube Beschwerden haben, k\u00f6nnte eine Klitorishaubenverkleinerung von Vorteil sein. Die Verkleinerung der Klitorisvorhaut, auch Klitorisvorhautentfernung [&hellip;]<\/p>\n","protected":false},"author":4,"featured_media":91335,"parent":0,"menu_order":0,"comment_status":"closed","ping_status":"closed","template":"","meta":{"site-sidebar-layout":"default","site-content-layout":"","ast-site-content-layout":"default","site-content-style":"default","site-sidebar-style":"default","ast-global-header-display":"","ast-banner-title-visibility":"","ast-main-header-display":"","ast-hfb-above-header-display":"","ast-hfb-below-header-display":"","ast-hfb-mobile-header-display":"","site-post-title":"","ast-breadcrumbs-content":"","ast-featured-img":"","footer-sml-layout":"","ast-disable-related-posts":"","theme-transparent-header-meta":"","adv-header-id-meta":"","stick-header-meta":"","header-above-stick-meta":"","header-main-stick-meta":"","header-below-stick-meta":"","astra-migrate-meta-layouts":"default","ast-page-background-enabled":"default","ast-page-background-meta":{"desktop":{"background-color":"var(--ast-global-color-4)","background-image":"","background-repeat":"repeat","background-position":"center center","background-size":"auto","background-attachment":"scroll","background-type":"","background-media":"","overlay-type":"","overlay-color":"","overlay-opacity":"","overlay-gradient":""},"tablet":{"background-color":"","background-image":"","background-repeat":"repeat","background-position":"center center","background-size":"auto","background-attachment":"scroll","background-type":"","background-media":"","overlay-type":"","overlay-color":"","overlay-opacity":"","overlay-gradient":""},"mobile":{"background-color":"","background-image":"","background-repeat":"repeat","background-position":"center center","background-size":"auto","background-attachment":"scroll","background-type":"","background-media":"","overlay-type":"","overlay-color":"","overlay-opacity":"","overlay-gradient":""}},"ast-content-background-meta":{"desktop":{"background-color":"var(--ast-global-color-5)","background-image":"","background-repeat":"repeat","background-position":"center center","background-size":"auto","background-attachment":"scroll","background-type":"","background-media":"","overlay-type":"","overlay-color":"","overlay-opacity":"","overlay-gradient":""},"tablet":{"background-color":"var(--ast-global-color-5)","background-image":"","background-repeat":"repeat","background-position":"center center","background-size":"auto","background-attachment":"scroll","background-type":"","background-media":"","overlay-type":"","overlay-color":"","overlay-opacity":"","overlay-gradient":""},"mobile":{"background-color":"var(--ast-global-color-5)","background-image":"","background-repeat":"repeat","background-position":"center center","background-size":"auto","background-attachment":"scroll","background-type":"","background-media":"","overlay-type":"","overlay-color":"","overlay-opacity":"","overlay-gradient":""}},"footnotes":""},"class_list":["post-146177","page","type-page","status-publish","has-post-thumbnail","hentry"],"_links":{"self":[{"href":"https:\/\/medclinics.com\/de\/wp-json\/wp\/v2\/pages\/146177","targetHints":{"allow":["GET"]}}],"collection":[{"href":"https:\/\/medclinics.com\/de\/wp-json\/wp\/v2\/pages"}],"about":[{"href":"https:\/\/medclinics.com\/de\/wp-json\/wp\/v2\/types\/page"}],"author":[{"embeddable":true,"href":"https:\/\/medclinics.com\/de\/wp-json\/wp\/v2\/users\/4"}],"replies":[{"embeddable":true,"href":"https:\/\/medclinics.com\/de\/wp-json\/wp\/v2\/comments?post=146177"}],"version-history":[{"count":0,"href":"https:\/\/medclinics.com\/de\/wp-json\/wp\/v2\/pages\/146177\/revisions"}],"wp:featuredmedia":[{"embeddable":true,"href":"https:\/\/medclinics.com\/de\/wp-json\/wp\/v2\/media\/91335"}],"wp:attachment":[{"href":"https:\/\/medclinics.com\/de\/wp-json\/wp\/v2\/media?parent=146177"}],"curies":[{"name":"wp","href":"https:\/\/api.w.org\/{rel}","templated":true}]}}