{"id":146161,"date":"2023-05-23T08:12:59","date_gmt":"2023-05-23T05:12:59","guid":{"rendered":"https:\/\/medclinics.com\/wirbelsaulenchirurgie\/"},"modified":"2025-01-03T01:34:40","modified_gmt":"2025-01-02T22:34:40","slug":"wirbelsaulenchirurgie","status":"publish","type":"page","link":"https:\/\/medclinics.com\/de\/wirbelsaulenchirurgie\/","title":{"rendered":"Wirbels\u00e4ulenchirurgie"},"content":{"rendered":"\n<h2 class=\"wp-block-heading\">Wenn Sie auf der Suche nach einem Weg sind, Ihre Wirbels\u00e4ulenschmerzen zu lindern und wieder ein schmerzfreies Leben zu f\u00fchren, sind Sie bei der Wirbels\u00e4ulenchirurgie genau richtig.<\/h2>\n\n<p>Die Wirbels\u00e4ulenchirurgie befasst sich mit der Korrektur von <strong>Erkrankungen und <a href=\"https:\/\/en.wikipedia.org\/wiki\/Spinal_disease\" target=\"_blank\" rel=\"noreferrer noopener\">St\u00f6rungen der Wirbels\u00e4ule<\/a> und des R\u00fcckenmarks.<\/strong> Sie umfasst auch konservative Behandlungen, die ohne Operation durchgef\u00fchrt werden k\u00f6nnen.<\/p>\n\n<p>Wirbels\u00e4ulenoperationen sollten immer von einem <strong>speziell ausgebildeten Chirurgen<\/strong> durchgef\u00fchrt werden. Bildgebende Verfahren werden h\u00e4ufig zur Unterst\u00fctzung der Operation eingesetzt.<br\/>Die Dauer des Krankenhausaufenthalts h\u00e4ngt von der Grunderkrankung ab und ist von Person zu Person sehr unterschiedlich. W\u00e4hrend der Rehabilitationsphase nach einer Wirbels\u00e4ulenoperation sowie durch Physiotherapie sollen Kraft und Beweglichkeit wiederhergestellt werden.<\/p>\n\n<h3 class=\"wp-block-heading\">Arten der Wirbels\u00e4ulenchirurgie<\/h3>\n\n<p>Wenn alle konservativen Methoden ausgesch\u00f6pft sind, bleibt oft nur noch die Operation, um Schmerzen zu lindern und weitere Sch\u00e4den an der Wirbels\u00e4ule zu verhindern. Oft kann die eingeschr\u00e4nkte Mobilit\u00e4t der Patienten nach einer professionell durchgef\u00fchrten Operation vollst\u00e4ndig wiederhergestellt werden. Wirbels\u00e4ulenoperationen sollten immer nur von einem sehr erfahrenen Spezialisten durchgef\u00fchrt werden.<\/p>\n\n<p>Man <strong>unterscheidet<\/strong> u. a. zwischen Dekompressionsoperationen, Versteifungsoperationen, Bandscheibenersatzoperationen und minimalinvasiven Operationen.<\/p>\n\n<p>Bei der <strong>Dekompressionsoperation<\/strong> wird Druck auf die Nerven ausge\u00fcbt, indem der Wirbels\u00e4ulenkanal geweitet wird.<\/p>\n\n<p><strong>Bei der<\/strong> <strong>Fusionsoperation<\/strong> wird, wie der Name schon sagt, der betroffene Wirbelabschnitt mit Schrauben oder sogenannten Caches zusammengef\u00fcgt. Diese werden chirurgisch an der Wirbels\u00e4ule befestigt und bringen die Wirbel in ihre richtige Position.<\/p>\n\n<p>Bei der <strong>Bandscheibenersatzoperation<\/strong> werden besch\u00e4digte Bandscheiben durch k\u00fcnstliche ersetzt, die die nat\u00fcrliche Funktion der Bandscheibe \u00fcbernehmen und die Beweglichkeit wiederherstellen.<\/p>\n\n<p>Die <strong>minimalinvasive Operation<\/strong> erfordert nur kleine Hautschnitte und vermeidet lange und gro\u00dfe Narben. Dadurch wird die Erholungszeit des Patienten verk\u00fcrzt. Die minimalinvasive Chirurgie wird bei einer Vielzahl von Wirbels\u00e4uleneingriffen eingesetzt.<\/p>\n\n<p>Ihr behandelnder Facharzt wird mit Ihnen besprechen und sorgf\u00e4ltig abw\u00e4gen, welche Operationsmethode f\u00fcr Sie geeignet ist.<\/p>\n\n<h3 class=\"wp-block-heading\">Alles, was Sie \u00fcber <a href=\"https:\/\/medclinics.com\/orthopedic-treatments-fight-against-immobility\/\" target=\"_blank\" rel=\"noreferrer noopener\">orthop\u00e4dische Behandlungen<\/a> wissen m\u00fcssen, einschlie\u00dflich Preis, Nachsorge und Heilungsprozess, oder <a href=\"#requestform\">kontaktieren Sie uns<\/a>!<\/h3>\n\n<figure class=\"wp-block-image size-full\"><img fetchpriority=\"high\" decoding=\"async\" width=\"960\" height=\"540\" class=\"wp-image-97274\" src=\"https:\/\/medclinics.com\/wp-content\/uploads\/2023\/07\/spine-surgery-near-me.jpg\" alt=\"Wirbels&#xE4;ulenchirurgie in meiner N&#xE4;he\" srcset=\"https:\/\/medclinics.com\/wp-content\/uploads\/2023\/07\/spine-surgery-near-me.jpg 960w, https:\/\/medclinics.com\/wp-content\/uploads\/2023\/07\/spine-surgery-near-me-500x281.jpg 500w, https:\/\/medclinics.com\/wp-content\/uploads\/2023\/07\/spine-surgery-near-me-768x432.jpg 768w, https:\/\/medclinics.com\/wp-content\/uploads\/2023\/07\/spine-surgery-near-me-24x14.jpg 24w, https:\/\/medclinics.com\/wp-content\/uploads\/2023\/07\/spine-surgery-near-me-36x20.jpg 36w, https:\/\/medclinics.com\/wp-content\/uploads\/2023\/07\/spine-surgery-near-me-48x27.jpg 48w\" sizes=\"(max-width: 960px) 100vw, 960px\" \/><\/figure>\n\n<h2 class=\"wp-block-heading\">FAQ<\/h2>\n<div id=\"rank-math-faq\" class=\"rank-math-block\">\n<div class=\"rank-math-list \">\n<div id=\"faq-question-1684829388578\" class=\"rank-math-list-item\">\n<h3 class=\"rank-math-question \">Was ist eine Wirbels\u00e4ulenoperation?<\/h3>\n<div class=\"rank-math-answer \">\n\n<p>Die Wirbels\u00e4ulenchirurgie ist ein medizinischer Eingriff zur Behandlung von Erkrankungen der Wirbels\u00e4ule wie Wirbels\u00e4ulendeformit\u00e4ten, Bandscheibenvorf\u00e4llen, Spinalkanalstenose oder Wirbels\u00e4ulenverletzungen. Sie umfasst eine Reihe von chirurgischen Techniken, die darauf abzielen, Schmerzen zu lindern, die Stabilit\u00e4t der Wirbels\u00e4ule zu verbessern, die Funktion wiederherzustellen und zugrundeliegende Wirbels\u00e4ulenprobleme zu beheben.<\/p>\n\n<\/div>\n<\/div>\n<div id=\"faq-question-1684829444627\" class=\"rank-math-list-item\">\n<h3 class=\"rank-math-question \">Welche Wirbels\u00e4ulenversteifungsoperation?<\/h3>\n<div class=\"rank-math-answer \">\n\n<p>Bei der Wirbels\u00e4ulenversteifung handelt es sich um einen Eingriff, bei dem zwei oder mehr Wirbel der Wirbels\u00e4ule miteinander verbunden werden, so dass eine feste Knochenstruktur entsteht. Dabei werden Knochentransplantate, Metallimplantate oder beides verwendet, um die Verschmelzung der Wirbel zu f\u00f6rdern. Ziel der Wirbels\u00e4ulenversteifung ist es, die Wirbels\u00e4ule zu stabilisieren, Schmerzen zu lindern und Erkrankungen wie Wirbels\u00e4ulendeformationen, Wirbels\u00e4ulenfrakturen, degenerative Bandscheibenerkrankungen oder Instabilit\u00e4t der Wirbels\u00e4ule zu behandeln.<\/p>\n\n<\/div>\n<\/div>\n<div id=\"faq-question-1684829264389\" class=\"rank-math-list-item\">\n<h3 class=\"rank-math-question \">Lohnt sich eine Wirbels\u00e4ulenoperation?<\/h3>\n<div class=\"rank-math-answer \">\n\n<p>Der Wert einer Wirbels\u00e4ulenoperation h\u00e4ngt von den individuellen Umst\u00e4nden und Bedingungen jedes Einzelnen ab. In vielen F\u00e4llen kann eine Wirbels\u00e4ulenoperation \u00e4u\u00dferst vorteilhaft sein, wenn es darum geht, l\u00e4hmende Schmerzen zu lindern, die Funktion zu verbessern und die Lebensqualit\u00e4t zu erh\u00f6hen. Dies ist jedoch eine wichtige Entscheidung, die in Absprache mit einem qualifizierten Wirbels\u00e4ulenspezialisten sorgf\u00e4ltig abgewogen werden sollte. Sie k\u00f6nnen Ihren Zustand beurteilen, m\u00f6gliche Vorteile und Risiken er\u00f6rtern und Ihnen helfen, eine fundierte Entscheidung auf der Grundlage Ihrer individuellen Situation und Ihrer Behandlungsziele zu treffen. Es ist wichtig, die potenziellen Vorteile gegen die Risiken abzuw\u00e4gen und realistische Erwartungen an das Ergebnis des Eingriffs zu haben.<\/p>\n\n<\/div>\n<\/div>\n<div id=\"faq-question-1684829316804\" class=\"rank-math-list-item\">\n<h3 class=\"rank-math-question \">Ist eine Wirbels\u00e4ulenoperation gef\u00e4hrlich?<\/h3>\n<div class=\"rank-math-answer \">\n\n<p>Die Wirbels\u00e4ulenchirurgie ist wie jeder chirurgische Eingriff mit Risiken verbunden. Dank des medizinisch-technischen Fortschritts, verbesserter Operationstechniken und der Erfahrung erfahrener Chirurgen ist die Wirbels\u00e4ulenchirurgie jedoch im Laufe der Jahre sicherer geworden. Die Sicherheit einer Wirbels\u00e4ulenoperation h\u00e4ngt auch von verschiedenen Faktoren ab, wie z. B. dem spezifischen Verfahren, dem allgemeinen Gesundheitszustand des Patienten und der Erfahrung des Operationsteams.<\/p>\n\n<\/div>\n<\/div>\n<\/div>\n<\/div>\n<p>\u00a0<\/p>\n\n<h3 class=\"wp-block-heading\">Kontaktieren Sie uns jetzt, falls Sie Fragen haben!<\/h3>\n","protected":false},"excerpt":{"rendered":"<p>Wenn Sie auf der Suche nach einem Weg sind, Ihre Wirbels\u00e4ulenschmerzen zu lindern und wieder ein schmerzfreies Leben zu f\u00fchren, [&hellip;]<\/p>\n","protected":false},"author":4,"featured_media":91761,"parent":0,"menu_order":0,"comment_status":"closed","ping_status":"closed","template":"","meta":{"site-sidebar-layout":"default","site-content-layout":"","ast-site-content-layout":"default","site-content-style":"default","site-sidebar-style":"default","ast-global-header-display":"","ast-banner-title-visibility":"","ast-main-header-display":"","ast-hfb-above-header-display":"","ast-hfb-below-header-display":"","ast-hfb-mobile-header-display":"","site-post-title":"","ast-breadcrumbs-content":"","ast-featured-img":"","footer-sml-layout":"","ast-disable-related-posts":"","theme-transparent-header-meta":"","adv-header-id-meta":"","stick-header-meta":"","header-above-stick-meta":"","header-main-stick-meta":"","header-below-stick-meta":"","astra-migrate-meta-layouts":"default","ast-page-background-enabled":"default","ast-page-background-meta":{"desktop":{"background-color":"var(--ast-global-color-4)","background-image":"","background-repeat":"repeat","background-position":"center center","background-size":"auto","background-attachment":"scroll","background-type":"","background-media":"","overlay-type":"","overlay-color":"","overlay-opacity":"","overlay-gradient":""},"tablet":{"background-color":"","background-image":"","background-repeat":"repeat","background-position":"center center","background-size":"auto","background-attachment":"scroll","background-type":"","background-media":"","overlay-type":"","overlay-color":"","overlay-opacity":"","overlay-gradient":""},"mobile":{"background-color":"","background-image":"","background-repeat":"repeat","background-position":"center center","background-size":"auto","background-attachment":"scroll","background-type":"","background-media":"","overlay-type":"","overlay-color":"","overlay-opacity":"","overlay-gradient":""}},"ast-content-background-meta":{"desktop":{"background-color":"var(--ast-global-color-5)","background-image":"","background-repeat":"repeat","background-position":"center center","background-size":"auto","background-attachment":"scroll","background-type":"","background-media":"","overlay-type":"","overlay-color":"","overlay-opacity":"","overlay-gradient":""},"tablet":{"background-color":"var(--ast-global-color-5)","background-image":"","background-repeat":"repeat","background-position":"center center","background-size":"auto","background-attachment":"scroll","background-type":"","background-media":"","overlay-type":"","overlay-color":"","overlay-opacity":"","overlay-gradient":""},"mobile":{"background-color":"var(--ast-global-color-5)","background-image":"","background-repeat":"repeat","background-position":"center center","background-size":"auto","background-attachment":"scroll","background-type":"","background-media":"","overlay-type":"","overlay-color":"","overlay-opacity":"","overlay-gradient":""}},"footnotes":""},"class_list":["post-146161","page","type-page","status-publish","has-post-thumbnail","hentry"],"_links":{"self":[{"href":"https:\/\/medclinics.com\/de\/wp-json\/wp\/v2\/pages\/146161","targetHints":{"allow":["GET"]}}],"collection":[{"href":"https:\/\/medclinics.com\/de\/wp-json\/wp\/v2\/pages"}],"about":[{"href":"https:\/\/medclinics.com\/de\/wp-json\/wp\/v2\/types\/page"}],"author":[{"embeddable":true,"href":"https:\/\/medclinics.com\/de\/wp-json\/wp\/v2\/users\/4"}],"replies":[{"embeddable":true,"href":"https:\/\/medclinics.com\/de\/wp-json\/wp\/v2\/comments?post=146161"}],"version-history":[{"count":0,"href":"https:\/\/medclinics.com\/de\/wp-json\/wp\/v2\/pages\/146161\/revisions"}],"wp:featuredmedia":[{"embeddable":true,"href":"https:\/\/medclinics.com\/de\/wp-json\/wp\/v2\/media\/91761"}],"wp:attachment":[{"href":"https:\/\/medclinics.com\/de\/wp-json\/wp\/v2\/media?parent=146161"}],"curies":[{"name":"wp","href":"https:\/\/api.w.org\/{rel}","templated":true}]}}