{"id":146141,"date":"2023-05-23T07:41:48","date_gmt":"2023-05-23T04:41:48","guid":{"rendered":"https:\/\/medclinics.com\/ersatz-des-huftgelenks\/"},"modified":"2025-01-02T16:16:03","modified_gmt":"2025-01-02T13:16:03","slug":"ersatz-des-huftgelenks","status":"publish","type":"page","link":"https:\/\/medclinics.com\/de\/ersatz-des-huftgelenks\/","title":{"rendered":"Ersatz des H\u00fcftgelenks"},"content":{"rendered":"\n<h2 class=\"wp-block-heading\">Wenn Sie nach einer L\u00f6sung suchen, um Ihre st\u00e4ndigen H\u00fcftschmerzen zu lindern und die Freude an uneingeschr\u00e4nkter Bewegung wiederzuentdecken, ist der H\u00fcftgelenksersatz genau das Richtige f\u00fcr Sie.<\/h2>\n\n<p>Die H\u00fcfte ist ein so genanntes Kugelgelenk und <strong>eines der gr\u00f6\u00dften Gelenke des menschlichen K\u00f6rpers<\/strong>. Sie hat die Aufgabe, das K\u00f6rpergewicht gleichm\u00e4\u00dfig auf die Beine zu verlagern und gleichzeitig den Oberk\u00f6rper zu stabilisieren. Da es sich um ein Kugelgelenk handelt, sind Bewegungen in verschiedene Richtungen m\u00f6glich.<\/p>\n\n<p>Der H\u00fcftgelenkersatz besteht aus der H\u00fcftpfanne, die Teil des Beckenknochens ist, und dem so genannten H\u00fcftkopf, der das obere Ende des Oberschenkelknochens bildet. Sowohl die H\u00fcftpfanne als auch der Oberschenkelkopf sind von einer Knorpelschicht bedeckt. Zwischen ihnen befindet sich Gelenkfl\u00fcssigkeit, die gleitet und die Reibung verringert.<\/p>\n\n<p>Die <strong>Arthrose<\/strong> gilt als eine der h\u00e4ufigsten Erkrankungen der H\u00fcfte. Bei diesem Prozess nutzt sich die Knorpelschicht ab, und es kommt zu Schmerzen bei Bewegungen. H\u00fcftarthrose tritt meist zwischen dem 50. und 60. Lebensjahr auf, kann sich aber auch schon in j\u00fcngeren Jahren bemerkbar machen. Die Ursachen sind vielf\u00e4ltig, Ausl\u00f6ser f\u00fcr H\u00fcftarthrose sind jedoch Sportarten mit vielen Stop-and-Go-Bewegungen, rheumatische Erkrankungen, erbliche Veranlagung oder Stoffwechselerkrankungen.<\/p>\n\n<p>Je nach individueller Situation oder Schmerzempfindlichkeit sowie Einschr\u00e4nkungen im Alltag kann ein <strong>k\u00fcnstliches H\u00fcftgelenk<\/strong> in Betracht gezogen werden. Der Arzt wird sich zun\u00e4chst vergewissern, dass alle klassischen Behandlungsmethoden ausgesch\u00f6pft sind, bevor er einen orthop\u00e4dischen chirurgischen Eingriff vornimmt.<\/p>\n\n<figure class=\"wp-block-image size-full\"><img fetchpriority=\"high\" decoding=\"async\" width=\"960\" height=\"540\" class=\"wp-image-97299\" src=\"https:\/\/medclinics.com\/wp-content\/uploads\/2023\/07\/hip-joint-replacement-near-me.jpg\" alt=\"H&#xFC;ftgelenkersatz in meiner N&#xE4;he\" srcset=\"https:\/\/medclinics.com\/wp-content\/uploads\/2023\/07\/hip-joint-replacement-near-me.jpg 960w, https:\/\/medclinics.com\/wp-content\/uploads\/2023\/07\/hip-joint-replacement-near-me-500x281.jpg 500w, https:\/\/medclinics.com\/wp-content\/uploads\/2023\/07\/hip-joint-replacement-near-me-768x432.jpg 768w, https:\/\/medclinics.com\/wp-content\/uploads\/2023\/07\/hip-joint-replacement-near-me-24x14.jpg 24w, https:\/\/medclinics.com\/wp-content\/uploads\/2023\/07\/hip-joint-replacement-near-me-36x20.jpg 36w, https:\/\/medclinics.com\/wp-content\/uploads\/2023\/07\/hip-joint-replacement-near-me-48x27.jpg 48w\" sizes=\"(max-width: 960px) 100vw, 960px\" \/><\/figure>\n\n<p>Die H\u00fcftoperation, die etwa <strong>1-1,5 Stunden<\/strong> dauert, kann entweder unter Spinalan\u00e4sthesie oder Vollnarkose durchgef\u00fchrt werden. Gemeinsam mit Ihrem Arzt werden Sie entscheiden, was f\u00fcr Sie am besten ist.<\/p>\n\n<p>Man unterscheidet zwischen der <strong>klassischen H\u00fcftoperation<\/strong>, bei der ein etwa 15 cm langer Schnitt im Oberschenkel gemacht wird. Auch in diesem Fall werden Muskeln durchtrennt, die dann wieder zusammengen\u00e4ht werden. Dadurch verl\u00e4ngert sich die Rehabilitationszeit f\u00fcr den Patienten.<\/p>\n\n<p>Bei der <strong>minimalinvasiven Operationsmethode<\/strong> ist der Schnitt viel kleiner und es werden keine Muskeln durchtrennt, sondern nur zur Seite geschoben. Dieser Eingriff erfordert spezielle Instrumente und gro\u00dfe Erfahrung des Chirurgen.<\/p>\n\n<p>In beiden F\u00e4llen besteht die Operation darin, die besch\u00e4digten Knochen zu entfernen und den H\u00fcftkopf und die H\u00fcftpfanne durch k\u00fcnstliche zu ersetzen. Nachdem die Funktion des neuen H\u00fcftgelenks getestet wurde, ist die Operation abgeschlossen.<\/p>\n\n<p>Die Lebensdauer eines k\u00fcnstlichen H\u00fcftgelenks betr\u00e4gt <strong>etwa 15-20 Jahre<\/strong>. Oft lockert sich dann die Prothese und hat keinen festen Halt mehr im Knochen. Dies macht sich durch Schmerzen bemerkbar. In solchen F\u00e4llen muss das k\u00fcnstliche H\u00fcftgelenk ersetzt werden.<\/p>\n\n<p>Nach ein <strong>paar Tagen Krankenhausaufenthalt<\/strong> werden die Patienten entlassen. Nun beginnt die Rehabilitationsphase, die etwa 3-5 Wochen dauert. Der Bewegungsapparat soll durch den Aufbau von Muskeln gest\u00e4rkt werden und der Patient lernt, wieder ohne Kr\u00fccken zu gehen. In den meisten F\u00e4llen wird dann zur Abrundung der Behandlung eine Physiotherapie verordnet.<\/p>\n\n<p>Nach etwa 2 bis 3 Monaten k\u00f6nnen Sie Ihre <strong>Arbeit wieder aufnehmen<\/strong>, wobei Sie sich auf leichte k\u00f6rperliche oder sitzende T\u00e4tigkeiten konzentrieren sollten. Regelm\u00e4\u00dfiges Stehen oder Gehen auf Ger\u00fcsten und Leitern ist nachweislich ung\u00fcnstig f\u00fcr ein k\u00fcnstliches H\u00fcftgelenk.<br\/>In Deutschland werden jedes Jahr etwa 200.000 <a href=\"https:\/\/en.wikipedia.org\/wiki\/Hip_replacement\" target=\"_blank\" rel=\"noopener\">k\u00fcnstliche H\u00fcftgelenke<\/a> implantiert. Etwa drei Viertel der Patienten werden aufgrund von Arthrose operiert.<\/p>\n\n<h3 class=\"wp-block-heading\">Alles, was Sie \u00fcber <a href=\"https:\/\/medclinics.com\/orthopedic-treatments-fight-against-immobility\/\" target=\"_blank\" rel=\"noreferrer noopener\">orthop\u00e4dische Behandlungen<\/a> wissen m\u00fcssen, einschlie\u00dflich Nachbehandlung, Heilungsprozess und Preise, oder <a href=\"#requestform\">kontaktieren Sie uns<\/a>!<\/h3>\n\n<figure class=\"wp-block-image size-full\"><img decoding=\"async\" width=\"960\" height=\"540\" class=\"wp-image-97307\" src=\"https:\/\/medclinics.com\/wp-content\/uploads\/2023\/07\/hip-joint-replacement-near-me-istanbul.jpg\" alt=\"H&#xFC;ftgelenkersatz in meiner N&#xE4;he Istanbul\" srcset=\"https:\/\/medclinics.com\/wp-content\/uploads\/2023\/07\/hip-joint-replacement-near-me-istanbul.jpg 960w, https:\/\/medclinics.com\/wp-content\/uploads\/2023\/07\/hip-joint-replacement-near-me-istanbul-500x281.jpg 500w, https:\/\/medclinics.com\/wp-content\/uploads\/2023\/07\/hip-joint-replacement-near-me-istanbul-768x432.jpg 768w, https:\/\/medclinics.com\/wp-content\/uploads\/2023\/07\/hip-joint-replacement-near-me-istanbul-24x14.jpg 24w, https:\/\/medclinics.com\/wp-content\/uploads\/2023\/07\/hip-joint-replacement-near-me-istanbul-36x20.jpg 36w, https:\/\/medclinics.com\/wp-content\/uploads\/2023\/07\/hip-joint-replacement-near-me-istanbul-48x27.jpg 48w\" sizes=\"(max-width: 960px) 100vw, 960px\" \/><\/figure>\n\n<h2 class=\"wp-block-heading\">FAQ<\/h2>\n<div id=\"rank-math-faq\" class=\"rank-math-block\">\n<div class=\"rank-math-list \">\n<div id=\"faq-question-1684827477673\" class=\"rank-math-list-item\">\n<h3 class=\"rank-math-question \">Was ist ein H\u00fcftgelenkersatz?<\/h3>\n<div class=\"rank-math-answer \">\n\n<p>Beim H\u00fcftgelenkersatz handelt es sich um einen chirurgischen Eingriff, bei dem ein besch\u00e4digtes oder krankes H\u00fcftgelenk durch ein k\u00fcnstliches Gelenk ersetzt wird, um Schmerzen zu lindern, die Mobilit\u00e4t zu verbessern und die Lebensqualit\u00e4t insgesamt zu erh\u00f6hen.<\/p>\n\n<\/div>\n<\/div>\n<div id=\"faq-question-1682666956133\" class=\"rank-math-list-item\">\n<h3 class=\"rank-math-question \">Welche H\u00fcftprothese ist die beste?<\/h3>\n<div class=\"rank-math-answer \">\n\n<p>Die Wahl der besten Technik f\u00fcr den H\u00fcftgelenkersatz wird in der Regel vom Chirurgen auf der Grundlage seiner Erfahrung, patientenspezifischer Faktoren und der Ziele der Operation getroffen. Jeder Ansatz hat seine Vorteile und \u00dcberlegungen. So bietet der anteriore Zugang potenzielle Vorteile wie eine schnellere Genesung und geringere Muskelsch\u00e4digung, w\u00e4hrend der posteriore Zugang eine weiter verbreitete und bew\u00e4hrte Technik ist.<\/p>\n\n<\/div>\n<\/div>\n<div id=\"faq-question-1684827552969\" class=\"rank-math-list-item\">\n<h3 class=\"rank-math-question \">Wie wird ein H\u00fcftgelenkersatz durchgef\u00fchrt?<\/h3>\n<div class=\"rank-math-answer \">\n\n<p>Die H\u00fcftgelenkersatzoperation, auch H\u00fcftarthroplastik genannt, ist ein von einem orthop\u00e4dischen Chirurgen durchgef\u00fchrter Eingriff, bei dem ein besch\u00e4digtes oder krankes H\u00fcftgelenk durch ein k\u00fcnstliches Gelenk ersetzt wird. Die Operation beginnt mit der Verabreichung einer An\u00e4sthesie, um das Wohlbefinden des Patienten w\u00e4hrend des gesamten Eingriffs zu gew\u00e4hrleisten. Es wird ein Schnitt an der Seite oder am R\u00fccken der H\u00fcfte gemacht, der den Zugang zum H\u00fcftgelenk erm\u00f6glicht. Der Chirurg entfernt vorsichtig den besch\u00e4digten Knochen und Knorpel, einschlie\u00dflich des H\u00fcftkopfes und der besch\u00e4digten Pfanne. Anschlie\u00dfend werden die k\u00fcnstlichen Gelenkkomponenten eingesetzt, die in der Regel aus einer Prothesenpfanne und einem Metallschaft mit einer kugelf\u00f6rmigen Komponente bestehen. Der Einschnitt wird mit N\u00e4hten oder Klammern verschlossen, und es k\u00f6nnen Drainageschl\u00e4uche eingelegt werden. Nach der Operation erholt sich der Patient im Krankenhaus und nimmt an Physiotherapie und Rehabilitation teil, um die Heilung zu f\u00f6rdern, die Kraft wiederzuerlangen und die Mobilit\u00e4t zu verbessern. Auch wenn es spezifische Techniken und Varianten gibt, zielt die H\u00fcftgelenkersatzoperation darauf ab, die Schmerzen zu lindern, die Funktion des H\u00fcftgelenks zu verbessern und die Lebensqualit\u00e4t des Patienten insgesamt zu erh\u00f6hen. Eine Beratung durch einen orthop\u00e4dischen Chirurgen wird ein detaillierteres Verst\u00e4ndnis des Verfahrens und seiner individuellen Aspekte erm\u00f6glichen.<\/p>\n\n<\/div>\n<\/div>\n<\/div>\n<\/div>\n<p>\u00a0<\/p>\n\n<h3 class=\"wp-block-heading\">Kontaktieren Sie uns jetzt, falls Sie Fragen haben!<\/h3>\n","protected":false},"excerpt":{"rendered":"<p>Wenn Sie nach einer L\u00f6sung suchen, um Ihre st\u00e4ndigen H\u00fcftschmerzen zu lindern und die Freude an uneingeschr\u00e4nkter Bewegung wiederzuentdecken, ist [&hellip;]<\/p>\n","protected":false},"author":4,"featured_media":91582,"parent":0,"menu_order":0,"comment_status":"closed","ping_status":"closed","template":"","meta":{"site-sidebar-layout":"default","site-content-layout":"","ast-site-content-layout":"default","site-content-style":"default","site-sidebar-style":"default","ast-global-header-display":"","ast-banner-title-visibility":"","ast-main-header-display":"","ast-hfb-above-header-display":"","ast-hfb-below-header-display":"","ast-hfb-mobile-header-display":"","site-post-title":"","ast-breadcrumbs-content":"","ast-featured-img":"","footer-sml-layout":"","ast-disable-related-posts":"","theme-transparent-header-meta":"","adv-header-id-meta":"","stick-header-meta":"","header-above-stick-meta":"","header-main-stick-meta":"","header-below-stick-meta":"","astra-migrate-meta-layouts":"default","ast-page-background-enabled":"default","ast-page-background-meta":{"desktop":{"background-color":"var(--ast-global-color-4)","background-image":"","background-repeat":"repeat","background-position":"center center","background-size":"auto","background-attachment":"scroll","background-type":"","background-media":"","overlay-type":"","overlay-color":"","overlay-opacity":"","overlay-gradient":""},"tablet":{"background-color":"","background-image":"","background-repeat":"repeat","background-position":"center center","background-size":"auto","background-attachment":"scroll","background-type":"","background-media":"","overlay-type":"","overlay-color":"","overlay-opacity":"","overlay-gradient":""},"mobile":{"background-color":"","background-image":"","background-repeat":"repeat","background-position":"center center","background-size":"auto","background-attachment":"scroll","background-type":"","background-media":"","overlay-type":"","overlay-color":"","overlay-opacity":"","overlay-gradient":""}},"ast-content-background-meta":{"desktop":{"background-color":"var(--ast-global-color-5)","background-image":"","background-repeat":"repeat","background-position":"center center","background-size":"auto","background-attachment":"scroll","background-type":"","background-media":"","overlay-type":"","overlay-color":"","overlay-opacity":"","overlay-gradient":""},"tablet":{"background-color":"var(--ast-global-color-5)","background-image":"","background-repeat":"repeat","background-position":"center center","background-size":"auto","background-attachment":"scroll","background-type":"","background-media":"","overlay-type":"","overlay-color":"","overlay-opacity":"","overlay-gradient":""},"mobile":{"background-color":"var(--ast-global-color-5)","background-image":"","background-repeat":"repeat","background-position":"center center","background-size":"auto","background-attachment":"scroll","background-type":"","background-media":"","overlay-type":"","overlay-color":"","overlay-opacity":"","overlay-gradient":""}},"footnotes":""},"class_list":["post-146141","page","type-page","status-publish","has-post-thumbnail","hentry"],"_links":{"self":[{"href":"https:\/\/medclinics.com\/de\/wp-json\/wp\/v2\/pages\/146141","targetHints":{"allow":["GET"]}}],"collection":[{"href":"https:\/\/medclinics.com\/de\/wp-json\/wp\/v2\/pages"}],"about":[{"href":"https:\/\/medclinics.com\/de\/wp-json\/wp\/v2\/types\/page"}],"author":[{"embeddable":true,"href":"https:\/\/medclinics.com\/de\/wp-json\/wp\/v2\/users\/4"}],"replies":[{"embeddable":true,"href":"https:\/\/medclinics.com\/de\/wp-json\/wp\/v2\/comments?post=146141"}],"version-history":[{"count":0,"href":"https:\/\/medclinics.com\/de\/wp-json\/wp\/v2\/pages\/146141\/revisions"}],"wp:featuredmedia":[{"embeddable":true,"href":"https:\/\/medclinics.com\/de\/wp-json\/wp\/v2\/media\/91582"}],"wp:attachment":[{"href":"https:\/\/medclinics.com\/de\/wp-json\/wp\/v2\/media?parent=146141"}],"curies":[{"name":"wp","href":"https:\/\/api.w.org\/{rel}","templated":true}]}}