{"id":146091,"date":"2023-05-21T19:51:42","date_gmt":"2023-05-21T19:51:42","guid":{"rendered":"https:\/\/medclinics.com\/ivf-in-vitro-fertilisation-lang\/"},"modified":"2024-04-01T15:18:37","modified_gmt":"2024-04-01T12:18:37","slug":"ivf-in-vitro-fertilisation-lang","status":"publish","type":"page","link":"https:\/\/medclinics.com\/de\/ivf-in-vitro-fertilisation-lang\/","title":{"rendered":"IVF &#8211; In-vitro-Fertilisation Lang"},"content":{"rendered":"\n<p>Bei der IVF handelt es sich um verschiedene Methoden zur k\u00fcnstlichen Herbeif\u00fchrung einer Schwangerschaft, wenn diese auf nat\u00fcrlichem Wege nicht eingetreten ist.<\/p>\n\n<div class=\"wp-block-rank-math-toc-block\" id=\"rank-math-toc\"><h2>Inhaltsverzeichnis<\/h2><nav><ul><li><a href=\"#so-what-is\">Was ist also<\/a><\/li><li><a href=\"#types-and-methods\">Arten und Methoden<\/a><\/li><li><a href=\"#treatment-plan\">Behandlungsplan<\/a><\/li><li><a href=\"#good-to-know-before-ivf-treatment-in-turkey\">Gut zu wissen vor einer IVF-Behandlung in der T\u00fcrkei<\/a><\/li><li><a href=\"#aftercare\">Nachsorge<\/a><\/li><li><a href=\"#top-ivf-treatment-costs-by-country\">Die h\u00f6chsten IVF-Behandlungskosten nach Land<\/a><\/li><li><a href=\"#faq\">FAQ<\/a><\/li><li><a href=\"#history\">Geschichte<\/a><\/li><\/ul><\/nav><\/div>\n\n<h2 class=\"wp-block-heading\" id=\"so-what-is\">Was ist also<\/h2>\n\n<ul class=\"wp-block-list\">\n<li><a href=\"https:\/\/medclinics.com\/ivf-in-vitro-fertilisation\/\" target=\"_blank\" rel=\"noreferrer noopener\">IVF oder k\u00fcnstliche Befruchtung<\/a> wird eingesetzt, um eine Schwangerschaft in einem Labor zu erreichen. F\u00fcr dieses Verfahren wird modernste Technik ben\u00f6tigt.<\/li>\n\n\n\n<li>Die T\u00fcrkei ist eines der begehrtesten L\u00e4nder im Bereich der IVF.<\/li>\n\n\n\n<li>Beim intratubalen Gentransfer hingegen wird die Befruchtung mit technischer Hilfe im K\u00f6rper der Frau durchgef\u00fchrt.<\/li>\n\n\n\n<li>Je nach medizinischen Faktoren k\u00f6nnen Paare entweder ihre eigenen Spermien und Eizellen oder Spendermaterial verwenden, um schwanger zu werden.<\/li>\n\n\n\n<li>Bitte beachten Sie, dass in der T\u00fcrkei die Spende von Eizellen, Sperma und Embryonen gesetzlich nicht erlaubt ist. F\u00fcr diese Behandlungen werden nur verheiratete Paare zugelassen<\/li>\n<\/ul>\n\n<h2 class=\"wp-block-heading\" id=\"types-and-methods\">Arten und Methoden<\/h2>\n\n<p>Es gibt verschiedene Arten der In-vitro-Fertilisation:<\/p>\n\n<ul class=\"wp-block-list\">\n<li><a href=\"https:\/\/medclinics.com\/de\/insemination-3\/\" target=\"_blank\" rel=\"noreferrer noopener\">Insemination<\/a><\/li>\n\n\n\n<li><a href=\"https:\/\/medclinics.com\/de\/ivf-2\/\" target=\"_blank\" rel=\"noreferrer noopener\">IVF<\/a><\/li>\n\n\n\n<li><a href=\"https:\/\/medclinics.com\/de\/intrazytoplasmatische-spermieninjektion-icsi\/\" target=\"_blank\" rel=\"noreferrer noopener\">Intrazytoplasmatische Spermieninjektion (ICSI)<\/a><\/li>\n\n\n\n<li><a href=\"https:\/\/medclinics.com\/de\/intratubaler-gametentransfer-gift\/\" target=\"_blank\" rel=\"noreferrer noopener\">Intratubaler Gametentransfer (GIFT)<\/a><\/li>\n<\/ul>\n\n<h2 class=\"wp-block-heading\" id=\"treatment-plan\">Behandlungsplan<\/h2>\n\n<p>Die <a href=\"https:\/\/en.wikipedia.org\/wiki\/In_vitro_fertilisation\" target=\"_blank\" rel=\"noreferrer noopener\">In-vitro-Fertilisation<\/a> ist eine umfassende Behandlung, die Vorbereitung und Geduld erfordert.<\/p>\n\n<p>Der Behandlungsplan ist sehr individuell und wird zusammen mit Ihrem behandelnden Arzt unter Ber\u00fccksichtigung Ihrer Krankengeschichte und Ihrer pers\u00f6nlichen Bed\u00fcrfnisse speziell f\u00fcr Sie ausgearbeitet.<\/p>\n\n<h3 class=\"wp-block-heading\">IVF f\u00fcr<\/h3>\n\n<p>Alle Paare, die auf nat\u00fcrlichem Weg nicht schwanger werden k\u00f6nnen<\/p>\n\n<h3 class=\"wp-block-heading\">IVF Dauer<\/h3>\n\n<p>Die IVF-Behandlung ist ein langwieriger Prozess, der viel Geduld erfordert. Ihr behandelnder Arzt wird alle Einzelheiten mit Ihnen im Voraus abkl\u00e4ren.<\/p>\n\n<h3 class=\"wp-block-heading\">M\u00f6gliche Risiken einer IVF-Behandlung<\/h3>\n\n<ul class=\"wp-block-list\">\n<li>Mehrlingsschwangerschaften<\/li>\n\n\n\n<li>\u00dcberstimulationssyndrom der Eierst\u00f6cke (OHSS)<\/li>\n\n\n\n<li>Ektopische Schwangerschaft<\/li>\n\n\n\n<li>Geburtsfehler<\/li>\n\n\n\n<li>Emotionale und psychologische Auswirkungen<\/li>\n\n\n\n<li>Finanzielle Belastung<\/li>\n\n\n\n<li>Unbekannte Langzeitwirkungen<\/li>\n<\/ul>\n\n<h2 class=\"wp-block-heading\" id=\"good-to-know-before-ivf-treatment-in-turkey\">Gut zu wissen vor einer IVF-Behandlung in der T\u00fcrkei<\/h2>\n\n<ul class=\"wp-block-list\">\n<li>In der T\u00fcrkei ist die Spende von Eizellen, Samenzellen und Embryonen gesetzlich streng verboten, und auch die Leihmutterschaft ist nicht gestattet.<\/li>\n\n\n\n<li>In der T\u00fcrkei k\u00f6nnen nur verheiratete Paare an einer Behandlung zur k\u00fcnstlichen Befruchtung teilnehmen<\/li>\n\n\n\n<li>Obwohl es keine gesetzliche Altersgrenze f\u00fcr diese Behandlungen gibt, behandeln einige Kliniken keine Frauen \u00fcber 46 Jahre.<\/li>\n\n\n\n<li>Bei Frauen, die j\u00fcnger als 35 Jahre sind, kann im ersten und zweiten Zyklus nur ein Embryo \u00fcbertragen werden, w\u00e4hrend im dritten Zyklus drei Embryonen \u00fcbertragen werden k\u00f6nnen.<br\/>Bei Frauen, die \u00e4lter als 35 Jahre sind, ist der Transfer von 2 Embryonen im ersten Zyklus erlaubt.<\/li>\n\n\n\n<li>Die Kliniken k\u00f6nnen die Embryonen 10 Jahre lang aufbewahren, aber Sie m\u00fcssen einen triftigen Grund f\u00fcr diesen Antrag angeben. Dies gilt zum Beispiel f\u00fcr Krebspatientinnen und Frauen mit begrenzter Eierstockreserve.<\/li>\n\n\n\n<li>PID (genetische Pr\u00e4implantationsdiagnostik) und PID (Aneuploidenscreening) sind erlaubt, aber das Gesetz erlaubt keine Geschlechtsauswahl.<\/li>\n\n\n\n<li>Um eine m\u00f6glichst hohe Erfolgsquote zu erreichen, spielt das Labor eine ganz entscheidende Rolle. Nur in einer gesunden Umgebung kann eine erfolgreiche Befruchtung und Kultivierung von Embryonen stattfinden.<\/li>\n\n\n\n<li>Eine weitere entscheidende Rolle spielt die Erfahrung sowie die Qualifikation der Embryologen, die mit allen modernen Verfahren vertraut sein sollten.<\/li>\n<\/ul>\n\n<h2 class=\"wp-block-heading\" id=\"aftercare\">Nachsorge<\/h2>\n\n<p>In den ersten 24 Stunden nach dem Embryotransfer ist es sehr wichtig, dass die Frau sich ausruht. Am ersten Tag wird erwartet, dass sich der Embryo ordnungsgem\u00e4\u00df in der Geb\u00e4rmutter einnistet.<br\/>Bleiben Sie bequem und ausgeruht zu Hause. Bettruhe ist nicht vorgeschrieben, aber Sie sollten schwere Arbeit, k\u00f6rperliche Anstrengung und das Heben schwerer Gegenst\u00e4nde unter allen Umst\u00e4nden vermeiden.<\/p>\n\n<h2 class=\"wp-block-heading\" id=\"top-ivf-treatment-costs-by-country\">Die h\u00f6chsten IVF-Behandlungskosten nach Land<\/h2>\n\n<p>Die Kosten f\u00fcr eine IVF-Behandlung h\u00e4ngen von der Erfahrung der \u00c4rzte, der verwendeten Technik, der von Ihnen gew\u00e4hlten Klinik oder dem Krankenhaus und Ihrem individuellen Gesundheitszustand ab.<br\/>Die unten aufgef\u00fchrten Preise sollen Ihnen eine ungef\u00e4hre Vorstellung von den Kosten einer IVF-Behandlung vermitteln und sind kein endg\u00fcltiger Kostenvoranschlag. Ihr MedClincs-Berater informiert Sie gerne \u00fcber die Einzelheiten<\/p>\n\n<figure class=\"wp-block-table\"><table><thead><tr><th>Land<\/th><th>Preis<\/th><th>Bewertung<\/th><\/tr><\/thead><tbody><tr><td>T\u00fcrkei<\/td><td>~ 2000\u20ac &#8211; 2900\u20ac<\/td><td>\u2605\u2605\u2605\u2605\u2605<\/td><\/tr><tr><td>Polen<\/td><td>~ 2700\u20ac &#8211; 3500\u20ac<\/td><td>\u2605\u2605\u2605<\/td><\/tr><tr><td>Deutschland<\/td><td>~ 5000\u20ac &#8211; 10000\u20ac<\/td><td>\u2605\u2605\u2605\u2605<\/td><\/tr><tr><td>UK<\/td><td>~ 6500\u20ac &#8211; 10500\u20ac<\/td><td>\u2605\u2605\u2605<\/td><\/tr><tr><td>USA<\/td><td>~ 10000\u20ac &#8211; 12500\u20ac<\/td><td>\u2605\u2605\u2605\u2605<\/td><\/tr><\/tbody><\/table><\/figure>\n\n<h2 class=\"wp-block-heading\" id=\"faq\">FAQ<\/h2>\n<div id=\"rank-math-faq\" class=\"rank-math-block\">\n<div class=\"rank-math-list \">\n<div id=\"faq-question-1684698413219\" class=\"rank-math-list-item\">\n<h3 class=\"rank-math-question \">Wie hoch ist die Erfolgsquote bei IVF?<\/h3>\n<div class=\"rank-math-answer \">\n\n<p>Im Durchschnitt liegt die Erfolgsquote bei der IVF bei 30 bis 40 %. Sie h\u00e4ngt auch von Ihrer pers\u00f6nlichen Geschichte, Ihrer allgemeinen gesundheitlichen Verfassung und individuellen Faktoren ab.<br \/>Nach Angaben der American Society for Reproductive Medicine (ASRM) werden etwa 80 Prozent der Frauen, die sich einer IVF-Behandlung unterziehen, innerhalb der ersten drei bis vier Zyklen schwanger.<\/p>\n\n<\/div>\n<\/div>\n<div id=\"faq-question-1684698415052\" class=\"rank-math-list-item\">\n<h3 class=\"rank-math-question \">Sind IVF-Babys normal?<\/h3>\n<div class=\"rank-math-answer \">\n\n<p>Ja, im Allgemeinen entwickeln sich IVF-Babys genauso wie Babys, die auf nat\u00fcrlichem Wege gezeugt wurden. Die Paare werden w\u00e4hrend der Behandlung eng begleitet und sorgf\u00e4ltig \u00fcberwacht. In den meisten F\u00e4llen bringen sie ein gesundes Kind zur Welt.<\/p>\n\n<\/div>\n<\/div>\n<div id=\"faq-question-1684698416187\" class=\"rank-math-list-item\">\n<h3 class=\"rank-math-question \">Was sind die Risiken einer IVF?<\/h3>\n<div class=\"rank-math-answer \">\n\n<p>Obwohl IVF heute eine bew\u00e4hrte Behandlungsmethode ist, besteht ein geringes Risiko, dass durch IVF gezeugte Babys ein geringeres Geburtsgewicht haben und zu fr\u00fch geboren werden. Ihr behandelnder Arzt wird die Einzelheiten mit Ihnen besprechen.<\/p>\n\n<\/div>\n<\/div>\n<div id=\"faq-question-1684698417402\" class=\"rank-math-list-item\">\n<h3 class=\"rank-math-question \">Kann man bei IVF das Geschlecht w\u00e4hlen?<\/h3>\n<div class=\"rank-math-answer \">\n\n<p>In der T\u00fcrkei sind die genetische Pr\u00e4implantationsdiagnostik (PID) und das Aneuploidenscreening (PID) erlaubt, aber das Gesetz erlaubt keine Geschlechtsauswahl.<\/p>\n\n<\/div>\n<\/div>\n<div id=\"faq-question-1684698422423\" class=\"rank-math-list-item\">\n<h3 class=\"rank-math-question \">Wie viele Eizellen werden f\u00fcr eine IVF ben\u00f6tigt?<\/h3>\n<div class=\"rank-math-answer \">\n\n<p>W\u00e4hrend der Behandlung wird die Frau einer Hormontherapie unterzogen, um ihre Eierst\u00f6cke zu stimulieren. Auch die Qualit\u00e4t der Eizellen ist ein wichtiger Faktor, und nicht alle Eizellen k\u00f6nnen f\u00fcr eine IVF verwendet werden. Je mehr Eier jedoch vorhanden sind, desto h\u00f6her ist die Chance auf Erfolg.  <\/p>\n\n<\/div>\n<\/div>\n<div id=\"faq-question-1684698423449\" class=\"rank-math-list-item\">\n<h3 class=\"rank-math-question \">Was geschieht mit den nicht verwendeten Eiern?<\/h3>\n<div class=\"rank-math-answer \">\n\n<p>In der T\u00fcrkei ist die Spende von Spermien und Eizellen gesetzlich verboten. Dies bedeutet, dass nicht verwendete Eier entweder vernichtet oder gelagert werden m\u00fcssen.<br \/>In bestimmten Kliniken k\u00f6nnen Eizellen aufbewahrt werden, aber Sie brauchen einen plausiblen Grund f\u00fcr einen solchen Antrag, z. B. eine Krebsbehandlung oder anderes. F\u00fcr die Lagerung wird eine zus\u00e4tzliche Geb\u00fchr erhoben. Die maximale Lagerdauer betr\u00e4gt 5 Jahre.<\/p>\n\n<\/div>\n<\/div>\n<div id=\"faq-question-1684698424487\" class=\"rank-math-list-item\">\n<h3 class=\"rank-math-question \">Was ist der Unterschied zwischen Insemination und IVF-Behandlung?<\/h3>\n<div class=\"rank-math-answer \">\n\n<p>Bei der Insemination, auch k\u00fcnstliche Befruchtung genannt, werden die Spermien in den K\u00f6rper der Frau injiziert. F\u00fcr dieses Verfahren stehen verschiedene Methoden zur Verf\u00fcgung, wie IUI, ICI oder ITI. Die Befruchtung findet im K\u00f6rper der Frau statt.<br \/>Bei einer IVF-Behandlung wird die Befruchtung in einem Labor durchgef\u00fchrt.<\/p>\n\n<\/div>\n<\/div>\n<div id=\"faq-question-1684698425367\" class=\"rank-math-list-item\">\n<h3 class=\"rank-math-question \">Brauche ich vor der Insemination Hormonpr\u00e4parate?<\/h3>\n<div class=\"rank-math-answer \">\n\n<p>Ihr Arzt kann Ihnen vor der Inseminationsbehandlung Medikamente verschreiben, je nach Ihrer individuellen Situation. Mit Hilfe von Hormonpr\u00e4paraten k\u00f6nnen die Eierst\u00f6cke stimuliert werden, so dass mehr Eizellen produziert werden und die Chance auf eine erfolgreiche Befruchtung erh\u00f6ht wird.<\/p>\n\n<\/div>\n<\/div>\n<div id=\"faq-question-1684698428980\" class=\"rank-math-list-item\">\n<h3 class=\"rank-math-question \">Kann ich in der T\u00fcrkei eine Samenspende erhalten?<\/h3>\n<div class=\"rank-math-answer \">\n\n<p>Nein, in der T\u00fcrkei ist sowohl die Spermaspende als auch die Eizellenspende gesetzlich nicht erlaubt. Nur verheiratete Paare k\u00f6nnen sich einer Befruchtungsbehandlung unterziehen.<\/p>\n\n<\/div>\n<\/div>\n<div id=\"faq-question-1684698429918\" class=\"rank-math-list-item\">\n<h3 class=\"rank-math-question \">In welchem Alter ist eine IVF am erfolgreichsten?<\/h3>\n<div class=\"rank-math-answer \">\n\n<p>Generell gilt: Je j\u00fcnger die Frau ist, desto erfolgreicher ist die Behandlung. In j\u00fcngeren Jahren produziert Ihr K\u00f6rper mehr Eizellen und auch mehr Eizellen von guter Qualit\u00e4t, was die Chancen auf eine erfolgreiche Behandlung erh\u00f6ht. Die Statistik besagt, dass die Erfolgsquote am h\u00f6chsten ist, wenn die Frau unter 35 Jahre alt ist.  <\/p>\n\n<\/div>\n<\/div>\n<div id=\"faq-question-1684698430849\" class=\"rank-math-list-item\">\n<h3 class=\"rank-math-question \">Wie oft kann ich innerhalb eines Jahres eine IVF durchf\u00fchren?<\/h3>\n<div class=\"rank-math-answer \">\n\n<p>Im Prinzip gibt es keine Begrenzung f\u00fcr die Anzahl der Behandlungen pro Jahr. Da die Behandlung jedoch mit Hormonpr\u00e4paraten fortgesetzt wird, entscheiden sich die meisten Frauen f\u00fcr eine Pause zwischen den Behandlungen, um sich sowohl physisch als auch psychisch zu erholen.<\/p>\n\n<\/div>\n<\/div>\n<\/div>\n<\/div>\n<h2 class=\"wp-block-heading\" id=\"history\">Geschichte<\/h2>\n\n<p>1934: Die erste erfolgreiche Befruchtung einer Eizelle au\u00dferhalb des K\u00f6rpers findet bei Kaninchen statt.<\/p>\n\n<p>1959: Die erste erfolgreiche Befruchtung einer menschlichen Eizelle au\u00dferhalb des K\u00f6rpers findet statt, aber der Embryo \u00fcberlebt nicht.<\/p>\n\n<p>1969: Der britische Wissenschaftler Robert Edwards und sein Kollege Patrick Steptoe arbeiten gemeinsam an der Entwicklung einer IVF-Behandlung f\u00fcr Menschen.<\/p>\n\n<p>1978: Die erste erfolgreiche IVF-Schwangerschaft der Welt wird mit der Geburt von Louise Brown in England erreicht.<\/p>\n\n<p>1981: Die erste erfolgreiche IVF-Schwangerschaft in den Vereinigten Staaten wird mit der Geburt von Elizabeth Jordan Carr erreicht.<\/p>\n\n<p>1983: Der erste gefrorene Embryotransfer, der zu einer erfolgreichen Schwangerschaft f\u00fchrt, wird durchgef\u00fchrt.<\/p>\n\n<p>1985: Zum ersten Mal wird eine Schwangerschaft durch intrazytoplasmatische Spermieninjektion (ICSI) erreicht.<\/p>\n\n<p>1992: Seit diesem Jahr k\u00f6nnen mit der Pr\u00e4implantationsdiagnostik (PID) genetische St\u00f6rungen in Embryonen nachgewiesen werden.<\/p>\n\n<p>2002: Die erste erfolgreiche Geburt eines Kindes aus einer gefrorenen Eizelle findet statt.<\/p>\n","protected":false},"excerpt":{"rendered":"<p>Bei der IVF handelt es sich um verschiedene Methoden zur k\u00fcnstlichen Herbeif\u00fchrung einer Schwangerschaft, wenn diese auf nat\u00fcrlichem Wege nicht [&hellip;]<\/p>\n","protected":false},"author":4,"featured_media":0,"parent":0,"menu_order":0,"comment_status":"closed","ping_status":"closed","template":"","meta":{"site-sidebar-layout":"default","site-content-layout":"","ast-site-content-layout":"default","site-content-style":"default","site-sidebar-style":"default","ast-global-header-display":"","ast-banner-title-visibility":"","ast-main-header-display":"","ast-hfb-above-header-display":"","ast-hfb-below-header-display":"","ast-hfb-mobile-header-display":"","site-post-title":"","ast-breadcrumbs-content":"","ast-featured-img":"","footer-sml-layout":"","ast-disable-related-posts":"","theme-transparent-header-meta":"","adv-header-id-meta":"","stick-header-meta":"","header-above-stick-meta":"","header-main-stick-meta":"","header-below-stick-meta":"","astra-migrate-meta-layouts":"default","ast-page-background-enabled":"default","ast-page-background-meta":{"desktop":{"background-color":"var(--ast-global-color-4)","background-image":"","background-repeat":"repeat","background-position":"center center","background-size":"auto","background-attachment":"scroll","background-type":"","background-media":"","overlay-type":"","overlay-color":"","overlay-opacity":"","overlay-gradient":""},"tablet":{"background-color":"","background-image":"","background-repeat":"repeat","background-position":"center center","background-size":"auto","background-attachment":"scroll","background-type":"","background-media":"","overlay-type":"","overlay-color":"","overlay-opacity":"","overlay-gradient":""},"mobile":{"background-color":"","background-image":"","background-repeat":"repeat","background-position":"center center","background-size":"auto","background-attachment":"scroll","background-type":"","background-media":"","overlay-type":"","overlay-color":"","overlay-opacity":"","overlay-gradient":""}},"ast-content-background-meta":{"desktop":{"background-color":"var(--ast-global-color-5)","background-image":"","background-repeat":"repeat","background-position":"center center","background-size":"auto","background-attachment":"scroll","background-type":"","background-media":"","overlay-type":"","overlay-color":"","overlay-opacity":"","overlay-gradient":""},"tablet":{"background-color":"var(--ast-global-color-5)","background-image":"","background-repeat":"repeat","background-position":"center center","background-size":"auto","background-attachment":"scroll","background-type":"","background-media":"","overlay-type":"","overlay-color":"","overlay-opacity":"","overlay-gradient":""},"mobile":{"background-color":"var(--ast-global-color-5)","background-image":"","background-repeat":"repeat","background-position":"center center","background-size":"auto","background-attachment":"scroll","background-type":"","background-media":"","overlay-type":"","overlay-color":"","overlay-opacity":"","overlay-gradient":""}},"footnotes":""},"class_list":["post-146091","page","type-page","status-publish","hentry"],"_links":{"self":[{"href":"https:\/\/medclinics.com\/de\/wp-json\/wp\/v2\/pages\/146091","targetHints":{"allow":["GET"]}}],"collection":[{"href":"https:\/\/medclinics.com\/de\/wp-json\/wp\/v2\/pages"}],"about":[{"href":"https:\/\/medclinics.com\/de\/wp-json\/wp\/v2\/types\/page"}],"author":[{"embeddable":true,"href":"https:\/\/medclinics.com\/de\/wp-json\/wp\/v2\/users\/4"}],"replies":[{"embeddable":true,"href":"https:\/\/medclinics.com\/de\/wp-json\/wp\/v2\/comments?post=146091"}],"version-history":[{"count":0,"href":"https:\/\/medclinics.com\/de\/wp-json\/wp\/v2\/pages\/146091\/revisions"}],"wp:attachment":[{"href":"https:\/\/medclinics.com\/de\/wp-json\/wp\/v2\/media?parent=146091"}],"curies":[{"name":"wp","href":"https:\/\/api.w.org\/{rel}","templated":true}]}}