{"id":146069,"date":"2023-05-21T19:23:18","date_gmt":"2023-05-21T19:23:18","guid":{"rendered":"https:\/\/medclinics.com\/faltenbehandlung-mit-muskelrelaxans\/"},"modified":"2024-04-04T19:19:53","modified_gmt":"2024-04-04T16:19:53","slug":"faltenbehandlung-mit-muskelrelaxans","status":"publish","type":"page","link":"https:\/\/medclinics.com\/de\/faltenbehandlung-mit-muskelrelaxans\/","title":{"rendered":"Faltenbehandlung mit Muskelrelaxans"},"content":{"rendered":"\n<h2 class=\"wp-block-heading\">Keine Zeit zum Altern! Kommen Sie zur\u00fcck zu einem nat\u00fcrlichen, jugendlichen Aussehen! Holen Sie sich Ihre Faltenbehandlung gleich jetzt!<\/h2>\n\n<p>Mit der <a href=\"https:\/\/istanbul-tourist-information.com\/en\/beauty-salon-treatments\/\" target=\"_blank\" rel=\"noreferrer noopener\">Faltenbehandlung<\/a> durch einen erfahrenen Dermatologen sehen Sie in k\u00fcrzester Zeit so jung aus, wie Sie sich f\u00fchlen &#8211; und das zu einem erschwinglichen Preis und geringen Kosten! Durch die Injektion eines Muskelrelaxans in die Problemzonen verschwinden Ihre Falten wie von selbst.<\/p>\n\n<p>Z\u00f6gern Sie nicht l\u00e4nger! Holen Sie sich jetzt Ihre <a href=\"https:\/\/medclinics.com\/de\/muskelrelaxans\/\" target=\"_blank\" rel=\"noreferrer noopener\">Faltenbehandlung<\/a> in Istanbul!<\/p>\n\n<h3 class=\"wp-block-heading\"><strong>Die Faltenbehandlung umfasst:<\/strong><\/h3>\n\n<ul class=\"wp-block-list\">\n<li>Behandlung einer Gesichtszone, z. B. der Zornesfalte, der Kr\u00e4henf\u00fc\u00dfe, der Stirnfalten oder auch des Erdbeerkinns.<\/li>\n\n\n\n<li>Schmerzfreie Injektion mit einer extrem d\u00fcnnen Kan\u00fcle. <\/li>\n\n\n\n<li>Behandlung in einer renommierten Praxis oder Klinik durch einen erfahrenen Arzt, der die neueste Technologie einsetzt.<\/li>\n\n\n\n<li>Kostenloser Support f\u00fcr alle Fragen, die Sie haben. <\/li>\n<\/ul>\n\n<h3 class=\"wp-block-heading\">Alles, was Sie \u00fcber Faltenbehandlung wissen m\u00fcssen, einschlie\u00dflich Preis, Nachbehandlung und Heilungsprozess, finden Sie hier. Oder <a href=\"#requestform\">kontaktieren Sie uns!<\/a><\/h3>\n\n<h2 class=\"wp-block-heading\">FAQ <\/h2>\n<div id=\"rank-math-faq\" class=\"rank-math-block\">\n<div class=\"rank-math-list \">\n<div id=\"faq-question-1682666956133\" class=\"rank-math-list-item\">\n<h3 class=\"rank-math-question \">Wie funktioniert die Faltenbehandlung?<\/h3>\n<div class=\"rank-math-answer \">\n\n<p>Die Behandlung erfolgt mit Muskelrelaxantien. Muskelrelaxanzien sind eine Gruppe von Medikamenten, die zur Linderung von Muskelkr\u00e4mpfen und zur Verringerung von Muskelsteifheit eingesetzt werden. Zu kosmetischen Zwecken unterdr\u00fccken Muskelrelaxantien die Nervenimpulse zu den Muskeln.<\/p>\n\n<\/div>\n<\/div>\n<div id=\"faq-question-1682603361561\" class=\"rank-math-list-item\">\n<h3 class=\"rank-math-question \">Was sind die m\u00f6glichen Nebenwirkungen von Muskelrelaxantien?<\/h3>\n<div class=\"rank-math-answer \">\n\n<p>Kosmetische Behandlungen mit Muskelrelaxantien verlaufen in der Regel aufgrund der geringen Dosierung ohne Nebenwirkungen. Sporadisch k\u00f6nnen Mundtrockenheit oder leichter Schwindel und Kopfschmerzen auftreten. In diesem Fall wenden Sie sich bitte sofort an Ihren behandelnden Arzt.<\/p>\n\n<\/div>\n<\/div>\n<div id=\"faq-question-1682665852961\" class=\"rank-math-list-item\">\n<h3 class=\"rank-math-question \">Sind Behandlungen mit Muskelrelaxantien dauerhaft?<\/h3>\n<div class=\"rank-math-answer \">\n\n<p>Nein, Behandlungen mit Muskelrelaxantien sind nicht dauerhaft. Im Durchschnitt h\u00e4lt die Wirkung jedoch einige Monate an, bevor die Muskeln wieder aktiv werden und die Falten wieder auftreten k\u00f6nnen. Es wird empfohlen, die Behandlung in regelm\u00e4\u00dfigen Abst\u00e4nden zu wiederholen.<\/p>\n\n<\/div>\n<\/div>\n<\/div>\n<\/div>\n<p><\/p>\n\n<h3 class=\"wp-block-heading\">Kontaktieren Sie uns jetzt, falls Sie Fragen haben!<\/h3>\n","protected":false},"excerpt":{"rendered":"<p>Keine Zeit zum Altern! Kommen Sie zur\u00fcck zu einem nat\u00fcrlichen, jugendlichen Aussehen! Holen Sie sich Ihre Faltenbehandlung gleich jetzt! Mit [&hellip;]<\/p>\n","protected":false},"author":4,"featured_media":93177,"parent":0,"menu_order":0,"comment_status":"closed","ping_status":"closed","template":"","meta":{"site-sidebar-layout":"default","site-content-layout":"","ast-site-content-layout":"default","site-content-style":"default","site-sidebar-style":"default","ast-global-header-display":"","ast-banner-title-visibility":"","ast-main-header-display":"","ast-hfb-above-header-display":"","ast-hfb-below-header-display":"","ast-hfb-mobile-header-display":"","site-post-title":"","ast-breadcrumbs-content":"","ast-featured-img":"","footer-sml-layout":"","ast-disable-related-posts":"","theme-transparent-header-meta":"","adv-header-id-meta":"","stick-header-meta":"","header-above-stick-meta":"","header-main-stick-meta":"","header-below-stick-meta":"","astra-migrate-meta-layouts":"default","ast-page-background-enabled":"default","ast-page-background-meta":{"desktop":{"background-color":"var(--ast-global-color-4)","background-image":"","background-repeat":"repeat","background-position":"center center","background-size":"auto","background-attachment":"scroll","background-type":"","background-media":"","overlay-type":"","overlay-color":"","overlay-opacity":"","overlay-gradient":""},"tablet":{"background-color":"","background-image":"","background-repeat":"repeat","background-position":"center center","background-size":"auto","background-attachment":"scroll","background-type":"","background-media":"","overlay-type":"","overlay-color":"","overlay-opacity":"","overlay-gradient":""},"mobile":{"background-color":"","background-image":"","background-repeat":"repeat","background-position":"center center","background-size":"auto","background-attachment":"scroll","background-type":"","background-media":"","overlay-type":"","overlay-color":"","overlay-opacity":"","overlay-gradient":""}},"ast-content-background-meta":{"desktop":{"background-color":"var(--ast-global-color-5)","background-image":"","background-repeat":"repeat","background-position":"center center","background-size":"auto","background-attachment":"scroll","background-type":"","background-media":"","overlay-type":"","overlay-color":"","overlay-opacity":"","overlay-gradient":""},"tablet":{"background-color":"var(--ast-global-color-5)","background-image":"","background-repeat":"repeat","background-position":"center center","background-size":"auto","background-attachment":"scroll","background-type":"","background-media":"","overlay-type":"","overlay-color":"","overlay-opacity":"","overlay-gradient":""},"mobile":{"background-color":"var(--ast-global-color-5)","background-image":"","background-repeat":"repeat","background-position":"center center","background-size":"auto","background-attachment":"scroll","background-type":"","background-media":"","overlay-type":"","overlay-color":"","overlay-opacity":"","overlay-gradient":""}},"footnotes":""},"class_list":["post-146069","page","type-page","status-publish","has-post-thumbnail","hentry"],"_links":{"self":[{"href":"https:\/\/medclinics.com\/de\/wp-json\/wp\/v2\/pages\/146069","targetHints":{"allow":["GET"]}}],"collection":[{"href":"https:\/\/medclinics.com\/de\/wp-json\/wp\/v2\/pages"}],"about":[{"href":"https:\/\/medclinics.com\/de\/wp-json\/wp\/v2\/types\/page"}],"author":[{"embeddable":true,"href":"https:\/\/medclinics.com\/de\/wp-json\/wp\/v2\/users\/4"}],"replies":[{"embeddable":true,"href":"https:\/\/medclinics.com\/de\/wp-json\/wp\/v2\/comments?post=146069"}],"version-history":[{"count":0,"href":"https:\/\/medclinics.com\/de\/wp-json\/wp\/v2\/pages\/146069\/revisions"}],"wp:featuredmedia":[{"embeddable":true,"href":"https:\/\/medclinics.com\/de\/wp-json\/wp\/v2\/media\/93177"}],"wp:attachment":[{"href":"https:\/\/medclinics.com\/de\/wp-json\/wp\/v2\/media?parent=146069"}],"curies":[{"name":"wp","href":"https:\/\/api.w.org\/{rel}","templated":true}]}}