{"id":146055,"date":"2023-05-18T15:07:17","date_gmt":"2023-05-18T12:07:17","guid":{"rendered":"https:\/\/medclinics.com\/entfernung-der-brustprothese\/"},"modified":"2024-12-30T19:30:29","modified_gmt":"2024-12-30T16:30:29","slug":"entfernung-der-brustprothese","status":"publish","type":"page","link":"https:\/\/medclinics.com\/de\/entfernung-der-brustprothese\/","title":{"rendered":"Entfernung der Brustprothese"},"content":{"rendered":"\n<h2 class=\"wp-block-heading\">Hier ist die L\u00f6sung f\u00fcr alles, was Sie \u00fcber die Entfernung von Brustprothesen wissen m\u00f6chten.<\/h2>\n\n<p>Die Entfernung von Brustprothesen, auch Explantation genannt, bezeichnet den chirurgischen Eingriff zur Entfernung von <a href=\"https:\/\/istanbul-tourist-information.com\/en\/medical-treatment\/\" target=\"_blank\" rel=\"noreferrer noopener\">Brustimplantaten<\/a> oder Prothesen, die zuvor eingesetzt wurden. Es gibt verschiedene Gr\u00fcnde, warum sich jemand f\u00fcr die Entfernung einer Brustprothese entscheidet, z. B. medizinische Komplikationen, pers\u00f6nliche Vorlieben oder Ver\u00e4nderungen des K\u00f6rperbildes.<\/p>\n\n<p>Es sei darauf hingewiesen, dass die Einzelheiten der Entfernung von Brustprothesen je nach den individuellen Umst\u00e4nden variieren k\u00f6nnen, wie z. B. die Art der Implantate, der Zustand des Brustgewebes und etwaige zus\u00e4tzliche Eingriffe. Daher ist es von entscheidender Bedeutung, ein gr\u00fcndliches Gespr\u00e4ch mit Ihrem plastischen Chirurgen zu f\u00fchren, um das Verfahren und die m\u00f6glichen Ergebnisse in Ihrem speziellen Fall zu verstehen.<\/p>\n\n<h3 class=\"wp-block-heading\">Alles, was Sie \u00fcber <a href=\"https:\/\/medclinics.com\/breast-aesthetic-surgery\/\" target=\"_blank\" rel=\"noreferrer noopener\">\u00e4sthetische Brustoperationen<\/a> wissen m\u00fcssen, einschlie\u00dflich Preis, Nachsorge und Heilungsprozess, oder <a href=\"#requestform\">kontaktieren Sie uns<\/a>!<\/h3>\n\n<figure class=\"wp-block-image size-full\"><img fetchpriority=\"high\" decoding=\"async\" width=\"960\" height=\"540\" class=\"wp-image-97578\" src=\"https:\/\/medclinics.com\/wp-content\/uploads\/2023\/07\/breast-prosthesis-removal-near-me.jpg\" alt=\"Entfernung von Brustprothesen in meiner N&#xE4;he\" srcset=\"https:\/\/medclinics.com\/wp-content\/uploads\/2023\/07\/breast-prosthesis-removal-near-me.jpg 960w, https:\/\/medclinics.com\/wp-content\/uploads\/2023\/07\/breast-prosthesis-removal-near-me-500x281.jpg 500w, https:\/\/medclinics.com\/wp-content\/uploads\/2023\/07\/breast-prosthesis-removal-near-me-768x432.jpg 768w, https:\/\/medclinics.com\/wp-content\/uploads\/2023\/07\/breast-prosthesis-removal-near-me-24x14.jpg 24w, https:\/\/medclinics.com\/wp-content\/uploads\/2023\/07\/breast-prosthesis-removal-near-me-36x20.jpg 36w, https:\/\/medclinics.com\/wp-content\/uploads\/2023\/07\/breast-prosthesis-removal-near-me-48x27.jpg 48w\" sizes=\"(max-width: 960px) 100vw, 960px\" \/><\/figure>\n\n<h2 class=\"wp-block-heading\">FAQ<\/h2>\n<div id=\"rank-math-faq\" class=\"rank-math-block\">\n<div class=\"rank-math-list \">\n<div id=\"faq-question-1682666956133\" class=\"rank-math-list-item\">\n<h3 class=\"rank-math-question \">Ist es m\u00f6glich, Brustimplantate zu entfernen?<\/h3>\n<div class=\"rank-math-answer \">\n\n<p>Ja, es ist m\u00f6glich, Brustimplantate durch einen chirurgischen Eingriff zu entfernen, der als Brustprothesenentfernung oder Explantation bezeichnet wird. Es gibt verschiedene Gr\u00fcnde, warum sich jemand daf\u00fcr entscheidet, seine Brustimplantate entfernen zu lassen, z. B. Unzufriedenheit mit dem Ergebnis, implantatbedingte Komplikationen, \u00c4nderung der pers\u00f6nlichen Vorlieben oder medizinische Erw\u00e4gungen. W\u00e4hrend des Eingriffs macht der Chirurg Einschnitte, um an die Implantate heranzukommen und sie vorsichtig zu entfernen. In einigen F\u00e4llen k\u00f6nnen zus\u00e4tzliche Eingriffe wie eine Bruststraffung oder ein Fetttransfer durchgef\u00fchrt werden, um Ver\u00e4nderungen der Brustform oder des Brustvolumens auszugleichen, die nach einer Implantatentfernung auftreten k\u00f6nnen. Die genauen Einzelheiten des Verfahrens h\u00e4ngen von den individuellen Umst\u00e4nden und Zielen ab, und es ist wichtig, einen qualifizierten plastischen Chirurgen zu konsultieren, der eine pers\u00f6nliche Beratung und Anleitung geben kann.<\/p>\n\n<\/div>\n<\/div>\n<div id=\"faq-question-1684422143261\" class=\"rank-math-list-item\">\n<h3 class=\"rank-math-question \">Was ist nach der Entfernung von Brustimplantaten zu erwarten?<\/h3>\n<div class=\"rank-math-answer \">\n\n<p>Nach der Entfernung einer Brustprothese m\u00fcssen Sie mit einigen postoperativen Auswirkungen und Ver\u00e4nderungen an Ihren Br\u00fcsten rechnen. Schwellungen und Bluterg\u00fcsse im Bereich der Operationsstelle sind normal und sollten mit der Zeit abklingen. Es kann zu Unwohlsein oder Schmerzen kommen, die mit verschriebenen Schmerzmitteln behandelt werden k\u00f6nnen. Das Aussehen Ihrer Br\u00fcste kann sich ver\u00e4ndern, da sich das nat\u00fcrliche Brustgewebe an das Fehlen der Implantate anpasst und die Form ver\u00e4ndern kann. Es kommt zu einer Narbenbildung, die jedoch im Laufe von mehreren Monaten bis zu einem Jahr verblasst. Emotional k\u00f6nnen Sie eine Reihe von Gef\u00fchlen und Sorgen \u00fcber die Ver\u00e4nderungen in Ihrem Brustbild erleben, und es kann hilfreich sein, ein Unterst\u00fctzungssystem zur Verf\u00fcgung zu haben. Das Befolgen der postoperativen Anweisungen Ihres Chirurgen, einschlie\u00dflich Wundpflege und Aktivit\u00e4tseinschr\u00e4nkungen, ist entscheidend f\u00fcr eine ordnungsgem\u00e4\u00dfe Heilung und optimale Ergebnisse. Wenn Sie w\u00e4hrend Ihrer Genesung Fragen oder Bedenken haben, ist es wichtig, dass Sie sich an Ihren Chirurgen wenden, um Rat und Unterst\u00fctzung zu erhalten.<\/p>\n\n<\/div>\n<\/div>\n<div id=\"faq-question-1684422172491\" class=\"rank-math-list-item\">\n<h3 class=\"rank-math-question \">Ist die Operation zur Entfernung von Implantaten schmerzhaft?<\/h3>\n<div class=\"rank-math-answer \">\n\n<p>Die Implantatentfernung ist mit gewissen Unannehmlichkeiten oder Schmerzen verbunden, aber es werden Ma\u00dfnahmen ergriffen, um diese zu lindern. W\u00e4hrend des Eingriffs wird eine An\u00e4sthesie durchgef\u00fchrt, um ein schmerzfreies Erlebnis zu gew\u00e4hrleisten. Nach der Operation kann es zu Schmerzen und Unwohlsein im Bereich der Operationsstelle kommen, die mit verschriebenen Schmerzmitteln gelindert werden k\u00f6nnen. Ihr Chirurg wird Ihnen genaue Anweisungen zur Schmerzbehandlung geben. Es ist wichtig, dass Sie Ihrem Gesundheitsteam jegliche Schmerzen oder Beschwerden mitteilen, damit geeignete Ma\u00dfnahmen ergriffen werden k\u00f6nnen. Das Befolgen der postoperativen Pflegeanweisungen und die Einnahme der verordneten Medikamente tragen dazu bei, die Beschwerden zu minimieren und eine reibungslosere Genesung zu f\u00f6rdern.<\/p>\n\n<\/div>\n<\/div>\n<\/div>\n<\/div>\n<p>\u00a0<\/p>\n\n<h3 class=\"wp-block-heading\">Kontaktieren Sie uns jetzt, falls Sie Fragen haben!<\/h3>\n","protected":false},"excerpt":{"rendered":"<p>Hier ist die L\u00f6sung f\u00fcr alles, was Sie \u00fcber die Entfernung von Brustprothesen wissen m\u00f6chten. Die Entfernung von Brustprothesen, auch [&hellip;]<\/p>\n","protected":false},"author":4,"featured_media":91220,"parent":0,"menu_order":0,"comment_status":"closed","ping_status":"closed","template":"","meta":{"site-sidebar-layout":"default","site-content-layout":"","ast-site-content-layout":"default","site-content-style":"default","site-sidebar-style":"default","ast-global-header-display":"","ast-banner-title-visibility":"","ast-main-header-display":"","ast-hfb-above-header-display":"","ast-hfb-below-header-display":"","ast-hfb-mobile-header-display":"","site-post-title":"","ast-breadcrumbs-content":"","ast-featured-img":"","footer-sml-layout":"","ast-disable-related-posts":"","theme-transparent-header-meta":"","adv-header-id-meta":"","stick-header-meta":"","header-above-stick-meta":"","header-main-stick-meta":"","header-below-stick-meta":"","astra-migrate-meta-layouts":"default","ast-page-background-enabled":"default","ast-page-background-meta":{"desktop":{"background-color":"var(--ast-global-color-4)","background-image":"","background-repeat":"repeat","background-position":"center center","background-size":"auto","background-attachment":"scroll","background-type":"","background-media":"","overlay-type":"","overlay-color":"","overlay-opacity":"","overlay-gradient":""},"tablet":{"background-color":"","background-image":"","background-repeat":"repeat","background-position":"center center","background-size":"auto","background-attachment":"scroll","background-type":"","background-media":"","overlay-type":"","overlay-color":"","overlay-opacity":"","overlay-gradient":""},"mobile":{"background-color":"","background-image":"","background-repeat":"repeat","background-position":"center center","background-size":"auto","background-attachment":"scroll","background-type":"","background-media":"","overlay-type":"","overlay-color":"","overlay-opacity":"","overlay-gradient":""}},"ast-content-background-meta":{"desktop":{"background-color":"var(--ast-global-color-5)","background-image":"","background-repeat":"repeat","background-position":"center center","background-size":"auto","background-attachment":"scroll","background-type":"","background-media":"","overlay-type":"","overlay-color":"","overlay-opacity":"","overlay-gradient":""},"tablet":{"background-color":"var(--ast-global-color-5)","background-image":"","background-repeat":"repeat","background-position":"center center","background-size":"auto","background-attachment":"scroll","background-type":"","background-media":"","overlay-type":"","overlay-color":"","overlay-opacity":"","overlay-gradient":""},"mobile":{"background-color":"var(--ast-global-color-5)","background-image":"","background-repeat":"repeat","background-position":"center center","background-size":"auto","background-attachment":"scroll","background-type":"","background-media":"","overlay-type":"","overlay-color":"","overlay-opacity":"","overlay-gradient":""}},"footnotes":""},"class_list":["post-146055","page","type-page","status-publish","has-post-thumbnail","hentry"],"_links":{"self":[{"href":"https:\/\/medclinics.com\/de\/wp-json\/wp\/v2\/pages\/146055","targetHints":{"allow":["GET"]}}],"collection":[{"href":"https:\/\/medclinics.com\/de\/wp-json\/wp\/v2\/pages"}],"about":[{"href":"https:\/\/medclinics.com\/de\/wp-json\/wp\/v2\/types\/page"}],"author":[{"embeddable":true,"href":"https:\/\/medclinics.com\/de\/wp-json\/wp\/v2\/users\/4"}],"replies":[{"embeddable":true,"href":"https:\/\/medclinics.com\/de\/wp-json\/wp\/v2\/comments?post=146055"}],"version-history":[{"count":0,"href":"https:\/\/medclinics.com\/de\/wp-json\/wp\/v2\/pages\/146055\/revisions"}],"wp:featuredmedia":[{"embeddable":true,"href":"https:\/\/medclinics.com\/de\/wp-json\/wp\/v2\/media\/91220"}],"wp:attachment":[{"href":"https:\/\/medclinics.com\/de\/wp-json\/wp\/v2\/media?parent=146055"}],"curies":[{"name":"wp","href":"https:\/\/api.w.org\/{rel}","templated":true}]}}