{"id":146033,"date":"2023-05-18T14:33:58","date_gmt":"2023-05-18T14:33:58","guid":{"rendered":"https:\/\/medclinics.com\/nicht-chirurgische-brustvergroserung\/"},"modified":"2024-04-01T15:51:27","modified_gmt":"2024-04-01T12:51:27","slug":"nicht-chirurgische-brustvergroserung","status":"publish","type":"page","link":"https:\/\/medclinics.com\/de\/nicht-chirurgische-brustvergroserung\/","title":{"rendered":"Nicht-chirurgische Brustvergr\u00f6\u00dferung"},"content":{"rendered":"\n<h2 class=\"wp-block-heading\">Wenn Sie auf der Suche nach einer M\u00f6glichkeit sind, Ihre Br\u00fcste zu vergr\u00f6\u00dfern und ein nat\u00fcrlicheres Aussehen zu erreichen, kann eine nicht-chirurgische Brustvergr\u00f6\u00dferung die perfekte L\u00f6sung sein.<\/h2>\n\n<p>Die nicht-chirurgische <a href=\"https:\/\/en.wikipedia.org\/wiki\/Breast_augmentation\" target=\"_blank\" rel=\"noreferrer noopener\">Brustvergr\u00f6\u00dferung<\/a> bezieht sich in der Regel auf Methoden oder Verfahren, die darauf abzielen, die Gr\u00f6\u00dfe oder das Aussehen der Br\u00fcste zu verbessern, ohne auf chirurgische Eingriffe wie Brustimplantate oder Fetttransfer zur\u00fcckzugreifen. Es gibt zwar verschiedene nicht-chirurgische Techniken und Produkte, aber es ist wichtig zu wissen, dass ihre Wirksamkeit variieren kann und die Ergebnisse oft nur vor\u00fcbergehend sind. Hier sind einige g\u00e4ngige nicht-chirurgische Methoden:<\/p>\n\n<ul class=\"wp-block-list\">\n<li>Vakuumtherapie: Bei dieser Methode werden Saugvorrichtungen oder Pumpen eingesetzt, um die Durchblutung der Br\u00fcste zu erh\u00f6hen, was zu einer vor\u00fcbergehenden Schwellung und einer leichten Gr\u00f6\u00dfenzunahme f\u00fchren kann. Die Wirkung ist jedoch vor\u00fcbergehend und h\u00e4lt in der Regel nur wenige Stunden an.<\/li>\n\n\n\n<li>Fetttransfer-Injektionen: Bei dieser Technik wird Fett aus einem Bereich des K\u00f6rpers, z. B. dem Bauch oder den Oberschenkeln, in die Br\u00fcste \u00fcbertragen. Sie kann zwar eine leichte Vergr\u00f6\u00dferung und Verformung der Br\u00fcste bewirken, erfordert jedoch einen kleinen chirurgischen Eingriff zur Entnahme des Fetts.<\/li>\n\n\n\n<li>Dermalf\u00fcller: Einige injizierbare Dermalf\u00fcller, die in der Regel aus Hyalurons\u00e4ure bestehen, k\u00f6nnen off-label verwendet werden, um das Brustvolumen zu vergr\u00f6\u00dfern. Dieses Verfahren ist vor\u00fcbergehend, es dauert etwa sechs bis zw\u00f6lf Monate, und erfordert wiederholte Injektionen, um das Ergebnis zu erhalten.<\/li>\n<\/ul>\n\n<p>Es ist wichtig, dass Sie sich von einem qualifizierten Arzt oder plastischen Chirurgen beraten lassen, um Ihre M\u00f6glichkeiten zu er\u00f6rtern, die potenziellen Risiken und Einschr\u00e4nkungen zu verstehen und festzustellen, welche nicht-chirurgische Methode f\u00fcr Ihre speziellen Bed\u00fcrfnisse und Ziele geeignet ist, wenn \u00fcberhaupt.<\/p>\n\n<h3 class=\"wp-block-heading\">Alles, was Sie \u00fcber <a href=\"https:\/\/medclinics.com\/breast-aesthetic-surgery\/\" target=\"_blank\" rel=\"noreferrer noopener\">\u00e4sthetische Brustoperationen<\/a> wissen m\u00fcssen, einschlie\u00dflich Preis, Nachsorge und Heilungsprozess, oder <a href=\"#requestform\">kontaktieren Sie uns<\/a>!<\/h3>\n\n<h2 class=\"wp-block-heading\">FAQ <\/h2>\n<div id=\"rank-math-faq\" class=\"rank-math-block\">\n<div class=\"rank-math-list \">\n<div id=\"faq-question-1682666956133\" class=\"rank-math-list-item\">\n<h3 class=\"rank-math-question \">Funktioniert eine nicht-chirurgische Brustvergr\u00f6\u00dferung?<\/h3>\n<div class=\"rank-math-answer \">\n\n<p>F\u00fcr nicht-chirurgische Brustvergr\u00f6\u00dferungsmethoden wie Cremes, Lotionen oder Pillen gibt es nur begrenzte wissenschaftliche Belege f\u00fcr ihre Wirksamkeit bei der Vergr\u00f6\u00dferung oder Verbesserung des Aussehens der Br\u00fcste. Chirurgische Verfahren, wie z. B. die nicht-chirurgische Brustvergr\u00f6\u00dferung, gelten im Allgemeinen als zuverl\u00e4ssiger f\u00fcr signifikante Ver\u00e4nderungen der Brustgr\u00f6\u00dfe und -form.<\/p>\n\n<\/div>\n<\/div>\n<div id=\"faq-question-1684419460704\" class=\"rank-math-list-item\">\n<h3 class=\"rank-math-question \">Wie lange dauert eine nicht-chirurgische Brustvergr\u00f6\u00dferung?<\/h3>\n<div class=\"rank-math-answer \">\n\n<p>Die Dauer der Auswirkungen einer nicht-chirurgischen Brustvergr\u00f6\u00dferung kann von mehreren Faktoren abh\u00e4ngen, darunter die verwendete Methode, individuelle Merkmale und Faktoren des Lebensstils. Nicht-chirurgische Methoden zur Brustvergr\u00f6\u00dferung liefern in der Regel vor\u00fcbergehende Ergebnisse, die mehrere Monate bis zu einigen Jahren anhalten k\u00f6nnen.<\/p>\n\n<\/div>\n<\/div>\n<div id=\"faq-question-1684419463748\" class=\"rank-math-list-item\">\n<h3 class=\"rank-math-question \">Was ist eine nicht-chirurgische Brustvergr\u00f6\u00dferung?<\/h3>\n<div class=\"rank-math-answer \">\n\n<p>Nicht-chirurgische Brustvergr\u00f6\u00dferung bezieht sich auf eine Vielzahl von Methoden und Behandlungen, die darauf abzielen, das Aussehen der Br\u00fcste ohne chirurgischen Eingriff zu verbessern. Bei diesen Methoden kommen in der Regel nicht- oder minimal-invasive Techniken zum Einsatz, wie Cremes, Lotionen, Pillen, Vakuumsauger oder Fetttransfer. Ziel ist es, die Gr\u00f6\u00dfe, Form oder Festigkeit der Brust zu verbessern, ohne dass Implantate oder chirurgische Schnitte erforderlich sind. Es ist jedoch wichtig zu wissen, dass die Wirksamkeit und Sicherheit dieser nicht-chirurgischen Methoden variieren kann und die wissenschaftlichen Beweise, die ihre Behauptungen st\u00fctzen, begrenzt sein k\u00f6nnen. Es wird empfohlen, sich von einem qualifizierten Arzt, z. B. einem plastischen Chirurgen, beraten zu lassen, um Ihre Ziele zu besprechen und die am besten geeigneten Optionen zur Erzielung der gew\u00fcnschten Brustvergr\u00f6\u00dferung zu erkunden. Sie k\u00f6nnen Ihnen genaue Informationen geben, Ihre individuelle Situation beurteilen und Sie zu sicheren und wirksamen Entscheidungen anleiten.<\/p>\n\n<\/div>\n<\/div>\n<div id=\"faq-question-1684419464769\" class=\"rank-math-list-item\">\n<h3 class=\"rank-math-question \">Ist eine nicht chirurgische Brustvergr\u00f6\u00dferung sicher?<\/h3>\n<div class=\"rank-math-answer \">\n\n<p>Die nicht-chirurgischen Methoden zur Brustvergr\u00f6\u00dferung k\u00f6nnen in Bezug auf die Sicherheit variieren, und es ist wichtig, bei der Auswahl dieser Optionen Vorsicht walten zu lassen. W\u00e4hrend einige nicht-chirurgische Techniken, wie z. B. die Verwendung von Cremes oder Lotionen, nur minimale Risiken bergen, k\u00f6nnen andere mit gr\u00f6\u00dferen Sicherheitsbedenken verbunden sein. Es wird immer empfohlen, einen qualifizierten Arzt, z. B. einen plastischen Chirurgen, zu konsultieren, bevor man eine nicht-chirurgische Methode zur Brustvergr\u00f6\u00dferung anwendet. Sie k\u00f6nnen Sie richtig beraten, Ihre Krankengeschichte auswerten und die m\u00f6glichen Risiken und Vorteile dieser Verfahren besprechen. Wenn Sie mit einem vertrauensw\u00fcrdigen Fachmann zusammenarbeiten, k\u00f6nnen Sie eine fundierte Entscheidung treffen und Ihre Sicherheit w\u00e4hrend des gesamten Prozesses gew\u00e4hrleisten.<\/p>\n\n<\/div>\n<\/div>\n<\/div>\n<\/div>\n<p><\/p>\n\n<h3 class=\"wp-block-heading\">Kontaktieren Sie uns jetzt, falls Sie Fragen haben!<\/h3>\n","protected":false},"excerpt":{"rendered":"<p>Wenn Sie auf der Suche nach einer M\u00f6glichkeit sind, Ihre Br\u00fcste zu vergr\u00f6\u00dfern und ein nat\u00fcrlicheres Aussehen zu erreichen, kann [&hellip;]<\/p>\n","protected":false},"author":4,"featured_media":53227,"parent":0,"menu_order":0,"comment_status":"closed","ping_status":"closed","template":"","meta":{"site-sidebar-layout":"default","site-content-layout":"","ast-site-content-layout":"default","site-content-style":"default","site-sidebar-style":"default","ast-global-header-display":"","ast-banner-title-visibility":"","ast-main-header-display":"","ast-hfb-above-header-display":"","ast-hfb-below-header-display":"","ast-hfb-mobile-header-display":"","site-post-title":"","ast-breadcrumbs-content":"","ast-featured-img":"","footer-sml-layout":"","ast-disable-related-posts":"","theme-transparent-header-meta":"","adv-header-id-meta":"","stick-header-meta":"","header-above-stick-meta":"","header-main-stick-meta":"","header-below-stick-meta":"","astra-migrate-meta-layouts":"default","ast-page-background-enabled":"default","ast-page-background-meta":{"desktop":{"background-color":"var(--ast-global-color-4)","background-image":"","background-repeat":"repeat","background-position":"center center","background-size":"auto","background-attachment":"scroll","background-type":"","background-media":"","overlay-type":"","overlay-color":"","overlay-opacity":"","overlay-gradient":""},"tablet":{"background-color":"","background-image":"","background-repeat":"repeat","background-position":"center center","background-size":"auto","background-attachment":"scroll","background-type":"","background-media":"","overlay-type":"","overlay-color":"","overlay-opacity":"","overlay-gradient":""},"mobile":{"background-color":"","background-image":"","background-repeat":"repeat","background-position":"center center","background-size":"auto","background-attachment":"scroll","background-type":"","background-media":"","overlay-type":"","overlay-color":"","overlay-opacity":"","overlay-gradient":""}},"ast-content-background-meta":{"desktop":{"background-color":"var(--ast-global-color-5)","background-image":"","background-repeat":"repeat","background-position":"center center","background-size":"auto","background-attachment":"scroll","background-type":"","background-media":"","overlay-type":"","overlay-color":"","overlay-opacity":"","overlay-gradient":""},"tablet":{"background-color":"var(--ast-global-color-5)","background-image":"","background-repeat":"repeat","background-position":"center center","background-size":"auto","background-attachment":"scroll","background-type":"","background-media":"","overlay-type":"","overlay-color":"","overlay-opacity":"","overlay-gradient":""},"mobile":{"background-color":"var(--ast-global-color-5)","background-image":"","background-repeat":"repeat","background-position":"center center","background-size":"auto","background-attachment":"scroll","background-type":"","background-media":"","overlay-type":"","overlay-color":"","overlay-opacity":"","overlay-gradient":""}},"footnotes":""},"class_list":["post-146033","page","type-page","status-publish","has-post-thumbnail","hentry"],"_links":{"self":[{"href":"https:\/\/medclinics.com\/de\/wp-json\/wp\/v2\/pages\/146033","targetHints":{"allow":["GET"]}}],"collection":[{"href":"https:\/\/medclinics.com\/de\/wp-json\/wp\/v2\/pages"}],"about":[{"href":"https:\/\/medclinics.com\/de\/wp-json\/wp\/v2\/types\/page"}],"author":[{"embeddable":true,"href":"https:\/\/medclinics.com\/de\/wp-json\/wp\/v2\/users\/4"}],"replies":[{"embeddable":true,"href":"https:\/\/medclinics.com\/de\/wp-json\/wp\/v2\/comments?post=146033"}],"version-history":[{"count":0,"href":"https:\/\/medclinics.com\/de\/wp-json\/wp\/v2\/pages\/146033\/revisions"}],"wp:featuredmedia":[{"embeddable":true,"href":"https:\/\/medclinics.com\/de\/wp-json\/wp\/v2\/media\/53227"}],"wp:attachment":[{"href":"https:\/\/medclinics.com\/de\/wp-json\/wp\/v2\/media?parent=146033"}],"curies":[{"name":"wp","href":"https:\/\/api.w.org\/{rel}","templated":true}]}}