{"id":146021,"date":"2023-05-09T13:54:05","date_gmt":"2023-05-09T10:54:05","guid":{"rendered":"https:\/\/medclinics.com\/augenbrauenlifting\/"},"modified":"2025-01-02T15:11:58","modified_gmt":"2025-01-02T12:11:58","slug":"augenbrauenlifting","status":"publish","type":"page","link":"https:\/\/medclinics.com\/de\/augenbrauenlifting\/","title":{"rendered":"Augenbrauenlifting"},"content":{"rendered":"\n<h2 class=\"wp-block-heading\">Ein Augenbrauenlifting kann genau das Richtige f\u00fcr Sie sein, um ein jugendlicheres und verj\u00fcngtes Aussehen zu erreichen.<\/h2>\n\n<p>Bei diesem kosmetischen Eingriff werden die Augenbrauen und die Stirn mit verschiedenen Techniken angehoben und neu positioniert. Bei einem <a href=\"https:\/\/en.wikipedia.org\/wiki\/Forehead_lift\" target=\"_blank\" rel=\"noreferrer noopener\">Augenbrauenlifting<\/a> setzen erfahrene Chirurgen die Schnitte entweder am oder hinter dem Haaransatz, je nachdem, welche Technik verwendet wird. Anschlie\u00dfend werden die darunter liegenden Gewebe\/Muskeln angepasst oder entfernt und die \u00fcbersch\u00fcssige Haut abgeschnitten\/neu positioniert, bevor sie mit N\u00e4hten\/anderen Methoden geschlossen wird.<\/p>\n\n<p>Es gibt drei Haupttechniken f\u00fcr diese lebensver\u00e4ndernde Operation:<\/p>\n\n<ol class=\"wp-block-list\" start=\"1\" type=\"1\">\n<li>Beim traditionellen\/koronalen Brauenlifting wird ein Schnitt \u00fcber den oberen Teil der Kopfhaut hinter dem Haaransatz gesetzt, der eine umfassende Anhebung und Neupositionierung erm\u00f6glicht.<\/li>\n\n\n\n<li>Beim endoskopischen Brauenlifting werden mehrere kleine Einschnitte hinter dem Haaransatz vorgenommen, durch die eine winzige Kamera, das so genannte Endoskop, die Gewebeanpassung steuert; dies f\u00fchrt zu kleineren Narben und k\u00fcrzeren Erholungszeiten.<\/li>\n\n\n\n<li>Temporale\/begrenzte Augenbrauenlifts sind minimalinvasiv, da sie nur kleine Schnitte an der Schl\u00e4fe erfordern, die eine Positionierung\/Lifting der \u00e4u\u00dferen Augenbrauen erm\u00f6glichen &#8211; ideal bei leichter bis mittlerer Erschlaffung<\/li>\n<\/ol>\n\n<h3 class=\"wp-block-heading\">Alles, was Sie \u00fcber <a href=\"https:\/\/medclinics.com\/de\/schonheit\/\" target=\"_blank\" rel=\"noreferrer noopener\">Sch\u00f6nheitsbehandlungen<\/a> wissen m\u00fcssen, einschlie\u00dflich Preis, Nachbehandlung und Heilungsprozess finden Sie hier. Oder <a href=\"#requestform\">kontaktieren Sie uns<\/a>!<\/h3>\n\n<figure class=\"wp-block-image size-full\"><img decoding=\"async\" class=\"wp-image-88612\" src=\"https:\/\/medclinics.com\/wp-content\/uploads\/2023\/05\/Eyebrow-lift-in-istanbul.jpg\" alt=\"\"\/><\/figure>\n\n<h2 class=\"wp-block-heading\">FAQ<\/h2>\n<div id=\"rank-math-faq\" class=\"rank-math-block\">\n<div class=\"rank-math-list \">\n<div id=\"faq-question-1682603361561\" class=\"rank-math-list-item\">\n<h3 class=\"rank-math-question \">Was ist ein Augenbrauenlifting?<\/h3>\n<div class=\"rank-math-answer \">\n\n<p>Ein Augenbrauenlifting ist ein chirurgischer Eingriff, bei dem die Augenbrauen angehoben und in eine jugendlichere Position gebracht werden. Es hilft bei h\u00e4ngenden Augenbrauen, Stirnfalten und Zornesfalten. Bei dem Verfahren werden Schnitte gesetzt, das darunter liegende Gewebe angehoben und neu positioniert und gegebenenfalls \u00fcbersch\u00fcssige Haut entfernt. Es k\u00f6nnen verschiedene Techniken angewandt werden, und es ist wichtig, sich von einem qualifizierten Chirurgen beraten zu lassen, um die beste Methode f\u00fcr Ihre Bed\u00fcrfnisse zu bestimmen.<\/p>\n\n<\/div>\n<\/div>\n<div id=\"faq-question-1684417633032\" class=\"rank-math-list-item\">\n<h3 class=\"rank-math-question \">Ist ein Augenbrauenlifting schmerzhaft?<\/h3>\n<div class=\"rank-math-answer \">\n\n<p>Bei einem Augenbrauenlifting ist mit etwas Unbehagen und Schmerzen zu rechnen. Der Eingriff wird jedoch in der Regel unter Narkose durchgef\u00fchrt, um sicherzustellen, dass Sie w\u00e4hrend des Eingriffs selbst keine Schmerzen versp\u00fcren. Nach dem Eingriff ist es normal, dass im behandelten Bereich ein gewisses Unbehagen, eine Schwellung und ein Spannungsgef\u00fchl auftreten. Ihr Chirurg wird Ihnen Schmerzmittel verabreichen, um etwaige postoperative Beschwerden zu lindern. Es ist wichtig, die postoperativen Anweisungen Ihres Chirurgen zu befolgen und die verschriebenen Medikamente wie vorgeschrieben einzunehmen, um eventuelle Schmerzen zu lindern. Das Ausma\u00df der Schmerzen kann von Person zu Person variieren, aber die meisten Patienten stellen fest, dass die Beschwerden \u00fcberschaubar sind und mit fortschreitendem Heilungsprozess abklingen.<\/p>\n\n<\/div>\n<\/div>\n<div id=\"faq-question-1684417696234\" class=\"rank-math-list-item\">\n<h3 class=\"rank-math-question \">Ist das Augenbrauenlifting dauerhaft?<\/h3>\n<div class=\"rank-math-answer \">\n\n<p>Ein Augenbrauenlifting gilt nicht als dauerhafte L\u00f6sung. Das Ergebnis kann mehrere Jahre anhalten, aber der nat\u00fcrliche Alterungsprozess und andere Faktoren k\u00f6nnen dazu f\u00fchren, dass sich die Augenbrauen im Laufe der Zeit wieder absenken.<\/p>\n\n<\/div>\n<\/div>\n<div id=\"faq-question-1684417804387\" class=\"rank-math-list-item\">\n<h3 class=\"rank-math-question \">Wie wird ein Brauenlifting durchgef\u00fchrt?<\/h3>\n<div class=\"rank-math-answer \">\n\n<p>Ein Brauenlifting ist ein chirurgischer Eingriff, der unter Narkose durchgef\u00fchrt wird. Der Chirurg setzt die Schnitte entweder hinter dem Haaransatz oder \u00fcber kleinere Schnitte mit einem Endoskop. Das darunter liegende Gewebe und die Muskeln der Stirn werden angehoben und neu positioniert, und die \u00fcbersch\u00fcssige Haut wird entfernt. Anschlie\u00dfend werden die Schnitte verschlossen. Das Ziel ist es, die Augenbrauen anzuheben und ein jugendlicheres Aussehen zu erreichen. Welche Technik im Einzelnen angewendet wird, h\u00e4ngt von individuellen Faktoren und dem Fachwissen des Chirurgen ab.<\/p>\n\n<\/div>\n<\/div>\n<\/div>\n<\/div>\n<p>\u00a0<\/p>\n\n<h3 class=\"wp-block-heading\">Kontaktieren Sie uns jetzt, falls Sie Fragen haben!<\/h3>\n","protected":false},"excerpt":{"rendered":"<p>Ein Augenbrauenlifting kann genau das Richtige f\u00fcr Sie sein, um ein jugendlicheres und verj\u00fcngtes Aussehen zu erreichen. Bei diesem kosmetischen [&hellip;]<\/p>\n","protected":false},"author":4,"featured_media":91820,"parent":0,"menu_order":0,"comment_status":"closed","ping_status":"closed","template":"","meta":{"site-sidebar-layout":"default","site-content-layout":"","ast-site-content-layout":"default","site-content-style":"default","site-sidebar-style":"default","ast-global-header-display":"","ast-banner-title-visibility":"","ast-main-header-display":"","ast-hfb-above-header-display":"","ast-hfb-below-header-display":"","ast-hfb-mobile-header-display":"","site-post-title":"","ast-breadcrumbs-content":"","ast-featured-img":"","footer-sml-layout":"","ast-disable-related-posts":"","theme-transparent-header-meta":"","adv-header-id-meta":"","stick-header-meta":"","header-above-stick-meta":"","header-main-stick-meta":"","header-below-stick-meta":"","astra-migrate-meta-layouts":"default","ast-page-background-enabled":"default","ast-page-background-meta":{"desktop":{"background-color":"var(--ast-global-color-4)","background-image":"","background-repeat":"repeat","background-position":"center center","background-size":"auto","background-attachment":"scroll","background-type":"","background-media":"","overlay-type":"","overlay-color":"","overlay-opacity":"","overlay-gradient":""},"tablet":{"background-color":"","background-image":"","background-repeat":"repeat","background-position":"center center","background-size":"auto","background-attachment":"scroll","background-type":"","background-media":"","overlay-type":"","overlay-color":"","overlay-opacity":"","overlay-gradient":""},"mobile":{"background-color":"","background-image":"","background-repeat":"repeat","background-position":"center center","background-size":"auto","background-attachment":"scroll","background-type":"","background-media":"","overlay-type":"","overlay-color":"","overlay-opacity":"","overlay-gradient":""}},"ast-content-background-meta":{"desktop":{"background-color":"var(--ast-global-color-5)","background-image":"","background-repeat":"repeat","background-position":"center center","background-size":"auto","background-attachment":"scroll","background-type":"","background-media":"","overlay-type":"","overlay-color":"","overlay-opacity":"","overlay-gradient":""},"tablet":{"background-color":"var(--ast-global-color-5)","background-image":"","background-repeat":"repeat","background-position":"center center","background-size":"auto","background-attachment":"scroll","background-type":"","background-media":"","overlay-type":"","overlay-color":"","overlay-opacity":"","overlay-gradient":""},"mobile":{"background-color":"var(--ast-global-color-5)","background-image":"","background-repeat":"repeat","background-position":"center center","background-size":"auto","background-attachment":"scroll","background-type":"","background-media":"","overlay-type":"","overlay-color":"","overlay-opacity":"","overlay-gradient":""}},"footnotes":""},"class_list":["post-146021","page","type-page","status-publish","has-post-thumbnail","hentry"],"_links":{"self":[{"href":"https:\/\/medclinics.com\/de\/wp-json\/wp\/v2\/pages\/146021","targetHints":{"allow":["GET"]}}],"collection":[{"href":"https:\/\/medclinics.com\/de\/wp-json\/wp\/v2\/pages"}],"about":[{"href":"https:\/\/medclinics.com\/de\/wp-json\/wp\/v2\/types\/page"}],"author":[{"embeddable":true,"href":"https:\/\/medclinics.com\/de\/wp-json\/wp\/v2\/users\/4"}],"replies":[{"embeddable":true,"href":"https:\/\/medclinics.com\/de\/wp-json\/wp\/v2\/comments?post=146021"}],"version-history":[{"count":0,"href":"https:\/\/medclinics.com\/de\/wp-json\/wp\/v2\/pages\/146021\/revisions"}],"wp:featuredmedia":[{"embeddable":true,"href":"https:\/\/medclinics.com\/de\/wp-json\/wp\/v2\/media\/91820"}],"wp:attachment":[{"href":"https:\/\/medclinics.com\/de\/wp-json\/wp\/v2\/media?parent=146021"}],"curies":[{"name":"wp","href":"https:\/\/api.w.org\/{rel}","templated":true}]}}