{"id":145961,"date":"2023-05-04T12:45:46","date_gmt":"2023-05-04T12:45:46","guid":{"rendered":"https:\/\/medclinics.com\/kinn-asthetik\/"},"modified":"2024-04-01T14:26:20","modified_gmt":"2024-04-01T11:26:20","slug":"kinn-asthetik","status":"publish","type":"page","link":"https:\/\/medclinics.com\/de\/kinn-asthetik\/","title":{"rendered":"Kinn \u00c4sthetik"},"content":{"rendered":"\n<h2 class=\"wp-block-heading\">Wenn Sie nach einer M\u00f6glichkeit suchen, ein nat\u00fcrlicheres Aussehen zu erzielen, k\u00f6nnte Chin Aesthetic die perfekte L\u00f6sung sein.<\/h2>\n\n<p>Bei der \u00e4sthetischen Kinnchirurgie handelt es sich in der Regel um einen kosmetischen chirurgischen Eingriff namens Genioplastik, der durchgef\u00fchrt wird, um das Aussehen des Kinns neu zu gestalten oder zu verbessern. Mit diesem Verfahren k\u00f6nnen die Proportionen und das Gleichgewicht der Gesichtsz\u00fcge verbessert werden, so dass das Gesicht insgesamt harmonischer und attraktiver wirkt.<\/p>\n\n<p>Bei der Genioplastik kann der Chirurg die Gr\u00f6\u00dfe, Form und Position des Kinnknochens ver\u00e4ndern, indem er ihn durchschneidet und neu positioniert oder mit Implantaten aufbaut. Je nach den spezifischen Bed\u00fcrfnissen des Patienten und dem gew\u00fcnschten Ergebnis kann der Chirurg verschiedene Techniken anwenden, um das gew\u00fcnschte Ergebnis zu erzielen.<\/p>\n\n<p>Es gibt mehrere Arten von \u00e4sthetischen Kinnoperationen. Zu den h\u00e4ufigsten geh\u00f6ren die <a href=\"https:\/\/en.wikipedia.org\/wiki\/Chin_augmentation\" target=\"_blank\" rel=\"noreferrer noopener\">Kinnvergr\u00f6\u00dferung<\/a>, die Kinnverkleinerung, die Genioplastik, die gleitende Genioplastik, die Kinnliposuktion und die Injektion von <a href=\"https:\/\/medclinics.com\/de\/muskelrelaxans\/\" target=\"_blank\" rel=\"noreferrer noopener\">Muskelrelaxantien<\/a>.<\/p>\n\n<h3 class=\"wp-block-heading\">Alles, was Sie \u00fcber <a href=\"https:\/\/medclinics.com\/de\/gesichtsasthetik\/\" target=\"_blank\" rel=\"noreferrer noopener\">Gesichts\u00e4sthetik<\/a> wissen m\u00fcssen, einschlie\u00dflich Preis, Nachbehandlung und Heilungsprozess, oder <a href=\"#requestform\">kontaktieren Sie uns<\/a>!<\/h3>\n\n<figure class=\"wp-block-image size-full\"><img fetchpriority=\"high\" decoding=\"async\" width=\"960\" height=\"540\" class=\"wp-image-97767\" src=\"https:\/\/medclinics.com\/wp-content\/uploads\/2023\/07\/chin-aesthetic-near-me.jpg\" alt=\"Kinn&#xE4;sthetik in meiner N&#xE4;he\" srcset=\"https:\/\/medclinics.com\/wp-content\/uploads\/2023\/07\/chin-aesthetic-near-me.jpg 960w, https:\/\/medclinics.com\/wp-content\/uploads\/2023\/07\/chin-aesthetic-near-me-500x281.jpg 500w, https:\/\/medclinics.com\/wp-content\/uploads\/2023\/07\/chin-aesthetic-near-me-768x432.jpg 768w, https:\/\/medclinics.com\/wp-content\/uploads\/2023\/07\/chin-aesthetic-near-me-24x14.jpg 24w, https:\/\/medclinics.com\/wp-content\/uploads\/2023\/07\/chin-aesthetic-near-me-36x20.jpg 36w, https:\/\/medclinics.com\/wp-content\/uploads\/2023\/07\/chin-aesthetic-near-me-48x27.jpg 48w\" sizes=\"(max-width: 960px) 100vw, 960px\" \/><\/figure>\n\n<h2 class=\"wp-block-heading\">FAQ<\/h2>\n<div id=\"rank-math-faq\" class=\"rank-math-block\">\n<div class=\"rank-math-list \">\n<div id=\"faq-question-1682603361561\" class=\"rank-math-list-item\">\n<h3 class=\"rank-math-question \">Sind Kinnf\u00fcller schmerzhaft?<\/h3>\n<div class=\"rank-math-answer \">\n\n<p>Kinnf\u00fcller sind in der Regel mit minimalen Beschwerden w\u00e4hrend des Eingriffs verbunden. Eine \u00f6rtliche Bet\u00e4ubungscreme oder eine Lokalan\u00e4sthesie kann verwendet werden, um m\u00f6gliche Schmerzen zu minimieren. Die Injektionen k\u00f6nnen ein leichtes Zwicken oder Druckgef\u00fchl verursachen, aber insgesamt wird das Verfahren von den meisten Personen gut vertragen. Danach kann es zu vor\u00fcbergehenden Schmerzen oder Empfindlichkeiten im behandelten Bereich kommen, die jedoch in der Regel innerhalb weniger Tage abklingen.<\/p>\n\n<\/div>\n<\/div>\n<div id=\"faq-question-1682665852961\" class=\"rank-math-list-item\">\n<h3 class=\"rank-math-question \">Wie lange dauert eine Kinnmodellierung?<\/h3>\n<div class=\"rank-math-answer \">\n\n<p>Das Ergebnis einer Kinnformung h\u00e4lt in der Regel zwischen 6 und 12 Monaten an. Die individuellen Erfahrungen k\u00f6nnen jedoch variieren, und Faktoren wie die Art des verwendeten F\u00fcllmaterials und pers\u00f6nliche Lebensgewohnheiten k\u00f6nnen die Langlebigkeit der Ergebnisse beeinflussen. Die Konsultation eines Arztes kann eine genauere Beurteilung Ihres speziellen Falles erm\u00f6glichen.<\/p>\n\n<\/div>\n<\/div>\n<div id=\"faq-question-1682666623404\" class=\"rank-math-list-item\">\n<h3 class=\"rank-math-question \">Was ist Kinn\u00e4sthetik?<\/h3>\n<div class=\"rank-math-answer \">\n\n<p>Der Begriff Kinn\u00e4sthetik bezieht sich auf den Bereich der kosmetischen Behandlungen und Verfahren, die das Aussehen des Kinns verbessern sollen. Sie kann verschiedene Techniken umfassen, wie z. B. eine Kinnvergr\u00f6\u00dferung mit Fillern oder Implantaten, eine Kinnverkleinerung oder eine Kinnkonturierung, um ein ausgewogeneres und harmonischeres Gesichtsprofil zu erreichen.<\/p>\n\n<\/div>\n<\/div>\n<div id=\"faq-question-1682666956133\" class=\"rank-math-list-item\">\n<h3 class=\"rank-math-question \">Wie wird man ein \u00e4sthetisches Doppelkinn los?<\/h3>\n<div class=\"rank-math-answer \">\n\n<p>Um ein Doppelkinn \u00e4sthetisch zu behandeln, gibt es verschiedene M\u00f6glichkeiten. Nicht-chirurgische Behandlungen wie Kybella oder CoolSculpting k\u00f6nnen helfen, submentales Fett zu reduzieren und die Kinnpartie zu konturieren. Gesichts\u00fcbungen, die auf die Kinn- und Halsmuskulatur abzielen, k\u00f6nnen zur St\u00e4rkung und Straffung dieses Bereichs beitragen. Dermatologische Behandlungen wie Radiofrequenz- oder Ultraschalltherapie k\u00f6nnen die Haut unter dem Kinn straffen. Bei gr\u00f6\u00dferen Problemen k\u00f6nnen chirurgische Eingriffe wie Fettabsaugung oder Halsstraffung in Betracht gezogen werden. Die Beratung durch eine qualifizierte medizinische Fachkraft ist unerl\u00e4sslich, um die am besten geeignete Behandlungsoption auf der Grundlage der individuellen Bed\u00fcrfnisse und des gew\u00fcnschten Ergebnisses zu bestimmen. Sie k\u00f6nnen eine umfassende Bewertung vornehmen, die verf\u00fcgbaren Optionen er\u00f6rtern und den besten Ansatz zur Erreichung der \u00e4sthetischen Ziele empfehlen.<\/p>\n\n<\/div>\n<\/div>\n<\/div>\n<\/div>\n<p>\u00a0<\/p>\n\n<h3 class=\"wp-block-heading\">Kontaktieren Sie uns jetzt, falls Sie Fragen haben!<\/h3>\n","protected":false},"excerpt":{"rendered":"<p>Wenn Sie nach einer M\u00f6glichkeit suchen, ein nat\u00fcrlicheres Aussehen zu erzielen, k\u00f6nnte Chin Aesthetic die perfekte L\u00f6sung sein. Bei der [&hellip;]<\/p>\n","protected":false},"author":4,"featured_media":91314,"parent":0,"menu_order":0,"comment_status":"closed","ping_status":"closed","template":"","meta":{"site-sidebar-layout":"default","site-content-layout":"","ast-site-content-layout":"default","site-content-style":"default","site-sidebar-style":"default","ast-global-header-display":"","ast-banner-title-visibility":"","ast-main-header-display":"","ast-hfb-above-header-display":"","ast-hfb-below-header-display":"","ast-hfb-mobile-header-display":"","site-post-title":"","ast-breadcrumbs-content":"","ast-featured-img":"","footer-sml-layout":"","ast-disable-related-posts":"","theme-transparent-header-meta":"","adv-header-id-meta":"","stick-header-meta":"","header-above-stick-meta":"","header-main-stick-meta":"","header-below-stick-meta":"","astra-migrate-meta-layouts":"default","ast-page-background-enabled":"default","ast-page-background-meta":{"desktop":{"background-color":"var(--ast-global-color-4)","background-image":"","background-repeat":"repeat","background-position":"center center","background-size":"auto","background-attachment":"scroll","background-type":"","background-media":"","overlay-type":"","overlay-color":"","overlay-opacity":"","overlay-gradient":""},"tablet":{"background-color":"","background-image":"","background-repeat":"repeat","background-position":"center center","background-size":"auto","background-attachment":"scroll","background-type":"","background-media":"","overlay-type":"","overlay-color":"","overlay-opacity":"","overlay-gradient":""},"mobile":{"background-color":"","background-image":"","background-repeat":"repeat","background-position":"center center","background-size":"auto","background-attachment":"scroll","background-type":"","background-media":"","overlay-type":"","overlay-color":"","overlay-opacity":"","overlay-gradient":""}},"ast-content-background-meta":{"desktop":{"background-color":"var(--ast-global-color-5)","background-image":"","background-repeat":"repeat","background-position":"center center","background-size":"auto","background-attachment":"scroll","background-type":"","background-media":"","overlay-type":"","overlay-color":"","overlay-opacity":"","overlay-gradient":""},"tablet":{"background-color":"var(--ast-global-color-5)","background-image":"","background-repeat":"repeat","background-position":"center center","background-size":"auto","background-attachment":"scroll","background-type":"","background-media":"","overlay-type":"","overlay-color":"","overlay-opacity":"","overlay-gradient":""},"mobile":{"background-color":"var(--ast-global-color-5)","background-image":"","background-repeat":"repeat","background-position":"center center","background-size":"auto","background-attachment":"scroll","background-type":"","background-media":"","overlay-type":"","overlay-color":"","overlay-opacity":"","overlay-gradient":""}},"footnotes":""},"class_list":["post-145961","page","type-page","status-publish","has-post-thumbnail","hentry"],"_links":{"self":[{"href":"https:\/\/medclinics.com\/de\/wp-json\/wp\/v2\/pages\/145961","targetHints":{"allow":["GET"]}}],"collection":[{"href":"https:\/\/medclinics.com\/de\/wp-json\/wp\/v2\/pages"}],"about":[{"href":"https:\/\/medclinics.com\/de\/wp-json\/wp\/v2\/types\/page"}],"author":[{"embeddable":true,"href":"https:\/\/medclinics.com\/de\/wp-json\/wp\/v2\/users\/4"}],"replies":[{"embeddable":true,"href":"https:\/\/medclinics.com\/de\/wp-json\/wp\/v2\/comments?post=145961"}],"version-history":[{"count":0,"href":"https:\/\/medclinics.com\/de\/wp-json\/wp\/v2\/pages\/145961\/revisions"}],"wp:featuredmedia":[{"embeddable":true,"href":"https:\/\/medclinics.com\/de\/wp-json\/wp\/v2\/media\/91314"}],"wp:attachment":[{"href":"https:\/\/medclinics.com\/de\/wp-json\/wp\/v2\/media?parent=145961"}],"curies":[{"name":"wp","href":"https:\/\/api.w.org\/{rel}","templated":true}]}}