{"id":145875,"date":"2023-05-18T09:20:22","date_gmt":"2023-05-18T06:20:22","guid":{"rendered":"https:\/\/medclinics.com\/zahnaufhellung\/"},"modified":"2025-01-25T14:24:07","modified_gmt":"2025-01-25T11:24:07","slug":"zahnaufhellung","status":"publish","type":"page","link":"https:\/\/medclinics.com\/de\/zahnaufhellung\/","title":{"rendered":"Zahnaufhellung"},"content":{"rendered":"\n<p>Die <a href=\"https:\/\/istanbul-tourist-information.com\/en\/medical-treatment\/\" target=\"_blank\" rel=\"noreferrer noopener\">Zahnaufhellung<\/a> ist eine kosmetische Zahnbehandlung, die zur Aufhellung der Zahnfarbe dient. Es handelt sich um einen beliebten Eingriff, weil er dazu beitragen kann, das Aussehen der Z\u00e4hne zu verbessern und das L\u00e4cheln einer Person zu versch\u00f6nern.<\/p>\n\n<div class=\"wp-block-rank-math-toc-block\" id=\"rank-math-toc\"><h2>Inhaltsverzeichnis<\/h2><nav><ul><li><a href=\"#so-what-is-teeth-whitening\">Was also ist Zahnaufhellung?<\/a><\/li><li><a href=\"#types-and-methods\">Arten und Methoden<\/a><\/li><li><a href=\"#treatment-plan\">Behandlungsplan<\/a><\/li><li><a href=\"#aftercare\">Nachsorge<\/a><\/li><li><a href=\"#top-teeth-whitening-costs-by-country\">Die h\u00f6chsten Kosten f\u00fcr Zahnaufhellung nach Land<\/a><\/li><li><a href=\"#faq\">FAQ<\/a><\/li><li><a href=\"#history\">Geschichte<\/a><\/li><\/ul><\/nav><\/div>\n\n<h2 class=\"wp-block-heading\" id=\"so-what-is-teeth-whitening\">Was also ist Zahnaufhellung?<\/h2>\n\n<ul class=\"wp-block-list\">\n<li>Unter Zahnaufhellung versteht man die Aufhellung und Gl\u00e4ttung des Farbtons des Zahnschmelzes, indem Pigmente aus der obersten Schicht des Dentins entfernt werden. Das Verfahren geh\u00f6rt zur kosmetischen Zahnmedizin, aber die neueste Technologie zerst\u00f6rt nicht nur den Zahnschmelz nicht mehr, sondern wirkt sich auch positiv auf den Zustand der Z\u00e4hne aus. Es st\u00e4rkt den Zahnschmelz, indem es ihn mit Mineralien s\u00e4ttigt und die Dichte des Hartgewebes erh\u00f6ht. Die Zahnaufhellung macht Ihre Z\u00e4hne nicht nur sch\u00f6n, sondern verbessert auch ihre Gesundheit!<\/li>\n<\/ul>\n\n<figure class=\"wp-block-image size-full\"><img fetchpriority=\"high\" decoding=\"async\" width=\"960\" height=\"540\" src=\"https:\/\/medclinics.com\/wp-content\/uploads\/2023\/07\/teeth-whitening-near-me.jpg\" alt=\"Zahnaufhellung in meiner N&#xE4;he\" class=\"wp-image-98203\" srcset=\"https:\/\/medclinics.com\/wp-content\/uploads\/2023\/07\/teeth-whitening-near-me.jpg 960w, https:\/\/medclinics.com\/wp-content\/uploads\/2023\/07\/teeth-whitening-near-me-500x281.jpg 500w, https:\/\/medclinics.com\/wp-content\/uploads\/2023\/07\/teeth-whitening-near-me-768x432.jpg 768w, https:\/\/medclinics.com\/wp-content\/uploads\/2023\/07\/teeth-whitening-near-me-24x14.jpg 24w, https:\/\/medclinics.com\/wp-content\/uploads\/2023\/07\/teeth-whitening-near-me-36x20.jpg 36w, https:\/\/medclinics.com\/wp-content\/uploads\/2023\/07\/teeth-whitening-near-me-48x27.jpg 48w\" sizes=\"(max-width: 960px) 100vw, 960px\" \/><\/figure>\n\n<h2 class=\"wp-block-heading\" id=\"types-and-methods\">Arten und Methoden<\/h2>\n\n<ul class=\"wp-block-list\">\n<li>Mechanische Methode<\/li>\n<\/ul>\n\n<p>Die einfachste und \u00e4lteste Methode in der Zahnmedizin, um den Zahnschmelz aufzuhellen. Es handelt sich um eine mechanische Reinigungsmethode, bei der spezielle D\u00fcsen verwendet werden. Die Vorteile dieser Methode sind die wirksame Entfernung von Plaque und Zahnstein auf den Z\u00e4hnen, die Vorbeugung von Karies und Zahnfleischentz\u00fcndungen. Nach der Behandlung behandelt der Zahnarzt die Z\u00e4hne mit einem Schmelzschutzmittel.<\/p>\n\n<ul class=\"wp-block-list\">\n<li>Fotobleiche<\/li>\n<\/ul>\n\n<p>Dieses Verfahren ver\u00e4ndert die Farbe um maximal 8-10 Nuancen. Dabei tr\u00e4gt der Zahnarzt ein geeignetes wasserstoffperoxidhaltiges Aufhellungsgel auf und aktiviert es mit dem entsprechenden Licht. Es k\u00f6nnen Halogen-, UV- und LED-Lampen verwendet werden. Eine Behandlungssitzung dauert zwischen 15 und 30 Minuten. Nach dem Foto-Bleaching wird eine Fluoridl\u00f6sung auf die Z\u00e4hne aufgetragen, um die Empfindlichkeit zu verringern und den Zahnschmelz zu sch\u00fctzen.<\/p>\n\n<ul class=\"wp-block-list\">\n<li>Chemische Aufhellung<\/li>\n<\/ul>\n\n<p>Dies ist eine der sanfteren Methoden, so dass Ihre Z\u00e4hne vielleicht nur 5 bis 7 Nuancen heller werden. Wenn Sie nicht sicher sind, welche Zahnaufhellungsmethode Sie w\u00e4hlen sollen, ist dies ein guter Anfang. Ein Bleichgel wird gleichm\u00e4\u00dfig auf den Zahnschmelz aufgetragen. Wenn Sie es von einem Fachmann machen lassen, wird dieser eine Mischung mit einer hohen Konzentration an Bleichmittel auftragen. Ihr Zahnfleisch wird vorher mit einer Latexplatte gesch\u00fctzt, damit das weiche Gewebe nicht besch\u00e4digt wird. Es wird weder Laser noch ultraviolettes Licht verwendet. Chemisches Bonding ist kontraindiziert, wenn der Patient Polymerf\u00fcllungen, Kronen oder Veneers tr\u00e4gt.<\/p>\n\n<ul class=\"wp-block-list\">\n<li>Intrakanales Bleichen<\/li>\n<\/ul>\n\n<p>Diese Methode wird auch als Endo-Bleaching bezeichnet. <a href=\"https:\/\/medclinics.com\/de\/zahnwurzelbehandlung\/\">Dieses Verfahren<\/a> ist angezeigt, wenn der Zahn nach einer Wurzelbehandlung oder F\u00fcllung stark geschw\u00e4rzt ist. Ihr Zahnarzt pr\u00e4pariert den Zahn, bringt ein spezielles F\u00fcllungsmaterial in den Zahn ein und f\u00fcllt ihn dann. Wenn das Ergebnis erreicht ist, wird der Zahn wiederhergestellt. Diese Art der Zahnaufhellung kann nur einmal durchgef\u00fchrt werden.<\/p>\n\n<ul class=\"wp-block-list\">\n<li>Laser-Bleichung<\/li>\n<\/ul>\n\n<p>Wenn Sie Ihre Z\u00e4hne aufhellen lassen m\u00f6chten, kann nur Ihr Arzt entscheiden, welche Methode die beste ist. Er oder sie wird Ihnen die f\u00fcr Ihre Situation am besten geeignete L\u00f6sung empfehlen. Das Laser-Bleaching ist derzeit die sicherste und beliebteste Methode zur Aufhellung Ihrer Z\u00e4hne. Die Wirkung ist lang anhaltend. Daher ist diese Methode trotz der h\u00f6heren Kosten im Vergleich zu anderen Techniken sehr vorteilhaft. Ihre Z\u00e4hne k\u00f6nnen 7 bis 10 Nuancen heller sein.<\/p>\n\n<h4 class=\"wp-block-heading\" id=\"types-of-teeth-whitening-at-home\">Arten der Zahnaufhellung zu Hause:<\/h4>\n\n<ul class=\"wp-block-list\">\n<li>Aufhellungsstift<\/li>\n<\/ul>\n\n<p>Dies ist eine gro\u00dfartige M\u00f6glichkeit, Ihre Z\u00e4hne schnell und buchst\u00e4blich unterwegs aufzuhellen. Die praktische Form und der wirksame Inhalt erm\u00f6glichen es Ihnen, die Aufhellungsl\u00f6sung einfach auf Ihren Zahnschmelz aufzutragen, w\u00e4hrend Sie in einem Caf\u00e9 oder bei der Arbeit sitzen. Ein solches Ger\u00e4t ist f\u00fcr Liebhaber von Kaffee und starkem Tee geeignet. Die Bestandteile des Zahnbleichmittels geben in nur 10 Minuten einen helleren Farbton des Zahnschmelzes zur\u00fcck und werden verwendet, um die Wirkung der klinischen Bonding-Methoden zu erhalten und zu verl\u00e4ngern.<\/p>\n\n<ul class=\"wp-block-list\">\n<li>Kappa-System<\/li>\n<\/ul>\n\n<p>Ma\u00dfgefertigtes Mundschutz-Gel kann f\u00fcr den Hausgebrauch verwendet werden und ist beim Zahnarzt erh\u00e4ltlich. Ein einfacheres Set mit einem Standard-Mundschutz kann in der Apotheke erworben werden. Eine geringe Konzentration von Harnstoff oder Wasserstoffperoxid im Gel kann die Z\u00e4hne um nur 5 bis 8 Nuancen aufhellen. Wenn Sie mit dem Aufhellungsprozess nicht zufrieden sind, lohnt es sich, im Internet nach Informationen dar\u00fcber zu suchen. Sie k\u00f6nnen dies tun, indem Sie &#8222;Zahnaufhellung in der Klinik&#8220; in eine Suchmaschine eingeben, um sich \u00fcber alle verf\u00fcgbaren Optionen zu informieren.<\/p>\n\n<ul class=\"wp-block-list\">\n<li>Die Streifen<\/li>\n<\/ul>\n\n<p>Sie enthalten eine geringe Konzentration von Wasserstoffperoxid-Gel. Um ein optimales Ergebnis zu erzielen, sollten die Streifen auf die Z\u00e4hne geklebt werden und f\u00fcr die in der Gebrauchsanweisung angegebene Zeit auf den Z\u00e4hnen bleiben. Dadurch wird der Zahnschmelz um etwa 3 bis 5 Nuancen aufgehellt.<\/p>\n\n<ul class=\"wp-block-list\">\n<li>Whitening-Pasten<\/li>\n<\/ul>\n\n<p>Dies ist eine der unwirksamsten Methoden zum Bleichen Ihrer Z\u00e4hne. Bleichende Zahnpasten und Zahnsp\u00fclungen k\u00f6nnen das Wei\u00df ein wenig erh\u00f6hen, aber sie machen Sie nur 1 Ton wei\u00dfer. Zahn\u00e4rzte raten, diese Produkte zu verwenden, um die durch ein professionelles Bleaching erreichte Farbe dauerhaft zu erhalten. Um herauszufinden, welche Methode besser zu w\u00e4hlen ist, ist es besser, sich mit allen verf\u00fcgbaren Techniken im Voraus vertraut zu machen, finden Sie Artikel \u00fcber den Antrag Zahnaufhellung durch Zahnarzt Vor- und Nachteile, sie werden Sie \u00fcber alle Details des Prozesses zu erz\u00e4hlen.<\/p>\n\n<ul class=\"wp-block-list\">\n<li>Gele und Lacke.<\/li>\n<\/ul>\n\n<p>Sie helfen, den Zahnschmelz um 1 bis 2 Nuancen aufzuhellen. Sie enthalten remineralisierende Inhaltsstoffe und lassen sich leicht und schnell mit einem Pinsel oder einer B\u00fcrste auftragen. Nach vierzehnt\u00e4giger regelm\u00e4\u00dfiger Anwendung werden Sie eine Aufhellung des Zahnschmelzes feststellen.<\/p>\n\n<p>Viele Zahn\u00e4rzte raten dazu, Hausmittel nicht als alleinige Zahnaufhellungsbehandlung zu verwenden, sondern als unterst\u00fctzende Behandlung nach einer professionellen Aufhellung in der Klinik.<\/p>\n\n<figure class=\"wp-block-image size-full\"><img decoding=\"async\" width=\"960\" height=\"540\" src=\"https:\/\/medclinics.com\/wp-content\/uploads\/2023\/07\/teeth-whitening-for-sensitive-teeth.jpg\" alt=\"Zahnaufhellung bei empfindlichen Z&#xE4;hnen\" class=\"wp-image-98231\" srcset=\"https:\/\/medclinics.com\/wp-content\/uploads\/2023\/07\/teeth-whitening-for-sensitive-teeth.jpg 960w, https:\/\/medclinics.com\/wp-content\/uploads\/2023\/07\/teeth-whitening-for-sensitive-teeth-500x281.jpg 500w, https:\/\/medclinics.com\/wp-content\/uploads\/2023\/07\/teeth-whitening-for-sensitive-teeth-768x432.jpg 768w, https:\/\/medclinics.com\/wp-content\/uploads\/2023\/07\/teeth-whitening-for-sensitive-teeth-24x14.jpg 24w, https:\/\/medclinics.com\/wp-content\/uploads\/2023\/07\/teeth-whitening-for-sensitive-teeth-36x20.jpg 36w, https:\/\/medclinics.com\/wp-content\/uploads\/2023\/07\/teeth-whitening-for-sensitive-teeth-48x27.jpg 48w\" sizes=\"(max-width: 960px) 100vw, 960px\" \/><\/figure>\n\n<h2 class=\"wp-block-heading\" id=\"treatment-plan\">Behandlungsplan<\/h2>\n\n<ul class=\"wp-block-list\">\n<li>Ausf\u00fchrliche Beratung durch einen Spezialisten<\/li>\n\n\n\n<li>Aufhellung der Z\u00e4hne nach Ihren W\u00fcnschen<\/li>\n\n\n\n<li>Behandlung durch einen erfahrenen Zahnarzt in einer 5-Sterne-Klinik<\/li>\n\n\n\n<li>Kostenlose Unterst\u00fctzung bei allen Fragen, die Sie haben<\/li>\n<\/ul>\n\n<h3 class=\"wp-block-heading\" id=\"teeth-whitening-for\">Zahnaufhellung f\u00fcr:<\/h3>\n\n<ul class=\"wp-block-list\">\n<li>Menschen, deren Z\u00e4hne vom Rauchen verf\u00e4rbt oder vergilbt sind.<\/li>\n\n\n\n<li>Menschen, deren Z\u00e4hne durch Kaffee- oder Weinkonsum verf\u00e4rbt oder vergilbt sind.<\/li>\n\n\n\n<li>Diejenigen, deren Z\u00e4hne mit dem Alter gelb geworden sind.<\/li>\n<\/ul>\n\n<h3 class=\"wp-block-heading\" id=\"teeth-whitening-recovery-timeline\">Zeitleiste f\u00fcr die Zahnaufhellung:<\/h3>\n\n<ul class=\"wp-block-list\">\n<li>R\u00fcckkehr zu normalen Aktivit\u00e4ten noch am selben Tag, in den meisten F\u00e4llen ohne Erholungszeit.<\/li>\n\n\n\n<li>Die Z\u00e4hne k\u00f6nnen ein paar Tage lang empfindlich sein.<\/li>\n<\/ul>\n\n<h3 class=\"wp-block-heading\" id=\"possible-risks-for-teeth-whitening\">M\u00f6gliche Risiken der Zahnaufhellung:<\/h3>\n\n<ul class=\"wp-block-list\">\n<li>Empfindliche Z\u00e4hne<\/li>\n\n\n\n<li>Wurzelsch\u00e4den<\/li>\n<\/ul>\n\n<figure class=\"wp-block-image size-full\"><img decoding=\"async\" width=\"960\" height=\"540\" src=\"https:\/\/medclinics.com\/wp-content\/uploads\/2023\/07\/teeth-whitening-near-me-istanbul.jpg\" alt=\"Zahnaufhellung f&#xFC;r M&#xE4;nner in meiner N&#xE4;he\" class=\"wp-image-98224\" srcset=\"https:\/\/medclinics.com\/wp-content\/uploads\/2023\/07\/teeth-whitening-near-me-istanbul.jpg 960w, https:\/\/medclinics.com\/wp-content\/uploads\/2023\/07\/teeth-whitening-near-me-istanbul-500x281.jpg 500w, https:\/\/medclinics.com\/wp-content\/uploads\/2023\/07\/teeth-whitening-near-me-istanbul-768x432.jpg 768w, https:\/\/medclinics.com\/wp-content\/uploads\/2023\/07\/teeth-whitening-near-me-istanbul-24x14.jpg 24w, https:\/\/medclinics.com\/wp-content\/uploads\/2023\/07\/teeth-whitening-near-me-istanbul-36x20.jpg 36w, https:\/\/medclinics.com\/wp-content\/uploads\/2023\/07\/teeth-whitening-near-me-istanbul-48x27.jpg 48w\" sizes=\"(max-width: 960px) 100vw, 960px\" \/><\/figure>\n\n<h2 class=\"wp-block-heading\" id=\"aftercare\">Nachsorge<\/h2>\n\n<ul class=\"wp-block-list\">\n<li>Nach der Zahnaufhellung sollten Sie 48 Stunden lang keine farbigen Lebensmittel zu sich nehmen.<\/li>\n\n\n\n<li>Innerhalb von 2 Tagen nach dem Bleichen sollten Sie das Rauchen von Tabakwaren vollst\u00e4ndig einstellen. Reduzieren Sie in den n\u00e4chsten 2 Wochen die Anzahl der gerauchten Zigaretten so weit wie m\u00f6glich.<\/li>\n\n\n\n<li>Nach dem Bleaching ist es wichtig, eine gute Mundhygiene aufrechtzuerhalten: Zahnseide, eine gute Zahnb\u00fcrste, Zahnpasta, Mundwasser und Mundsp\u00fclung verwenden.<\/li>\n\n\n\n<li>Bei Unwohlsein\/Schmerzen nehmen Sie ein Schmerzmittel.<\/li>\n<\/ul>\n\n<h2 class=\"wp-block-heading\" id=\"top-teeth-whitening-costs-by-country\">Die h\u00f6chsten Kosten f\u00fcr Zahnaufhellung nach Land<\/h2>\n\n<figure class=\"wp-block-table\"><table><thead><tr><th>Land <\/th><th>Preis  <\/th><th>Bewertung<\/th><\/tr><\/thead><tbody><tr><td>T\u00fcrkei<\/td><td>~ 250\u20ac<\/td><td>\u2605\u2605\u2605\u2605\u2605<\/td><\/tr><tr><td>Tschechische Republik<\/td><td>~ 260\u20ac<\/td><td>\u2605\u2605\u2605\u2605<\/td><\/tr><tr><td>Mexiko<\/td><td>~ 290\u20ac<\/td><td>\u2605\u2605\u2605<\/td><\/tr><tr><td>Deutschland<\/td><td>~ 430\u20ac<\/td><td>\u2605\u2605<\/td><\/tr><tr><td>USA<\/td><td>~ 600\u20ac<\/td><td>\u2605\u2605<\/td><\/tr><\/tbody><\/table><\/figure>\n\n<figure class=\"wp-block-image size-full\"><img loading=\"lazy\" decoding=\"async\" width=\"960\" height=\"540\" src=\"https:\/\/medclinics.com\/wp-content\/uploads\/2023\/07\/teeth-whitening-near-me-cheap.jpg\" alt=\"Zahnaufhellung in der N&#xE4;he von mir billig\" class=\"wp-image-98238\" srcset=\"https:\/\/medclinics.com\/wp-content\/uploads\/2023\/07\/teeth-whitening-near-me-cheap.jpg 960w, https:\/\/medclinics.com\/wp-content\/uploads\/2023\/07\/teeth-whitening-near-me-cheap-500x281.jpg 500w, https:\/\/medclinics.com\/wp-content\/uploads\/2023\/07\/teeth-whitening-near-me-cheap-768x432.jpg 768w, https:\/\/medclinics.com\/wp-content\/uploads\/2023\/07\/teeth-whitening-near-me-cheap-24x14.jpg 24w, https:\/\/medclinics.com\/wp-content\/uploads\/2023\/07\/teeth-whitening-near-me-cheap-36x20.jpg 36w, https:\/\/medclinics.com\/wp-content\/uploads\/2023\/07\/teeth-whitening-near-me-cheap-48x27.jpg 48w\" sizes=\"(max-width: 960px) 100vw, 960px\" \/><\/figure>\n\n<h2 class=\"wp-block-heading\" id=\"faq\">FAQ<\/h2>\n<div id=\"rank-math-faq\" class=\"rank-math-block\">\n<div class=\"rank-math-list \">\n<div id=\"faq-question-1682600076408\" class=\"rank-math-list-item\">\n<h3 class=\"rank-math-question \">Was ist der Unterschied zwischen professionellem und nicht-professionellem Bleaching?<\/h3>\n<div class=\"rank-math-answer \">\n\n<p>Die professionelle Zahnaufhellung wird von einem qualifizierten Zahnarzt durchgef\u00fchrt, was einen hohen Standard der Dienstleistung garantiert und keine Komplikationen mit sich bringt, was zu einem deutlichen und lang anhaltenden Effekt f\u00fchrt.<\/p>\n\n<\/div>\n<\/div>\n<div id=\"faq-question-1684401326874\" class=\"rank-math-list-item\">\n<h3 class=\"rank-math-question \">Ist das Bleichen schlecht f\u00fcr meine Z\u00e4hne? Werden sie nach dem Bleichen nicht br\u00fcchiger, anf\u00e4lliger f\u00fcr Verfall oder Erosion?<\/h3>\n<div class=\"rank-math-answer \">\n\n<p>Es ist labortechnisch und klinisch erwiesen, dass das Bleichen die Struktur der Kristallstruktur der Z\u00e4hne, die f\u00fcr ihre Festigkeit und Kariesresistenz verantwortlich ist, nicht besch\u00e4digt: Es wirkt sich nur auf die organischen Pigmente des Zahns aus, die f\u00fcr seine Farbe verantwortlich sind. Auf der ganzen Welt werden seit Jahrzehnten professionelle Bleaching-Methoden angewandt, und im Laufe der Jahre wurden keine nachteiligen Auswirkungen auf die Z\u00e4hne oder das Mundgewebe beobachtet.<\/p>\n\n<\/div>\n<\/div>\n<div id=\"faq-question-1684401327792\" class=\"rank-math-list-item\">\n<h3 class=\"rank-math-question \">Ist das Bleichen ein schmerzhafter Eingriff?<\/h3>\n<div class=\"rank-math-answer \">\n\n<p>In einigen F\u00e4llen kann das Aufhellen zu einer Empfindlichkeit der Z\u00e4hne f\u00fchren, da die Molek\u00fcle des Aufhellungsgels in die Oberfl\u00e4chenschichten des Zahns eindringen. Aber das ist eine individuelle Reaktion. Die Empfindlichkeit der Z\u00e4hne w\u00e4hrend des Bleachings ist immer nur vor\u00fcbergehend und verschwindet nach dem Eingriff wieder. Zur Vorbeugung und Beseitigung der Empfindlichkeit verwendet der Arzt spezielle professionelle Gele, die Fluorid und Kaliumnitrat enthalten. Auf Anweisung des Arztes kann auch ein Lokalan\u00e4sthetikum verabreicht werden.<\/p>\n\n<\/div>\n<\/div>\n<div id=\"faq-question-1684401328891\" class=\"rank-math-list-item\">\n<h3 class=\"rank-math-question \">Kann ich ein Bleaching durchf\u00fchren lassen, wenn ich bereits eine Zahnempfindlichkeit habe?<\/h3>\n<div class=\"rank-math-answer \">\n\n<p>Die Ursachen f\u00fcr die Empfindlichkeit vor und w\u00e4hrend des Bleachings sind in der Regel kahle oder abgenutzte Stellen im Zahnschmelz, keilf\u00f6rmige Defekte und Karies. Diese Bereiche m\u00fcssen w\u00e4hrend des Bleichens mit speziellen Materialien isoliert werden. Da fast alle modernen Bleaching-Systeme Pr\u00e4parate (Natriumfluorid, Kaliumnitrat, amorphes Kalziumphosphat) enthalten, nimmt der Patient w\u00e4hrend des Bleachings auch eine Kur, die die Zahnschmelzstruktur st\u00e4rkt und die Empfindlichkeit der Z\u00e4hne verringert.<\/p>\n\n<\/div>\n<\/div>\n<div id=\"faq-question-1684401331845\" class=\"rank-math-list-item\">\n<h3 class=\"rank-math-question \">Wie lange h\u00e4lt der Effekt nach der Aufhellung an?<\/h3>\n<div class=\"rank-math-answer \">\n\n<p>Der Grad der Aufhellung und die Dauer des Effekts h\u00e4ngen von der Aufhellungstechnik ab. Dabei wird die individuelle Farbe Ihrer Z\u00e4hne ber\u00fccksichtigt. Das Ergebnis h\u00e4lt im Durchschnitt 3-5 Jahre und bei richtiger Pflege sogar noch l\u00e4nger. Alle Hersteller von Bleaching-Systemen empfehlen alle sechs Monate eine kurze Erhaltungsbehandlung mit Home-Whitening.<\/p>\n\n<\/div>\n<\/div>\n<div id=\"faq-question-1684401332796\" class=\"rank-math-list-item\">\n<h3 class=\"rank-math-question \">Was passiert mit dem Zahnschmelz w\u00e4hrend und nach dem Bleaching?<\/h3>\n<div class=\"rank-math-answer \">\n\n<p>In der Schmelzstruktur entstehen Hohlr\u00e4ume, in denen das Pigment weggewaschen wurde. Dies ist die Ursache f\u00fcr die schmerzhafte Empfindung des Patienten. Studien zeigen, dass der K\u00f6rper 8 Tage nach dem Eingriff die Struktur des Zahnschmelzes vollst\u00e4ndig wiederherstellt, allerdings nicht mehr mit pigmentierten Verbindungen, sondern mit Apatitkristallen.<\/p>\n\n<\/div>\n<\/div>\n<div id=\"faq-question-1684401333742\" class=\"rank-math-list-item\">\n<h3 class=\"rank-math-question \">Kann ich ein Bleaching bekommen, wenn ich F\u00fcllungen habe?<\/h3>\n<div class=\"rank-math-answer \">\n\n<p>Ja. Aber Sie sollten wissen, dass F\u00fcllungen nicht aufgehellt werden. Wenn sie gro\u00df sind, k\u00f6nnen sie nach dem Aufhellungsverfahren ersetzt werden. Wenn sie klein sind, sind sie m\u00f6glicherweise nicht sichtbar. \u2800<\/p>\n\n<\/div>\n<\/div>\n<div id=\"faq-question-1684401334776\" class=\"rank-math-list-item\">\n<h3 class=\"rank-math-question \">Kann ich ein Bleaching bekommen, wenn ich Karies habe?<\/h3>\n<div class=\"rank-math-answer \">\n\n<p>Nein. Bevor die Behandlung stattfinden kann, muss die Karies behandelt werden.<\/p>\n\n<\/div>\n<\/div>\n<\/div>\n<\/div>\n<h2 class=\"wp-block-heading\" id=\"history\">Geschichte<\/h2>\n\n<p>Wei\u00dfe Z\u00e4hne waren nicht immer ein Zeichen f\u00fcr menschliche Attraktivit\u00e4t. Die Geschichte kennt viele F\u00e4lle, in denen verschiedene Kulturen ihren Z\u00e4hnen t\u00fcrkise, gr\u00fcne oder schwarze Farbt\u00f6ne verliehen haben. Der Sch\u00f6nheitsstandard ist ein recht variables Konzept, das auch heute noch variiert. Aber der Mensch hat sich schon immer bem\u00fcht, die Z\u00e4hne auf vielf\u00e4ltige Weise zu bearbeiten: Schleifen, Konstruieren, Gl\u00e4tten von Bruchkanten usw.<\/p>\n\n<p>Die Maya, die vor \u00fcber 2.000 Jahren auf unserem Planeten lebten, hatten zum Beispiel scharfe Z\u00e4hne mit eingefassten Edelsteinen, die als Ma\u00dfstab f\u00fcr Sch\u00f6nheit galten. Die Maya zogen es vor, ihre Z\u00e4hne blau, gr\u00fcn oder t\u00fcrkis zu f\u00e4rben. \u00c4ltere Frauen auf Bali versuchten auch, sch\u00f6ner auszusehen, indem sie den Zahnschmelz ihrer Vorderz\u00e4hne vollst\u00e4ndig entfernten. Samurai und Frauen in Japan bemalten ihre Z\u00e4hne mit einem speziellen schwarzen Zahnschmelz, der das Wei\u00dfe des Gesichts betonte. In Madagaskar war es \u00fcblich, dass Frauen haifischscharfe Schneidez\u00e4hne hatten. In einigen afrikanischen St\u00e4mmen erregten die M\u00e4nner auch die Aufmerksamkeit der Frauen, indem sie ihre Vorderz\u00e4hne sch\u00e4rften.<\/p>\n\n<p>Es ist lange her, dass in Europa schwarze Z\u00e4hne als ein Zeichen von Attraktivit\u00e4t galten. Daf\u00fcr gab es Gr\u00fcnde. In Russland war eines der Zeichen f\u00fcr Luxus der Zucker, der sehr teuer war. Der st\u00e4ndige Zuckerkonsum machte ihre Z\u00e4hne krank und verlieh ihnen eine schwarze Farbe, auf die sie sehr stolz waren. \u00c4rmere Menschen versuchten, ihre Z\u00e4hne mit Ru\u00df zu f\u00e4rben, um reicher auszusehen. Im England der Regierungszeit von Elisabeth galt Zucker ebenfalls als sehr teuer, und schwarze Z\u00e4hne waren das Ergebnis eines \u00fcberm\u00e4\u00dfigen Konsums. Es \u00fcberrascht nicht, dass diese Tradition zu Beginn des 18. Jahrhunderts \u00fcberholt war.<\/p>\n\n<p>Ein schneewei\u00dfes L\u00e4cheln wurde zuerst in den USA popul\u00e4r und gilt immer noch als Indikator nicht nur f\u00fcr Gesundheit, sondern auch f\u00fcr Wohlstand.<\/p>\n\n<p>Ein wichtiger Meilenstein in der Geschichte des Bleichens begann 1884, als Wasserstoffperoxid zur offiziellen Grundlage aller Bleichsysteme wurde, und zwar nicht nur f\u00fcr die n\u00e4chsten 100 Jahre, sondern auch f\u00fcr einen viel sp\u00e4teren Zeitraum. Die ersten Ergebnisse umfangreicher wissenschaftlicher Untersuchungen wurden 1990 ver\u00f6ffentlicht. Sie best\u00e4tigten, dass diese Zahnaufhellungstechnologie v\u00f6llig sicher ist und keine Sch\u00e4den am Zahnschmelz verursacht. Infolge dieser Schlussfolgerung gewann das Zahnaufhellungsverfahren eine zweite Popularit\u00e4t.<\/p>\n\n<p>Anfang der 90er Jahre kamen auf dem Markt so trendige Bleaching-Produkte wie: Discus Dental von Nite White; Opalescence von Ultradent. Wenig sp\u00e4ter war die ZOOM-Technologie ein absoluter Hit.<\/p>\n","protected":false},"excerpt":{"rendered":"<p>Die Zahnaufhellung ist eine kosmetische Zahnbehandlung, die zur Aufhellung der Zahnfarbe dient. Es handelt sich um einen beliebten Eingriff, weil [&hellip;]<\/p>\n","protected":false},"author":4,"featured_media":45031,"parent":0,"menu_order":0,"comment_status":"closed","ping_status":"closed","template":"","meta":{"site-sidebar-layout":"default","site-content-layout":"","ast-site-content-layout":"default","site-content-style":"default","site-sidebar-style":"default","ast-global-header-display":"","ast-banner-title-visibility":"","ast-main-header-display":"","ast-hfb-above-header-display":"","ast-hfb-below-header-display":"","ast-hfb-mobile-header-display":"","site-post-title":"","ast-breadcrumbs-content":"","ast-featured-img":"","footer-sml-layout":"","ast-disable-related-posts":"","theme-transparent-header-meta":"","adv-header-id-meta":"","stick-header-meta":"","header-above-stick-meta":"","header-main-stick-meta":"","header-below-stick-meta":"","astra-migrate-meta-layouts":"default","ast-page-background-enabled":"default","ast-page-background-meta":{"desktop":{"background-color":"var(--ast-global-color-4)","background-image":"","background-repeat":"repeat","background-position":"center center","background-size":"auto","background-attachment":"scroll","background-type":"","background-media":"","overlay-type":"","overlay-color":"","overlay-opacity":"","overlay-gradient":""},"tablet":{"background-color":"","background-image":"","background-repeat":"repeat","background-position":"center center","background-size":"auto","background-attachment":"scroll","background-type":"","background-media":"","overlay-type":"","overlay-color":"","overlay-opacity":"","overlay-gradient":""},"mobile":{"background-color":"","background-image":"","background-repeat":"repeat","background-position":"center center","background-size":"auto","background-attachment":"scroll","background-type":"","background-media":"","overlay-type":"","overlay-color":"","overlay-opacity":"","overlay-gradient":""}},"ast-content-background-meta":{"desktop":{"background-color":"var(--ast-global-color-5)","background-image":"","background-repeat":"repeat","background-position":"center center","background-size":"auto","background-attachment":"scroll","background-type":"","background-media":"","overlay-type":"","overlay-color":"","overlay-opacity":"","overlay-gradient":""},"tablet":{"background-color":"var(--ast-global-color-5)","background-image":"","background-repeat":"repeat","background-position":"center center","background-size":"auto","background-attachment":"scroll","background-type":"","background-media":"","overlay-type":"","overlay-color":"","overlay-opacity":"","overlay-gradient":""},"mobile":{"background-color":"var(--ast-global-color-5)","background-image":"","background-repeat":"repeat","background-position":"center center","background-size":"auto","background-attachment":"scroll","background-type":"","background-media":"","overlay-type":"","overlay-color":"","overlay-opacity":"","overlay-gradient":""}},"footnotes":""},"class_list":["post-145875","page","type-page","status-publish","has-post-thumbnail","hentry"],"_links":{"self":[{"href":"https:\/\/medclinics.com\/de\/wp-json\/wp\/v2\/pages\/145875","targetHints":{"allow":["GET"]}}],"collection":[{"href":"https:\/\/medclinics.com\/de\/wp-json\/wp\/v2\/pages"}],"about":[{"href":"https:\/\/medclinics.com\/de\/wp-json\/wp\/v2\/types\/page"}],"author":[{"embeddable":true,"href":"https:\/\/medclinics.com\/de\/wp-json\/wp\/v2\/users\/4"}],"replies":[{"embeddable":true,"href":"https:\/\/medclinics.com\/de\/wp-json\/wp\/v2\/comments?post=145875"}],"version-history":[{"count":0,"href":"https:\/\/medclinics.com\/de\/wp-json\/wp\/v2\/pages\/145875\/revisions"}],"wp:featuredmedia":[{"embeddable":true,"href":"https:\/\/medclinics.com\/de\/wp-json\/wp\/v2\/media\/45031"}],"wp:attachment":[{"href":"https:\/\/medclinics.com\/de\/wp-json\/wp\/v2\/media?parent=145875"}],"curies":[{"name":"wp","href":"https:\/\/api.w.org\/{rel}","templated":true}]}}