{"id":145863,"date":"2023-11-15T09:07:00","date_gmt":"2023-11-15T06:07:00","guid":{"rendered":"https:\/\/medclinics.com\/zirkonium-zahne\/"},"modified":"2025-05-20T17:24:15","modified_gmt":"2025-05-20T14:24:15","slug":"zirkonium-zahne","status":"publish","type":"page","link":"https:\/\/medclinics.com\/de\/zirkonium-zahne\/","title":{"rendered":"Zirkonium Z\u00e4hne"},"content":{"rendered":"\n<h2 class=\"wp-block-heading\">Zirkoniumz\u00e4hne sorgen f\u00fcr ein nat\u00fcrliches L\u00e4cheln<\/h2>\n\n\n\n<p>Sind Sie auf der Suche nach einer einfachen und selbstbewussten Art zu l\u00e4cheln? Zirkoniumz\u00e4hne sind vielleicht genau das, was Sie brauchen! Diese auch als Zirkonoxidkronen bezeichneten <a href=\"https:\/\/medclinics.com\/de\/zahnkrone\/\" data-type=\"page\" data-id=\"145907\" target=\"_blank\" rel=\"noreferrer noopener\">Zahnkronen<\/a> aus speziellen Porzellanarten k\u00f6nnen Ihrem L\u00e4cheln ein nat\u00fcrliches und selbstbewusstes Aussehen verleihen. Zirkoniumkronen k\u00f6nnen auch auf <a href=\"https:\/\/dentalimplant.gen.tr\/\" target=\"_blank\" rel=\"noreferrer noopener\">Zahnimplantate<\/a> gesetzt werden. Da sie hypoallergen sind und gleichzeitig den nat\u00fcrlichen Z\u00e4hnen \u00e4hneln, sind Zirkoniumkronen die erste Wahl f\u00fcr viele Patienten, die eine nat\u00fcrlich aussehende und dauerhafte L\u00f6sung f\u00fcr ihr L\u00e4cheln suchen.<\/p>\n\n\n\n<h3 class=\"wp-block-heading\">Warum Zirkoniumz\u00e4hne w\u00e4hlen?<\/h3>\n\n\n\n<p>Z\u00e4hne aus Zirkonium sind aus verschiedenen Gr\u00fcnden so beliebt geworden:<\/p>\n\n\n\n<p><strong>Nat\u00fcrliches Aussehen<\/strong>: Zirkoniumkronen sind bekannt f\u00fcr ihr<strong> <\/strong>nat\u00fcrliches Aussehen<strong>.<\/strong> Ihre transluzente Qualit\u00e4t kommt dem nat\u00fcrlichen Zahnschmelz sehr nahe und ist daher ideal f\u00fcr Frontzahnveneers. Mit Zirkoniumkronen k\u00f6nnen Sie die Sch\u00f6nheit Ihres L\u00e4chelns wiederherstellen. Ob Karies, Verf\u00e4rbungen oder andere M\u00e4ngel an den Frontz\u00e4hnen &#8211; die Wiederherstellung mit Zirkoniumkronen ist wirklich magisch!<\/p>\n\n\n\n<p><strong>Langlebigkeit und St\u00e4rke<\/strong>: Zirkoniumz\u00e4hne sind extrem haltbar und widerstandsf\u00e4hig gegen Abnutzung. Sie halten viel l\u00e4nger als viele herk\u00f6mmliche Optionen und nutzen sich nicht ab, wie es bei metallgest\u00fctzten Kronen der Fall ist. Ihre widerstandsf\u00e4hige Konstruktion sorgt daf\u00fcr, dass sie auch im Laufe der Zeit ihr bestes Aussehen behalten.<\/p>\n\n\n\n<p><strong>Hypoallergen<\/strong>: <a href=\"https:\/\/soracamed.com\/de\/behandlung\/zirkonium-kronen\/\" target=\"_blank\" rel=\"noopener\">Zirkonium <\/a>ist ein biokompatibles Material, d.h. es l\u00f6st keine allergischen Reaktionen oder Reizungen aus, wenn es direkt auf das Zahnfleischgewebe aufgetragen wird. Das macht Zirkoniumkronen zu einer idealen Option f\u00fcr Patienten, die empfindlich auf Metall reagieren oder allergisch sind.<\/p>\n\n\n\n<p><strong>Geringer Pflegeaufwand:<\/strong> Zirkoniumz\u00e4hne bieten einen weiteren gro\u00dfen Vorteil in Bezug auf einen geringen Pflegeaufwand. Da ihre Farbe im Laufe der Zeit konstant bleibt, sind keine h\u00e4ufigen Bleaching-Sitzungen erforderlich. Das bedeutet, dass Ihr L\u00e4cheln strahlend und sch\u00f6n bleibt und nur minimale Pflege ben\u00f6tigt.<\/p>\n\n\n\n<h3 class=\"wp-block-heading\">Vorteile von Zirkoniumkronen gegen\u00fcber metallgetragenen Kronen<\/h3>\n\n\n\n<p>Zirkoniumkronen bieten viele Vorteile gegen\u00fcber metallgest\u00fctzten Kronen:<\/p>\n\n\n\n<p><strong>Langlebigkeit:<\/strong> Kronen aus Zirkonium haben im Vergleich zu metallgest\u00fctzten Kronen eine l\u00e4ngere Lebensdauer. Das liegt an ihrer au\u00dfergew\u00f6hnlichen Haltbarkeit, die es ihnen erm\u00f6glicht, den Belastungen des t\u00e4glichen Gebrauchs ohne nennenswerte Abnutzung standzuhalten.<\/p>\n\n\n\n<p><strong>Konsistente Farbe:<\/strong> Kronen aus Zirkonium bieten eine konsistente Farbe im Laufe der Zeit, im Gegensatz zu normalen Veneers, die m\u00f6glicherweise regelm\u00e4\u00dfige Bleichsitzungen ben\u00f6tigen. Dies sorgt f\u00fcr ein gleichm\u00e4\u00dfiges und nat\u00fcrlich aussehendes L\u00e4cheln f\u00fcr die n\u00e4chsten Jahre.<\/p>\n\n\n\n<p>Kronen aus Zirkonium haben bessere \u00e4sthetische Eigenschaften als metallgest\u00fctzte Kronen. Dank ihrer transluzenten Eigenschaften und ihrer F\u00e4higkeit, sich nahtlos an die nat\u00fcrliche Zahnfarbe anzupassen, bieten sie ein nat\u00fcrlicheres Aussehen. Durch ihre Transluzenz sind sie praktisch nicht von echten Z\u00e4hnen zu unterscheiden und bieten eine optimale Abdeckung.<\/p>\n\n\n\n<h3 class=\"wp-block-heading\">\u00dcberlegungen und Kosten<\/h3>\n\n\n\n<p>Obwohl Zirkoniumkronen viele Vorteile bieten, ist es wichtig, dass Sie bei dieser Investition die Kosten im Auge behalten und einen erfahrenen Zahnarzt w\u00e4hlen. Wenn auch Zirkoniumkronen mehr kosten als andere Materialien, sind sie aufgrund ihrer Langlebigkeit und \u00c4sthetik die Kosten oft wert. Wenn sie jedoch nicht von einem erfahrenen Zahnarzt korrekt angepasst werden, kann es bei Zirkoniumkronen zu Problemen wie Rissen oder Br\u00fcchen kommen, \u00e4hnlich wie bei allen anderen Kronen auf dem Markt.<\/p>\n\n\n\n<h3 class=\"wp-block-heading\">Auswahl einer geeigneten Zahnklinik<\/h3>\n\n\n\n<p>Bevor Sie sich f\u00fcr Z\u00e4hne aus Zirkonium entscheiden, sollten Sie unbedingt umfangreiche Recherchen anstellen und eine zuverl\u00e4ssige Klinik ausw\u00e4hlen. Bei MedClinics sind Sie in sicheren H\u00e4nden, denn bei uns arbeiten nur zertifizierte und hochspezialisierte \u00c4rzte mit umfassender Erfahrung in der Versorgung mit Zirkonkronen. So k\u00f6nnen wir sicherstellen, dass jeder unserer Patienten eine Versorgung auf h\u00f6chstem Niveau erh\u00e4lt, die zu hervorragenden Ergebnissen f\u00fchrt.<\/p>\n\n\n\n<h3 class=\"wp-block-heading\">Fazit<\/h3>\n\n\n\n<p>Zirkoniumz\u00e4hne bieten eine dauerhafte, \u00e4sthetische und hypoallergene L\u00f6sung f\u00fcr Zahnersatz. Ihr nat\u00fcrliches Aussehen und ihre St\u00e4rke machen sie zu einer hervorragenden Option f\u00fcr alle, die ihr L\u00e4cheln versch\u00f6nern m\u00f6chten. Die anf\u00e4nglichen Kosten sind zwar h\u00f6her als bei anderen Kronenoptionen, aber die langfristigen Vorteile und der geringe Pflegeaufwand machen Zirkonkronen zu einer lohnenswerten Investition. Achten Sie darauf, dass Sie eine erfahrene Klinik wie MedClinics w\u00e4hlen, damit Sie \u00fcber Jahre hinweg gro\u00dfartige Ergebnisse erzielen und ein sch\u00f6nes, nat\u00fcrliches L\u00e4cheln f\u00fcr Ihr Leben genie\u00dfen k\u00f6nnen.<\/p>\n\n\n\n<h3 class=\"wp-block-heading\">Alles, was Sie \u00fcber <a href=\"https:\/\/medclinics.com\/dental-treatment\/\" target=\"_blank\" rel=\"noreferrer noopener\">Zahnbehandlungen<\/a> wissen m\u00fcssen, einschlie\u00dflich Preis, Nachsorge und Heilungsprozess, <a href=\"#requestform\">erfahren Sie jetzt bei uns<\/a>!<\/h3>\n\n\n\n<figure class=\"wp-block-image size-full\"><img fetchpriority=\"high\" decoding=\"async\" width=\"960\" height=\"540\" src=\"https:\/\/medclinics.com\/wp-content\/uploads\/2023\/07\/zirconium-teeth-near-me.jpg\" alt=\"Zirkonium Z\u00e4hne in meiner N\u00e4he\" class=\"wp-image-98272\" srcset=\"https:\/\/medclinics.com\/wp-content\/uploads\/2023\/07\/zirconium-teeth-near-me.jpg 960w, https:\/\/medclinics.com\/wp-content\/uploads\/2023\/07\/zirconium-teeth-near-me-500x281.jpg 500w, https:\/\/medclinics.com\/wp-content\/uploads\/2023\/07\/zirconium-teeth-near-me-768x432.jpg 768w, https:\/\/medclinics.com\/wp-content\/uploads\/2023\/07\/zirconium-teeth-near-me-24x14.jpg 24w, https:\/\/medclinics.com\/wp-content\/uploads\/2023\/07\/zirconium-teeth-near-me-36x20.jpg 36w, https:\/\/medclinics.com\/wp-content\/uploads\/2023\/07\/zirconium-teeth-near-me-48x27.jpg 48w\" sizes=\"(max-width: 960px) 100vw, 960px\" \/><\/figure>\n\n\n\n<h2 class=\"wp-block-heading\">FAQ<\/h2>\n\n\n<div id=\"rank-math-faq\" class=\"rank-math-block\">\n<div class=\"rank-math-list \">\n<div id=\"faq-question-1682666956133\" class=\"rank-math-list-item\">\n<h3 class=\"rank-math-question \">Was sind Zirkonium Z\u00e4hne?<\/h3>\n<div class=\"rank-math-answer \">\n\n<p>Unter Zirkonium Z\u00e4hnen versteht man einen Zahnersatz aus Zirkoniumdioxid, einer Art Keramik. Zu den Zirkon Z\u00e4hnen k\u00f6nnen Zahnkronen, Br\u00fccken oder Zahnimplantate geh\u00f6ren, deren Hauptbestandteil Zirkoniumdioxid ist. Zirkoniumdioxid ist bekannt f\u00fcr seine Festigkeit, Haltbarkeit und sein nat\u00fcrliches Aussehen, was es zu einer beliebten Wahl in der restaurativen Zahnmedizin macht. Diese auf Zirkonium basierenden Zahn-Restaurationen bieten eine hervorragende \u00c4sthetik und dauerhafte Leistung und sind den nat\u00fcrlichen Z\u00e4hnen sehr \u00e4hnlich.<\/p>\n\n<\/div>\n<\/div>\n<div id=\"faq-question-1682603361561\" class=\"rank-math-list-item\">\n<h3 class=\"rank-math-question \">Ist Zirkonium gut f\u00fcr die Z\u00e4hne?<\/h3>\n<div class=\"rank-math-answer \">\n\n<p>Zirkoniumdioxid, ein in der Zahnmedizin verwendetes keramisches Material, bietet mehrere Vorteile f\u00fcr zahnmedizinische Anwendungen. Aufgrund seiner \u00e4sthetischen Eigenschaften \u00e4hnelt es den nat\u00fcrlichen Z\u00e4hnen sehr stark, was es zu einer beliebten Wahl f\u00fcr Restaurationen in sichtbaren Bereichen des Mundes macht. Zirkoniumdioxid ist auch f\u00fcr seine Langlebigkeit bekannt, denn es weist eine hohe Festigkeit und Bruchfestigkeit auf, was eine lange Lebensdauer des Zahnersatzes gew\u00e4hrleistet. Au\u00dferdem ist Zirkoniumdioxid biokompatibel, d.h. es wird vom K\u00f6rper gut vertragen und verursacht in der Regel keine unerw\u00fcnschten Reaktionen oder Allergien. Ein weiterer Vorteil ist, dass Zirkoniumdioxid im Vergleich zu anderen Materialien wie Metall weniger Verschlei\u00df an den danebenliegenden nat\u00fcrlichen Z\u00e4hnen verursacht. Dar\u00fcber hinaus verringert die geringere W\u00e4rmeleitf\u00e4higkeit die Empfindlichkeit gegen\u00fcber Temperaturschwankungen und sorgt so f\u00fcr mehr Komfort. Es ist jedoch wichtig, sich von einem Zahnarzt beraten zu lassen, um das am besten geeignete Material f\u00fcr die individuellen zahnmedizinischen Bed\u00fcrfnisse zu bestimmen. Sie sind in der Lage, spezifische Bedingungen zu beurteilen und personalisierte Empfehlungen f\u00fcr optimale Ergebnisse zu geben.<\/p>\n\n<\/div>\n<\/div>\n<div id=\"faq-question-1682665852961\" class=\"rank-math-list-item\">\n<h3 class=\"rank-math-question \">Sind Z\u00e4hne aus Zirkonium stark?<\/h3>\n<div class=\"rank-math-answer \">\n\n<p>Ja, Zirkoniumz\u00e4hne sind f\u00fcr ihre St\u00e4rke und Haltbarkeit bekannt. Zirkoniumdioxid, ein keramisches Material, verf\u00fcgt \u00fcber hervorragende mechanische Eigenschaften, einschlie\u00dflich hoher Festigkeit und Bruchfestigkeit. Dadurch sind Z\u00e4hne aus Zirkoniumdioxid sehr widerstandsf\u00e4hig und k\u00f6nnen den Kr\u00e4ften beim Bei\u00dfen und Kauen standhalten. Im Vergleich zu anderen zahnmedizinischen Materialien wie Metall oder traditionellem Porzellan gilt Zirkoniumdioxid als eine der st\u00e4rksten und besten Optionen f\u00fcr Zahnrestaurationen. Seine Festigkeit und Haltbarkeit tragen zum langfristigen Erfolg und zur Langlebigkeit von Zirkon Z\u00e4hnen bei.<\/p>\n\n<\/div>\n<\/div>\n<div id=\"faq-question-1682666623404\" class=\"rank-math-list-item\">\n<h3 class=\"rank-math-question \">Was sind Zirkoniumkronen?<\/h3>\n<div class=\"rank-math-answer \">\n\n<p>Zirkoniumkronen, auch bekannt als Zirkoniumdioxidkronen, sind Zahnkronen, die aus einem starken und haltbaren Keramikmaterial namens Zirkoniumdioxid hergestellt werden. Sie bieten eine hervorragende \u00c4sthetik, Langlebigkeit und Widerstandsf\u00e4higkeit gegen Absplitterungen und Br\u00fcche. Zirkoniumkronen sind dem Aussehen nat\u00fcrlicher Z\u00e4hne sehr \u00e4hnlich und sind eine beliebte Wahl in der restaurativen Zahnmedizin.<\/p>\n\n<\/div>\n<\/div>\n<\/div>\n<\/div>\n\n\n<h3 class=\"wp-block-heading\"><a href=\"#requestform\">Kontaktieren Sie uns<\/a> jetzt, falls Sie Fragen haben!<\/h3>\n","protected":false},"excerpt":{"rendered":"<p>Zirkoniumz\u00e4hne sorgen f\u00fcr ein nat\u00fcrliches L\u00e4cheln Sind Sie auf der Suche nach einer einfachen und selbstbewussten Art zu l\u00e4cheln? Zirkoniumz\u00e4hne [&hellip;]<\/p>\n","protected":false},"author":4,"featured_media":92470,"parent":0,"menu_order":0,"comment_status":"closed","ping_status":"closed","template":"","meta":{"site-sidebar-layout":"default","site-content-layout":"","ast-site-content-layout":"default","site-content-style":"default","site-sidebar-style":"default","ast-global-header-display":"","ast-banner-title-visibility":"","ast-main-header-display":"","ast-hfb-above-header-display":"","ast-hfb-below-header-display":"","ast-hfb-mobile-header-display":"","site-post-title":"","ast-breadcrumbs-content":"","ast-featured-img":"","footer-sml-layout":"","ast-disable-related-posts":"","theme-transparent-header-meta":"","adv-header-id-meta":"","stick-header-meta":"","header-above-stick-meta":"","header-main-stick-meta":"","header-below-stick-meta":"","astra-migrate-meta-layouts":"default","ast-page-background-enabled":"default","ast-page-background-meta":{"desktop":{"background-color":"var(--ast-global-color-4)","background-image":"","background-repeat":"repeat","background-position":"center center","background-size":"auto","background-attachment":"scroll","background-type":"","background-media":"","overlay-type":"","overlay-color":"","overlay-opacity":"","overlay-gradient":""},"tablet":{"background-color":"","background-image":"","background-repeat":"repeat","background-position":"center center","background-size":"auto","background-attachment":"scroll","background-type":"","background-media":"","overlay-type":"","overlay-color":"","overlay-opacity":"","overlay-gradient":""},"mobile":{"background-color":"","background-image":"","background-repeat":"repeat","background-position":"center center","background-size":"auto","background-attachment":"scroll","background-type":"","background-media":"","overlay-type":"","overlay-color":"","overlay-opacity":"","overlay-gradient":""}},"ast-content-background-meta":{"desktop":{"background-color":"var(--ast-global-color-5)","background-image":"","background-repeat":"repeat","background-position":"center center","background-size":"auto","background-attachment":"scroll","background-type":"","background-media":"","overlay-type":"","overlay-color":"","overlay-opacity":"","overlay-gradient":""},"tablet":{"background-color":"var(--ast-global-color-5)","background-image":"","background-repeat":"repeat","background-position":"center center","background-size":"auto","background-attachment":"scroll","background-type":"","background-media":"","overlay-type":"","overlay-color":"","overlay-opacity":"","overlay-gradient":""},"mobile":{"background-color":"var(--ast-global-color-5)","background-image":"","background-repeat":"repeat","background-position":"center center","background-size":"auto","background-attachment":"scroll","background-type":"","background-media":"","overlay-type":"","overlay-color":"","overlay-opacity":"","overlay-gradient":""}},"footnotes":""},"class_list":["post-145863","page","type-page","status-publish","has-post-thumbnail","hentry"],"_links":{"self":[{"href":"https:\/\/medclinics.com\/de\/wp-json\/wp\/v2\/pages\/145863","targetHints":{"allow":["GET"]}}],"collection":[{"href":"https:\/\/medclinics.com\/de\/wp-json\/wp\/v2\/pages"}],"about":[{"href":"https:\/\/medclinics.com\/de\/wp-json\/wp\/v2\/types\/page"}],"author":[{"embeddable":true,"href":"https:\/\/medclinics.com\/de\/wp-json\/wp\/v2\/users\/4"}],"replies":[{"embeddable":true,"href":"https:\/\/medclinics.com\/de\/wp-json\/wp\/v2\/comments?post=145863"}],"version-history":[{"count":0,"href":"https:\/\/medclinics.com\/de\/wp-json\/wp\/v2\/pages\/145863\/revisions"}],"wp:featuredmedia":[{"embeddable":true,"href":"https:\/\/medclinics.com\/de\/wp-json\/wp\/v2\/media\/92470"}],"wp:attachment":[{"href":"https:\/\/medclinics.com\/de\/wp-json\/wp\/v2\/media?parent=145863"}],"curies":[{"name":"wp","href":"https:\/\/api.w.org\/{rel}","templated":true}]}}