{"id":145853,"date":"2023-05-18T08:54:03","date_gmt":"2023-05-18T05:54:03","guid":{"rendered":"https:\/\/medclinics.com\/weisheitszahne\/"},"modified":"2024-04-01T17:27:10","modified_gmt":"2024-04-01T14:27:10","slug":"weisheitszahne","status":"publish","type":"page","link":"https:\/\/medclinics.com\/de\/weisheitszahne\/","title":{"rendered":"Weisheitsz\u00e4hne"},"content":{"rendered":"\n<h2 class=\"wp-block-heading\">Wenn Sie auf der Suche nach einer M\u00f6glichkeit sind, wieder entspannt zu lachen, ist die Behandlung von Weisheitsz\u00e4hnen vielleicht die perfekte Wahl.<\/h2>\n\n<p>Mit zunehmendem Alter macht unser K\u00f6rper viele Ver\u00e4nderungen durch. Einer davon ist das Durchbrechen der <a href=\"https:\/\/en.wikipedia.org\/wiki\/Wisdom_tooth\" target=\"_blank\" rel=\"noreferrer noopener\">Weisheitsz\u00e4hne<\/a> &#8211; auch dritte Backenz\u00e4hne genannt. Diese Nachz\u00fcgler befinden sich in den hinteren Mundwinkeln und treten in der Regel im Alter von 17 bis 25 Jahren heraus.<\/p>\n\n<p>W\u00e4hrend manche Menschen gar keine Weisheitsz\u00e4hne entwickeln oder andere sogar mehr als vier haben, treten teilweise Probleme auf, wenn die Z\u00e4hne impaktiert werden, d. h. nicht vollst\u00e4ndig unter dem Zahnfleischrand hervortreten k\u00f6nnen. Dies kann zu Schmerzen, Schwellungen und sogar zu Infektionen f\u00fchren, die nicht nur die Weisheitsz\u00e4hne, sondern auch die benachbarten Z\u00e4hne betreffen k\u00f6nnen!<\/p>\n\n<p>Kein Wunder also, dass Zahn\u00e4rzte empfehlen, problematische Weisheitsz\u00e4hne entfernen zu lassen, bevor sie weitere Probleme verursachen, wie z. B. eine Fehlstellung in anderen Teilen des Kiefers! Es sollte jedoch beachtet werden, dass eine Extraktion nicht immer in jedem Fall jeden notwendig ist. Jeder Fall muss individuell von einem professionellen Zahnarzt oder Kieferchirurgen beurteilt werden, der auf der Grundlage ihrer pers\u00f6nlichen und spezifischen Umst\u00e4nde, entscheiden wird, ob eine Entfernung notwendig ist!<\/p>\n\n<h3 class=\"wp-block-heading\">Alles, was Sie \u00fcber <a href=\"https:\/\/medclinics.com\/dental-treatment\/\" target=\"_blank\" rel=\"noreferrer noopener\">Zahnbehandlungen<\/a> wissen sollten, einschlie\u00dflich Preis, Nachsorge und Heilungsprozess, finden Sie hier. Oder <a href=\"#requestform\">kontaktieren Sie uns direkt jetzt!<\/a><\/h3>\n\n<figure class=\"wp-block-image size-full\"><img fetchpriority=\"high\" decoding=\"async\" width=\"960\" height=\"540\" class=\"wp-image-98288\" src=\"https:\/\/medclinics.com\/wp-content\/uploads\/2023\/07\/wisdom-teeth-treatment-near-me.jpg\" alt=\"Weisheitsz&#xE4;hne in meiner N&#xE4;he\" srcset=\"https:\/\/medclinics.com\/wp-content\/uploads\/2023\/07\/wisdom-teeth-treatment-near-me.jpg 960w, https:\/\/medclinics.com\/wp-content\/uploads\/2023\/07\/wisdom-teeth-treatment-near-me-500x281.jpg 500w, https:\/\/medclinics.com\/wp-content\/uploads\/2023\/07\/wisdom-teeth-treatment-near-me-768x432.jpg 768w, https:\/\/medclinics.com\/wp-content\/uploads\/2023\/07\/wisdom-teeth-treatment-near-me-24x14.jpg 24w, https:\/\/medclinics.com\/wp-content\/uploads\/2023\/07\/wisdom-teeth-treatment-near-me-36x20.jpg 36w, https:\/\/medclinics.com\/wp-content\/uploads\/2023\/07\/wisdom-teeth-treatment-near-me-48x27.jpg 48w\" sizes=\"(max-width: 960px) 100vw, 960px\" \/><\/figure>\n\n<h2 class=\"wp-block-heading\">FAQ<\/h2>\n<div id=\"rank-math-faq\" class=\"rank-math-block\">\n<div class=\"rank-math-list \">\n<div id=\"faq-question-1682603361561\" class=\"rank-math-list-item\">\n<h3 class=\"rank-math-question \">Wann wachsen die Weisheitsz\u00e4hne?<\/h3>\n<div class=\"rank-math-answer \">\n\n<p>Weisheitsz\u00e4hne, die auch als dritte Backenz\u00e4hne bezeichnet werden, wachsen in der Regel in den sp\u00e4ten Teenagerjahren oder Anfang der Zwanzigerjahre. Der genaue Zeitpunkt kann von Person zu Person variieren. Bei manchen Menschen ist der Weisheitszahn vollst\u00e4ndig durchgebrochen und in der richtigen Ausrichtung, w\u00e4hrend bei anderen Probleme auftreten k\u00f6nnen, wie z. B. ein impaktierter Weisheitszahn, der aufgrund von Platzmangel im Kiefer nicht vollst\u00e4ndig durchbrechen kann. Wenn Sie Bedenken haben, sollten Sie einen Zahnarzt oder Kieferchirurgen aufsuchen, um sich untersuchen zu lassen.<\/p>\n\n<\/div>\n<\/div>\n<div id=\"faq-question-1682665852961\" class=\"rank-math-list-item\">\n<h3 class=\"rank-math-question \">Wie werden Weisheitsz\u00e4hne entfernt?<\/h3>\n<div class=\"rank-math-answer \">\n\n<p>Die Entfernung von Weisheitsz\u00e4hnen beinhaltet eine Untersuchung, R\u00f6ntgenaufnahmen, An\u00e4sthesie, Schnitt, Extraktion, Reinigung und eventuell N\u00e4hen. Die postoperative Versorgung umfasst die Behandlung von Schwellungen und Beschwerden. Die Komplexit\u00e4t des Verfahrens h\u00e4ngt vom Zustand der Z\u00e4hne ab.<\/p>\n\n<\/div>\n<\/div>\n<div id=\"faq-question-1682666623404\" class=\"rank-math-list-item\">\n<h3 class=\"rank-math-question \">K\u00f6nnen Weisheitsz\u00e4hne Ohrenschmerzen verursachen?<\/h3>\n<div class=\"rank-math-answer \">\n\n<p>Ja, durchgebrochene oder entz\u00fcndete Weisheitsz\u00e4hne k\u00f6nnen aufgrund der N\u00e4he zu den Nerven Ohrenschmerzen verursachen. Es ist ratsam, einen Zahnarzt oder Kieferchirurgen aufzusuchen, um die Ursache und die geeignete Behandlung festzustellen.<\/p>\n\n<\/div>\n<\/div>\n<div id=\"faq-question-1682666956133\" class=\"rank-math-list-item\">\n<h3 class=\"rank-math-question \">K\u00f6nnen Weisheitsz\u00e4hne Kopfschmerzen verursachen?<\/h3>\n<div class=\"rank-math-answer \">\n\n<p>Ja, Weisheitsz\u00e4hne k\u00f6nnen manchmal Kopfschmerzen verursachen. Wenn sie in einer falschen Position ausbrechen, k\u00f6nnen sie Druck auf die umliegenden Strukturen aus\u00fcben, einschlie\u00dflich des Kiefers, der Nebenh\u00f6hlen und der Nerven. Dieser Druck und die Entz\u00fcndung k\u00f6nnen zu Kopfschmerzsymptomen f\u00fchren, einschlie\u00dflich Spannungskopfschmerzen oder Schmerzen, die auf andere Bereiche des Kopfes \u00fcbertragen werden. Wenn Sie unter anhaltenden Kopfschmerzen leiden und vermuten, dass diese mit Ihren Z\u00e4hnen zusammenh\u00e4ngen, sollten Sie einen Zahnarzt aufsuchen, um sich untersuchen zu lassen und entsprechende Behandlungsempfehlungen zu erhalten.<\/p>\n\n<\/div>\n<\/div>\n<\/div>\n<\/div>\n<p>\u00a0<\/p>\n\n<h3 class=\"wp-block-heading\">Kontaktieren Sie uns jetzt, falls Sie Fragen haben!<\/h3>\n","protected":false},"excerpt":{"rendered":"<p>Wenn Sie auf der Suche nach einer M\u00f6glichkeit sind, wieder entspannt zu lachen, ist die Behandlung von Weisheitsz\u00e4hnen vielleicht die [&hellip;]<\/p>\n","protected":false},"author":4,"featured_media":92456,"parent":0,"menu_order":0,"comment_status":"closed","ping_status":"closed","template":"","meta":{"site-sidebar-layout":"default","site-content-layout":"","ast-site-content-layout":"default","site-content-style":"default","site-sidebar-style":"default","ast-global-header-display":"","ast-banner-title-visibility":"","ast-main-header-display":"","ast-hfb-above-header-display":"","ast-hfb-below-header-display":"","ast-hfb-mobile-header-display":"","site-post-title":"","ast-breadcrumbs-content":"","ast-featured-img":"","footer-sml-layout":"","ast-disable-related-posts":"","theme-transparent-header-meta":"","adv-header-id-meta":"","stick-header-meta":"","header-above-stick-meta":"","header-main-stick-meta":"","header-below-stick-meta":"","astra-migrate-meta-layouts":"default","ast-page-background-enabled":"default","ast-page-background-meta":{"desktop":{"background-color":"var(--ast-global-color-4)","background-image":"","background-repeat":"repeat","background-position":"center center","background-size":"auto","background-attachment":"scroll","background-type":"","background-media":"","overlay-type":"","overlay-color":"","overlay-opacity":"","overlay-gradient":""},"tablet":{"background-color":"","background-image":"","background-repeat":"repeat","background-position":"center center","background-size":"auto","background-attachment":"scroll","background-type":"","background-media":"","overlay-type":"","overlay-color":"","overlay-opacity":"","overlay-gradient":""},"mobile":{"background-color":"","background-image":"","background-repeat":"repeat","background-position":"center center","background-size":"auto","background-attachment":"scroll","background-type":"","background-media":"","overlay-type":"","overlay-color":"","overlay-opacity":"","overlay-gradient":""}},"ast-content-background-meta":{"desktop":{"background-color":"var(--ast-global-color-5)","background-image":"","background-repeat":"repeat","background-position":"center center","background-size":"auto","background-attachment":"scroll","background-type":"","background-media":"","overlay-type":"","overlay-color":"","overlay-opacity":"","overlay-gradient":""},"tablet":{"background-color":"var(--ast-global-color-5)","background-image":"","background-repeat":"repeat","background-position":"center center","background-size":"auto","background-attachment":"scroll","background-type":"","background-media":"","overlay-type":"","overlay-color":"","overlay-opacity":"","overlay-gradient":""},"mobile":{"background-color":"var(--ast-global-color-5)","background-image":"","background-repeat":"repeat","background-position":"center center","background-size":"auto","background-attachment":"scroll","background-type":"","background-media":"","overlay-type":"","overlay-color":"","overlay-opacity":"","overlay-gradient":""}},"footnotes":""},"class_list":["post-145853","page","type-page","status-publish","has-post-thumbnail","hentry"],"_links":{"self":[{"href":"https:\/\/medclinics.com\/de\/wp-json\/wp\/v2\/pages\/145853","targetHints":{"allow":["GET"]}}],"collection":[{"href":"https:\/\/medclinics.com\/de\/wp-json\/wp\/v2\/pages"}],"about":[{"href":"https:\/\/medclinics.com\/de\/wp-json\/wp\/v2\/types\/page"}],"author":[{"embeddable":true,"href":"https:\/\/medclinics.com\/de\/wp-json\/wp\/v2\/users\/4"}],"replies":[{"embeddable":true,"href":"https:\/\/medclinics.com\/de\/wp-json\/wp\/v2\/comments?post=145853"}],"version-history":[{"count":0,"href":"https:\/\/medclinics.com\/de\/wp-json\/wp\/v2\/pages\/145853\/revisions"}],"wp:featuredmedia":[{"embeddable":true,"href":"https:\/\/medclinics.com\/de\/wp-json\/wp\/v2\/media\/92456"}],"wp:attachment":[{"href":"https:\/\/medclinics.com\/de\/wp-json\/wp\/v2\/media?parent=145853"}],"curies":[{"name":"wp","href":"https:\/\/api.w.org\/{rel}","templated":true}]}}