{"id":145841,"date":"2023-05-31T08:30:15","date_gmt":"2023-05-31T05:30:15","guid":{"rendered":"https:\/\/medclinics.com\/mesotherapie-2\/"},"modified":"2024-04-08T16:35:11","modified_gmt":"2024-04-08T13:35:11","slug":"mesotherapie","status":"publish","type":"page","link":"https:\/\/medclinics.com\/de\/mesotherapie\/","title":{"rendered":"Mesotherapie"},"content":{"rendered":"\n<h3 class=\"wp-block-heading\" id=\"mesotherapy-involves-injecting-a-mixture-of-different-components-such-as-hyaluronic-acid-vitamins-amino-acids-and-proteins-under-the-skin\">Bei der Mesotherapie wird eine Mischung aus verschiedenen Komponenten wie Hyalurons\u00e4ure, Vitaminen, Aminos\u00e4uren und Proteinen unter die Haut gespritzt.<\/h3>\n\n\n\n<div class=\"wp-block-rank-math-toc-block\" id=\"rank-math-toc\"><h2>Inhaltsverzeichnis<\/h2><nav><ul><li><a href=\"#arten-und-methoden\">Arten und Methoden<\/a><\/li><li><a href=\"#behandlungsplan\">Behandlungsplan<\/a><\/li><li><a href=\"#nachsorge\">Nachsorge<\/a><\/li><li><a href=\"#die-hochsten-kosten-fur-mesotherapie-nach-land\">Die h\u00f6chsten Kosten f\u00fcr Mesotherapie nach Land<\/a><\/li><li><a href=\"#faq\">FAQ<\/a><\/li><li><a href=\"#geschichte\">Geschichte<\/a><\/li><\/ul><\/nav><\/div>\n\n\n\n<h3 class=\"wp-block-heading\" id=\"so-what-is-mesotherapy\">Was ist also<\/h3>\n\n\n\n<p>Die Mesotherapie ist die intradermale Injektion von Pr\u00e4paratecocktails. Diese Cocktails k\u00f6nnen bis zu 50 Komponenten enthalten.<\/p>\n\n\n\n<h3 class=\"wp-block-heading\" id=\"mesotherapy-cocktails-can-contain\">Mesotherapie-Cocktails k\u00f6nnen enthalten:<\/h3>\n\n\n\n<ul class=\"wp-block-list\">\n<li><strong>Hyalurons\u00e4ure<\/strong> ist die wichtigste Substanz zur Hautverj\u00fcngung und Revitalisierung. Es bindet Wassermolek\u00fcle und h\u00e4lt so die Feuchtigkeit in den Geweben. Mit Hilfe der Hyalurons\u00e4ure finden Zellteilung, Stoffwechsel und Regenerationsprozesse statt. Hyalurons\u00e4ure tr\u00e4gt zur St\u00e4rkung der Barrierefunktionen der Haut bei.<\/li>\n\n\n\n<li><strong>Aminos\u00e4uren<\/strong>. &#8222;Bausteine&#8220; f\u00fcr Proteine. Sie stimulieren die Kollagen- und Elastinsynthese und f\u00f6rdern die Verj\u00fcngung.<\/li>\n\n\n\n<li><strong>Vitamine<\/strong>. Pflegen Sie die Haut. Beseitigt die Zeichen der Lichtalterung, sch\u00fctzt vor ultraviolettem Licht, f\u00f6rdert Festigkeit und Spannkraft.<\/li>\n\n\n\n<li><strong>Pflanzliche Stoffe und Extrakte.  <\/strong>Beruhigt die Entz\u00fcndung, spendet Feuchtigkeit, lindert Schwellungen, verleiht ein frisches, gestrafftes Aussehen der Haut.<\/li>\n\n\n\n<li><strong>Peptide<\/strong>. Sie sorgen f\u00fcr Regeneration, haben antioxidative Eigenschaften und st\u00e4rken die Gef\u00e4\u00dfw\u00e4nde.<\/li>\n<\/ul>\n\n\n\n<figure class=\"wp-block-image size-full\"><img fetchpriority=\"high\" decoding=\"async\" width=\"780\" height=\"488\" src=\"https:\/\/medclinics.com\/wp-content\/uploads\/2024\/04\/Mesotherapy-Beauty-Salon-near-me.jpg\" alt=\"Mesotherapie-Sch\u00f6nheitssalon in meiner N\u00e4he\" class=\"wp-image-161777\" srcset=\"https:\/\/medclinics.com\/wp-content\/uploads\/2024\/04\/Mesotherapy-Beauty-Salon-near-me.jpg 780w, https:\/\/medclinics.com\/wp-content\/uploads\/2024\/04\/Mesotherapy-Beauty-Salon-near-me-300x188.jpg 300w, https:\/\/medclinics.com\/wp-content\/uploads\/2024\/04\/Mesotherapy-Beauty-Salon-near-me-768x480.jpg 768w\" sizes=\"(max-width: 780px) 100vw, 780px\" \/><\/figure>\n\n\n\n<h2 class=\"wp-block-heading\" id=\"arten-und-methoden\">Arten und Methoden<\/h2>\n\n\n\n<ul class=\"wp-block-list\">\n<li><strong>Injektion <\/strong>&#8211; das Medikament wird mit Hilfe von Spritzen mit hauchd\u00fcnnen Nadeln in die mittleren Schichten der Haut eingebracht.<\/li>\n\n\n\n<li><strong>Maschinelle Anwendung <\/strong>&#8211; ein Mesococktail wird auf die Haut aufgetragen und dann wird der Bereich mit der D\u00fcse des Ger\u00e4ts behandelt. Die Durchl\u00e4ssigkeit der Zellmembran wird w\u00e4hrend der Behandlung um das fast 400-fache erh\u00f6ht.<\/li>\n\n\n\n<li><strong>Mesoroller <\/strong>&#8211; Verwendung einer speziellen Walze, deren Oberfl\u00e4che mit kurzen, feinen Nadeln besetzt ist. Das Produkt wird zun\u00e4chst auf die Haut aufgetragen und dann mit einer Walze gerollt, so dass der Mesococktail auch die tieferen Schichten erreicht.<\/li>\n\n\n\n<li>Die <strong>fraktionierte<\/strong> Technik ist eine Mikroinjektionstechnik. Die Injektionen werden mit einer speziellen silberbeschichteten Spitze mit Mikronadeln vorgenommen. Die Injektionstiefe betr\u00e4gt bis zu mehreren Millimetern.<\/li>\n\n\n\n<li><strong>Sauerstoff <\/strong>&#8211; das Medikament dringt unter dem Druck eines Sauerstoffstroms in die Haut ein.<\/li>\n\n\n\n<li><strong>Laser <\/strong>&#8211; unter dem Einfluss des Infrarotlasers wird die Haut mit wohltuenden Substanzen ges\u00e4ttigt.<\/li>\n<\/ul>\n\n\n\n<h2 class=\"wp-block-heading\" id=\"behandlungsplan\">Behandlungsplan<\/h2>\n\n\n\n<p>Die Behandlung wird ambulant durchgef\u00fchrt.<\/p>\n\n\n\n<p>Einschlie\u00dflich der Vorbereitungszeit sollten Sie insgesamt etwa 2 Stunden f\u00fcr Ihre Mesotherapie einplanen.<\/p>\n\n\n\n<h3 class=\"wp-block-heading\" id=\"mesotherapy-for\">Mesotherapie f\u00fcr:<\/h3>\n\n\n\n<ul class=\"wp-block-list\">\n<li><strong>Dunkle Ringe und Tr\u00e4nens\u00e4cke unter den Augen.  <\/strong>Diese Therapie normalisiert den Lymphfluss, beseitigt lokale Fettablagerungen und strafft die Haut, um Tr\u00e4nens\u00e4cke wirksam zu bek\u00e4mpfen. Und seine F\u00e4higkeit, den normalen Hautton wiederherzustellen, hilft bei der Beseitigung von Augenringen.<\/li>\n\n\n\n<li><strong>Pigmentflecken.  <\/strong>Sie werden durch das Vorhandensein von Substanzen eliminiert, die das Melanin in den Mesococktails zerst\u00f6ren. Bereits nach 2-3 Behandlungen wird die Pigmentierung heller.<\/li>\n\n\n\n<li><strong>Falten<\/strong>. Die Therapie ist die am weitesten verbreitete und schonendste Methode zur Beseitigung von Falten, einschlie\u00dflich Mimikfalten, Kr\u00e4henf\u00fc\u00dfen und Stirnfalten.<\/li>\n\n\n\n<li><strong>Pickel<\/strong>. Einige Mesococktails enthalten antibakterielle Inhaltsstoffe, die speziell zur Bek\u00e4mpfung von Akne bestimmt sind. Sie t\u00f6ten die Bakterien ab, die den Defekt verursachen, und die Injektionen selbst l\u00f6sen Regenerationsprozesse aus. Die Haut wird gesund und frisch.<\/li>\n\n\n\n<li><strong>Alopezie und Haarausfall<\/strong>. Die Therapie normalisiert die Talgdr\u00fcsen der Kopfhaut, aktiviert das Haarwachstum und st\u00e4rkt die Haarfollikel. Daher hilft es nicht nur bei Haarausfall, sondern auch bei Kahlheit. In letzterem Fall ist es jedoch wichtig, dass die Haarfollikel erhalten bleiben. Bei hormonell bedingtem Haarausfall bei M\u00e4nnern ist die Mesotherapie unwirksam.<\/li>\n\n\n\n<li><strong>Cellulitis<\/strong>. Mesococktails beseitigen lokale Fettdepots, gl\u00e4tten die Hautoberfl\u00e4che und straffen sie gleichzeitig. Die &#8222;Orangenhaut&#8220; verschwindet also vollst\u00e4ndig.<\/li>\n\n\n\n<li><strong>Narben<\/strong>: Mesococktails gl\u00e4tten gezielt Narben, regen die Geweberegeneration und Stoffwechselprozesse an. Die besten Ergebnisse werden in den fr\u00fchen Stadien der Narbenbildung erzielt.<\/li>\n\n\n\n<li><strong>Dehnungsstreifen<\/strong>. Die Therapie ist eines der wirksamsten Verfahren gegen Dehnungsstreifen. Es stimuliert die Geweberegeneration und die Stoffwechselprozesse, wodurch sich die Haut im Wirkungsbereich erneuert und Dehnungsstreifen verschwinden.<\/li>\n<\/ul>\n\n\n\n<h3 class=\"wp-block-heading\" id=\"duration\">Dauer:<\/h3>\n\n\n\n<ul class=\"wp-block-list\">\n<li>Die <a href=\"https:\/\/medclinics.com\/de\/mesotherapie-2\/\" target=\"_blank\" rel=\"noreferrer noopener\">Mesotherapie<\/a> kann zwischen 15 und 40 Minuten dauern, je nach Gr\u00f6\u00dfe des zu behandelnden Bereichs.<\/li>\n\n\n\n<li>Es k\u00f6nnen mehrere Sitzungen erforderlich sein.<\/li>\n<\/ul>\n\n\n\n<h3 class=\"wp-block-heading\" id=\"possible-risks-for-mesotherapy\">M\u00f6gliche Risiken der Mesotherapie:<\/h3>\n\n\n\n<ul class=\"wp-block-list\">\n<li>Bluterg\u00fcsse und R\u00f6tungen als Reaktion auf die Injektion von Nadel und Medikament.<\/li>\n\n\n\n<li>Infektionen sind \u00e4u\u00dferst selten, und f\u00fcr eine bew\u00e4hrte Klinik und einen erfahrenen Spezialisten ist dies eine unm\u00f6gliche Nebenwirkung.<\/li>\n\n\n\n<li>Es kann bei bestimmten Krankheiten zu Komplikationen f\u00fchren, weshalb es bei Gallensteinen, Krebs, Blutgerinnungsst\u00f6rungen usw. nicht empfohlen wird.<\/li>\n<\/ul>\n\n\n\n<h2 class=\"wp-block-heading\" id=\"nachsorge\">Nachsorge  <\/h2>\n\n\n\n<p>F\u00fcr die <a href=\"https:\/\/istanbul-tourist-information.com\/en\/beauty-salon-treatments\/\" target=\"_blank\" rel=\"noopener\">Mesotherapie<\/a> ist keine besondere Nachbehandlung erforderlich.<br>Wie zu erwarten, verschwinden R\u00f6tung und Schwellung der Haut innerhalb weniger Stunden.<\/p>\n\n\n\n<h2 class=\"wp-block-heading\" id=\"die-hochsten-kosten-fur-mesotherapie-nach-land\">Die h\u00f6chsten Kosten f\u00fcr Mesotherapie nach Land<\/h2>\n\n\n\n<p>Die Kosten f\u00fcr eine Mesotherapie h\u00e4ngen von der Erfahrung des Arztes oder der Kosmetikerin, den verwendeten Inhaltsstoffen und der von Ihnen gew\u00e4hlten Klinik ab.<br>Die unten aufgef\u00fchrten Preise sollen Ihnen eine ungef\u00e4hre Vorstellung vermitteln und sind kein endg\u00fcltiges Angebot. Ihr MedClincs-Berater wird Sie gerne \u00fcber die Einzelheiten informieren.<\/p>\n\n\n\n<figure class=\"wp-block-table\"><table><thead><tr><th>Land<\/th><th>Preis (PRP)<\/th><th>Bewertung<\/th><\/tr><\/thead><tbody><tr><td>T\u00fcrkiye (T\u00fcrkei)<\/td><td>~ 180\u20ac<\/td><td>\u2605\u2605\u2605\u2605\u2605<\/td><\/tr><tr><td>Polen<\/td><td>~ 250\u20ac<\/td><td>\u2605\u2605\u2605\u2605<\/td><\/tr><tr><td>Tschechische Republik<\/td><td>~ 290\u20ac<\/td><td>\u2605\u2605\u2605\u2605<\/td><\/tr><tr><td>Mexiko<\/td><td>~ 330\u20ac<\/td><td>\u2605\u2605\u2605<\/td><\/tr><tr><td>Deutschland<\/td><td>~ 490\u20ac<\/td><td>\u2605\u2605<\/td><\/tr><tr><td>Vereinigtes K\u00f6nigreich<\/td><td>~ 500\u20ac<\/td><td>\u2605\u2605<\/td><\/tr><tr><td>USA<\/td><td>~ 600\u20ac<\/td><td>\u2605\u2605<\/td><\/tr><\/tbody><\/table><\/figure>\n\n\n\n<h2 class=\"wp-block-heading\" id=\"faq\">FAQ<\/h2>\n\n\n<div id=\"rank-math-faq\" class=\"rank-math-block\">\n<div class=\"rank-math-list \">\n<div id=\"faq-question-1682598236692\" class=\"rank-math-list-item\">\n<h3 class=\"rank-math-question \">Kann ich die Mesotherapie auf meiner Kopfhaut anwenden?<\/h3>\n<div class=\"rank-math-answer \">\n\n<p>Ja, es verbessert das Haarwachstum, verhindert Kahlheit, beseitigt Schuppen und Trockenheit. Das Haar wird dick, sch\u00f6n und gl\u00e4nzend. Intradermale Injektionen versorgen die Follikel mit N\u00e4hrstoffen, regen die Durchblutung der Kopfhaut an, regulieren die Keratinisierungsprozesse und die Talgproduktion.<\/p>\n\n<\/div>\n<\/div>\n<div id=\"faq-question-1684398167402\" class=\"rank-math-list-item\">\n<h3 class=\"rank-math-question \">Was ist der Unterschied zwischen der injektionsfreien und der herk\u00f6mmlichen Mesotherapie?<\/h3>\n<div class=\"rank-math-answer \">\n\n<p>Bei der spritzfreien Mesotherapie werden Medikamente oder Medikamentenmischungen mit einer Maschine, die einen hohen Druck erzeugt, subkutan injiziert. Diese Technik wird zur Verj\u00fcngung der Haut, zur Entfernung von Altersflecken und kleineren Unreinheiten eingesetzt. Die injizierten Medikamente lagern sich nicht ab, sondern werden sofort absorbiert und beginnen zu wirken. Bei dieser Behandlung sind mehrere Behandlungen erforderlich.<\/p>\n\n<\/div>\n<\/div>\n<div id=\"faq-question-1684398168500\" class=\"rank-math-list-item\">\n<h3 class=\"rank-math-question \">Kann die Mesotherapie Cellulite beseitigen?<\/h3>\n<div class=\"rank-math-answer \">\n\n<p>Ja, es ist eine sehr wirksame Methode zur Bek\u00e4mpfung von Unterhautfettgewebe. Anti-Cellulite-Cocktails werden unter die Haut gespritzt und nach und nach mit dem Blut- und Lymphfluss verteilt. Die Cocktails bauen das Fett ab, entfernen \u00fcbersch\u00fcssiges Wasser, straffen die Blutgef\u00e4\u00dfe und verbessern die Mikrozirkulation im Gewebe. F\u00fcr optimale Ergebnisse wird die Mesotherapie mit Packungen, Massagen und anderen Behandlungen kombiniert.<\/p>\n\n<\/div>\n<\/div>\n<div id=\"faq-question-1684398171741\" class=\"rank-math-list-item\">\n<h3 class=\"rank-math-question \">Wie hilft die Mesotherapie bei der Faltenbek\u00e4mpfung?<\/h3>\n<div class=\"rank-math-answer \">\n\n<p>Das Auftreten von Falten h\u00e4ngt mit einer Abnahme der Hautelastizit\u00e4t zusammen, die durch eine verminderte Elastin- und Kollagenproduktion des K\u00f6rpers verursacht wird. Intradermale Injektionen dieser Substanzen verlangsamen den Alterungsprozess, gl\u00e4tten Falten und machen das Gesicht und den K\u00f6rper glatt und sch\u00f6n. Die Anzahl der Behandlungen wird individuell festgelegt, aber nach Abschluss der Behandlung sind Erhaltungsbehandlungen erforderlich.<\/p>\n\n<\/div>\n<\/div>\n<div id=\"faq-question-1684398172766\" class=\"rank-math-list-item\">\n<h3 class=\"rank-math-question \">Womit kann die Mesotherapie kombiniert werden?<\/h3>\n<div class=\"rank-math-answer \">\n\n<p>Die Mesotherapie ist in der Regel keine Monotherapie. Es kann mit fast allen kosmetischen Verfahren kombiniert werden: chemische Peelings, Filler, Muskelrelaxantien, Biorevitalisierung, Hardware-Kosmetik, plastische Chirurgie.<\/p>\n\n<\/div>\n<\/div>\n<div id=\"faq-question-1684398176178\" class=\"rank-math-list-item\">\n<h3 class=\"rank-math-question \">Wann kann ich nach der Mesotherapie Muskelrelaxantien einnehmen?<\/h3>\n<div class=\"rank-math-answer \">\n\n<p>Die Mesotherapie-Behandlung sollte 2 Wochen vor der Injektion des Muskelrelaxans abgeschlossen sein. Es ist m\u00f6glich, die Mesotherapie-Sitzungen 3 Wochen nach der Injektion des Muskelrelaxans wieder aufzunehmen (nachdem die maximale Wirkung erreicht wurde).<\/p>\n\n<\/div>\n<\/div>\n<div id=\"faq-question-1684398177963\" class=\"rank-math-list-item\">\n<h3 class=\"rank-math-question \">K\u00f6nnen Mesotherapie und Filler kombiniert werden?<\/h3>\n<div class=\"rank-math-answer \">\n\n<p>Eine Mesotherapie wird am besten vor den Fillern durchgef\u00fchrt. Nach der Injektion von Fillern wird sie nach mindestens 10-14 Tagen durchgef\u00fchrt.<\/p>\n\n<\/div>\n<\/div>\n<div id=\"faq-question-1684398179112\" class=\"rank-math-list-item\">\n<h3 class=\"rank-math-question \">Wie l\u00e4sst sich die Mesotherapie mit der plastischen Chirurgie kombinieren?<\/h3>\n<div class=\"rank-math-answer \">\n\n<p>Zur Vorbereitung auf die Operation sollten Sie 4-5 Mesotherapiesitzungen erhalten, die die Rehabilitationsphase beschleunigen und das Risiko von Komplikationen verringern. Nach Entfernung des Verbandes &#8211; die Anzahl der Mesoprozeduren wird vom Arzt je nach Indikation festgelegt.<\/p>\n\n<\/div>\n<\/div>\n<\/div>\n<\/div>\n\n\n<h2 class=\"wp-block-heading\" id=\"geschichte\">Geschichte<\/h2>\n\n\n\n<h3 class=\"wp-block-heading\" id=\"mesotherapy-treatment-history\">Mesotherapie Behandlungsgeschichte<\/h3>\n\n\n\n<h4 class=\"wp-block-heading\" id=\"the-history-of-this-therapy-dates-back-to-the-work-of-dr-michel-pistor-1924-2003\">Die Geschichte dieser Therapie geht auf die Arbeit von Dr. Michel Pistor (1924-2003) zur\u00fcck.<\/h4>\n\n\n\n<p>Er betrieb klinische Forschung und f\u00fchrte internationale Studien im Bereich der intradermalen Therapie durch. Er arbeitete von 1948 bis 1952 an diesen Verfahren, woraufhin der Begriff &#8222;Mesotherapie&#8220; 1958 offiziell in der franz\u00f6sischen Presse eingef\u00fchrt wurde.<\/p>\n\n\n\n<p>Fast 30 Jahre sp\u00e4ter (1987) wurde die Mesotherapie von der franz\u00f6sischen Akademie f\u00fcr Medizin anerkannt und die Praxis zugelassen.<\/p>\n","protected":false},"excerpt":{"rendered":"<p>Bei der Mesotherapie wird eine Mischung aus verschiedenen Komponenten wie Hyalurons\u00e4ure, Vitaminen, Aminos\u00e4uren und Proteinen unter die Haut gespritzt. Was [&hellip;]<\/p>\n","protected":false},"author":4,"featured_media":161780,"parent":0,"menu_order":0,"comment_status":"closed","ping_status":"closed","template":"","meta":{"site-sidebar-layout":"default","site-content-layout":"","ast-site-content-layout":"default","site-content-style":"default","site-sidebar-style":"default","ast-global-header-display":"","ast-banner-title-visibility":"","ast-main-header-display":"","ast-hfb-above-header-display":"","ast-hfb-below-header-display":"","ast-hfb-mobile-header-display":"","site-post-title":"","ast-breadcrumbs-content":"","ast-featured-img":"","footer-sml-layout":"","ast-disable-related-posts":"","theme-transparent-header-meta":"","adv-header-id-meta":"","stick-header-meta":"","header-above-stick-meta":"","header-main-stick-meta":"","header-below-stick-meta":"","astra-migrate-meta-layouts":"default","ast-page-background-enabled":"default","ast-page-background-meta":{"desktop":{"background-color":"var(--ast-global-color-4)","background-image":"","background-repeat":"repeat","background-position":"center center","background-size":"auto","background-attachment":"scroll","background-type":"","background-media":"","overlay-type":"","overlay-color":"","overlay-opacity":"","overlay-gradient":""},"tablet":{"background-color":"","background-image":"","background-repeat":"repeat","background-position":"center center","background-size":"auto","background-attachment":"scroll","background-type":"","background-media":"","overlay-type":"","overlay-color":"","overlay-opacity":"","overlay-gradient":""},"mobile":{"background-color":"","background-image":"","background-repeat":"repeat","background-position":"center center","background-size":"auto","background-attachment":"scroll","background-type":"","background-media":"","overlay-type":"","overlay-color":"","overlay-opacity":"","overlay-gradient":""}},"ast-content-background-meta":{"desktop":{"background-color":"var(--ast-global-color-5)","background-image":"","background-repeat":"repeat","background-position":"center center","background-size":"auto","background-attachment":"scroll","background-type":"","background-media":"","overlay-type":"","overlay-color":"","overlay-opacity":"","overlay-gradient":""},"tablet":{"background-color":"var(--ast-global-color-5)","background-image":"","background-repeat":"repeat","background-position":"center center","background-size":"auto","background-attachment":"scroll","background-type":"","background-media":"","overlay-type":"","overlay-color":"","overlay-opacity":"","overlay-gradient":""},"mobile":{"background-color":"var(--ast-global-color-5)","background-image":"","background-repeat":"repeat","background-position":"center center","background-size":"auto","background-attachment":"scroll","background-type":"","background-media":"","overlay-type":"","overlay-color":"","overlay-opacity":"","overlay-gradient":""}},"footnotes":""},"class_list":["post-145841","page","type-page","status-publish","has-post-thumbnail","hentry"],"_links":{"self":[{"href":"https:\/\/medclinics.com\/de\/wp-json\/wp\/v2\/pages\/145841","targetHints":{"allow":["GET"]}}],"collection":[{"href":"https:\/\/medclinics.com\/de\/wp-json\/wp\/v2\/pages"}],"about":[{"href":"https:\/\/medclinics.com\/de\/wp-json\/wp\/v2\/types\/page"}],"author":[{"embeddable":true,"href":"https:\/\/medclinics.com\/de\/wp-json\/wp\/v2\/users\/4"}],"replies":[{"embeddable":true,"href":"https:\/\/medclinics.com\/de\/wp-json\/wp\/v2\/comments?post=145841"}],"version-history":[{"count":0,"href":"https:\/\/medclinics.com\/de\/wp-json\/wp\/v2\/pages\/145841\/revisions"}],"wp:featuredmedia":[{"embeddable":true,"href":"https:\/\/medclinics.com\/de\/wp-json\/wp\/v2\/media\/161780"}],"wp:attachment":[{"href":"https:\/\/medclinics.com\/de\/wp-json\/wp\/v2\/media?parent=145841"}],"curies":[{"name":"wp","href":"https:\/\/api.w.org\/{rel}","templated":true}]}}