{"id":145827,"date":"2023-05-18T08:12:30","date_gmt":"2023-05-18T05:12:30","guid":{"rendered":"https:\/\/medclinics.com\/plasmatherapie-beste-preise-kliniken\/"},"modified":"2024-04-04T19:24:45","modified_gmt":"2024-04-04T16:24:45","slug":"plasmatherapie-beste-preise-kliniken","status":"publish","type":"page","link":"https:\/\/medclinics.com\/de\/plasmatherapie-beste-preise-kliniken\/","title":{"rendered":"Plasmatherapie | Beste Preise &amp; Kliniken"},"content":{"rendered":"\n<p>Die Plasmatherapie ist ein Verfahren, bei dem Sie mit Ihrem eigenen mit Blutpl\u00e4ttchen angereicherten Blutplasma behandelt werden.<\/p>\n\n<div class=\"wp-block-rank-math-toc-block\" id=\"rank-math-toc\"><h2>Inhaltsverzeichnis<\/h2><nav><ul><li><a href=\"#so-what-is\">Was ist also<\/a><\/li><li><a href=\"#treatment-plan\">Behandlungsplan<\/a><\/li><li><a href=\"#aftercare\">Nachsorge<\/a><\/li><li><a href=\"#top-plasma-therapy-costs-by-country\">Die h\u00f6chsten Plasmatherapiekosten nach L\u00e4ndern<\/a><\/li><li><a href=\"#faq\">FAQ<\/a><\/li><li><a href=\"#history\">Geschichte<\/a><\/li><\/ul><\/nav><\/div>\n\n<h2 class=\"wp-block-heading\" id=\"so-what-is\">Was ist also<\/h2>\n\n<p>Die <a href=\"https:\/\/medclinics.com\/de\/plasma-therapie\/\" target=\"_blank\" rel=\"noreferrer noopener\">Plasmatherapie<\/a> ist ein Verfahren, bei dem Sie mit Ihrem eigenen mit Blutpl\u00e4ttchen angereicherten Blutplasma behandelt werden. Plasma ist ein fl\u00fcssiger Teil des Blutes, der auch Wachstumsfaktoren enth\u00e4lt, die das Zellwachstum und die Zellerneuerung aktivieren. Dadurch wird die Regeneration des gesch\u00e4digten Gewebes beschleunigt und der Entz\u00fcndungsprozess und das Schmerzsyndrom werden beseitigt. Die Plasmatherapie ist eine hochmoderne Technik, bei der eine injizierbare Form von Plasma verwendet wird.<\/p>\n\n<p>Plasma wird durch Zentrifugieren von Blutr\u00f6hrchen gewonnen, um die Blutpl\u00e4ttchen vom Vollblut zu trennen. Unmittelbar vor dem Eingriff wird dem Patienten Blut abgenommen, die R\u00f6hrchen werden dann zentrifugiert und mit einer bestimmten Geschwindigkeit geschleudert. Ein Antikoagulans wird hinzugef\u00fcgt, um die Blutgerinnung zu verhindern.<\/p>\n\n<h3 class=\"wp-block-heading\" id=\"plasma-contains\">Plasma enth\u00e4lt:<\/h3>\n\n<ul class=\"wp-block-list\">\n<li>Vitamine<\/li>\n\n\n\n<li>Mikron\u00e4hrstoffe<\/li>\n\n\n\n<li>Aminos\u00e4uren<\/li>\n\n\n\n<li>Wachstums- und Zellerneuerungsfaktoren<\/li>\n<\/ul>\n\n<h2 class=\"wp-block-heading\" id=\"treatment-plan\">Behandlungsplan<\/h2>\n\n<p>Die Therapie wird ambulant in der Praxis durchgef\u00fchrt und dauert mindestens eine Stunde.<\/p>\n\n<p>Insgesamt sollten Sie etwa 2 bis 2,5 Stunden f\u00fcr den Eingriff einplanen.<\/p>\n\n<h3 class=\"wp-block-heading\" id=\"plasma-therapy-for\">Plasmatherapie f\u00fcr:<\/h3>\n\n<ul class=\"wp-block-list\">\n<li>Fr\u00fche Hautalterung<\/li>\n\n\n\n<li>Akne<\/li>\n\n\n\n<li>Pigmentflecken<\/li>\n\n\n\n<li>Rehabilitationsphase der Haut nach einem tiefen Peeling<\/li>\n\n\n\n<li>Wiederherstellung der Elastizit\u00e4t und Festigkeit der Haut nach schnellem Gewichtsverlust<\/li>\n\n\n\n<li>Fr\u00fche tiefe Falten<\/li>\n\n\n\n<li>Erschlaffte und trockene Haut<\/li>\n\n\n\n<li>Haarausfall oder Ausd\u00fcnnung der Haare<\/li>\n<\/ul>\n\n<h3 class=\"wp-block-heading\" id=\"plasma-therapy-is-not-suitable-for\">Die Plasmatherapie ist nicht geeignet f\u00fcr:<\/h3>\n\n<ul class=\"wp-block-list\">\n<li>Schwangerschaft oder Laktation<\/li>\n\n\n\n<li>Epilepsie<\/li>\n\n\n\n<li>Diabetes mellitus<\/li>\n\n\n\n<li>Blutkrankheiten<\/li>\n\n\n\n<li>Onkologische Erkrankungen<\/li>\n\n\n\n<li>Einnahme von Antikoagulantien<\/li>\n\n\n\n<li>Entz\u00fcndliche Prozesse im Bereich der Injektion.<\/li>\n<\/ul>\n\n<h3 class=\"wp-block-heading\" id=\"how-the-therapy-works\">Wie die Plasmatherapie funktioniert:<\/h3>\n\n<ul class=\"wp-block-list\">\n<li>Ern\u00e4hrt die Gewebezellen.<\/li>\n\n\n\n<li>St\u00e4rkt das innere Skelett der Haut.<\/li>\n\n\n\n<li>Verbessert den Teint der Haut und l\u00e4sst sie glatt und nat\u00fcrlich aussehen.<\/li>\n\n\n\n<li>Beseitigt Pigmentflecken. Das unter die Haut injizierte Plasma zerst\u00f6rt \u00fcbersch\u00fcssiges Melanin. Diese Substanz ist die Ursache f\u00fcr die Hyperpigmentierung.<\/li>\n\n\n\n<li>Stimuliert das Wachstum von Stammzellen.<\/li>\n\n\n\n<li>F\u00f6rdert die Blutgerinnung.<\/li>\n\n\n\n<li>Regeneriert die Haut.<\/li>\n\n\n\n<li>Beschleunigt den intrazellul\u00e4ren Stoffwechsel.<\/li>\n\n\n\n<li>N\u00e4hrt die Haarfollikel der Kopfhaut.<\/li>\n\n\n\n<li>L\u00f6st eine verbesserte Geweberegeneration aus.<\/li>\n<\/ul>\n\n<h3 class=\"wp-block-heading\" id=\"plasma-therapy-duration\">Plasmatherapie Dauer:<\/h3>\n\n<ul class=\"wp-block-list\">\n<li>20 bis 75 Minuten, je nach dem zu behandelnden Bereich.<\/li>\n\n\n\n<li>Bei der Anwendung der <a href=\"https:\/\/istanbul-tourist-information.com\/en\/beauty-salon-treatments\/\" target=\"_blank\" rel=\"noopener\">Plasmatherapie<\/a> zur Hautverj\u00fcngung kann mehr als eine Sitzung erforderlich sein.<\/li>\n<\/ul>\n\n<h3 class=\"wp-block-heading\" id=\"possible-risks-for-plasma-therapy\">M\u00f6gliche Risiken der Plasmatherapie:<\/h3>\n\n<ul class=\"wp-block-list\">\n<li>Anschwellen<\/li>\n\n\n\n<li>Verf\u00e4rbung der Haut<\/li>\n\n\n\n<li>R\u00f6tung<\/li>\n\n\n\n<li>Schmerz<\/li>\n\n\n\n<li>Blutgerinnsel<\/li>\n\n\n\n<li>Infektion<\/li>\n\n\n\n<li>Quetschungen<\/li>\n<\/ul>\n\n<h2 class=\"wp-block-heading\" id=\"aftercare\">Nachsorge<\/h2>\n\n<p>F\u00fcr die Plasmatherapie ist keine besondere Nachbehandlung erforderlich.<br\/>Wie zu erwarten, verschwinden R\u00f6tung und Schwellung der Haut innerhalb weniger Stunden.<\/p>\n\n<h2 class=\"wp-block-heading\" id=\"top-plasma-therapy-costs-by-country\">Die h\u00f6chsten Plasmatherapiekosten nach L\u00e4ndern<\/h2>\n\n<p>Die Kosten der Plasmatherapie h\u00e4ngen von der Erfahrung des Arztes und der von Ihnen gew\u00e4hlten Klinik oder dem Krankenhaus ab.<br\/>Die unten aufgef\u00fchrten Preise sollen Ihnen eine ungef\u00e4hre Vorstellung vermitteln und sind kein endg\u00fcltiges Angebot. Ihr MedClincs-Berater wird Sie gerne \u00fcber die Einzelheiten informieren.<\/p>\n\n<figure class=\"wp-block-table\"><table><thead><tr><th>Land<\/th><th>Preis (PRP)  <\/th><th>Bewertung<\/th><\/tr><\/thead><tbody><tr><td>T\u00fcrkiye (T\u00fcrkei)<\/td><td>~ 290\u20ac<\/td><td>\u2605\u2605\u2605\u2605\u2605<\/td><\/tr><tr><td>Polen<\/td><td>~ 320\u20ac<\/td><td>\u2605\u2605\u2605\u2605<\/td><\/tr><tr><td>Mexiko<\/td><td>~ 330\u20ac<\/td><td>\u2605\u2605\u2605<\/td><\/tr><tr><td>Deutschland<\/td><td>~ 490\u20ac<\/td><td>\u2605\u2605<\/td><\/tr><tr><td>Vereinigtes K\u00f6nigreich<\/td><td>~ 500\u20ac<\/td><td>\u2605\u2605<\/td><\/tr><tr><td>USA<\/td><td>~ 600\u20ac<\/td><td>\u2605\u2605<\/td><\/tr><\/tbody><\/table><\/figure>\n\n<h2 class=\"wp-block-heading\" id=\"faq\">FAQ<\/h2>\n<div id=\"rank-math-faq\" class=\"rank-math-block\">\n<div class=\"rank-math-list \">\n<div id=\"faq-question-1684396604890\" class=\"rank-math-list-item\">\n<h3 class=\"rank-math-question \">Wie viele Gesichtsplasmabehandlungen sind n\u00f6tig, um eine Wirkung zu erzielen?<\/h3>\n<div class=\"rank-math-answer \">\n\n<p>Eine stabile Wirkung wird nach 3-4 Behandlungen erreicht. In der Regel schreibt die Kosmetikerin einen Besuch alle 7-10 Tage vor.<\/p>\n\n<\/div>\n<\/div>\n<div id=\"faq-question-1684396606611\" class=\"rank-math-list-item\">\n<h3 class=\"rank-math-question \">Darf ich nach der Gesichtsplasmatherapie ein Sonnenbad nehmen?<\/h3>\n<div class=\"rank-math-answer \">\n\n<p>In den ersten 2-3 Tagen sollten Sie Sonnenb\u00e4der und Solarien meiden.<\/p>\n\n<\/div>\n<\/div>\n<div id=\"faq-question-1684396608150\" class=\"rank-math-list-item\">\n<h3 class=\"rank-math-question \">Welche Hautpflege ist nach einer Gesichtsplasmatherapie erforderlich?<\/h3>\n<div class=\"rank-math-answer \">\n\n<p>Tragen Sie nach der Sitzung keine Kosmetika, auch keine dekorativen Produkte, auf Ihr Gesicht auf; setzen Sie das Gewebe keinen intensiven mechanischen Einwirkungen (Massage) aus.<\/p>\n\n<\/div>\n<\/div>\n<div id=\"faq-question-1684396610189\" class=\"rank-math-list-item\">\n<h3 class=\"rank-math-question \">In welchem Alter kann eine Plasma-Therapie im Gesicht durchgef\u00fchrt werden?<\/h3>\n<div class=\"rank-math-answer \">\n\n<p>Das Mindestalter f\u00fcr den Eingriff liegt bei 15 Jahren, das H\u00f6chstalter, so die meisten Kosmetikerinnen, nicht.<\/p>\n\n<\/div>\n<\/div>\n<div id=\"faq-question-1684396611167\" class=\"rank-math-list-item\">\n<h3 class=\"rank-math-question \">Wie oft kann die Plasmatherapie wiederholt werden?<\/h3>\n<div class=\"rank-math-answer \">\n\n<p>Der Kurs wird in der Regel zweimal im Jahr wiederholt. Bei Bedarf kann die Menge erh\u00f6ht werden, z. B. w\u00e4hrend der Rehabilitation nach Laserbehandlungen und zur Vorbereitung der Haut auf die Sonnenexposition.<\/p>\n\n<\/div>\n<\/div>\n<div id=\"faq-question-1684396612039\" class=\"rank-math-list-item\">\n<h3 class=\"rank-math-question \">Kann das fertige Plasma in der Klinik gelagert werden, um es beim n\u00e4chsten Verfahren wieder zu verwenden?<\/h3>\n<div class=\"rank-math-answer \">\n\n<p>Plasma wird nicht gelagert, da die Lebensf\u00e4higkeit der Blutpl\u00e4ttchen nicht besonders hoch ist. Das Verfahren wird nur einmal und auf einmal durchgef\u00fchrt, d. h. Ihr eigenes Blut wird entnommen und unmittelbar nach der Zentrifugation in die Haut des Patienten injiziert.<\/p>\n\n<\/div>\n<\/div>\n<div id=\"faq-question-1684396613776\" class=\"rank-math-list-item\">\n<h3 class=\"rank-math-question \">Ist es m\u00f6glich, sich w\u00e4hrend der Plasmatherapie zu infizieren?<\/h3>\n<div class=\"rank-math-answer \">\n\n<p>Nein, denn das Blut wird dem Patienten entnommen und nicht einer anderen Person. Alle Instrumente und Verbrauchsmaterialien sind steril und Einwegartikel und werden nach dem Eingriff entsorgt.<\/p>\n\n<\/div>\n<\/div>\n<div id=\"faq-question-1684396615610\" class=\"rank-math-list-item\">\n<h3 class=\"rank-math-question \">Kann die Plasmatherapie die Ressourcen des K\u00f6rpers ersch\u00f6pfen?<\/h3>\n<div class=\"rank-math-answer \">\n\n<p>Nein, das tut es nicht. Dem Patienten werden nur wenige Milliliter Blut entnommen, die dann leicht ver\u00e4ndert zur\u00fcckgegeben werden. Daher sp\u00fcrt der K\u00f6rper keinen Verlust, und es entstehen keine gesundheitlichen Sch\u00e4den nach dem Eingriff.<\/p>\n\n<\/div>\n<\/div>\n<div id=\"faq-question-1684396616552\" class=\"rank-math-list-item\">\n<h3 class=\"rank-math-question \">Kann ich im Sommer eine Plasmatherapie machen?<\/h3>\n<div class=\"rank-math-answer \">\n\n<p>Der Sommer gilt als die ideale Zeit f\u00fcr PRP-Verfahren. Die heilenden Komponenten des pl\u00e4ttchenreichen Plasmas wirken dem Auftreten von Altersflecken auf Gesicht und K\u00f6rper im Sommer entgegen. Die Dauer des Verj\u00fcngungseffekts nach dem Plasmolifting h\u00e4ngt vom Alter und vom Lebensstil der Patientin ab.<\/p>\n\n<\/div>\n<\/div>\n<div id=\"faq-question-1684397191902\" class=\"rank-math-list-item\">\n<h3 class=\"rank-math-question \">Wie schmerzhaft sind die Injektionen der Plasmatherapie?<\/h3>\n<div class=\"rank-math-answer \">\n\n<p>Vor dem Eingriff wird ein spezielles Bet\u00e4ubungsgel f\u00fcr 15 Minuten auf das Gesicht aufgetragen, so dass keine schmerzhaften Empfindungen auftreten sollten.<\/p>\n\n<\/div>\n<\/div>\n<\/div>\n<\/div>\n<h2 class=\"wp-block-heading\" id=\"history\">Geschichte<\/h2>\n\n<h3 class=\"wp-block-heading\" id=\"the-first-application-of-plasma-therapy-dates-back-to-1999\">Die erste Anwendung der Plasmatherapie geht auf das Jahr 1999 zur\u00fcck<\/h3>\n\n<p>als plastische Chirurgen pl\u00e4ttchenangereichertes Plasma zur Verj\u00fcngung der Haut eines Patienten verwendeten. Zur gleichen Zeit setzte sich die Methode in der Traumatologie durch: Die Sportverletzungen der Patienten heilten nach der PRP-Therapie in Rekordzeit.<br\/>Heute wird diese Therapieform in der Dermatologie, der Kosmetologie und der plastischen Chirurgie eingesetzt, und die Liste der Krankheiten, die mit der PRP-Therapie behandelt werden k\u00f6nnen, hat sich erheblich erweitert.<\/p>\n","protected":false},"excerpt":{"rendered":"<p>Die Plasmatherapie ist ein Verfahren, bei dem Sie mit Ihrem eigenen mit Blutpl\u00e4ttchen angereicherten Blutplasma behandelt werden. Was ist also [&hellip;]<\/p>\n","protected":false},"author":4,"featured_media":92977,"parent":0,"menu_order":0,"comment_status":"closed","ping_status":"closed","template":"","meta":{"site-sidebar-layout":"default","site-content-layout":"","ast-site-content-layout":"default","site-content-style":"default","site-sidebar-style":"default","ast-global-header-display":"","ast-banner-title-visibility":"","ast-main-header-display":"","ast-hfb-above-header-display":"","ast-hfb-below-header-display":"","ast-hfb-mobile-header-display":"","site-post-title":"","ast-breadcrumbs-content":"","ast-featured-img":"","footer-sml-layout":"","ast-disable-related-posts":"","theme-transparent-header-meta":"","adv-header-id-meta":"","stick-header-meta":"","header-above-stick-meta":"","header-main-stick-meta":"","header-below-stick-meta":"","astra-migrate-meta-layouts":"default","ast-page-background-enabled":"default","ast-page-background-meta":{"desktop":{"background-color":"var(--ast-global-color-4)","background-image":"","background-repeat":"repeat","background-position":"center center","background-size":"auto","background-attachment":"scroll","background-type":"","background-media":"","overlay-type":"","overlay-color":"","overlay-opacity":"","overlay-gradient":""},"tablet":{"background-color":"","background-image":"","background-repeat":"repeat","background-position":"center center","background-size":"auto","background-attachment":"scroll","background-type":"","background-media":"","overlay-type":"","overlay-color":"","overlay-opacity":"","overlay-gradient":""},"mobile":{"background-color":"","background-image":"","background-repeat":"repeat","background-position":"center center","background-size":"auto","background-attachment":"scroll","background-type":"","background-media":"","overlay-type":"","overlay-color":"","overlay-opacity":"","overlay-gradient":""}},"ast-content-background-meta":{"desktop":{"background-color":"var(--ast-global-color-5)","background-image":"","background-repeat":"repeat","background-position":"center center","background-size":"auto","background-attachment":"scroll","background-type":"","background-media":"","overlay-type":"","overlay-color":"","overlay-opacity":"","overlay-gradient":""},"tablet":{"background-color":"var(--ast-global-color-5)","background-image":"","background-repeat":"repeat","background-position":"center center","background-size":"auto","background-attachment":"scroll","background-type":"","background-media":"","overlay-type":"","overlay-color":"","overlay-opacity":"","overlay-gradient":""},"mobile":{"background-color":"var(--ast-global-color-5)","background-image":"","background-repeat":"repeat","background-position":"center center","background-size":"auto","background-attachment":"scroll","background-type":"","background-media":"","overlay-type":"","overlay-color":"","overlay-opacity":"","overlay-gradient":""}},"footnotes":""},"class_list":["post-145827","page","type-page","status-publish","has-post-thumbnail","hentry"],"_links":{"self":[{"href":"https:\/\/medclinics.com\/de\/wp-json\/wp\/v2\/pages\/145827","targetHints":{"allow":["GET"]}}],"collection":[{"href":"https:\/\/medclinics.com\/de\/wp-json\/wp\/v2\/pages"}],"about":[{"href":"https:\/\/medclinics.com\/de\/wp-json\/wp\/v2\/types\/page"}],"author":[{"embeddable":true,"href":"https:\/\/medclinics.com\/de\/wp-json\/wp\/v2\/users\/4"}],"replies":[{"embeddable":true,"href":"https:\/\/medclinics.com\/de\/wp-json\/wp\/v2\/comments?post=145827"}],"version-history":[{"count":0,"href":"https:\/\/medclinics.com\/de\/wp-json\/wp\/v2\/pages\/145827\/revisions"}],"wp:featuredmedia":[{"embeddable":true,"href":"https:\/\/medclinics.com\/de\/wp-json\/wp\/v2\/media\/92977"}],"wp:attachment":[{"href":"https:\/\/medclinics.com\/de\/wp-json\/wp\/v2\/media?parent=145827"}],"curies":[{"name":"wp","href":"https:\/\/api.w.org\/{rel}","templated":true}]}}