{"id":145791,"date":"2023-05-18T06:43:00","date_gmt":"2023-05-18T03:43:00","guid":{"rendered":"https:\/\/medclinics.com\/mundkrebs\/"},"modified":"2025-01-02T19:03:14","modified_gmt":"2025-01-02T16:03:14","slug":"mundkrebs","status":"publish","type":"page","link":"https:\/\/medclinics.com\/de\/mundkrebs\/","title":{"rendered":"Mundkrebs"},"content":{"rendered":"\n<h2 class=\"wp-block-heading\" id=\"isPasted\">Umfassende Diagnose und Behandlung von Mundkrebs<\/h2>\n\n<h3 class=\"wp-block-heading\">Was ist Mundkrebs?<\/h3>\n\n<p>Mundh\u00f6hlenkrebs ist Krebs, der sich in jedem Teil der Mundh\u00f6hle entwickelt, einschlie\u00dflich der Lippen, der Zunge, der Wangen, des Mundbodens, des harten und weichen Gaumens, der Nebenh\u00f6hlen und des Rachens. Die Fr\u00fcherkennung ist f\u00fcr eine wirksame Behandlung sehr wichtig. Zu den Symptomen, auf die Sie achten sollten, geh\u00f6ren anhaltende Wunden im Mund, Klumpen, wei\u00dfe oder rote Flecken, Schluckbeschwerden und unerkl\u00e4rliche Blutungen.<\/p>\n\n<h3 class=\"wp-block-heading\">Diagnose von Mundkrebs<\/h3>\n\n<p>Die Diagnose von <a href=\"https:\/\/en.wikipedia.org\/wiki\/Oral_cancer\" target=\"_blank\" rel=\"noreferrer noopener\">Mundkrebs<\/a> erfordert eine umfassende Untersuchung durch eine medizinische Fachkraft. Wenn verd\u00e4chtige Bereiche entdeckt werden, wird eine Biopsie durchgef\u00fchrt, um Gewebeproben f\u00fcr die weitere Analyse in einem Labor zu entnehmen. Auf diese Weise k\u00f6nnen die Krebszellen entdeckt werden.<\/p>\n\n<h3 class=\"wp-block-heading\">Bildgebende Studien<\/h3>\n\n<p>Bildgebende Untersuchungen wie z.B. R\u00f6ntgenaufnahmen, CT-Scans und MRT sind weitere wichtige Diagnoseverfahren. Mit diesen Methoden k\u00f6nnen die \u00c4rzte die Mundh\u00f6hle und das umliegende Gewebe sehen. Dies ist wichtig f\u00fcr die genaue Einstufung des Krebses.<\/p>\n\n<h3 class=\"wp-block-heading\">Bluttests und HPV-Tests<\/h3>\n\n<p>Bluttests k\u00f6nnen Marker nachweisen, die auf das Vorhandensein von Krebszellen hinweisen. Auch der Test auf HPV ist wichtig, denn HPV ist ein bedeutender Risikofaktor f\u00fcr die Entstehung von Mundkrebs.<\/p>\n\n<h3 class=\"wp-block-heading\">Behandlungsm\u00f6glichkeiten<\/h3>\n\n<p>Nach gr\u00fcndlichen Untersuchungen und Tests helfen die Ergebnisse dabei, die am besten geeigneten Behandlungsm\u00f6glichkeiten zu bestimmen. Die Behandlungspl\u00e4ne werden je nach Schweregrad und Stadium der Krebserkrankung angepasst. Die Behandlung muss f\u00fcr jeden Patienten individuell angepasst werden. Normalerweise gibt es eine Operation, Strahlentherapie und Chemotherapie.<\/p>\n\n<h3 class=\"wp-block-heading\">Chirurgie<\/h3>\n\n<p>Die chirurgische Behandlung umfasst die Entfernung des Krebsgewebes und in einigen F\u00e4llen auch der nahe gelegenen Lymphknoten. Der Umfang der Operation h\u00e4ngt von der Gr\u00f6\u00dfe und Lage des Tumors ab. Manchmal ist eine rekonstruktive Operation erforderlich, um das Aussehen und die Funktion des betroffenen Bereichs wiederherzustellen.<\/p>\n\n<h3 class=\"wp-block-heading\">Strahlentherapie<\/h3>\n\n<p>Bei der Strahlentherapie werden hochenergetische Strahlen eingesetzt, um Krebszellen zu zerst\u00f6ren. Sie kann allein oder in Kombination mit einer Operation eingesetzt werden. Diese Behandlung zielt auf die Krebszellen ab und schont gleichzeitig das umliegende gesunde Gewebe.<\/p>\n\n<h3 class=\"wp-block-heading\">Chemotherapie<\/h3>\n\n<p>Bei der Chemotherapie werden Medikamente eingesetzt, um Krebszellen abzut\u00f6ten. Es kann oral eingenommen oder intraven\u00f6s verabreicht werden und wird oft mit anderen Behandlungen kombiniert. Die Chemotherapie ist besonders wirksam bei Krebserkrankungen, die sich \u00fcber den urspr\u00fcnglichen Ort hinaus ausgebreitet haben.<\/p>\n\n<h3 class=\"wp-block-heading\">Fazit<\/h3>\n\n<p>Eine fr\u00fchzeitige Diagnose und Behandlung sind entscheidend f\u00fcr die Verbesserung der Ergebnisse und \u00dcberlebensraten von Patienten mit Mundh\u00f6hlenkrebs. Regelm\u00e4\u00dfige zahn\u00e4rztliche Kontrolluntersuchungen und das Erkennen von Symptomen k\u00f6nnen zu einer fr\u00fchzeitigen Erkennung f\u00fchren. Wenn Sie Anzeichen von Mundkrebs bemerken, wenden Sie sich f\u00fcr eine gr\u00fcndliche Untersuchung und entsprechende Tests an einen Arzt.<\/p>\n\n<p>Eine gute Mundhygiene, der Verzicht auf Tabak und \u00fcberm\u00e4\u00dfigen Alkoholkonsum sowie eine HPV-Impfung sind wichtige Pr\u00e4ventivma\u00dfnahmen. Wenn Sie weitere Informationen ben\u00f6tigen oder vermuten, dass Sie an Mundkrebs erkrankt sein k\u00f6nnten, wenden Sie sich f\u00fcr eine umfassende Untersuchung an Ihren medizinischen Betreuer.<\/p>\n\n<p>Wenn Sie den Diagnoseprozess und die verf\u00fcgbaren Behandlungen verstehen, k\u00f6nnen Sie fundierte Entscheidungen \u00fcber Ihre Gesundheit treffen. Fr\u00fchzeitiges Eingreifen ist der Schl\u00fcssel zu einer effektiven Behandlung von Mundkrebs und zur Erhaltung einer hohen Lebensqualit\u00e4t.<\/p>\n\n<h3 class=\"wp-block-heading\">Alles, was Sie \u00fcber <a href=\"https:\/\/medclinics.com\/dental-treatment\/\" target=\"_blank\" rel=\"noreferrer noopener\">Zahnbehandlungen<\/a> wissen sollten, einschlie\u00dflich Preis, Nachsorge und Heilungsprozess, finden Sie hier. Oder <a href=\"#requestform\">kontaktieren Sie uns direkt jetzt!<\/a><\/h3>\n\n<figure class=\"wp-block-image size-full\"><img fetchpriority=\"high\" decoding=\"async\" width=\"960\" height=\"540\" src=\"https:\/\/medclinics.com\/wp-content\/uploads\/2023\/07\/oral-cancer-near-me.jpg\" alt=\"Mundkrebs-Symptome\" class=\"wp-image-98297\" srcset=\"https:\/\/medclinics.com\/wp-content\/uploads\/2023\/07\/oral-cancer-near-me.jpg 960w, https:\/\/medclinics.com\/wp-content\/uploads\/2023\/07\/oral-cancer-near-me-500x281.jpg 500w, https:\/\/medclinics.com\/wp-content\/uploads\/2023\/07\/oral-cancer-near-me-768x432.jpg 768w, https:\/\/medclinics.com\/wp-content\/uploads\/2023\/07\/oral-cancer-near-me-24x14.jpg 24w, https:\/\/medclinics.com\/wp-content\/uploads\/2023\/07\/oral-cancer-near-me-36x20.jpg 36w, https:\/\/medclinics.com\/wp-content\/uploads\/2023\/07\/oral-cancer-near-me-48x27.jpg 48w\" sizes=\"(max-width: 960px) 100vw, 960px\" \/><\/figure>\n\n<h2 class=\"wp-block-heading\">FAQ<\/h2>\n<div id=\"rank-math-faq\" class=\"rank-math-block\">\n<div class=\"rank-math-list \">\n<div id=\"faq-question-1682666956133\" class=\"rank-math-list-item\">\n<h3 class=\"rank-math-question \">Wie wird Mundkrebs behandelt?<\/h3>\n<div class=\"rank-math-answer \">\n\n<p>Die Behandlung von Mundh\u00f6hlenkrebs umfasst verschiedene Ans\u00e4tze, die von Faktoren wie dem Stadium und der Lokalisation des Krebses sowie dem allgemeinen Gesundheitszustand des Patienten abh\u00e4ngen. Zu den wichtigsten Behandlungsm\u00f6glichkeiten geh\u00f6ren Operation, Strahlentherapie, Chemotherapie, gezielte Therapie und Immuntherapie. Bei der Operation werden der Krebstumor und das umliegende Gewebe entfernt, w\u00e4hrend bei der Strahlentherapie hochenergetische Strahlen eingesetzt werden, um Krebszellen abzut\u00f6ten. Bei der Chemotherapie werden Krebsmedikamente eingesetzt, um Krebszellen zu zerst\u00f6ren, w\u00e4hrend die zielgerichtete Therapie speziell auf Krebszellen oder molekulare Marker abzielt. Die Immuntherapie st\u00e4rkt das k\u00f6rpereigene Immunsystem, um Krebszellen zu erkennen und zu eliminieren. Die Wahl der Behandlung oder der Kombination von Behandlungen wird von einem multidisziplin\u00e4ren Team aus medizinischen Fachkr\u00e4ften getroffen. Regelm\u00e4\u00dfige Nachsorge und unterst\u00fctzende Pflege sind entscheidend f\u00fcr die Behandlung dieser Krebsart und die Minimierung behandlungsbedingter Nebenwirkungen.<\/p>\n\n<\/div>\n<\/div>\n<div id=\"faq-question-1684245753385\" class=\"rank-math-list-item\">\n<h3 class=\"rank-math-question \">Wie entsteht Mundkrebs?<\/h3>\n<div class=\"rank-math-answer \">\n\n<p>Mundh\u00f6hlenkrebs entsteht in der Regel in den Zellen, die den Mund- und Rachenraum auskleiden. Zu den wichtigsten Risikofaktoren geh\u00f6ren Tabakkonsum, \u00fcberm\u00e4\u00dfiger Alkoholkonsum, HPV-Infektion, famili\u00e4re Vorbelastung, schlechte Mundhygiene, ein geschw\u00e4chtes Immunsystem und eine ungesunde Ern\u00e4hrung. Regelm\u00e4\u00dfige zahn\u00e4rztliche Kontrolluntersuchungen und Screenings sind f\u00fcr die Fr\u00fcherkennung von entscheidender Bedeutung.<\/p>\n\n<\/div>\n<\/div>\n<div id=\"faq-question-1684245846121\" class=\"rank-math-list-item\">\n<h3 class=\"rank-math-question \">Warum entsteht Mundkrebs?<\/h3>\n<div class=\"rank-math-answer \">\n\n<p>Die genaue Ursache von Mundh\u00f6hlenkrebs ist nicht immer bekannt, aber es gibt mehrere Faktoren, die das Erkrankungsrisiko erh\u00f6hen k\u00f6nnen. Zu den Hauptrisikofaktoren geh\u00f6ren Tabakkonsum (einschlie\u00dflich Rauchen und rauchfreier Tabak), \u00fcberm\u00e4\u00dfiger Alkoholkonsum, bestimmte St\u00e4mme des humanen Papillomavirus (HPV), ein geschw\u00e4chtes Immunsystem, schlechte Mundhygiene, eine Ern\u00e4hrung mit wenig Obst und Gem\u00fcse sowie eine famili\u00e4re Vorbelastung mit Mundkrebs. Es ist wichtig zu wissen, dass ein oder mehrere dieser Risikofaktoren nicht unbedingt bedeuten, dass eine Person an Mundkrebs erkranken wird, aber sie k\u00f6nnen die Wahrscheinlichkeit erh\u00f6hen. Regelm\u00e4\u00dfige zahn\u00e4rztliche Untersuchungen und eine gesunde Lebensweise sind wichtig, um das Mundkrebsrisiko zu senken.<\/p>\n\n<\/div>\n<\/div>\n<\/div>\n<\/div>\n<h3 class=\"wp-block-heading\"><a href=\"#requestform\" target=\"_blank\" rel=\"noreferrer noopener\">Kontaktieren Sie uns<\/a> jetzt, falls Sie Fragen haben!<\/h3>\n","protected":false},"excerpt":{"rendered":"<p>Umfassende Diagnose und Behandlung von Mundkrebs Was ist Mundkrebs? Mundh\u00f6hlenkrebs ist Krebs, der sich in jedem Teil der Mundh\u00f6hle entwickelt, [&hellip;]<\/p>\n","protected":false},"author":4,"featured_media":92377,"parent":0,"menu_order":0,"comment_status":"closed","ping_status":"closed","template":"","meta":{"site-sidebar-layout":"default","site-content-layout":"","ast-site-content-layout":"default","site-content-style":"default","site-sidebar-style":"default","ast-global-header-display":"","ast-banner-title-visibility":"","ast-main-header-display":"","ast-hfb-above-header-display":"","ast-hfb-below-header-display":"","ast-hfb-mobile-header-display":"","site-post-title":"","ast-breadcrumbs-content":"","ast-featured-img":"","footer-sml-layout":"","ast-disable-related-posts":"","theme-transparent-header-meta":"","adv-header-id-meta":"","stick-header-meta":"","header-above-stick-meta":"","header-main-stick-meta":"","header-below-stick-meta":"","astra-migrate-meta-layouts":"default","ast-page-background-enabled":"default","ast-page-background-meta":{"desktop":{"background-color":"var(--ast-global-color-4)","background-image":"","background-repeat":"repeat","background-position":"center center","background-size":"auto","background-attachment":"scroll","background-type":"","background-media":"","overlay-type":"","overlay-color":"","overlay-opacity":"","overlay-gradient":""},"tablet":{"background-color":"","background-image":"","background-repeat":"repeat","background-position":"center center","background-size":"auto","background-attachment":"scroll","background-type":"","background-media":"","overlay-type":"","overlay-color":"","overlay-opacity":"","overlay-gradient":""},"mobile":{"background-color":"","background-image":"","background-repeat":"repeat","background-position":"center center","background-size":"auto","background-attachment":"scroll","background-type":"","background-media":"","overlay-type":"","overlay-color":"","overlay-opacity":"","overlay-gradient":""}},"ast-content-background-meta":{"desktop":{"background-color":"var(--ast-global-color-5)","background-image":"","background-repeat":"repeat","background-position":"center center","background-size":"auto","background-attachment":"scroll","background-type":"","background-media":"","overlay-type":"","overlay-color":"","overlay-opacity":"","overlay-gradient":""},"tablet":{"background-color":"var(--ast-global-color-5)","background-image":"","background-repeat":"repeat","background-position":"center center","background-size":"auto","background-attachment":"scroll","background-type":"","background-media":"","overlay-type":"","overlay-color":"","overlay-opacity":"","overlay-gradient":""},"mobile":{"background-color":"var(--ast-global-color-5)","background-image":"","background-repeat":"repeat","background-position":"center center","background-size":"auto","background-attachment":"scroll","background-type":"","background-media":"","overlay-type":"","overlay-color":"","overlay-opacity":"","overlay-gradient":""}},"footnotes":""},"class_list":["post-145791","page","type-page","status-publish","has-post-thumbnail","hentry"],"_links":{"self":[{"href":"https:\/\/medclinics.com\/de\/wp-json\/wp\/v2\/pages\/145791","targetHints":{"allow":["GET"]}}],"collection":[{"href":"https:\/\/medclinics.com\/de\/wp-json\/wp\/v2\/pages"}],"about":[{"href":"https:\/\/medclinics.com\/de\/wp-json\/wp\/v2\/types\/page"}],"author":[{"embeddable":true,"href":"https:\/\/medclinics.com\/de\/wp-json\/wp\/v2\/users\/4"}],"replies":[{"embeddable":true,"href":"https:\/\/medclinics.com\/de\/wp-json\/wp\/v2\/comments?post=145791"}],"version-history":[{"count":0,"href":"https:\/\/medclinics.com\/de\/wp-json\/wp\/v2\/pages\/145791\/revisions"}],"wp:featuredmedia":[{"embeddable":true,"href":"https:\/\/medclinics.com\/de\/wp-json\/wp\/v2\/media\/92377"}],"wp:attachment":[{"href":"https:\/\/medclinics.com\/de\/wp-json\/wp\/v2\/media?parent=145791"}],"curies":[{"name":"wp","href":"https:\/\/api.w.org\/{rel}","templated":true}]}}