{"id":145769,"date":"2023-05-16T13:31:27","date_gmt":"2023-05-16T10:31:27","guid":{"rendered":"https:\/\/medclinics.com\/porzellan-laminat-furnier\/"},"modified":"2025-01-02T19:03:42","modified_gmt":"2025-01-02T16:03:42","slug":"porzellan-laminat-furnier","status":"publish","type":"page","link":"https:\/\/medclinics.com\/de\/porzellan-laminat-furnier\/","title":{"rendered":"Porzellan-Laminat-Furnier"},"content":{"rendered":"\n<h2 class=\"wp-block-heading\">Versch\u00f6nern Sie Ihr L\u00e4cheln mit Porzellan-Laminat-Veneers<\/h2>\n\n<p>M\u00f6chten Sie Ihrem L\u00e4cheln ein bemerkenswertes Upgrade geben?\n<a href=\"https:\/\/en.wikipedia.org\/wiki\/Veneer_(dentistry)\" target=\"_blank\" rel=\"noreferrer noopener\">Porzellan-Laminat-Veneers<\/a> k\u00f6nnten genau das sein, was Sie brauchen.\nDiese unglaublich d\u00fcnnen Verblendschalen k\u00f6nnen die Form, Gr\u00f6\u00dfe und Farbe Ihrer Z\u00e4hne vollst\u00e4ndig ver\u00e4ndern.\nDas Ergebnis ist ein sch\u00f6nes und nat\u00fcrlich aussehendes L\u00e4cheln.\nAufgrund der verbl\u00fcffenden und lang anhaltenden Ergebnisse wird diese Option von vielen Patienten bevorzugt.    <\/p>\n\n<h3 class=\"wp-block-heading\">Warum sind Porzellanlaminat-Veneers eine gute Wahl?<\/h3>\n\n<p>Porzellanlaminat-Veneers bieten viele Vorteile, die sie zu einer hervorragenden Wahl f\u00fcr die Versch\u00f6nerung Ihres L\u00e4chelns machen:<\/p>\n\n<h4 class=\"wp-block-heading\">Ein sehr nat\u00fcrlicher Look: <\/h4>\n\n<p>Der gro\u00dfe Vorteil von Porzellan-Veneers ist ihre F\u00e4higkeit, die lichtreflektierenden Eigenschaften der nat\u00fcrlichen Z\u00e4hne zu reproduzieren.\nDies verleiht Ihrem L\u00e4cheln ein nat\u00fcrliches und lebensechtes Aussehen. <\/p>\n\n<h4 class=\"wp-block-heading\">Langlebig und strapazierf\u00e4hig:<\/h4>\n\n<p>Porzellanlaminatfurniere sind f\u00fcr ihre St\u00e4rke und Langlebigkeit bekannt.\nBei richtiger Pflege &#8211; Z\u00e4hneputzen, Zahnseide und Zahnarztbesuche &#8211; k\u00f6nnen sie viele Jahre lang halten und sind dabei widerstandsf\u00e4higer gegen Flecken als nat\u00fcrliche Z\u00e4hne, so dass sie noch viele Jahre lang ihr strahlendes Aussehen behalten. <\/p>\n\n<h4 class=\"wp-block-heading\">Weniger invasiv: <\/h4>\n\n<p>Im Vergleich zu anderen Techniken der Zahnrestauration ist das Anbringen von Porzellanveneers minimalinvasiv.\nEs muss nur ein kleiner Teil des urspr\u00fcnglichen Zahnschmelzes entfernt werden, wodurch der Eingriff schneller und weniger schmerzhaft ist. <\/p>\n\n<h4 class=\"wp-block-heading\">Vielseitige L\u00f6sung: <\/h4>\n\n<p>Diese Veneers sind sehr vielseitig und k\u00f6nnen verschiedene Zahnprobleme beheben, wie z.B. Verf\u00e4rbungen, abgesplitterte oder abgebrochene Z\u00e4hne, leichte Fehlstellungen und L\u00fccken zwischen den Z\u00e4hnen.\nIhre Anpassungsf\u00e4higkeit macht sie zu einem umfassenden Heilmittel f\u00fcr mehrere Unvollkommenheiten in einem Paket. <\/p>\n\n<h4 class=\"wp-block-heading\">Schnelle Ergebnisse: <\/h4>\n\n<p>Im Gegensatz zu kieferorthop\u00e4dischen Behandlungen, bei denen es Jahre dauern kann, bis sich deutliche Ver\u00e4nderungen zeigen, bieten Porzellanveneers eine schnelle Verwandlung.\nSie k\u00f6nnen in nur wenigen Zahnarztbesuchen ein neues L\u00e4cheln erreichen. <\/p>\n\n<h3 class=\"wp-block-heading\">Der Prozess der Furnieranwendung<\/h3>\n\n<p>Die Anfertigung von Porzellanveneers umfasst mehrere wichtige Schritte:<\/p>\n\n<p><strong>Erste Konsultation:<\/strong> Ihre Reise beginnt mit einem Beratungsgespr\u00e4ch, in dem Ihr Zahnarzt Ihre Ziele f\u00fcr Ihr L\u00e4cheln bespricht und Ihre Z\u00e4hne untersucht, um festzustellen, ob Veneers f\u00fcr Sie geeignet sind.\nMan wird Ihnen jeden Schritt des Verfahrens erkl\u00e4ren, damit Sie genau wissen, was Sie erwartet. <\/p>\n\n<p><strong>Vorbereitung der Z\u00e4hne<\/strong>: Beim n\u00e4chsten Termin wird Ihr Zahnarzt Ihre Z\u00e4hne vorbereiten, indem er eine kleine Menge Zahnschmelz von der Oberfl\u00e4che entfernt.\nDies muss geschehen, damit die Veneers richtig auf Ihren Z\u00e4hnen verankert werden k\u00f6nnen <\/p>\n\n<p><strong>Aufnahme von Abdr\u00fccken:<\/strong> Nach der Vorbereitung Ihrer Z\u00e4hne wird Ihr Zahnarzt detaillierte Abdr\u00fccke nehmen.\nDiese Abdr\u00fccke werden an ein Dentallabor geschickt, wo Ihre individuellen Veneers hergestellt werden. <\/p>\n\n<p><strong>Anbringen der Veneers: <\/strong>Sobald Ihre Veneers fertig sind, setzt Ihr Zahnarzt sie auf Ihre Z\u00e4hne, um die Passform und die Farb\u00fcbereinstimmung zu \u00fcberpr\u00fcfen.\nNachdem die notwendigen Anpassungen vorgenommen wurden, werden die Veneers mit einem Spezialkleber dauerhaft auf Ihre Z\u00e4hne geklebt. <\/p>\n\n<p><strong>Letzte Anpassungen: <\/strong>Ihr Zahnarzt nimmt die letzten Anpassungen vor, um sicherzustellen, dass Ihr Biss korrekt ist und die Veneers so nat\u00fcrlich wie m\u00f6glich aussehen. <\/p>\n\n<h3 class=\"wp-block-heading\">Pflege Ihrer Porzellanveneers<\/h3>\n\n<p>Damit Ihre Porzellanveneers optimal aussehen und ihre Langlebigkeit gew\u00e4hrleisten, sollten Sie diese Pflegetipps beachten:<\/p>\n\n<p>** <strong>Pflegen Sie eine<\/strong> <strong>gute Mundhygiene<\/strong>: Putzen Sie Ihre Veneers t\u00e4glich mit Zahnb\u00fcrste und Zahnseide, genau wie Ihre nat\u00fcrlichen Z\u00e4hne, um sie sauber und frei von Plaque zu halten.<br\/>** <strong>Vermeiden Sie harte Lebensmittel<\/strong>: Obwohl Porzellan-Veneers haltbar sind, ist es ratsam, nicht auf sehr harte Lebensmittel oder Gegenst\u00e4nde zu bei\u00dfen, um Sch\u00e4den zu vermeiden.<br\/>** <strong>Regelm\u00e4\u00dfige zahn\u00e4rztliche Kontrolluntersuchungen:<\/strong> Gehen Sie regelm\u00e4\u00dfig zu Ihrem Zahnarzt f\u00fcr Kontrolluntersuchungen und professionelle Reinigungen, um sowohl Ihre Veneers als auch Ihre allgemeine Zahngesundheit in einem Top-Zustand zu halten.<br\/>** <strong>Verwenden Sie sanfte Zahnpasta<\/strong>: W\u00e4hlen Sie eine nicht scheuernde Zahnpasta, um Kratzer auf der Oberfl\u00e4che Ihrer Veneers zu vermeiden.<\/p>\n\n<h3 class=\"wp-block-heading\">Bevor Sie sich entscheiden &#8230;<\/h3>\n\n<p>Es ist wichtig, daran zu denken, dass die Anfertigung von Porzellanveneers ein irreversibler Prozess ist, da ein Teil der urspr\u00fcnglichen Zahnsubstanz entfernt wird.\nAber angesichts der unglaublichen Vorteile ist es sicherlich eine \u00dcberlegung wert.\nWenn Ihre Z\u00e4hne und Ihr Zahnfleisch gesund sind und Sie eine deutliche Verbesserung Ihres L\u00e4chelns w\u00fcnschen, k\u00f6nnten Porzellanveneers die perfekte L\u00f6sung f\u00fcr Sie sein.  <\/p>\n\n<p>Um das Beste aus Ihrer neuen Investition in Ihr L\u00e4cheln zu machen, sollten Sie Ihre Veneers schonend behandeln und Aktivit\u00e4ten vermeiden, die \u00fcberm\u00e4\u00dfigen Druck auf sie aus\u00fcben k\u00f6nnten.\nWarten Sie nicht l\u00e4nger und nutzen Sie die Chance, Ihre Veneers gleich jetzt zu bekommen!  <\/p>\n\n<p>Porzellan-Laminat-Veneers k\u00f6nnen Ihnen das L\u00e4cheln schenken, das Sie sich schon immer gew\u00fcnscht haben.\nMit ihrem nat\u00fcrlichen Aussehen, ihrer Langlebigkeit und ihren schnellen Ergebnissen sind sie eine hervorragende Investition in Ihr Selbstvertrauen und Ihr Aussehen.\nWenn Sie dar\u00fcber nachdenken, Ihr L\u00e4cheln zu versch\u00f6nern, sprechen Sie mit Ihrem Zahnarzt, um herauszufinden, ob Porzellanveneers die richtige Wahl f\u00fcr Sie sind.  <\/p>\n\n<h4 class=\"wp-block-heading\">Sind Sie bereit, Ihr L\u00e4cheln zu ver\u00e4ndern?\nNehmen Sie jetzt Kontakt mit uns auf, MedClinics wird Sie durch den Prozess begleiten!  <\/h4>\n\n<h3 class=\"wp-block-heading\">Alles, was Sie \u00fcber <a href=\"https:\/\/medclinics.com\/dental-treatment\/\" target=\"_blank\" rel=\"noreferrer noopener\">Zahnbehandlungen<\/a> wissen sollten, einschlie\u00dflich Preis, Nachsorge und Heilungsprozess, finden Sie hier. Oder <a href=\"#requestform\">kontaktieren Sie uns direkt jetzt!<\/a><\/h3>\n\n<figure class=\"wp-block-image size-large\"><img fetchpriority=\"high\" decoding=\"async\" width=\"7360\" height=\"4912\" src=\"https:\/\/medclinics.com\/wp-content\/uploads\/2023\/05\/porcelain-laminate-veneer.png\" alt=\"Porzellan-Laminat-Furnier\" class=\"wp-image-85775\" srcset=\"https:\/\/medclinics.com\/wp-content\/uploads\/2023\/05\/porcelain-laminate-veneer.png 7360w, https:\/\/medclinics.com\/wp-content\/uploads\/2023\/05\/porcelain-laminate-veneer-500x334.png 500w, https:\/\/medclinics.com\/wp-content\/uploads\/2023\/05\/porcelain-laminate-veneer-1024x683.png 1024w, https:\/\/medclinics.com\/wp-content\/uploads\/2023\/05\/porcelain-laminate-veneer-768x513.png 768w, https:\/\/medclinics.com\/wp-content\/uploads\/2023\/05\/porcelain-laminate-veneer-1536x1025.png 1536w, https:\/\/medclinics.com\/wp-content\/uploads\/2023\/05\/porcelain-laminate-veneer-2048x1367.png 2048w, https:\/\/medclinics.com\/wp-content\/uploads\/2023\/05\/porcelain-laminate-veneer-24x16.png 24w, https:\/\/medclinics.com\/wp-content\/uploads\/2023\/05\/porcelain-laminate-veneer-36x24.png 36w, https:\/\/medclinics.com\/wp-content\/uploads\/2023\/05\/porcelain-laminate-veneer-48x32.png 48w\" sizes=\"(max-width: 7360px) 100vw, 7360px\" \/><\/figure>\n\n<h2 class=\"wp-block-heading\">FAQ<\/h2>\n<div id=\"rank-math-faq\" class=\"rank-math-block\">\n<div class=\"rank-math-list \">\n<div id=\"faq-question-1682666956133\" class=\"rank-math-list-item\">\n<h3 class=\"rank-math-question \">Was sind Porzellanlaminat-Furniere?<\/h3>\n<div class=\"rank-math-answer \">\n\n<p>Porzellan-Laminat-Veneers sind d\u00fcnne Schalen aus Porzellan, die speziell f\u00fcr die vordere Oberfl\u00e4che der Z\u00e4hne angefertigt werden. Sie werden verwendet, um das Aussehen der Z\u00e4hne zu verbessern, indem ihre Farbe, Form und Ausrichtung verbessert werden. Mit Veneers k\u00f6nnen verschiedene kosmetische Probleme wie Verf\u00e4rbungen, abgesplitterte Z\u00e4hne, ungleiche Abst\u00e4nde und kleinere Fehlstellungen behoben werden. Der Prozess umfasst die Vorbereitung der Z\u00e4hne, Abdr\u00fccke und die Verklebung der Veneers mit den Z\u00e4hnen. Porzellanlaminat-Veneers sind f\u00fcr ihr nat\u00fcrliches Aussehen und ihre Langlebigkeit bekannt und bieten eine dauerhafte L\u00f6sung zur Versch\u00f6nerung Ihres L\u00e4chelns. Es ist wichtig, sich von einem Zahnarzt beraten zu lassen, um festzustellen, ob Veneers f\u00fcr Ihre speziellen Bed\u00fcrfnisse geeignet sind.<\/p>\n\n<\/div>\n<\/div>\n<div id=\"faq-question-1684243616949\" class=\"rank-math-list-item\">\n<h3 class=\"rank-math-question \">K\u00f6nnen meine Porzellanveneers abf\u00e4rben?<\/h3>\n<div class=\"rank-math-answer \">\n\n<p>Porzellanveneers sind sehr widerstandsf\u00e4hig gegen Verf\u00e4rbungen, k\u00f6nnen aber dennoch im Laufe der Zeit Oberfl\u00e4chenverf\u00e4rbungen aufweisen. Eine gute Mundhygiene und die Vermeidung eines \u00fcberm\u00e4\u00dfigen Konsums von fleckenverursachenden Substanzen k\u00f6nnen dazu beitragen, ihr Aussehen zu erhalten. Eine professionelle Zahnreinigung kann alle Oberfl\u00e4chenverf\u00e4rbungen entfernen und daf\u00fcr sorgen, dass Ihre Porzellanlaminat-Veneers nat\u00fcrlich aussehen.<\/p>\n\n<\/div>\n<\/div>\n<div id=\"faq-question-1684243725450\" class=\"rank-math-list-item\">\n<h3 class=\"rank-math-question \">K\u00f6nnen sich Porzellanverblendungen bewegen?<\/h3>\n<div class=\"rank-math-answer \">\n\n<p>Porzellan-Veneers sind so konzipiert, dass sie fest mit der Vorderseite Ihrer Z\u00e4hne verklebt werden, wodurch sie sich nicht bewegen oder verschieben k\u00f6nnen. Einmal richtig eingesetzt und verklebt, sollten Veneers stabil und in ihrer vorgesehenen Position bleiben. Es ist jedoch wichtig zu wissen, dass extreme Kr\u00e4fte oder Traumata an den Z\u00e4hnen die Veneers m\u00f6glicherweise verschieben oder besch\u00e4digen k\u00f6nnen. Es wird empfohlen, Gewohnheiten wie das Bei\u00dfen auf harte Gegenst\u00e4nde oder das Benutzen der Z\u00e4hne als Werkzeug zu vermeiden, um die Langlebigkeit und Integrit\u00e4t Ihrer Porzellanveneers zu sch\u00fctzen. Regelm\u00e4\u00dfige zahn\u00e4rztliche Kontrolluntersuchungen k\u00f6nnen die Stabilit\u00e4t und die einwandfreie Funktion Ihrer Veneers auf Dauer gew\u00e4hrleisten.<\/p>\n\n<\/div>\n<\/div>\n<\/div>\n<\/div>\n<h3 class=\"wp-block-heading\"><a href=\"#requestform\">Kontaktieren Sie uns<\/a> jetzt, falls Sie Fragen haben!<\/h3>\n","protected":false},"excerpt":{"rendered":"<p>Versch\u00f6nern Sie Ihr L\u00e4cheln mit Porzellan-Laminat-Veneers M\u00f6chten Sie Ihrem L\u00e4cheln ein bemerkenswertes Upgrade geben? Porzellan-Laminat-Veneers k\u00f6nnten genau das sein, was [&hellip;]<\/p>\n","protected":false},"author":4,"featured_media":92406,"parent":0,"menu_order":0,"comment_status":"closed","ping_status":"closed","template":"","meta":{"site-sidebar-layout":"default","site-content-layout":"","ast-site-content-layout":"default","site-content-style":"default","site-sidebar-style":"default","ast-global-header-display":"","ast-banner-title-visibility":"","ast-main-header-display":"","ast-hfb-above-header-display":"","ast-hfb-below-header-display":"","ast-hfb-mobile-header-display":"","site-post-title":"","ast-breadcrumbs-content":"","ast-featured-img":"","footer-sml-layout":"","ast-disable-related-posts":"","theme-transparent-header-meta":"","adv-header-id-meta":"","stick-header-meta":"","header-above-stick-meta":"","header-main-stick-meta":"","header-below-stick-meta":"","astra-migrate-meta-layouts":"default","ast-page-background-enabled":"default","ast-page-background-meta":{"desktop":{"background-color":"var(--ast-global-color-4)","background-image":"","background-repeat":"repeat","background-position":"center center","background-size":"auto","background-attachment":"scroll","background-type":"","background-media":"","overlay-type":"","overlay-color":"","overlay-opacity":"","overlay-gradient":""},"tablet":{"background-color":"","background-image":"","background-repeat":"repeat","background-position":"center center","background-size":"auto","background-attachment":"scroll","background-type":"","background-media":"","overlay-type":"","overlay-color":"","overlay-opacity":"","overlay-gradient":""},"mobile":{"background-color":"","background-image":"","background-repeat":"repeat","background-position":"center center","background-size":"auto","background-attachment":"scroll","background-type":"","background-media":"","overlay-type":"","overlay-color":"","overlay-opacity":"","overlay-gradient":""}},"ast-content-background-meta":{"desktop":{"background-color":"var(--ast-global-color-5)","background-image":"","background-repeat":"repeat","background-position":"center center","background-size":"auto","background-attachment":"scroll","background-type":"","background-media":"","overlay-type":"","overlay-color":"","overlay-opacity":"","overlay-gradient":""},"tablet":{"background-color":"var(--ast-global-color-5)","background-image":"","background-repeat":"repeat","background-position":"center center","background-size":"auto","background-attachment":"scroll","background-type":"","background-media":"","overlay-type":"","overlay-color":"","overlay-opacity":"","overlay-gradient":""},"mobile":{"background-color":"var(--ast-global-color-5)","background-image":"","background-repeat":"repeat","background-position":"center center","background-size":"auto","background-attachment":"scroll","background-type":"","background-media":"","overlay-type":"","overlay-color":"","overlay-opacity":"","overlay-gradient":""}},"footnotes":""},"class_list":["post-145769","page","type-page","status-publish","has-post-thumbnail","hentry"],"_links":{"self":[{"href":"https:\/\/medclinics.com\/de\/wp-json\/wp\/v2\/pages\/145769","targetHints":{"allow":["GET"]}}],"collection":[{"href":"https:\/\/medclinics.com\/de\/wp-json\/wp\/v2\/pages"}],"about":[{"href":"https:\/\/medclinics.com\/de\/wp-json\/wp\/v2\/types\/page"}],"author":[{"embeddable":true,"href":"https:\/\/medclinics.com\/de\/wp-json\/wp\/v2\/users\/4"}],"replies":[{"embeddable":true,"href":"https:\/\/medclinics.com\/de\/wp-json\/wp\/v2\/comments?post=145769"}],"version-history":[{"count":0,"href":"https:\/\/medclinics.com\/de\/wp-json\/wp\/v2\/pages\/145769\/revisions"}],"wp:featuredmedia":[{"embeddable":true,"href":"https:\/\/medclinics.com\/de\/wp-json\/wp\/v2\/media\/92406"}],"wp:attachment":[{"href":"https:\/\/medclinics.com\/de\/wp-json\/wp\/v2\/media?parent=145769"}],"curies":[{"name":"wp","href":"https:\/\/api.w.org\/{rel}","templated":true}]}}