{"id":145750,"date":"2023-05-16T13:08:49","date_gmt":"2023-05-16T10:08:49","guid":{"rendered":"https:\/\/medclinics.com\/kieferorthopadische-behandlungen\/"},"modified":"2025-01-02T19:03:14","modified_gmt":"2025-01-02T16:03:14","slug":"kieferorthopadische-behandlungen","status":"publish","type":"page","link":"https:\/\/medclinics.com\/de\/kieferorthopadische-behandlungen\/","title":{"rendered":"Kieferorthop\u00e4dische Behandlungen"},"content":{"rendered":"\n<h2 class=\"wp-block-heading\">Sind Sie es leid, sich wegen Ihrer schiefen Z\u00e4hne oder Ihres schiefen Kiefers unwohl zu f\u00fchlen? Kieferorthop\u00e4dische Behandlungen bieten eine L\u00f6sung f\u00fcr diese h\u00e4ufigen Zahnprobleme.<\/h2>\n\n<p>Mit Hilfe von Zahnspangen, Brackets, Gummib\u00e4ndern und Federn kann der Kieferorthop\u00e4de schrittweise Kraft aufwenden, um sowohl die Z\u00e4hne als auch die Kiefer zu begradigen.<\/p>\n\n<p>Dies f\u00fchrt nicht nur zu einem \u00e4sthetischeren L\u00e4cheln, sondern verbessert auch die Kaufunktion und beugt zuk\u00fcnftigen Mundgesundheitsproblemen vor. Die Dauer der kieferorthop\u00e4dischen <a href=\"https:\/\/istanbul-tourist-information.com\/en\/medical-treatment\/\" target=\"_blank\" rel=\"noreferrer noopener\">Behandlung<\/a> h\u00e4ngt von den individuellen Gegebenheiten ab, die meisten Patienten unterziehen sich jedoch einer Behandlung von 1-3 Jahren.<\/p>\n\n<p>Die Vorteile einer kieferorthop\u00e4dischen Behandlung sind zahlreich &#8211; Sie werden nicht nur einen ges\u00fcnderen Mund mit geraderen Z\u00e4hnen haben, sondern auch ein besseres Sprachverm\u00f6gen! Wir sind uns jedoch bewusst, dass es zu vor\u00fcbergehenden Beschwerden wie Schmerzen\/Empfindlichkeit im behandelten Bereich oder sogar Zahnschmelzerosion kommen kann. Daher sind regelm\u00e4\u00dfige Kontrolluntersuchungen w\u00e4hrend dieser Zeit wichtig!<\/p>\n\n<p>Es kommt darauf an, dass Sie sich w\u00e4hrend des gesamten Prozesses an die Empfehlungen Ihres Zahnarztes halten, denn davon h\u00e4ngt letztlich ab, wie erfolgreich Ihr Weg zu einer optimalen Mundgesundheit sein wird!<\/p>\n\n<h3 class=\"wp-block-heading\">Alles, was Sie \u00fcber <a href=\"https:\/\/medclinics.com\/dental-treatment\/\" target=\"_blank\" rel=\"noreferrer noopener\">Zahnbehandlungen<\/a> wissen m\u00fcssen, einschlie\u00dflich Preis, Nachsorge und Heilungsprozess, oder <a href=\"#requestform\">kontaktieren Sie uns<\/a>!<\/h3>\n\n<figure class=\"wp-block-image size-large\"><img fetchpriority=\"high\" decoding=\"async\" width=\"960\" height=\"640\" class=\"wp-image-85747\" src=\"https:\/\/medclinics.com\/wp-content\/uploads\/2023\/05\/orthodontic-treatments-e1685087135641.png\" alt=\"Kieferorthop&#xE4;dische Behandlungen\" srcset=\"https:\/\/medclinics.com\/wp-content\/uploads\/2023\/05\/orthodontic-treatments-e1685087135641.png 960w, https:\/\/medclinics.com\/wp-content\/uploads\/2023\/05\/orthodontic-treatments-e1685087135641-500x333.png 500w, https:\/\/medclinics.com\/wp-content\/uploads\/2023\/05\/orthodontic-treatments-e1685087135641-768x512.png 768w, https:\/\/medclinics.com\/wp-content\/uploads\/2023\/05\/orthodontic-treatments-e1685087135641-24x16.png 24w, https:\/\/medclinics.com\/wp-content\/uploads\/2023\/05\/orthodontic-treatments-e1685087135641-36x24.png 36w, https:\/\/medclinics.com\/wp-content\/uploads\/2023\/05\/orthodontic-treatments-e1685087135641-48x32.png 48w\" sizes=\"(max-width: 960px) 100vw, 960px\" \/><\/figure>\n\n<h2 class=\"wp-block-heading\">FAQ<\/h2>\n<div id=\"rank-math-faq\" class=\"rank-math-block\">\n<div class=\"rank-math-list \">\n<div id=\"faq-question-1682666956133\" class=\"rank-math-list-item\">\n<h3 class=\"rank-math-question \">Kann eine kieferorthop\u00e4dische Behandlung Zahnfleischr\u00fcckgang verursachen?<\/h3>\n<div class=\"rank-math-answer \">\n\n<p>Kieferorthop\u00e4dische Behandlungen, wie z. B. Zahnspangen oder andere kieferorthop\u00e4dische Ger\u00e4te, k\u00f6nnen in bestimmten F\u00e4llen zu Zahnfleischr\u00fcckgang f\u00fchren. Mehrere Faktoren k\u00f6nnen das Risiko eines Zahnfleischr\u00fcckgangs w\u00e4hrend einer kieferorthop\u00e4dischen Behandlung erh\u00f6hen. Unzureichende Mundhygiene kann zu Zahnfleischentz\u00fcndungen und -r\u00fcckgang f\u00fchren. Die Anwendung von Kr\u00e4ften zum Bewegen von Z\u00e4hnen kann Druck auf das umliegende Zahnfleischgewebe aus\u00fcben, und \u00fcberm\u00e4\u00dfige oder unsachgem\u00e4\u00dfe Kr\u00e4fte k\u00f6nnen zu Rezessionen beitragen. Personen mit von Natur aus d\u00fcnnem oder empfindlichem Zahnfleischgewebe k\u00f6nnen anf\u00e4lliger f\u00fcr Rezessionen sein. Dar\u00fcber hinaus k\u00f6nnen die Ausgangsposition und die Angulation der Z\u00e4hne deren Reaktion auf kieferorthop\u00e4dische Kr\u00e4fte beeinflussen. Eine gute Mundhygiene und regelm\u00e4\u00dfige Kontrolluntersuchungen beim Kieferorthop\u00e4den sind wichtig, um das Risiko eines Zahnfleischr\u00fcckgangs w\u00e4hrend der kieferorthop\u00e4dischen Behandlung zu minimieren.<\/p>\n\n<\/div>\n<\/div>\n<div id=\"faq-question-1684242136074\" class=\"rank-math-list-item\">\n<h3 class=\"rank-math-question \">Ist eine kieferorthop\u00e4dische Behandlung schmerzhaft?<\/h3>\n<div class=\"rank-math-answer \">\n\n<p>Kieferorthop\u00e4dische Behandlungen k\u00f6nnen vor\u00fcbergehend unangenehm und schmerzhaft sein, insbesondere nach dem Einsetzen oder Anpassen von Zahnspangen oder Alignern. Die Beschwerden sind jedoch in der Regel \u00fcberschaubar und klingen innerhalb weniger Tage bis einer Woche ab. Zahnwachs kann verwendet werden, um Reizungen durch Zahnspangen oder Dr\u00e4hte zu lindern. Auch wenn der kieferorthop\u00e4dische Prozess mit Unannehmlichkeiten verbunden ist, \u00fcberwiegen die langfristigen Vorteile eines geraderen und ges\u00fcnderen L\u00e4chelns die vor\u00fcbergehenden Unannehmlichkeiten.<\/p>\n\n<\/div>\n<\/div>\n<div id=\"faq-question-1684242220273\" class=\"rank-math-list-item\">\n<h3 class=\"rank-math-question \">Ist eine kieferorthop\u00e4dische Behandlung sicher?<\/h3>\n<div class=\"rank-math-answer \">\n\n<p>Ja, eine kieferorthop\u00e4dische Behandlung ist im Allgemeinen sicher, wenn sie von einem ausgebildeten und qualifizierten Kieferorthop\u00e4den durchgef\u00fchrt wird. Es kann zwar einige Risiken und m\u00f6gliche Komplikationen geben, aber sie sind selten, und Kieferorthop\u00e4den sind darin geschult, sie zu minimieren. Wenn Sie die Anweisungen Ihres Kieferorthop\u00e4den befolgen und regelm\u00e4\u00dfig zu den Kontrolluntersuchungen gehen, k\u00f6nnen Sie eine sichere und wirksame kieferorthop\u00e4dische Behandlung erleben.<\/p>\n\n<\/div>\n<\/div>\n<div id=\"faq-question-1684242391057\" class=\"rank-math-list-item\">\n<h3 class=\"rank-math-question \">Lohnt sich eine kieferorthop\u00e4dische Behandlung?<\/h3>\n<div class=\"rank-math-answer \">\n\n<p>Eine kieferorthop\u00e4dische Behandlung lohnt sich f\u00fcr viele Menschen aufgrund der zahlreichen Vorteile, die sie bietet. Sie kann die \u00c4sthetik Ihres L\u00e4chelns verbessern und damit Ihr Selbstvertrauen und Ihre Lebensqualit\u00e4t insgesamt steigern. Dar\u00fcber hinaus f\u00f6rdern kieferorthop\u00e4dische Behandlungen die Mundgesundheit, indem sie die Z\u00e4hne ausrichten, ihre Reinigung erleichtern und das Risiko von Zahnproblemen verringern. Es kann auch die Funktionalit\u00e4t verbessern, indem es eine bessere Biss- und Kauleistung erm\u00f6glicht. Eine kieferorthop\u00e4dische Behandlung ist eine langfristige Investition, da die Ergebnisse bei richtiger Pflege in der Regel ein Leben lang halten. Die Beratung durch einen Kieferorthop\u00e4den ist von entscheidender Bedeutung, um die spezifischen Vorteile zu ermitteln, die Sie aufgrund Ihrer individuellen Bed\u00fcrfnisse und Ziele erwarten k\u00f6nnen. Sie k\u00f6nnen Ihnen individuelle Empfehlungen geben und Ihnen zu einem geraderen, ges\u00fcnderen und attraktiveren L\u00e4cheln verhelfen.<\/p>\n\n<\/div>\n<\/div>\n<\/div>\n<\/div>\n<p>\u00a0<\/p>\n\n<h3 class=\"wp-block-heading\">Kontaktieren Sie uns jetzt, falls Sie Fragen haben!<\/h3>\n","protected":false},"excerpt":{"rendered":"<p>Sind Sie es leid, sich wegen Ihrer schiefen Z\u00e4hne oder Ihres schiefen Kiefers unwohl zu f\u00fchlen? Kieferorthop\u00e4dische Behandlungen bieten eine [&hellip;]<\/p>\n","protected":false},"author":4,"featured_media":85755,"parent":0,"menu_order":0,"comment_status":"closed","ping_status":"closed","template":"","meta":{"site-sidebar-layout":"default","site-content-layout":"","ast-site-content-layout":"default","site-content-style":"default","site-sidebar-style":"default","ast-global-header-display":"","ast-banner-title-visibility":"","ast-main-header-display":"","ast-hfb-above-header-display":"","ast-hfb-below-header-display":"","ast-hfb-mobile-header-display":"","site-post-title":"","ast-breadcrumbs-content":"","ast-featured-img":"","footer-sml-layout":"","ast-disable-related-posts":"","theme-transparent-header-meta":"","adv-header-id-meta":"","stick-header-meta":"","header-above-stick-meta":"","header-main-stick-meta":"","header-below-stick-meta":"","astra-migrate-meta-layouts":"default","ast-page-background-enabled":"default","ast-page-background-meta":{"desktop":{"background-color":"var(--ast-global-color-4)","background-image":"","background-repeat":"repeat","background-position":"center center","background-size":"auto","background-attachment":"scroll","background-type":"","background-media":"","overlay-type":"","overlay-color":"","overlay-opacity":"","overlay-gradient":""},"tablet":{"background-color":"","background-image":"","background-repeat":"repeat","background-position":"center center","background-size":"auto","background-attachment":"scroll","background-type":"","background-media":"","overlay-type":"","overlay-color":"","overlay-opacity":"","overlay-gradient":""},"mobile":{"background-color":"","background-image":"","background-repeat":"repeat","background-position":"center center","background-size":"auto","background-attachment":"scroll","background-type":"","background-media":"","overlay-type":"","overlay-color":"","overlay-opacity":"","overlay-gradient":""}},"ast-content-background-meta":{"desktop":{"background-color":"var(--ast-global-color-5)","background-image":"","background-repeat":"repeat","background-position":"center center","background-size":"auto","background-attachment":"scroll","background-type":"","background-media":"","overlay-type":"","overlay-color":"","overlay-opacity":"","overlay-gradient":""},"tablet":{"background-color":"var(--ast-global-color-5)","background-image":"","background-repeat":"repeat","background-position":"center center","background-size":"auto","background-attachment":"scroll","background-type":"","background-media":"","overlay-type":"","overlay-color":"","overlay-opacity":"","overlay-gradient":""},"mobile":{"background-color":"var(--ast-global-color-5)","background-image":"","background-repeat":"repeat","background-position":"center center","background-size":"auto","background-attachment":"scroll","background-type":"","background-media":"","overlay-type":"","overlay-color":"","overlay-opacity":"","overlay-gradient":""}},"footnotes":""},"class_list":["post-145750","page","type-page","status-publish","has-post-thumbnail","hentry"],"_links":{"self":[{"href":"https:\/\/medclinics.com\/de\/wp-json\/wp\/v2\/pages\/145750","targetHints":{"allow":["GET"]}}],"collection":[{"href":"https:\/\/medclinics.com\/de\/wp-json\/wp\/v2\/pages"}],"about":[{"href":"https:\/\/medclinics.com\/de\/wp-json\/wp\/v2\/types\/page"}],"author":[{"embeddable":true,"href":"https:\/\/medclinics.com\/de\/wp-json\/wp\/v2\/users\/4"}],"replies":[{"embeddable":true,"href":"https:\/\/medclinics.com\/de\/wp-json\/wp\/v2\/comments?post=145750"}],"version-history":[{"count":0,"href":"https:\/\/medclinics.com\/de\/wp-json\/wp\/v2\/pages\/145750\/revisions"}],"wp:featuredmedia":[{"embeddable":true,"href":"https:\/\/medclinics.com\/de\/wp-json\/wp\/v2\/media\/85755"}],"wp:attachment":[{"href":"https:\/\/medclinics.com\/de\/wp-json\/wp\/v2\/media?parent=145750"}],"curies":[{"name":"wp","href":"https:\/\/api.w.org\/{rel}","templated":true}]}}