{"id":145721,"date":"2023-05-16T12:07:37","date_gmt":"2023-05-16T09:07:37","guid":{"rendered":"https:\/\/medclinics.com\/kieferzysten\/"},"modified":"2025-01-02T16:25:26","modified_gmt":"2025-01-02T13:25:26","slug":"kieferzysten","status":"publish","type":"page","link":"https:\/\/medclinics.com\/de\/kieferzysten\/","title":{"rendered":"Kieferzysten"},"content":{"rendered":"\n<h2 class=\"wp-block-heading\">Wenn Sie auf der Suche nach einer M\u00f6glichkeit sind, wieder unbeschwert lachen zu k\u00f6nnen, k\u00f6nnte die Behandlung von Kieferzysten die perfekte L\u00f6sung sein.<\/h2>\n\n<p><a href=\"https:\/\/en.wikipedia.org\/wiki\/Cysts_of_the_jaws\" target=\"_blank\" rel=\"noreferrer noopener\">Kieferzysten<\/a>, diese l\u00e4stigen fl\u00fcssigkeitsgef\u00fcllten S\u00e4cke im Kieferbereich, die Keratinprotein enthalten, m\u00f6gen zun\u00e4chst harmlos erscheinen. Wenn sie unbehandelt bleiben und zu gro\u00df werden, k\u00f6nnen sie eine Reihe von schmerzhaften Symptomen wie Schwellungen, Zahnbeweglichkeit und Zahnfleischprobleme verursachen.<\/p>\n\n<p>Je nach Gr\u00f6\u00dfe und Lage der Zysten variieren die Behandlungsm\u00f6glichkeiten von der einfachen \u00dcberwachung (bei kleineren Zysten) bis hin zur chirurgischen Entfernung unter \u00f6rtlicher Bet\u00e4ubung, falls erforderlich.<\/p>\n\n<p>Auch wenn die meisten Kieferzysten gutartig sind, sollte man kein Risiko eingehen, denn in einigen seltenen F\u00e4llen ist bekannt, dass sie sich mit der Zeit in Krebs verwandeln. Warum also warten? Lassen Sie sich noch heute von einem Zahnarzt oder Kieferchirurgen untersuchen, wenn Sie Beschwerden haben oder diese r\u00f6ntgenologisch feststellen!<\/p>\n\n<h3 class=\"wp-block-heading\">Alles, was Sie \u00fcber <a href=\"https:\/\/medclinics.com\/dental-treatment\/\" target=\"_blank\" rel=\"noreferrer noopener\">Zahnbehandlungen<\/a> wissen m\u00fcssen, einschlie\u00dflich Preis, Heilungsprozess und mehr, oder <a href=\"#requestform\">kontaktieren Sie uns<\/a>!<\/h3>\n\n<figure class=\"wp-block-image size-large\"><img fetchpriority=\"high\" decoding=\"async\" width=\"5227\" height=\"3598\" class=\"wp-image-85663\" src=\"https:\/\/medclinics.com\/wp-content\/uploads\/2023\/05\/jaw-cysts.png\" alt=\"Kieferzysten\" srcset=\"https:\/\/medclinics.com\/wp-content\/uploads\/2023\/05\/jaw-cysts.png 5227w, https:\/\/medclinics.com\/wp-content\/uploads\/2023\/05\/jaw-cysts-500x344.png 500w, https:\/\/medclinics.com\/wp-content\/uploads\/2023\/05\/jaw-cysts-1024x705.png 1024w, https:\/\/medclinics.com\/wp-content\/uploads\/2023\/05\/jaw-cysts-768x529.png 768w, https:\/\/medclinics.com\/wp-content\/uploads\/2023\/05\/jaw-cysts-1536x1057.png 1536w, https:\/\/medclinics.com\/wp-content\/uploads\/2023\/05\/jaw-cysts-2048x1410.png 2048w, https:\/\/medclinics.com\/wp-content\/uploads\/2023\/05\/jaw-cysts-24x17.png 24w, https:\/\/medclinics.com\/wp-content\/uploads\/2023\/05\/jaw-cysts-36x25.png 36w, https:\/\/medclinics.com\/wp-content\/uploads\/2023\/05\/jaw-cysts-48x33.png 48w\" sizes=\"(max-width: 5227px) 100vw, 5227px\" \/><\/figure>\n\n<h2 class=\"wp-block-heading\">FAQ<\/h2>\n<div id=\"rank-math-faq\" class=\"rank-math-block\">\n<div class=\"rank-math-list \">\n<div id=\"faq-question-1682666956133\" class=\"rank-math-list-item\">\n<h3 class=\"rank-math-question \">Sind Kieferzysten krebsartig?<\/h3>\n<div class=\"rank-math-answer \">\n\n<p>Kieferzysten, die auch als odontogene Zysten bezeichnet werden, sind in der Regel nicht krebsartig (gutartig). Sie entstehen in der Regel aus dem Gewebe, das mit der Zahnentwicklung verbunden ist, und sind nicht von Natur aus b\u00f6sartig. Es ist jedoch wichtig zu wissen, dass es seltene F\u00e4lle gibt, in denen eine Kieferzyste mit einer schwerwiegenderen Erkrankung, z. B. einem b\u00f6sartigen Tumor, in Verbindung gebracht werden kann. Wenn Sie sich wegen einer Kieferzyste Sorgen machen, sollten Sie einen Zahnarzt oder einen Arzt aufsuchen, um eine genaue Untersuchung und Diagnose zu erhalten. Sie k\u00f6nnen die Zyste beurteilen und die geeignete Vorgehensweise f\u00fcr Ihre spezifische Situation festlegen.<\/p>\n\n<\/div>\n<\/div>\n<div id=\"faq-question-1684238641578\" class=\"rank-math-list-item\">\n<h3 class=\"rank-math-question \">Sind Kieferzysten schmerzhaft?<\/h3>\n<div class=\"rank-math-answer \">\n\n<p>Kieferzysten k\u00f6nnen Schmerzen oder Beschwerden verursachen, die jedoch von Mensch zu Mensch unterschiedlich sind. Manche Kieferzysten verursachen keine Schmerzen, w\u00e4hrend andere zu Symptomen wie Schwellungen, Empfindlichkeit und Druck auf die umliegenden Strukturen f\u00fchren k\u00f6nnen, die wiederum Schmerzen verursachen. Wenn Sie Bedenken wegen einer Kieferzyste haben oder Beschwerden im Mundraum versp\u00fcren, sollten Sie einen Zahnarzt oder einen Arzt aufsuchen, um eine Beurteilung und geeignete Behandlungsm\u00f6glichkeiten zu erhalten.<\/p>\n\n<\/div>\n<\/div>\n<div id=\"faq-question-1684238740544\" class=\"rank-math-list-item\">\n<h3 class=\"rank-math-question \">K\u00f6nnen Kieferzysten verschwinden?<\/h3>\n<div class=\"rank-math-answer \">\n\n<p>Kieferzysten verschwinden in der Regel nicht von selbst und m\u00fcssen in der Regel behandelt werden. Die chirurgische Entfernung ist die h\u00e4ufigste Methode, um eine Kieferzyste zu behandeln und weitere Komplikationen zu verhindern. Die Konsultation eines Zahnarztes oder Mediziners ist entscheidend f\u00fcr die richtige Beurteilung und Behandlungsempfehlung. Um eine optimale Mundgesundheit zu gew\u00e4hrleisten, wird ein fr\u00fchzeitiges Eingreifen empfohlen.<\/p>\n\n<\/div>\n<\/div>\n<\/div>\n<\/div>\n<p>\u00a0<\/p>\n\n<h3 class=\"wp-block-heading\">Kontaktieren Sie uns jetzt, falls Sie Fragen haben!<\/h3>\n","protected":false},"excerpt":{"rendered":"<p>Wenn Sie auf der Suche nach einer M\u00f6glichkeit sind, wieder unbeschwert lachen zu k\u00f6nnen, k\u00f6nnte die Behandlung von Kieferzysten die [&hellip;]<\/p>\n","protected":false},"author":4,"featured_media":92349,"parent":0,"menu_order":0,"comment_status":"closed","ping_status":"closed","template":"","meta":{"site-sidebar-layout":"default","site-content-layout":"","ast-site-content-layout":"default","site-content-style":"default","site-sidebar-style":"default","ast-global-header-display":"","ast-banner-title-visibility":"","ast-main-header-display":"","ast-hfb-above-header-display":"","ast-hfb-below-header-display":"","ast-hfb-mobile-header-display":"","site-post-title":"","ast-breadcrumbs-content":"","ast-featured-img":"","footer-sml-layout":"","ast-disable-related-posts":"","theme-transparent-header-meta":"","adv-header-id-meta":"","stick-header-meta":"","header-above-stick-meta":"","header-main-stick-meta":"","header-below-stick-meta":"","astra-migrate-meta-layouts":"default","ast-page-background-enabled":"default","ast-page-background-meta":{"desktop":{"background-color":"var(--ast-global-color-4)","background-image":"","background-repeat":"repeat","background-position":"center center","background-size":"auto","background-attachment":"scroll","background-type":"","background-media":"","overlay-type":"","overlay-color":"","overlay-opacity":"","overlay-gradient":""},"tablet":{"background-color":"","background-image":"","background-repeat":"repeat","background-position":"center center","background-size":"auto","background-attachment":"scroll","background-type":"","background-media":"","overlay-type":"","overlay-color":"","overlay-opacity":"","overlay-gradient":""},"mobile":{"background-color":"","background-image":"","background-repeat":"repeat","background-position":"center center","background-size":"auto","background-attachment":"scroll","background-type":"","background-media":"","overlay-type":"","overlay-color":"","overlay-opacity":"","overlay-gradient":""}},"ast-content-background-meta":{"desktop":{"background-color":"var(--ast-global-color-5)","background-image":"","background-repeat":"repeat","background-position":"center center","background-size":"auto","background-attachment":"scroll","background-type":"","background-media":"","overlay-type":"","overlay-color":"","overlay-opacity":"","overlay-gradient":""},"tablet":{"background-color":"var(--ast-global-color-5)","background-image":"","background-repeat":"repeat","background-position":"center center","background-size":"auto","background-attachment":"scroll","background-type":"","background-media":"","overlay-type":"","overlay-color":"","overlay-opacity":"","overlay-gradient":""},"mobile":{"background-color":"var(--ast-global-color-5)","background-image":"","background-repeat":"repeat","background-position":"center center","background-size":"auto","background-attachment":"scroll","background-type":"","background-media":"","overlay-type":"","overlay-color":"","overlay-opacity":"","overlay-gradient":""}},"footnotes":""},"class_list":["post-145721","page","type-page","status-publish","has-post-thumbnail","hentry"],"_links":{"self":[{"href":"https:\/\/medclinics.com\/de\/wp-json\/wp\/v2\/pages\/145721","targetHints":{"allow":["GET"]}}],"collection":[{"href":"https:\/\/medclinics.com\/de\/wp-json\/wp\/v2\/pages"}],"about":[{"href":"https:\/\/medclinics.com\/de\/wp-json\/wp\/v2\/types\/page"}],"author":[{"embeddable":true,"href":"https:\/\/medclinics.com\/de\/wp-json\/wp\/v2\/users\/4"}],"replies":[{"embeddable":true,"href":"https:\/\/medclinics.com\/de\/wp-json\/wp\/v2\/comments?post=145721"}],"version-history":[{"count":0,"href":"https:\/\/medclinics.com\/de\/wp-json\/wp\/v2\/pages\/145721\/revisions"}],"wp:featuredmedia":[{"embeddable":true,"href":"https:\/\/medclinics.com\/de\/wp-json\/wp\/v2\/media\/92349"}],"wp:attachment":[{"href":"https:\/\/medclinics.com\/de\/wp-json\/wp\/v2\/media?parent=145721"}],"curies":[{"name":"wp","href":"https:\/\/api.w.org\/{rel}","templated":true}]}}