{"id":145705,"date":"2023-05-16T11:45:30","date_gmt":"2023-05-16T08:45:30","guid":{"rendered":"https:\/\/medclinics.com\/inlay-und-onlay\/"},"modified":"2025-01-02T16:15:31","modified_gmt":"2025-01-02T13:15:31","slug":"inlay-und-onlay","status":"publish","type":"page","link":"https:\/\/medclinics.com\/de\/inlay-und-onlay\/","title":{"rendered":"Inlay und Onlay"},"content":{"rendered":"\n<h2 class=\"wp-block-heading\">Wenn Sie auf der Suche nach einer M\u00f6glichkeit sind, wieder unbeschwert lachen zu k\u00f6nnen, sind Inlay- und Onlay-F\u00fcllungen vielleicht die perfekte L\u00f6sung.<\/h2>\n\n<p>Die Zahnmedizin bietet zwei einzigartige Methoden f\u00fcr Zahnf\u00fcllungen &#8211; <a href=\"https:\/\/en.wikipedia.org\/wiki\/Inlays_and_onlays\" target=\"_blank\" rel=\"noreferrer noopener\">Inlay und Onlay<\/a>. Diese Verfahren dienen der Wiederherstellung besch\u00e4digter Zahnbereiche, unterscheiden sich aber in ihrer Vorgehensweise.<\/p>\n\n<p>Bei der Inlay-F\u00fcllung wird der betroffene Bereich mit einer Fr\u00e4se oder einem Laser entfernt und anschlie\u00dfend durch haltbare Materialien wie Keramik, Gold oder Porzellan ersetzt. Das Ergebnis ist eine nat\u00fcrlich aussehende Oberfl\u00e4che, die sich nahtlos in Ihr L\u00e4cheln einf\u00fcgt.<\/p>\n\n<p>Bei Onlays hingegen werden nach der Beseitigung von Sch\u00e4den vorgefertigte Teile auf die Au\u00dfenfl\u00e4chen gesetzt. Diese k\u00f6nnen aus harzbasierten Materialien wie Keramik und Porzellan hergestellt werden, die bei korrekter Verklebung ein ebenso \u00fcberzeugendes Erscheinungsbild ergeben!<\/p>\n\n<h3 class=\"wp-block-heading\">Alles, was Sie \u00fcber <a href=\"https:\/\/medclinics.com\/dental-treatment\/\" target=\"_blank\" rel=\"noreferrer noopener\">Zahnbehandlungen<\/a> wissen sollten, einschlie\u00dflich Preis, Nachsorge und Heilungsprozess, finden Sie hier. Oder <a href=\"#requestform\">kontaktieren Sie uns direkt jetzt!<\/a><\/h3>\n\n<figure class=\"wp-block-image size-large\"><img fetchpriority=\"high\" decoding=\"async\" width=\"5760\" height=\"3840\" class=\"wp-image-85609\" src=\"https:\/\/medclinics.com\/wp-content\/uploads\/2023\/05\/inlay-and-onlay.png\" alt=\"Inlay und Onlay\" srcset=\"https:\/\/medclinics.com\/wp-content\/uploads\/2023\/05\/inlay-and-onlay.png 5760w, https:\/\/medclinics.com\/wp-content\/uploads\/2023\/05\/inlay-and-onlay-500x333.png 500w, https:\/\/medclinics.com\/wp-content\/uploads\/2023\/05\/inlay-and-onlay-1024x683.png 1024w, https:\/\/medclinics.com\/wp-content\/uploads\/2023\/05\/inlay-and-onlay-768x512.png 768w, https:\/\/medclinics.com\/wp-content\/uploads\/2023\/05\/inlay-and-onlay-1536x1024.png 1536w, https:\/\/medclinics.com\/wp-content\/uploads\/2023\/05\/inlay-and-onlay-2048x1365.png 2048w, https:\/\/medclinics.com\/wp-content\/uploads\/2023\/05\/inlay-and-onlay-24x16.png 24w, https:\/\/medclinics.com\/wp-content\/uploads\/2023\/05\/inlay-and-onlay-36x24.png 36w, https:\/\/medclinics.com\/wp-content\/uploads\/2023\/05\/inlay-and-onlay-48x32.png 48w\" sizes=\"(max-width: 5760px) 100vw, 5760px\" \/><\/figure>\n\n<h2 class=\"wp-block-heading\">FAQ<\/h2>\n<div id=\"rank-math-faq\" class=\"rank-math-block\">\n<div class=\"rank-math-list \">\n<div id=\"faq-question-1684237092744\" class=\"rank-math-list-item\">\n<h3 class=\"rank-math-question \">Was sind Inlays und Onlays?<\/h3>\n<div class=\"rank-math-answer \">\n\n<p>In der Zahnmedizin sind Inlays und Onlays ma\u00dfgefertigte Restaurationen, die zur Reparatur besch\u00e4digter oder kari\u00f6ser Z\u00e4hne verwendet werden. Ein Inlay wird verwendet, wenn der Schaden innerhalb der H\u00f6cker oder der Kaufl\u00e4che des Zahns liegt, w\u00e4hrend ein Onlay bei gr\u00f6\u00dferen Sch\u00e4den verwendet wird, die \u00fcber die H\u00f6cker hinausgehen. Sowohl Inlays als auch Onlays werden in einem zahntechnischen Labor hergestellt und dann auf den Zahn geklebt. Sie bieten ein nat\u00fcrliches Aussehen und Festigkeit, w\u00e4hrend die nat\u00fcrliche Zahnsubstanz erhalten bleibt. Die Wahl zwischen einem Inlay und einem Onlay h\u00e4ngt vom Ausma\u00df des Schadens ab.<\/p>\n\n<\/div>\n<\/div>\n<div id=\"faq-question-1682666956133\" class=\"rank-math-list-item\">\n<h3 class=\"rank-math-question \">Was sind Inlays und Onlays in der Zahnmedizin?<\/h3>\n<div class=\"rank-math-answer \">\n\n<p>In der Zahnmedizin ist ein Inlay eine individuell angefertigte F\u00fcllung, die zur Reparatur von Sch\u00e4den oder Karies in der Kaufl\u00e4che eines Zahns verwendet wird. Es wird im Inneren des Zahns platziert. Ein Onlay hingegen ist eine umfangreichere Restauration, die einen gr\u00f6\u00dferen Teil des Zahns abdeckt, einschlie\u00dflich einer oder mehrerer Oberfl\u00e4chen. Es wird auf dem Zahn platziert. Sowohl Inlays als auch Onlays werden in einem zahntechnischen Labor hergestellt und mit Zahnzement auf den Zahn geklebt. Sie bieten ein nat\u00fcrliches Aussehen und sind eine dauerhafte Alternative zu Vollkronen. Die Wahl zwischen einem Inlay und einem Onlay h\u00e4ngt vom Ausma\u00df des Zahnschadens ab.<\/p>\n\n<\/div>\n<\/div>\n<div id=\"faq-question-1684237270458\" class=\"rank-math-list-item\">\n<h3 class=\"rank-math-question \">Wie viel kostet ein Inlay und Onlay?<\/h3>\n<div class=\"rank-math-answer \">\n\n<p>Die Kosten f\u00fcr Inlays und Onlays h\u00e4ngen von Faktoren wie dem verwendeten Material, der Komplexit\u00e4t des Falles und dem Honorar des Zahnarztes ab. Im Durchschnitt k\u00f6nnen die Kosten zwischen 500 und 1.500 Dollar pro Zahn liegen. Am besten lassen Sie sich von einem Zahnarzt beraten, um einen genauen Kostenvoranschlag auf der Grundlage Ihrer spezifischen Situation zu erhalten.<\/p>\n\n<\/div>\n<\/div>\n<div id=\"faq-question-1684237334482\" class=\"rank-math-list-item\">\n<h3 class=\"rank-math-question \">K\u00f6nnen Inlays ersetzt werden?<\/h3>\n<div class=\"rank-math-answer \">\n\n<p>Ja, Inlays k\u00f6nnen bei Bedarf ausgetauscht werden. Mit der Zeit kann sich ein Inlay abnutzen, besch\u00e4digt werden oder an den R\u00e4ndern neue F\u00e4ulnis entwickeln. In diesem Fall kann der Zahnarzt das vorhandene Inlay entfernen und durch ein neues ersetzen, um die Funktion und das Aussehen des Zahns wiederherzustellen. Das Verfahren umfasst in der Regel die Entfernung des alten Inlays, die Vorbereitung des Zahns und die Anfertigung von Abdr\u00fccken, um ein neues, individuelles Inlay anzufertigen. Das neue Inlay wird dann mit Zahnzement eingeklebt. Wenn Sie Bedenken wegen eines vorhandenen Inlays haben, sollten Sie sich an einen Zahnarzt wenden, der die Situation beurteilen und entscheiden kann, ob ein Ersatz erforderlich ist.<\/p>\n\n<\/div>\n<\/div>\n<\/div>\n<\/div>\n<p>\u00a0<\/p>\n\n<h3 class=\"wp-block-heading\">Kontaktieren Sie uns jetzt, falls Sie Fragen haben!<\/h3>\n","protected":false},"excerpt":{"rendered":"<p>Wenn Sie auf der Suche nach einer M\u00f6glichkeit sind, wieder unbeschwert lachen zu k\u00f6nnen, sind Inlay- und Onlay-F\u00fcllungen vielleicht die [&hellip;]<\/p>\n","protected":false},"author":4,"featured_media":92334,"parent":0,"menu_order":0,"comment_status":"closed","ping_status":"closed","template":"","meta":{"site-sidebar-layout":"default","site-content-layout":"","ast-site-content-layout":"default","site-content-style":"default","site-sidebar-style":"default","ast-global-header-display":"","ast-banner-title-visibility":"","ast-main-header-display":"","ast-hfb-above-header-display":"","ast-hfb-below-header-display":"","ast-hfb-mobile-header-display":"","site-post-title":"","ast-breadcrumbs-content":"","ast-featured-img":"","footer-sml-layout":"","ast-disable-related-posts":"","theme-transparent-header-meta":"","adv-header-id-meta":"","stick-header-meta":"","header-above-stick-meta":"","header-main-stick-meta":"","header-below-stick-meta":"","astra-migrate-meta-layouts":"default","ast-page-background-enabled":"default","ast-page-background-meta":{"desktop":{"background-color":"var(--ast-global-color-4)","background-image":"","background-repeat":"repeat","background-position":"center center","background-size":"auto","background-attachment":"scroll","background-type":"","background-media":"","overlay-type":"","overlay-color":"","overlay-opacity":"","overlay-gradient":""},"tablet":{"background-color":"","background-image":"","background-repeat":"repeat","background-position":"center center","background-size":"auto","background-attachment":"scroll","background-type":"","background-media":"","overlay-type":"","overlay-color":"","overlay-opacity":"","overlay-gradient":""},"mobile":{"background-color":"","background-image":"","background-repeat":"repeat","background-position":"center center","background-size":"auto","background-attachment":"scroll","background-type":"","background-media":"","overlay-type":"","overlay-color":"","overlay-opacity":"","overlay-gradient":""}},"ast-content-background-meta":{"desktop":{"background-color":"var(--ast-global-color-5)","background-image":"","background-repeat":"repeat","background-position":"center center","background-size":"auto","background-attachment":"scroll","background-type":"","background-media":"","overlay-type":"","overlay-color":"","overlay-opacity":"","overlay-gradient":""},"tablet":{"background-color":"var(--ast-global-color-5)","background-image":"","background-repeat":"repeat","background-position":"center center","background-size":"auto","background-attachment":"scroll","background-type":"","background-media":"","overlay-type":"","overlay-color":"","overlay-opacity":"","overlay-gradient":""},"mobile":{"background-color":"var(--ast-global-color-5)","background-image":"","background-repeat":"repeat","background-position":"center center","background-size":"auto","background-attachment":"scroll","background-type":"","background-media":"","overlay-type":"","overlay-color":"","overlay-opacity":"","overlay-gradient":""}},"footnotes":""},"class_list":["post-145705","page","type-page","status-publish","has-post-thumbnail","hentry"],"_links":{"self":[{"href":"https:\/\/medclinics.com\/de\/wp-json\/wp\/v2\/pages\/145705","targetHints":{"allow":["GET"]}}],"collection":[{"href":"https:\/\/medclinics.com\/de\/wp-json\/wp\/v2\/pages"}],"about":[{"href":"https:\/\/medclinics.com\/de\/wp-json\/wp\/v2\/types\/page"}],"author":[{"embeddable":true,"href":"https:\/\/medclinics.com\/de\/wp-json\/wp\/v2\/users\/4"}],"replies":[{"embeddable":true,"href":"https:\/\/medclinics.com\/de\/wp-json\/wp\/v2\/comments?post=145705"}],"version-history":[{"count":0,"href":"https:\/\/medclinics.com\/de\/wp-json\/wp\/v2\/pages\/145705\/revisions"}],"wp:featuredmedia":[{"embeddable":true,"href":"https:\/\/medclinics.com\/de\/wp-json\/wp\/v2\/media\/92334"}],"wp:attachment":[{"href":"https:\/\/medclinics.com\/de\/wp-json\/wp\/v2\/media?parent=145705"}],"curies":[{"name":"wp","href":"https:\/\/api.w.org\/{rel}","templated":true}]}}