{"id":145657,"date":"2023-05-19T08:13:24","date_gmt":"2023-05-19T05:13:24","guid":{"rendered":"https:\/\/medclinics.com\/gynakomastie\/"},"modified":"2025-01-02T15:47:30","modified_gmt":"2025-01-02T12:47:30","slug":"gynakomastie","status":"publish","type":"page","link":"https:\/\/medclinics.com\/de\/gynakomastie\/","title":{"rendered":"Gyn\u00e4komastie-Chirurgie"},"content":{"rendered":"\n<h2 class=\"wp-block-heading\">Gyn\u00e4komastie kann aufgrund eines hormonellen Ungleichgewichts auftreten.<\/h2>\n\n<p>Sie kann zu lokalen oder allgemeinen Schwellungen im Brustbereich f\u00fchren. Sie kann das Aussehen der Brust beeinflussen.<\/p>\n\n<p>Gyn\u00e4komastie kann aufgrund eines hormonellen Ungleichgewichts wie erh\u00f6htem \u00d6strogen oder vermindertem Testosteron auftreten. Auch andere Faktoren wie <a href=\"https:\/\/obesity.gen.tr\/\" target=\"_blank\" rel=\"noreferrer noopener nofollow\">Fettleibigkeit<\/a>, bestimmte Medikamente oder Grunderkrankungen k\u00f6nnen die Ursache sein. Obwohl die Gyn\u00e4komastie in der Regel kein ernsthaftes Gesundheitsproblem darstellt, kann sie psychische Probleme und emotionale Schwierigkeiten verursachen.<\/p>\n\n<p>Zu den Behandlungsm\u00f6glichkeiten f\u00fcr Gyn\u00e4komastie geh\u00f6ren \u00c4nderungen der Lebensweise und die Anpassung von Medikamenten. Manchmal kann eine Operation durchgef\u00fchrt werden, um \u00fcbersch\u00fcssiges Brustgewebe zu entfernen.<\/p>\n\n<p>Sie sollten sich an medizinisches Fachpersonal wenden. Sie k\u00f6nnen dazu beitragen, die zugrunde liegende Ursache zu ermitteln, und je nach den individuellen Umst\u00e4nden geeignete Behandlungsm\u00f6glichkeiten anbieten.<\/p>\n\n<h3 class=\"wp-block-heading\">Alles, was Sie \u00fcber <a href=\"https:\/\/medclinics.com\/de\/plastische-und-asthetische-chirurgie\/\" target=\"_blank\" rel=\"noreferrer noopener\">\u00e4sthetische Operationen<\/a> wissen m\u00fcssen, einschlie\u00dflich Preis, Nachsorge und Heilungsprozess, oder <a href=\"#requestform\">kontaktieren Sie uns<\/a>!<\/h3>\n\n<figure class=\"wp-block-image size-large\"><img fetchpriority=\"high\" decoding=\"async\" width=\"3632\" height=\"2895\" src=\"https:\/\/medclinics.com\/wp-content\/uploads\/2023\/05\/gynaecomastia.png\" alt=\"Gyn&#xE4;komastie\" class=\"wp-image-85374\" srcset=\"https:\/\/medclinics.com\/wp-content\/uploads\/2023\/05\/gynaecomastia.png 3632w, https:\/\/medclinics.com\/wp-content\/uploads\/2023\/05\/gynaecomastia-500x399.png 500w, https:\/\/medclinics.com\/wp-content\/uploads\/2023\/05\/gynaecomastia-1024x816.png 1024w, https:\/\/medclinics.com\/wp-content\/uploads\/2023\/05\/gynaecomastia-768x612.png 768w, https:\/\/medclinics.com\/wp-content\/uploads\/2023\/05\/gynaecomastia-1536x1224.png 1536w, https:\/\/medclinics.com\/wp-content\/uploads\/2023\/05\/gynaecomastia-2048x1632.png 2048w, https:\/\/medclinics.com\/wp-content\/uploads\/2023\/05\/gynaecomastia-24x19.png 24w, https:\/\/medclinics.com\/wp-content\/uploads\/2023\/05\/gynaecomastia-36x29.png 36w, https:\/\/medclinics.com\/wp-content\/uploads\/2023\/05\/gynaecomastia-48x38.png 48w\" sizes=\"(max-width: 3632px) 100vw, 3632px\" \/><\/figure>\n\n<h2 class=\"wp-block-heading\">FAQ<\/h2>\n<div id=\"rank-math-faq\" class=\"rank-math-block\">\n<div class=\"rank-math-list \">\n<div id=\"faq-question-1682666956133\" class=\"rank-math-list-item\">\n<h3 class=\"rank-math-question \">Wird die Gyn\u00e4komastie verschwinden?<\/h3>\n<div class=\"rank-math-answer \">\n\n<p>In einigen F\u00e4llen kann sich die Gyn\u00e4komastie ohne Behandlung von selbst zur\u00fcckbilden, insbesondere wenn sie durch hormonelle Ver\u00e4nderungen w\u00e4hrend der Pubert\u00e4t verursacht wird. Bei vielen Menschen verschwindet die Gyn\u00e4komastie jedoch nicht auf nat\u00fcrliche Weise und kann \u00fcber l\u00e4ngere Zeit bestehen bleiben. Es ist zu beachten, dass die Wahrscheinlichkeit einer Spontanheilung in Abh\u00e4ngigkeit von der zugrunde liegenden Ursache und individuellen Faktoren variieren kann. Wenn die Gyn\u00e4komastie fortbesteht und erhebliche Beschwerden oder psychischen Stress verursacht, k\u00f6nnen Behandlungsm\u00f6glichkeiten wie eine \u00c4nderung der Lebensweise, eine Anpassung der Medikamente oder ein chirurgischer Eingriff in Betracht gezogen werden. Es wird empfohlen, einen Arzt zu konsultieren, um je nach den spezifischen Umst\u00e4nden und dem Schweregrad der Gyn\u00e4komastie die geeignete Vorgehensweise zu bestimmen.<\/p>\n\n<\/div>\n<\/div>\n<div id=\"faq-question-1684224499701\" class=\"rank-math-list-item\">\n<h3 class=\"rank-math-question \">Ist die Gyn\u00e4komastie schmerzhaft?<\/h3>\n<div class=\"rank-math-answer \">\n\n<p>In den meisten F\u00e4llen ist die Gyn\u00e4komastie selbst nicht besonders schmerzhaft. Bei einigen Personen kann es jedoch zu Empfindlichkeiten im Brustgewebe kommen. Diese Empfindlichkeit kann von leichtem Unbehagen bis hin zu st\u00e4rkeren Schmerzen reichen, insbesondere wenn eine Entz\u00fcndung oder Schwellung vorliegt. Wenn sie durch eine zugrundeliegende Erkrankung oder Verletzung verursacht wird, kann es au\u00dferdem zu Schmerzen oder Beschwerden kommen. Es ist wichtig, einen Arzt zu konsultieren, um die spezifischen Symptome zu beurteilen und die zugrundeliegende Ursache zu ermitteln, um eine angemessene Behandlung und Linderung der damit verbundenen Schmerzen und Beschwerden zu gew\u00e4hrleisten.<\/p>\n\n<\/div>\n<\/div>\n<div id=\"faq-question-1684224537752\" class=\"rank-math-list-item\">\n<h3 class=\"rank-math-question \">Was ist eine Gyn\u00e4komastie?<\/h3>\n<div class=\"rank-math-answer \">\n\n<p>Gyn\u00e4komastie ist die Vergr\u00f6\u00dferung des Brustgewebes bei M\u00e4nnern, die zu einer Schwellung oder zum Auftreten von Br\u00fcsten f\u00fchrt. Sie kann durch ein hormonelles Ungleichgewicht, bestimmte Medikamente, Fettleibigkeit oder Grunderkrankungen verursacht werden. Zu den Behandlungsm\u00f6glichkeiten geh\u00f6ren je nach Schweregrad und zugrundeliegender Ursache \u00c4nderungen der Lebensweise, Medikamentenanpassungen oder chirurgische Eingriffe.<\/p>\n\n<\/div>\n<\/div>\n<div id=\"faq-question-1684224594723\" class=\"rank-math-list-item\">\n<h3 class=\"rank-math-question \">Was ist eine Gyn\u00e4komastie-Operation?<\/h3>\n<div class=\"rank-math-answer \">\n\n<p>Die Gyn\u00e4komastie-Operation, auch bekannt als Brustverkleinerung bei M\u00e4nnern, ist ein chirurgischer Eingriff, der durchgef\u00fchrt wird, um die Gr\u00f6\u00dfe des vergr\u00f6\u00dferten Brustgewebes bei M\u00e4nnern zu reduzieren. Ziel des Eingriffs ist es, \u00fcbersch\u00fcssiges Brustgewebe zu entfernen und eine m\u00e4nnlichere Brustkontur zu formen. Die spezifische Operationstechnik kann je nach Zustand des Patienten und der Vorgehensweise des Chirurgen variieren. Es kann eine Fettabsaugung zur Entfernung von \u00fcbersch\u00fcssigem Fett- und Dr\u00fcsengewebe, eine Exzision zur Entfernung von \u00fcbersch\u00fcssigem Brustgewebe oder eine Kombination aus beidem erfolgen. Dieser Eingriff wird in der Regel unter Vollnarkose oder lokaler An\u00e4sthesie mit Sedierung durchgef\u00fchrt. Die Genesungszeit kann variieren, aber die meisten Personen k\u00f6nnen ihre normalen Aktivit\u00e4ten innerhalb weniger Wochen wieder aufnehmen. Es wird empfohlen, sich von einem qualifizierten plastischen Chirurgen beraten zu lassen, um die Eignung f\u00fcr den Eingriff zu beurteilen und die am besten geeignete Vorgehensweise auf der Grundlage der individuellen Umst\u00e4nde zu bestimmen.<\/p>\n\n<\/div>\n<\/div>\n<\/div>\n<\/div>\n<p>\u00a0<\/p>\n\n<h3 class=\"wp-block-heading\">Kontaktieren Sie uns jetzt, falls Sie Fragen haben!<\/h3>\n","protected":false},"excerpt":{"rendered":"<p>Gyn\u00e4komastie kann aufgrund eines hormonellen Ungleichgewichts auftreten. Sie kann zu lokalen oder allgemeinen Schwellungen im Brustbereich f\u00fchren. Sie kann das [&hellip;]<\/p>\n","protected":false},"author":4,"featured_media":85381,"parent":0,"menu_order":0,"comment_status":"closed","ping_status":"closed","template":"","meta":{"site-sidebar-layout":"default","site-content-layout":"","ast-site-content-layout":"default","site-content-style":"default","site-sidebar-style":"default","ast-global-header-display":"","ast-banner-title-visibility":"","ast-main-header-display":"","ast-hfb-above-header-display":"","ast-hfb-below-header-display":"","ast-hfb-mobile-header-display":"","site-post-title":"","ast-breadcrumbs-content":"","ast-featured-img":"","footer-sml-layout":"","ast-disable-related-posts":"","theme-transparent-header-meta":"","adv-header-id-meta":"","stick-header-meta":"","header-above-stick-meta":"","header-main-stick-meta":"","header-below-stick-meta":"","astra-migrate-meta-layouts":"default","ast-page-background-enabled":"default","ast-page-background-meta":{"desktop":{"background-color":"var(--ast-global-color-4)","background-image":"","background-repeat":"repeat","background-position":"center center","background-size":"auto","background-attachment":"scroll","background-type":"","background-media":"","overlay-type":"","overlay-color":"","overlay-opacity":"","overlay-gradient":""},"tablet":{"background-color":"","background-image":"","background-repeat":"repeat","background-position":"center center","background-size":"auto","background-attachment":"scroll","background-type":"","background-media":"","overlay-type":"","overlay-color":"","overlay-opacity":"","overlay-gradient":""},"mobile":{"background-color":"","background-image":"","background-repeat":"repeat","background-position":"center center","background-size":"auto","background-attachment":"scroll","background-type":"","background-media":"","overlay-type":"","overlay-color":"","overlay-opacity":"","overlay-gradient":""}},"ast-content-background-meta":{"desktop":{"background-color":"var(--ast-global-color-5)","background-image":"","background-repeat":"repeat","background-position":"center center","background-size":"auto","background-attachment":"scroll","background-type":"","background-media":"","overlay-type":"","overlay-color":"","overlay-opacity":"","overlay-gradient":""},"tablet":{"background-color":"var(--ast-global-color-5)","background-image":"","background-repeat":"repeat","background-position":"center center","background-size":"auto","background-attachment":"scroll","background-type":"","background-media":"","overlay-type":"","overlay-color":"","overlay-opacity":"","overlay-gradient":""},"mobile":{"background-color":"var(--ast-global-color-5)","background-image":"","background-repeat":"repeat","background-position":"center center","background-size":"auto","background-attachment":"scroll","background-type":"","background-media":"","overlay-type":"","overlay-color":"","overlay-opacity":"","overlay-gradient":""}},"footnotes":""},"class_list":["post-145657","page","type-page","status-publish","has-post-thumbnail","hentry"],"_links":{"self":[{"href":"https:\/\/medclinics.com\/de\/wp-json\/wp\/v2\/pages\/145657","targetHints":{"allow":["GET"]}}],"collection":[{"href":"https:\/\/medclinics.com\/de\/wp-json\/wp\/v2\/pages"}],"about":[{"href":"https:\/\/medclinics.com\/de\/wp-json\/wp\/v2\/types\/page"}],"author":[{"embeddable":true,"href":"https:\/\/medclinics.com\/de\/wp-json\/wp\/v2\/users\/4"}],"replies":[{"embeddable":true,"href":"https:\/\/medclinics.com\/de\/wp-json\/wp\/v2\/comments?post=145657"}],"version-history":[{"count":0,"href":"https:\/\/medclinics.com\/de\/wp-json\/wp\/v2\/pages\/145657\/revisions"}],"wp:featuredmedia":[{"embeddable":true,"href":"https:\/\/medclinics.com\/de\/wp-json\/wp\/v2\/media\/85381"}],"wp:attachment":[{"href":"https:\/\/medclinics.com\/de\/wp-json\/wp\/v2\/media?parent=145657"}],"curies":[{"name":"wp","href":"https:\/\/api.w.org\/{rel}","templated":true}]}}