{"id":145635,"date":"2023-05-16T07:18:19","date_gmt":"2023-05-16T04:18:19","guid":{"rendered":"https:\/\/medclinics.com\/halsstraffung\/"},"modified":"2025-01-02T17:03:14","modified_gmt":"2025-01-02T14:03:14","slug":"halsstraffung","status":"publish","type":"page","link":"https:\/\/medclinics.com\/de\/halsstraffung\/","title":{"rendered":"Halsstraffung"},"content":{"rendered":"\n<h2 class=\"wp-block-heading\">Wenn Sie nach einer M\u00f6glichkeit suchen, j\u00fcnger auszusehen und Ihre Hauterschlaffung loszuwerden, k\u00f6nnte das Neck Lift die perfekte L\u00f6sung sein.<\/h2>\n\n<p>Die Halsstraffung ist ein chirurgischer Eingriff, der auf die Verbesserung des Aussehens der Halsregion abzielt. Sie wird in der Regel durchgef\u00fchrt, um Alterserscheinungen wie schlaffe Haut, \u00fcbersch\u00fcssiges Fett und Muskelerschlaffung im Hals- und Kieferbereich zu entfernen. Sie wird oft zusammen mit einem <a href=\"https:\/\/medclinics.com\/face-and-neck-lifting\/\" data-type=\"page\" data-id=\"77171\">Facelifting<\/a> durchgef\u00fchrt. Der Eingriff beginnt mit der Verabreichung einer An\u00e4sthesie, um das Wohlbefinden des Patienten w\u00e4hrend des gesamten Eingriffs zu gew\u00e4hrleisten.<\/p>\n\n<p>Bei der Halsstraffung setzt der Chirurg kleine Schnitte unter dem Kinn oder hinter den Ohren, je nach den spezifischen Bed\u00fcrfnissen des Patienten. \u00dcbersch\u00fcssiges Fett kann mit Hilfe von Fettabsaugungstechniken aus diesen Schnitten entfernt werden. Auch die darunter liegende Halsmuskulatur kann gestrafft werden, um die Festigkeit und Kontur wiederherzustellen. Au\u00dferdem wird lose oder schlaffe Haut sorgf\u00e4ltig gestutzt und neu positioniert, um ein glatteres und jugendlicheres Aussehen zu erzielen.<\/p>\n\n<p>Die Genesung nach einer <a href=\"https:\/\/istanbul-tourist-information.com\/en\/medical-treatment\/\" target=\"_blank\" rel=\"noopener\">Halsstraffung<\/a> ist in der Regel mit einer mehrw\u00f6chigen Ausfallzeit verbunden. Es kann zu Bluterg\u00fcssen, Schwellungen und Unwohlsein kommen, die mit verschreibungspflichtigen Medikamenten behandelt werden k\u00f6nnen. Es ist wichtig, die postoperativen Pflegeanweisungen des Chirurgen zu befolgen, um eine gute Heilung zu gew\u00e4hrleisten. Das endg\u00fcltige Ergebnis einer Halsstraffung zeigt sich in der Regel nach einigen Monaten, so dass die Patienten ein definierteres und verj\u00fcngtes Halsprofil haben.<\/p>\n\n<h3 class=\"wp-block-heading\">Wir helfen Ihnen gerne bei all Ihren Fragen zur <a href=\"https:\/\/medclinics.com\/de\/plastische-und-asthetische-chirurgie\/\" target=\"_blank\" rel=\"noreferrer noopener\">\u00e4sthetischen Chirurgie<\/a>, einschlie\u00dflich der Preise, und mehr, oder <a href=\"#requestform\">kontaktieren Sie uns<\/a>!<\/h3>\n\n<figure class=\"wp-block-image size-large\"><img fetchpriority=\"high\" decoding=\"async\" width=\"5327\" height=\"2848\" class=\"wp-image-85313\" src=\"https:\/\/medclinics.com\/wp-content\/uploads\/2023\/05\/neck-lift.png\" alt=\"Halsstraffung\" srcset=\"https:\/\/medclinics.com\/wp-content\/uploads\/2023\/05\/neck-lift.png 5327w, https:\/\/medclinics.com\/wp-content\/uploads\/2023\/05\/neck-lift-500x267.png 500w, https:\/\/medclinics.com\/wp-content\/uploads\/2023\/05\/neck-lift-1024x547.png 1024w, https:\/\/medclinics.com\/wp-content\/uploads\/2023\/05\/neck-lift-768x411.png 768w, https:\/\/medclinics.com\/wp-content\/uploads\/2023\/05\/neck-lift-1536x821.png 1536w, https:\/\/medclinics.com\/wp-content\/uploads\/2023\/05\/neck-lift-2048x1095.png 2048w, https:\/\/medclinics.com\/wp-content\/uploads\/2023\/05\/neck-lift-24x13.png 24w, https:\/\/medclinics.com\/wp-content\/uploads\/2023\/05\/neck-lift-36x19.png 36w, https:\/\/medclinics.com\/wp-content\/uploads\/2023\/05\/neck-lift-48x26.png 48w\" sizes=\"(max-width: 5327px) 100vw, 5327px\" \/><\/figure>\n\n<h2 class=\"wp-block-heading\">FAQ<\/h2>\n<div id=\"rank-math-faq\" class=\"rank-math-block\">\n<div class=\"rank-math-list \">\n<div id=\"faq-question-1684220768632\" class=\"rank-math-list-item\">\n<h3 class=\"rank-math-question \">Wie lange dauert ein Halsstraffung?<\/h3>\n<div class=\"rank-math-answer \">\n\n<p>Die Dauer des Ergebnisses der Halsstraffung kann von Person zu Person unterschiedlich sein. Eine Halsstraffung kann den Alterungsprozess zwar nicht aufhalten, aber das Aussehen von Hals und Kieferpartie nachhaltig verbessern. Das Ergebnis einer Halsstraffung kann im Durchschnitt 10 bis 15 Jahre oder l\u00e4nger anhalten. Faktoren wie genetische Veranlagung, Lebensstil und Hautpflege k\u00f6nnen beeinflussen, wie lange das Ergebnis anh\u00e4lt. Es ist auch wichtig, daran zu denken, dass chirurgische Verbesserungen zwar dauerhaft sind, der nat\u00fcrliche Alterungsprozess aber weitergeht und im Laufe der Zeit einige Ver\u00e4nderungen auftreten k\u00f6nnen. Regelm\u00e4\u00dfige Wartung und gute Hautpflege k\u00f6nnen dazu beitragen, die \u00e4sthetischen Vorteile einer Halsstraffung zu verl\u00e4ngern. Ein Beratungsgespr\u00e4ch mit einem qualifizierten plastischen Chirurgen kann eine individuellere Einsch\u00e4tzung der zu erwartenden Langlebigkeit des Ergebnisses in Ihrem speziellen Fall liefern.<\/p>\n\n<\/div>\n<\/div>\n<div id=\"faq-question-1682603361561\" class=\"rank-math-list-item\">\n<h3 class=\"rank-math-question \">Ist eine Halsstraffung gef\u00e4hrlich?<\/h3>\n<div class=\"rank-math-answer \">\n\n<p>Wie jeder chirurgische Eingriff birgt auch die Halsstraffung einige Risiken und m\u00f6gliche Komplikationen. Wenn das Verfahren jedoch von einem qualifizierten und erfahrenen plastischen Chirurgen durchgef\u00fchrt wird, gilt es im Allgemeinen als sicher. Komplikationen sind relativ selten, k\u00f6nnen aber Blutungen, Infektionen, unerw\u00fcnschte Reaktionen auf die An\u00e4sthesie, Narbenbildung, Nervensch\u00e4den und unbefriedigende \u00e4sthetische Ergebnisse umfassen. Es ist wichtig, dass Sie sich an einen zertifizierten plastischen Chirurgen wenden, der Ihren individuellen Gesundheitszustand beurteilt, m\u00f6gliche Risiken bespricht und Sie bei der Entscheidungsfindung unterst\u00fctzt. Wenn Sie die pr\u00e4- und postoperativen Anweisungen befolgen und einen seri\u00f6sen Chirurgen w\u00e4hlen, k\u00f6nnen Sie die mit einer Halsstraffung verbundenen Risiken minimieren.<\/p>\n\n<\/div>\n<\/div>\n<div id=\"faq-question-1684220924727\" class=\"rank-math-list-item\">\n<h3 class=\"rank-math-question \">Lohnt sich eine Halsstraffung?<\/h3>\n<div class=\"rank-math-answer \">\n\n<p>Eine Halsstraffung kann eine wertvolle Option f\u00fcr Personen sein, die unter schlaffer Haut, \u00fcbersch\u00fcssigem Fett oder laxen Muskeln im Halsbereich leiden und sich eine jugendlichere und definiertere Halskontur w\u00fcnschen. Sie kann das Erscheinungsbild von Hals und Kieferpartie verbessern und f\u00fcr ein verj\u00fcngtes und ausgeglicheneres Gesichtsprofil sorgen.<\/p>\n\n<\/div>\n<\/div>\n<div id=\"faq-question-1684221051311\" class=\"rank-math-list-item\">\n<h3 class=\"rank-math-question \">Wie schmerzhaft ist eine Halsstraffung?<\/h3>\n<div class=\"rank-math-answer \">\n\n<p>Das Schmerzempfinden w\u00e4hrend einer Operation kann von Mensch zu Mensch unterschiedlich sein. Im Allgemeinen m\u00fcssen die Patienten nach dem Eingriff mit etwas Unbehagen und leichten bis m\u00e4\u00dfigen Schmerzen rechnen. Die Schmerzen k\u00f6nnen jedoch in der Regel mit verschriebenen Schmerzmitteln behandelt werden und nehmen in den Tagen und Wochen nach der Operation allm\u00e4hlich ab.<\/p>\n\n<\/div>\n<\/div>\n<div id=\"faq-question-1684221172329\" class=\"rank-math-list-item\">\n<h3 class=\"rank-math-question \">Halsstraffung &#8211; wie wird es gemacht?<\/h3>\n<div class=\"rank-math-answer \">\n\n<p>Der Chirurg beginnt die Halsstraffung mit einer An\u00e4sthesie, um das Wohlbefinden des Patienten zu gew\u00e4hrleisten. Sobald die Bet\u00e4ubung wirkt, setzt der Chirurg vorsichtig Schnitte an den wichtigsten Stellen, in der Regel hinter den Ohren oder unter dem Kinn, und ber\u00fccksichtigt dabei die spezifischen Anforderungen des Patienten. Diese Schnitte erm\u00f6glichen es dem Chirurgen, das darunter liegende Gewebe des Halses zu erreichen. Mit Hilfe von Fettabsaugungen kann \u00fcbersch\u00fcssiges Fett entfernt werden, und die darunter liegenden Muskeln werden h\u00e4ufig gestrafft und neu ausgerichtet, um die Form und Steifheit des Halses zu verbessern. Dar\u00fcber hinaus wird schlaffe oder lose Haut sorgf\u00e4ltig gestutzt und neu abgedeckt, um ein glatteres, jugendlicheres Aussehen zu erzielen. Anschlie\u00dfend werden die Einschnitte mit N\u00e4hten oder anderen Verschl\u00fcssen verschlossen, und der Patient erh\u00e4lt Anweisungen f\u00fcr die postoperative Pflege. Das Befolgen der Anweisungen des Chirurgen, die Kontrolle der Beschwerden mit verschriebenen Medikamenten und die Teilnahme an Nachsorgeterminen sind Teil des Genesungsprozesses.<\/p>\n\n<\/div>\n<\/div>\n<\/div>\n<\/div>\n<p>\u00a0<\/p>\n\n<h3 class=\"wp-block-heading\">Kontaktieren Sie uns jetzt, falls Sie Fragen haben!<\/h3>\n","protected":false},"excerpt":{"rendered":"<p>Wenn Sie nach einer M\u00f6glichkeit suchen, j\u00fcnger auszusehen und Ihre Hauterschlaffung loszuwerden, k\u00f6nnte das Neck Lift die perfekte L\u00f6sung sein. [&hellip;]<\/p>\n","protected":false},"author":4,"featured_media":85327,"parent":0,"menu_order":0,"comment_status":"closed","ping_status":"closed","template":"","meta":{"site-sidebar-layout":"default","site-content-layout":"","ast-site-content-layout":"default","site-content-style":"default","site-sidebar-style":"default","ast-global-header-display":"","ast-banner-title-visibility":"","ast-main-header-display":"","ast-hfb-above-header-display":"","ast-hfb-below-header-display":"","ast-hfb-mobile-header-display":"","site-post-title":"","ast-breadcrumbs-content":"","ast-featured-img":"","footer-sml-layout":"","ast-disable-related-posts":"","theme-transparent-header-meta":"","adv-header-id-meta":"","stick-header-meta":"","header-above-stick-meta":"","header-main-stick-meta":"","header-below-stick-meta":"","astra-migrate-meta-layouts":"default","ast-page-background-enabled":"default","ast-page-background-meta":{"desktop":{"background-color":"var(--ast-global-color-4)","background-image":"","background-repeat":"repeat","background-position":"center center","background-size":"auto","background-attachment":"scroll","background-type":"","background-media":"","overlay-type":"","overlay-color":"","overlay-opacity":"","overlay-gradient":""},"tablet":{"background-color":"","background-image":"","background-repeat":"repeat","background-position":"center center","background-size":"auto","background-attachment":"scroll","background-type":"","background-media":"","overlay-type":"","overlay-color":"","overlay-opacity":"","overlay-gradient":""},"mobile":{"background-color":"","background-image":"","background-repeat":"repeat","background-position":"center center","background-size":"auto","background-attachment":"scroll","background-type":"","background-media":"","overlay-type":"","overlay-color":"","overlay-opacity":"","overlay-gradient":""}},"ast-content-background-meta":{"desktop":{"background-color":"var(--ast-global-color-5)","background-image":"","background-repeat":"repeat","background-position":"center center","background-size":"auto","background-attachment":"scroll","background-type":"","background-media":"","overlay-type":"","overlay-color":"","overlay-opacity":"","overlay-gradient":""},"tablet":{"background-color":"var(--ast-global-color-5)","background-image":"","background-repeat":"repeat","background-position":"center center","background-size":"auto","background-attachment":"scroll","background-type":"","background-media":"","overlay-type":"","overlay-color":"","overlay-opacity":"","overlay-gradient":""},"mobile":{"background-color":"var(--ast-global-color-5)","background-image":"","background-repeat":"repeat","background-position":"center center","background-size":"auto","background-attachment":"scroll","background-type":"","background-media":"","overlay-type":"","overlay-color":"","overlay-opacity":"","overlay-gradient":""}},"footnotes":""},"class_list":["post-145635","page","type-page","status-publish","has-post-thumbnail","hentry"],"_links":{"self":[{"href":"https:\/\/medclinics.com\/de\/wp-json\/wp\/v2\/pages\/145635","targetHints":{"allow":["GET"]}}],"collection":[{"href":"https:\/\/medclinics.com\/de\/wp-json\/wp\/v2\/pages"}],"about":[{"href":"https:\/\/medclinics.com\/de\/wp-json\/wp\/v2\/types\/page"}],"author":[{"embeddable":true,"href":"https:\/\/medclinics.com\/de\/wp-json\/wp\/v2\/users\/4"}],"replies":[{"embeddable":true,"href":"https:\/\/medclinics.com\/de\/wp-json\/wp\/v2\/comments?post=145635"}],"version-history":[{"count":0,"href":"https:\/\/medclinics.com\/de\/wp-json\/wp\/v2\/pages\/145635\/revisions"}],"wp:featuredmedia":[{"embeddable":true,"href":"https:\/\/medclinics.com\/de\/wp-json\/wp\/v2\/media\/85327"}],"wp:attachment":[{"href":"https:\/\/medclinics.com\/de\/wp-json\/wp\/v2\/media?parent=145635"}],"curies":[{"name":"wp","href":"https:\/\/api.w.org\/{rel}","templated":true}]}}