{"id":145609,"date":"2023-05-15T14:35:51","date_gmt":"2023-05-15T11:35:51","guid":{"rendered":"https:\/\/medclinics.com\/ausgepragte-ohrasthetik\/"},"modified":"2025-01-02T23:39:59","modified_gmt":"2025-01-02T20:39:59","slug":"ausgepragte-ohrasthetik","status":"publish","type":"page","link":"https:\/\/medclinics.com\/de\/ausgepragte-ohrasthetik\/","title":{"rendered":"Ausgepr\u00e4gte Ohr\u00e4sthetik"},"content":{"rendered":"\n<h2 class=\"wp-block-heading\">Wenn Sie auf der Suche nach einer M\u00f6glichkeit sind, das gew\u00fcnschte Aussehen zu erreichen, k\u00f6nnte Prominent Ear Aesthetics die perfekte L\u00f6sung sein.<\/h2>\n\n<p>Die \u00c4sthetik abstehender Ohren, auch Otoplastik oder Ohranlegen genannt, ist ein kosmetisch-chirurgischer Eingriff, der darauf abzielt, das Aussehen abstehender oder abstehender Ohren zu verbessern. Sie wird h\u00e4ufig bei Personen durchgef\u00fchrt, die sich wegen der Form, Gr\u00f6\u00dfe oder Position ihrer Ohren unwohl f\u00fchlen.<\/p>\n\n<p>W\u00e4hrend des Eingriffs f\u00fchrt der Chirurg Schnitte hinter dem Ohr durch, um Zugang zum Knorpel zu erhalten. Anschlie\u00dfend wird der Knorpel neu geformt und positioniert, um eine ausgewogene und proportionierte Ohrform zu schaffen. Falls erforderlich, kann der Chirurg auch eine kleine Menge \u00fcbersch\u00fcssiger Haut entfernen. Die Schnitte werden in der Regel in den nat\u00fcrlichen Falten hinter dem Ohr versteckt, so dass sie unauff\u00e4llig sind.<\/p>\n\n<p>Die <a href=\"https:\/\/istanbul-tourist-information.com\/en\/medical-treatment\/\" target=\"_blank\" rel=\"noreferrer noopener\">\u00c4sthetik<\/a> abstehender Ohren kann verschiedene Probleme beheben, darunter abstehende Ohren, Ohrasymmetrien oder deformierte Ohren. Der Eingriff wird in der Regel unter \u00f6rtlicher Bet\u00e4ubung durchgef\u00fchrt, und die Erholungszeit ist unterschiedlich lang, wobei die meisten Personen innerhalb von ein bis zwei Wochen zu ihren normalen Aktivit\u00e4ten zur\u00fcckkehren k\u00f6nnen.<\/p>\n\n<h3 class=\"wp-block-heading\">Alles, was Sie \u00fcber <a href=\"https:\/\/medclinics.com\/de\/plastische-und-asthetische-chirurgie\/\" target=\"_blank\" rel=\"noreferrer noopener\">\u00e4sthetische Chirurgie<\/a> wissen m\u00fcssen, einschlie\u00dflich Preis, Nachsorge und Heilungsprozess, oder <a href=\"#requestform\">kontaktieren Sie uns<\/a>!<\/h3>\n\n<figure class=\"wp-block-image size-large\"><img fetchpriority=\"high\" decoding=\"async\" width=\"4500\" height=\"3000\" class=\"wp-image-85119\" src=\"https:\/\/medclinics.com\/wp-content\/uploads\/2023\/05\/prominent-ear-aesthetics-featured.png\" alt=\"Ausgepr&#xE4;gte Ohr&#xE4;sthetik\" srcset=\"https:\/\/medclinics.com\/wp-content\/uploads\/2023\/05\/prominent-ear-aesthetics-featured.png 4500w, https:\/\/medclinics.com\/wp-content\/uploads\/2023\/05\/prominent-ear-aesthetics-featured-500x333.png 500w, https:\/\/medclinics.com\/wp-content\/uploads\/2023\/05\/prominent-ear-aesthetics-featured-1024x683.png 1024w, https:\/\/medclinics.com\/wp-content\/uploads\/2023\/05\/prominent-ear-aesthetics-featured-768x512.png 768w, https:\/\/medclinics.com\/wp-content\/uploads\/2023\/05\/prominent-ear-aesthetics-featured-1536x1024.png 1536w, https:\/\/medclinics.com\/wp-content\/uploads\/2023\/05\/prominent-ear-aesthetics-featured-2048x1365.png 2048w, https:\/\/medclinics.com\/wp-content\/uploads\/2023\/05\/prominent-ear-aesthetics-featured-24x16.png 24w, https:\/\/medclinics.com\/wp-content\/uploads\/2023\/05\/prominent-ear-aesthetics-featured-36x24.png 36w, https:\/\/medclinics.com\/wp-content\/uploads\/2023\/05\/prominent-ear-aesthetics-featured-48x32.png 48w\" sizes=\"(max-width: 4500px) 100vw, 4500px\" \/><\/figure>\n\n<h2 class=\"wp-block-heading\">FAQ<\/h2>\n<div id=\"rank-math-faq\" class=\"rank-math-block\">\n<div class=\"rank-math-list \">\n<div id=\"faq-question-1682666956133\" class=\"rank-math-list-item\">\n<h3 class=\"rank-math-question \">Sind abstehende Ohren genetisch bedingt?<\/h3>\n<div class=\"rank-math-answer \">\n\n<p>Ja, abstehende Ohren k\u00f6nnen genetisch bedingt sein. Die Krankheit wird h\u00e4ufig vererbt und durch Familienmitglieder weitergegeben. Wenn ein oder beide Elternteile abstehende Ohren haben, ist die Wahrscheinlichkeit h\u00f6her, dass auch ihre Kinder das Merkmal haben. Es ist jedoch wichtig zu wissen, dass die Vererbung abstehender Ohren von Fall zu Fall variieren kann und nicht ausschlie\u00dflich genetisch bedingt ist. Auch andere Faktoren, wie die Struktur und Form des Ohrknorpels, k\u00f6nnen zum Hervortreten der Ohren beitragen.<\/p>\n\n<\/div>\n<\/div>\n<div id=\"faq-question-1684160796361\" class=\"rank-math-list-item\">\n<h3 class=\"rank-math-question \">Wie kann ich meine abstehenden Ohren ohne Operation korrigieren?<\/h3>\n<div class=\"rank-math-answer \">\n\n<p>Obwohl die chirurgische Korrektur, die so genannte Otoplastik, die wirksamste Methode zur Behandlung abstehender Ohren ist, gibt es auch einige nicht-chirurgische Alternativen, die ihr Aussehen bis zu einem gewissen Grad mildern k\u00f6nnen. Eine M\u00f6glichkeit ist es, mit verschiedenen Frisuren zu experimentieren, die die Ohren verdecken oder teilweise verdecken, wie z. B. l\u00e4ngeres Haar oder Frisuren, die an den Seiten des Gesichts Volumen bieten. Bei S\u00e4uglingen mit abstehenden Ohren k\u00f6nnen in den ersten Lebenswochen oder -monaten au\u00dferdem Ohranlegetechniken angewandt werden, um den Knorpel neu zu formen und die richtige Ohrentwicklung zu f\u00f6rdern. Camouflage-Techniken wie Make-up oder Ohrklebeb\u00e4nder k\u00f6nnen ebenfalls eingesetzt werden, um vor\u00fcbergehend die Illusion eines weniger abstehenden Ohrs zu erzeugen. Es ist jedoch wichtig zu wissen, dass diese nicht-chirurgischen Optionen nicht das zugrundeliegende strukturelle Problem angehen, das das Hervortreten der Ohren verursacht. F\u00fcr eine dauerhafte und bedeutendere Korrektur wird in der Regel ein chirurgischer Eingriff, wie z. B. die \u00c4sthetik des abstehenden Ohres, empfohlen. Eine Beratung durch einen qualifizierten plastischen Chirurgen kann zu einem besseren Verst\u00e4ndnis Ihres speziellen Falles und der verf\u00fcgbaren Behandlungsoptionen f\u00fchren.<\/p>\n\n<\/div>\n<\/div>\n<div id=\"faq-question-1684160883326\" class=\"rank-math-list-item\">\n<h3 class=\"rank-math-question \">Was ist eine Ohrenkorrektur bei abstehenden Ohren?<\/h3>\n<div class=\"rank-math-answer \">\n\n<p>Die \u00c4sthetik abstehender Ohren oder Otoplastik ist ein chirurgischer Eingriff, der darauf abzielt, das Aussehen abstehender oder abstehender Ohren zu korrigieren. Bei der \u00e4sthetischen Ohrenkorrektur formt der Chirurg den Ohrknorpel um und positioniert ihn neu, um eine ausgewogenere und nat\u00fcrlichere Ohrkontur zu schaffen. Der Eingriff wird in der Regel unter \u00f6rtlicher Bet\u00e4ubung durchgef\u00fchrt, und die Schnitte werden hinter dem Ohr gesetzt, um die sichtbare Narbenbildung zu minimieren. Die \u00e4sthetische Ohrplastik kann Probleme wie abstehende Ohren, Ohrasymmetrie und unf\u00f6rmige Ohren beheben und bietet lang anhaltende Ergebnisse. Es ist wichtig, dass Sie sich mit einem qualifizierten plastischen Chirurgen beraten, um Ihre speziellen Anliegen zu besprechen und festzustellen, ob die Otoplastik f\u00fcr Sie geeignet ist.<\/p>\n\n<\/div>\n<\/div>\n<\/div>\n<\/div>\n<p>\u00a0<\/p>\n\n<h3 class=\"wp-block-heading\">Kontaktieren Sie uns jetzt, falls Sie Fragen haben!<\/h3>\n","protected":false},"excerpt":{"rendered":"<p>Wenn Sie auf der Suche nach einer M\u00f6glichkeit sind, das gew\u00fcnschte Aussehen zu erreichen, k\u00f6nnte Prominent Ear Aesthetics die perfekte [&hellip;]<\/p>\n","protected":false},"author":4,"featured_media":85127,"parent":0,"menu_order":0,"comment_status":"closed","ping_status":"closed","template":"","meta":{"site-sidebar-layout":"default","site-content-layout":"","ast-site-content-layout":"default","site-content-style":"default","site-sidebar-style":"default","ast-global-header-display":"","ast-banner-title-visibility":"","ast-main-header-display":"","ast-hfb-above-header-display":"","ast-hfb-below-header-display":"","ast-hfb-mobile-header-display":"","site-post-title":"","ast-breadcrumbs-content":"","ast-featured-img":"","footer-sml-layout":"","ast-disable-related-posts":"","theme-transparent-header-meta":"","adv-header-id-meta":"","stick-header-meta":"","header-above-stick-meta":"","header-main-stick-meta":"","header-below-stick-meta":"","astra-migrate-meta-layouts":"default","ast-page-background-enabled":"default","ast-page-background-meta":{"desktop":{"background-color":"var(--ast-global-color-4)","background-image":"","background-repeat":"repeat","background-position":"center center","background-size":"auto","background-attachment":"scroll","background-type":"","background-media":"","overlay-type":"","overlay-color":"","overlay-opacity":"","overlay-gradient":""},"tablet":{"background-color":"","background-image":"","background-repeat":"repeat","background-position":"center center","background-size":"auto","background-attachment":"scroll","background-type":"","background-media":"","overlay-type":"","overlay-color":"","overlay-opacity":"","overlay-gradient":""},"mobile":{"background-color":"","background-image":"","background-repeat":"repeat","background-position":"center center","background-size":"auto","background-attachment":"scroll","background-type":"","background-media":"","overlay-type":"","overlay-color":"","overlay-opacity":"","overlay-gradient":""}},"ast-content-background-meta":{"desktop":{"background-color":"var(--ast-global-color-5)","background-image":"","background-repeat":"repeat","background-position":"center center","background-size":"auto","background-attachment":"scroll","background-type":"","background-media":"","overlay-type":"","overlay-color":"","overlay-opacity":"","overlay-gradient":""},"tablet":{"background-color":"var(--ast-global-color-5)","background-image":"","background-repeat":"repeat","background-position":"center center","background-size":"auto","background-attachment":"scroll","background-type":"","background-media":"","overlay-type":"","overlay-color":"","overlay-opacity":"","overlay-gradient":""},"mobile":{"background-color":"var(--ast-global-color-5)","background-image":"","background-repeat":"repeat","background-position":"center center","background-size":"auto","background-attachment":"scroll","background-type":"","background-media":"","overlay-type":"","overlay-color":"","overlay-opacity":"","overlay-gradient":""}},"footnotes":""},"class_list":["post-145609","page","type-page","status-publish","has-post-thumbnail","hentry"],"_links":{"self":[{"href":"https:\/\/medclinics.com\/de\/wp-json\/wp\/v2\/pages\/145609","targetHints":{"allow":["GET"]}}],"collection":[{"href":"https:\/\/medclinics.com\/de\/wp-json\/wp\/v2\/pages"}],"about":[{"href":"https:\/\/medclinics.com\/de\/wp-json\/wp\/v2\/types\/page"}],"author":[{"embeddable":true,"href":"https:\/\/medclinics.com\/de\/wp-json\/wp\/v2\/users\/4"}],"replies":[{"embeddable":true,"href":"https:\/\/medclinics.com\/de\/wp-json\/wp\/v2\/comments?post=145609"}],"version-history":[{"count":0,"href":"https:\/\/medclinics.com\/de\/wp-json\/wp\/v2\/pages\/145609\/revisions"}],"wp:featuredmedia":[{"embeddable":true,"href":"https:\/\/medclinics.com\/de\/wp-json\/wp\/v2\/media\/85127"}],"wp:attachment":[{"href":"https:\/\/medclinics.com\/de\/wp-json\/wp\/v2\/media?parent=145609"}],"curies":[{"name":"wp","href":"https:\/\/api.w.org\/{rel}","templated":true}]}}