{"id":145587,"date":"2023-04-15T13:28:00","date_gmt":"2023-04-15T13:28:00","guid":{"rendered":"https:\/\/medclinics.com\/vaser-liposuction-high-def\/"},"modified":"2024-04-01T17:24:39","modified_gmt":"2024-04-01T14:24:39","slug":"vaser-liposuction-high-def","status":"publish","type":"page","link":"https:\/\/medclinics.com\/de\/vaser-liposuction-high-def\/","title":{"rendered":"Vaser Liposuction high-def"},"content":{"rendered":"\n<h2 class=\"wp-block-heading\">Wenn Sie nach einer M\u00f6glichkeit suchen, Ihren K\u00f6rper zu formen, ist die Vaser Lipo high-def vielleicht die perfekte L\u00f6sung.<\/h2>\n\n<p>Vaser Lipo high-def ist eine fortschrittliche Technik der K\u00f6rperformung, die darauf abzielt, athletische und definierte Konturen zu schaffen. Dabei handelt es sich um eine spezielle Form der <a href=\"https:\/\/istanbul-tourist-information.com\/en\/medical-treatment\/\" target=\"_blank\" rel=\"noreferrer noopener\">Vaser-Liposuktion<\/a>, bei der mit Hilfe der Ultraschalltechnologie sowohl oberfl\u00e4chliche als auch tiefe Fettschichten gezielt entfernt werden, um die Muskeldefinition zu verbessern.<\/p>\n\n<p>W\u00e4hrend des Eingriffs entfernt der Chirurg strategisch \u00fcbersch\u00fcssiges Fett um bestimmte Muskelgruppen herum, um ein geformtes Aussehen zu erzielen. Diese Technik erfordert ein hohes Ma\u00df an Geschick und Fachwissen, um pr\u00e4zise Ergebnisse zu erzielen und die gew\u00fcnschte athletische Kontur zu erreichen.<\/p>\n\n<p>Die Vaser Hi-Def Fettabsaugung wird in der Regel bei Personen durchgef\u00fchrt, die \u00fcber eine gute Muskelstruktur verf\u00fcgen, aber mit hartn\u00e4ckigen Fettablagerungen zu k\u00e4mpfen haben, die die Muskeldefinition beeintr\u00e4chtigen. Sie wird h\u00e4ufig verwendet, um Bereiche wie Bauch, Brust, Arme, R\u00fccken und Oberschenkel zu verbessern.<\/p>\n\n<h3 class=\"wp-block-heading\">Alles, was Sie \u00fcber <a href=\"https:\/\/medclinics.com\/de\/fettabsaugung\/\" target=\"_blank\" rel=\"noreferrer noopener\">Fettabsaugung<\/a> wissen m\u00fcssen, einschlie\u00dflich Preis, Nachsorge und Heilungsprozess, oder <a href=\"#requestform\">kontaktieren Sie uns<\/a>!<\/h3>\n\n<figure class=\"wp-block-image size-large\"><img fetchpriority=\"high\" decoding=\"async\" width=\"9504\" height=\"6336\" src=\"https:\/\/medclinics.com\/wp-content\/uploads\/2023\/05\/vaser-hi-def-liposuction-.png\" alt=\"Vaser Lipo Hi-Def\" class=\"wp-image-85032\" srcset=\"https:\/\/medclinics.com\/wp-content\/uploads\/2023\/05\/vaser-hi-def-liposuction-.png 9504w, https:\/\/medclinics.com\/wp-content\/uploads\/2023\/05\/vaser-hi-def-liposuction--500x333.png 500w, https:\/\/medclinics.com\/wp-content\/uploads\/2023\/05\/vaser-hi-def-liposuction--1024x683.png 1024w, https:\/\/medclinics.com\/wp-content\/uploads\/2023\/05\/vaser-hi-def-liposuction--768x512.png 768w, https:\/\/medclinics.com\/wp-content\/uploads\/2023\/05\/vaser-hi-def-liposuction--1536x1024.png 1536w, https:\/\/medclinics.com\/wp-content\/uploads\/2023\/05\/vaser-hi-def-liposuction--2048x1365.png 2048w, https:\/\/medclinics.com\/wp-content\/uploads\/2023\/05\/vaser-hi-def-liposuction--24x16.png 24w, https:\/\/medclinics.com\/wp-content\/uploads\/2023\/05\/vaser-hi-def-liposuction--36x24.png 36w, https:\/\/medclinics.com\/wp-content\/uploads\/2023\/05\/vaser-hi-def-liposuction--48x32.png 48w\" sizes=\"(max-width: 9504px) 100vw, 9504px\" \/><\/figure>\n\n<h2 class=\"wp-block-heading\">FAQ<\/h2>\n<div id=\"rank-math-faq\" class=\"rank-math-block\">\n<div class=\"rank-math-list \">\n<div id=\"faq-question-1682666956133\" class=\"rank-math-list-item\">\n<h3 class=\"rank-math-question \">Was ist eine Vaser-Hi-Def-Liposuktion?<\/h3>\n<div class=\"rank-math-answer \">\n\n<p>Die Vaser Hi-Def Fettabsaugung ist ein hochmodernes Verfahren zur K\u00f6rperkonturierung, bei dem die Ultraschalltechnologie pr\u00e4zise eingesetzt wird, um die Muskeldefinition zu verbessern und \u00fcbersch\u00fcssiges Fett zu beseitigen, was dem Patienten ein athletischeres und definierteres Aussehen verleiht.<\/p>\n\n<\/div>\n<\/div>\n<div id=\"faq-question-1684156392775\" class=\"rank-math-list-item\">\n<h3 class=\"rank-math-question \">Wie funktioniert die Vaser Hi-Def Liposuktion in der T\u00fcrkei?<\/h3>\n<div class=\"rank-math-answer \">\n\n<p>Die T\u00fcrkei ist f\u00fcr ihren guten Ruf im Bereich des Medizintourismus bekannt und bietet verschiedene kosmetische Eingriffe an, darunter die Vaser Hi-Def Fettabsaugung. Die Qualit\u00e4t der Behandlung in der T\u00fcrkei h\u00e4ngt von der Klinik oder dem Chirurgen ab, die Sie w\u00e4hlen. Es ist wichtig, sich gr\u00fcndlich zu informieren und einen seri\u00f6sen und erfahrenen plastischen Chirurgen auszuw\u00e4hlen, der auf diese Art der Fettabsaugung spezialisiert ist. Die Lekt\u00fcre von Patientenrezensionen, die Bewertung von Qualifikationen und die Besprechung des Verfahrens mit dem gew\u00e4hlten Chirurgen w\u00e4hrend einer Konsultation k\u00f6nnen Aufschluss \u00fcber die Qualit\u00e4t der Fettabsaugung in der T\u00fcrkei geben.<\/p>\n\n<\/div>\n<\/div>\n<\/div>\n<\/div>\n<p>\u00a0<\/p>\n\n<h3 class=\"wp-block-heading\">Kontaktieren Sie uns jetzt, falls Sie Fragen haben!<\/h3>\n","protected":false},"excerpt":{"rendered":"<p>Wenn Sie nach einer M\u00f6glichkeit suchen, Ihren K\u00f6rper zu formen, ist die Vaser Lipo high-def vielleicht die perfekte L\u00f6sung. Vaser [&hellip;]<\/p>\n","protected":false},"author":4,"featured_media":85042,"parent":0,"menu_order":0,"comment_status":"closed","ping_status":"closed","template":"","meta":{"site-sidebar-layout":"default","site-content-layout":"","ast-site-content-layout":"default","site-content-style":"default","site-sidebar-style":"default","ast-global-header-display":"","ast-banner-title-visibility":"","ast-main-header-display":"","ast-hfb-above-header-display":"","ast-hfb-below-header-display":"","ast-hfb-mobile-header-display":"","site-post-title":"","ast-breadcrumbs-content":"","ast-featured-img":"","footer-sml-layout":"","ast-disable-related-posts":"","theme-transparent-header-meta":"","adv-header-id-meta":"","stick-header-meta":"","header-above-stick-meta":"","header-main-stick-meta":"","header-below-stick-meta":"","astra-migrate-meta-layouts":"default","ast-page-background-enabled":"default","ast-page-background-meta":{"desktop":{"background-color":"var(--ast-global-color-4)","background-image":"","background-repeat":"repeat","background-position":"center center","background-size":"auto","background-attachment":"scroll","background-type":"","background-media":"","overlay-type":"","overlay-color":"","overlay-opacity":"","overlay-gradient":""},"tablet":{"background-color":"","background-image":"","background-repeat":"repeat","background-position":"center center","background-size":"auto","background-attachment":"scroll","background-type":"","background-media":"","overlay-type":"","overlay-color":"","overlay-opacity":"","overlay-gradient":""},"mobile":{"background-color":"","background-image":"","background-repeat":"repeat","background-position":"center center","background-size":"auto","background-attachment":"scroll","background-type":"","background-media":"","overlay-type":"","overlay-color":"","overlay-opacity":"","overlay-gradient":""}},"ast-content-background-meta":{"desktop":{"background-color":"var(--ast-global-color-5)","background-image":"","background-repeat":"repeat","background-position":"center center","background-size":"auto","background-attachment":"scroll","background-type":"","background-media":"","overlay-type":"","overlay-color":"","overlay-opacity":"","overlay-gradient":""},"tablet":{"background-color":"var(--ast-global-color-5)","background-image":"","background-repeat":"repeat","background-position":"center center","background-size":"auto","background-attachment":"scroll","background-type":"","background-media":"","overlay-type":"","overlay-color":"","overlay-opacity":"","overlay-gradient":""},"mobile":{"background-color":"var(--ast-global-color-5)","background-image":"","background-repeat":"repeat","background-position":"center center","background-size":"auto","background-attachment":"scroll","background-type":"","background-media":"","overlay-type":"","overlay-color":"","overlay-opacity":"","overlay-gradient":""}},"footnotes":""},"class_list":["post-145587","page","type-page","status-publish","has-post-thumbnail","hentry"],"_links":{"self":[{"href":"https:\/\/medclinics.com\/de\/wp-json\/wp\/v2\/pages\/145587","targetHints":{"allow":["GET"]}}],"collection":[{"href":"https:\/\/medclinics.com\/de\/wp-json\/wp\/v2\/pages"}],"about":[{"href":"https:\/\/medclinics.com\/de\/wp-json\/wp\/v2\/types\/page"}],"author":[{"embeddable":true,"href":"https:\/\/medclinics.com\/de\/wp-json\/wp\/v2\/users\/4"}],"replies":[{"embeddable":true,"href":"https:\/\/medclinics.com\/de\/wp-json\/wp\/v2\/comments?post=145587"}],"version-history":[{"count":0,"href":"https:\/\/medclinics.com\/de\/wp-json\/wp\/v2\/pages\/145587\/revisions"}],"wp:featuredmedia":[{"embeddable":true,"href":"https:\/\/medclinics.com\/de\/wp-json\/wp\/v2\/media\/85042"}],"wp:attachment":[{"href":"https:\/\/medclinics.com\/de\/wp-json\/wp\/v2\/media?parent=145587"}],"curies":[{"name":"wp","href":"https:\/\/api.w.org\/{rel}","templated":true}]}}