{"id":145577,"date":"2023-05-15T13:26:42","date_gmt":"2023-05-15T10:26:42","guid":{"rendered":"https:\/\/medclinics.com\/asthetik-des-gingivas\/"},"modified":"2025-01-02T15:48:33","modified_gmt":"2025-01-02T12:48:33","slug":"asthetik-des-gingivas","status":"publish","type":"page","link":"https:\/\/medclinics.com\/de\/asthetik-des-gingivas\/","title":{"rendered":"\u00c4sthetik des Gingivas"},"content":{"rendered":"\n<h2 class=\"wp-block-heading\">Leiden Sie unter Zahnfleischr\u00fcckgang? Dann brauchen Sie eine Zahnfleisch\u00e4sthetik!<\/h2>\n\n<p>Die Zahnfleisch\u00e4sthetik ist eine Reihe von \u00e4sthetischen Verfahren zur Korrektur von Zahnfleischproblemen. Zu den Zahnfleischproblemen geh\u00f6ren zur\u00fcckgehendes Zahnfleisch, Zahnfleisch\u00fcbersch\u00fcsse, Anomalien der Zahnfleischfarbe und -form.<\/p>\n\n<p>In der <a href=\"https:\/\/en.wikipedia.org\/wiki\/Gingivectomy\" target=\"_blank\" rel=\"noreferrer noopener\">Zahnfleisch\u00e4sthetik<\/a> werden verschiedene Techniken angewandt, um das Aussehen und die \u00c4sthetik des Zahnfleischs zu verbessern. Dazu geh\u00f6ren chirurgische Zahnfleischkorrekturen, Zahnfleischtransplantationen, Laserbehandlungen, Zahnfleischverf\u00e4rbungen und -verschl\u00fcsse, Zahnfleischf\u00fcllungen und Zahnfleischprothesen.<\/p>\n\n<p>\u00c4sthetische Zahnfleischbehandlungen sollten von einem Zahnarzt durchgef\u00fchrt werden, der gro\u00dfen Wert auf die Gesundheit des Zahnfleisches und die Mundhygiene legt. Auf diese Weise kann ein gesundes und \u00e4sthetisches Ergebnis erzielt werden, ohne dass das Zahnfleisch w\u00e4hrend des \u00e4sthetischen Eingriffs besch\u00e4digt wird.<\/p>\n\n<h3 class=\"wp-block-heading\">Alles, was Sie \u00fcber <a href=\"https:\/\/medclinics.com\/dental-treatment\/\" target=\"_blank\" rel=\"noreferrer noopener\">Zahnbehandlungen<\/a> wissen m\u00fcssen, einschlie\u00dflich Preis, Nachsorge und Heilungsprozess, oder <a href=\"#requestform\">kontaktieren Sie uns<\/a>!<\/h3>\n\n<figure class=\"wp-block-image size-full\"><img fetchpriority=\"high\" decoding=\"async\" width=\"960\" height=\"580\" src=\"https:\/\/medclinics.com\/wp-content\/uploads\/2023\/05\/Gingival-aesthetics-.jpg\" alt=\"\" class=\"wp-image-85025\" srcset=\"https:\/\/medclinics.com\/wp-content\/uploads\/2023\/05\/Gingival-aesthetics-.jpg 960w, https:\/\/medclinics.com\/wp-content\/uploads\/2023\/05\/Gingival-aesthetics--500x302.jpg 500w, https:\/\/medclinics.com\/wp-content\/uploads\/2023\/05\/Gingival-aesthetics--768x464.jpg 768w, https:\/\/medclinics.com\/wp-content\/uploads\/2023\/05\/Gingival-aesthetics--24x15.jpg 24w, https:\/\/medclinics.com\/wp-content\/uploads\/2023\/05\/Gingival-aesthetics--36x22.jpg 36w, https:\/\/medclinics.com\/wp-content\/uploads\/2023\/05\/Gingival-aesthetics--48x29.jpg 48w\" sizes=\"(max-width: 960px) 100vw, 960px\" \/><\/figure>\n\n<h3 class=\"wp-block-heading\">FAQ<\/h3>\n<div id=\"rank-math-faq\" class=\"rank-math-block\">\n<div class=\"rank-math-list \">\n<div id=\"faq-question-1683898477333\" class=\"rank-math-list-item\">\n<h3 class=\"rank-math-question \">Was ist ein Zahnfleischl\u00e4cheln?<\/h3>\n<div class=\"rank-math-answer \">\n\n<p>Ein Gingival Smile, auch bekannt als \u00fcberm\u00e4\u00dfiges Zahnfleisch, ist ein kosmetisches Problem. Beim L\u00e4cheln wird zu viel Zahnfleisch gezeigt. Dadurch wirken die Z\u00e4hne k\u00fcrzer und das L\u00e4cheln u0022gummiartig.u0022 Die Ursache kann ein hyperaktiver Oberlippenmuskel, eine kurze Oberlippe oder ein \u00fcberwachsener Zahnfleischsaum sein. Die Behandlung erfolgt kieferorthop\u00e4disch oder chirurgisch, und der Zahnarzt kann eine Kombination aus beidem empfehlen.<\/p>\n\n<\/div>\n<\/div>\n<div id=\"faq-question-1683898525995\" class=\"rank-math-list-item\">\n<h3 class=\"rank-math-question \">Was ist Zahnfleisch\u00e4sthetik?<\/h3>\n<div class=\"rank-math-answer \">\n\n<p>Die Zahnfleisch\u00e4sthetik, auch bekannt als Zahnfleisch\u00e4sthetik oder plastische Parodontalchirurgie, ist ein Teilgebiet der Zahnmedizin, das sich mit der Verbesserung des Aussehens des Zahnfleischs und der Weichteile um die Z\u00e4hne herum befasst.<\/p>\n\n<\/div>\n<\/div>\n<div id=\"faq-question-1683898720036\" class=\"rank-math-list-item\">\n<h3 class=\"rank-math-question \">Welche Arten von Zahnfleisch gibt es?<\/h3>\n<div class=\"rank-math-answer \">\n\n<p>Es gibt zwei Arten von Gingiva: die befestigte Gingiva, die fest ist und die Z\u00e4hne umgibt, und die Schleimhautgingiva, die beweglich ist und die Innenfl\u00e4chen der Lippen, Wangen, den Mundboden und die Unterseite der Zunge bedeckt.<\/p>\n\n<\/div>\n<\/div>\n<\/div>\n<\/div>\n<p>\u00a0<\/p>\n\n<h3 class=\"wp-block-heading\">Kontaktieren Sie uns jetzt, falls Sie Fragen haben!<\/h3>\n","protected":false},"excerpt":{"rendered":"<p>Leiden Sie unter Zahnfleischr\u00fcckgang? Dann brauchen Sie eine Zahnfleisch\u00e4sthetik! Die Zahnfleisch\u00e4sthetik ist eine Reihe von \u00e4sthetischen Verfahren zur Korrektur von [&hellip;]<\/p>\n","protected":false},"author":4,"featured_media":92277,"parent":0,"menu_order":0,"comment_status":"closed","ping_status":"closed","template":"","meta":{"site-sidebar-layout":"default","site-content-layout":"","ast-site-content-layout":"default","site-content-style":"default","site-sidebar-style":"default","ast-global-header-display":"","ast-banner-title-visibility":"","ast-main-header-display":"","ast-hfb-above-header-display":"","ast-hfb-below-header-display":"","ast-hfb-mobile-header-display":"","site-post-title":"","ast-breadcrumbs-content":"","ast-featured-img":"","footer-sml-layout":"","ast-disable-related-posts":"","theme-transparent-header-meta":"","adv-header-id-meta":"","stick-header-meta":"","header-above-stick-meta":"","header-main-stick-meta":"","header-below-stick-meta":"","astra-migrate-meta-layouts":"default","ast-page-background-enabled":"default","ast-page-background-meta":{"desktop":{"background-color":"var(--ast-global-color-4)","background-image":"","background-repeat":"repeat","background-position":"center center","background-size":"auto","background-attachment":"scroll","background-type":"","background-media":"","overlay-type":"","overlay-color":"","overlay-opacity":"","overlay-gradient":""},"tablet":{"background-color":"","background-image":"","background-repeat":"repeat","background-position":"center center","background-size":"auto","background-attachment":"scroll","background-type":"","background-media":"","overlay-type":"","overlay-color":"","overlay-opacity":"","overlay-gradient":""},"mobile":{"background-color":"","background-image":"","background-repeat":"repeat","background-position":"center center","background-size":"auto","background-attachment":"scroll","background-type":"","background-media":"","overlay-type":"","overlay-color":"","overlay-opacity":"","overlay-gradient":""}},"ast-content-background-meta":{"desktop":{"background-color":"var(--ast-global-color-5)","background-image":"","background-repeat":"repeat","background-position":"center center","background-size":"auto","background-attachment":"scroll","background-type":"","background-media":"","overlay-type":"","overlay-color":"","overlay-opacity":"","overlay-gradient":""},"tablet":{"background-color":"var(--ast-global-color-5)","background-image":"","background-repeat":"repeat","background-position":"center center","background-size":"auto","background-attachment":"scroll","background-type":"","background-media":"","overlay-type":"","overlay-color":"","overlay-opacity":"","overlay-gradient":""},"mobile":{"background-color":"var(--ast-global-color-5)","background-image":"","background-repeat":"repeat","background-position":"center center","background-size":"auto","background-attachment":"scroll","background-type":"","background-media":"","overlay-type":"","overlay-color":"","overlay-opacity":"","overlay-gradient":""}},"footnotes":""},"class_list":["post-145577","page","type-page","status-publish","has-post-thumbnail","hentry"],"_links":{"self":[{"href":"https:\/\/medclinics.com\/de\/wp-json\/wp\/v2\/pages\/145577","targetHints":{"allow":["GET"]}}],"collection":[{"href":"https:\/\/medclinics.com\/de\/wp-json\/wp\/v2\/pages"}],"about":[{"href":"https:\/\/medclinics.com\/de\/wp-json\/wp\/v2\/types\/page"}],"author":[{"embeddable":true,"href":"https:\/\/medclinics.com\/de\/wp-json\/wp\/v2\/users\/4"}],"replies":[{"embeddable":true,"href":"https:\/\/medclinics.com\/de\/wp-json\/wp\/v2\/comments?post=145577"}],"version-history":[{"count":0,"href":"https:\/\/medclinics.com\/de\/wp-json\/wp\/v2\/pages\/145577\/revisions"}],"wp:featuredmedia":[{"embeddable":true,"href":"https:\/\/medclinics.com\/de\/wp-json\/wp\/v2\/media\/92277"}],"wp:attachment":[{"href":"https:\/\/medclinics.com\/de\/wp-json\/wp\/v2\/media?parent=145577"}],"curies":[{"name":"wp","href":"https:\/\/api.w.org\/{rel}","templated":true}]}}