{"id":145561,"date":"2023-04-15T12:56:49","date_gmt":"2023-04-15T12:56:49","guid":{"rendered":"https:\/\/medclinics.com\/vaser-liposuktion\/"},"modified":"2024-04-01T17:27:10","modified_gmt":"2024-04-01T14:27:10","slug":"vaser-liposuktion","status":"publish","type":"page","link":"https:\/\/medclinics.com\/de\/vaser-liposuktion\/","title":{"rendered":"Vaser Liposuktion"},"content":{"rendered":"\n<h2 class=\"wp-block-heading\">Wenn Sie auf der Suche nach einer M\u00f6glichkeit sind, Ihr Aussehen zu verbessern, k\u00f6nnte eine Vaser-Liposuktion die perfekte L\u00f6sung sein.<\/h2>\n\n<p>Die Vaser-Liposuktion ist eine spezielle Form der Fettabsaugung, bei der mit Hilfe von Ultraschalltechnologie unerw\u00fcnschte Fettpolster selektiv abgebaut und entfernt werden. Dabei handelt es sich um einen minimalinvasiven kosmetischen Eingriff, der gezielt an bestimmten K\u00f6rperregionen wie Bauch, Oberschenkeln, Armen oder anderen Stellen mit Fettp\u00f6lsterchen vorgenommen werden kann.<\/p>\n\n<p>Bei der <a href=\"https:\/\/istanbul-tourist-information.com\/en\/medical-treatment\/\" target=\"_blank\" rel=\"noreferrer noopener\">Vaser Liposuktion<\/a> f\u00fchrt der Chirurg kleine Schnitte im Zielbereich durch und injiziert eine Tumeszenzl\u00f6sung, die zur Bet\u00e4ubung des Bereichs und zum Schrumpfen der Blutgef\u00e4\u00dfe beitr\u00e4gt. Dann wird eine kleine Sonde eingef\u00fchrt, die Ultraschallenergie \u00fcbertr\u00e4gt, die Fettzellen abbaut und dabei das umliegende Gewebe schont. Das verfl\u00fcssigte Fett wird dann durch eine d\u00fcnne Kan\u00fcle abgesaugt.<\/p>\n\n<p>Der Vorteil ist, dass die Fettzellen gezielt angegriffen werden, w\u00e4hrend das umliegende Gewebe so wenig wie m\u00f6glich gesch\u00e4digt wird, was im Vergleich zu herk\u00f6mmlichen Techniken der Fettabsaugung zu weniger Trauma, k\u00fcrzeren Ausfallzeiten und m\u00f6glicherweise glatteren Ergebnissen f\u00fchrt. Wie jeder chirurgische Eingriff birgt jedoch auch die Vaser Liposuktion gewisse Risiken und erfordert eine Beratung durch einen qualifizierten plastischen Chirurgen, um festzustellen, ob sie f\u00fcr die spezifischen Bed\u00fcrfnisse und Ziele des Einzelnen geeignet ist.<\/p>\n\n<h3 class=\"wp-block-heading\">Alles, was Sie \u00fcber <a href=\"https:\/\/medclinics.com\/de\/fettabsaugung\/\" target=\"_blank\" rel=\"noreferrer noopener\">Fettabsaugung<\/a> wissen m\u00fcssen, einschlie\u00dflich Preis, Nachsorge und Heilungsprozess, oder <a href=\"#requestform\">kontaktieren Sie uns<\/a>!<\/h3>\n\n<figure class=\"wp-block-image size-large\"><img fetchpriority=\"high\" decoding=\"async\" width=\"5760\" height=\"3840\" src=\"https:\/\/medclinics.com\/wp-content\/uploads\/2023\/05\/vaser-liposuction.png\" alt=\"Vaser-Liposuktion\" class=\"wp-image-84998\" srcset=\"https:\/\/medclinics.com\/wp-content\/uploads\/2023\/05\/vaser-liposuction.png 5760w, https:\/\/medclinics.com\/wp-content\/uploads\/2023\/05\/vaser-liposuction-500x333.png 500w, https:\/\/medclinics.com\/wp-content\/uploads\/2023\/05\/vaser-liposuction-1024x683.png 1024w, https:\/\/medclinics.com\/wp-content\/uploads\/2023\/05\/vaser-liposuction-768x512.png 768w, https:\/\/medclinics.com\/wp-content\/uploads\/2023\/05\/vaser-liposuction-1536x1024.png 1536w, https:\/\/medclinics.com\/wp-content\/uploads\/2023\/05\/vaser-liposuction-2048x1365.png 2048w, https:\/\/medclinics.com\/wp-content\/uploads\/2023\/05\/vaser-liposuction-24x16.png 24w, https:\/\/medclinics.com\/wp-content\/uploads\/2023\/05\/vaser-liposuction-36x24.png 36w, https:\/\/medclinics.com\/wp-content\/uploads\/2023\/05\/vaser-liposuction-48x32.png 48w\" sizes=\"(max-width: 5760px) 100vw, 5760px\" \/><\/figure>\n\n<h2 class=\"wp-block-heading\">FAQ<\/h2>\n<div id=\"rank-math-faq\" class=\"rank-math-block\">\n<div class=\"rank-math-list \">\n<div id=\"faq-question-1682603361561\" class=\"rank-math-list-item\">\n<h3 class=\"rank-math-question \">Ist die Vaser-Liposuktion sicher?<\/h3>\n<div class=\"rank-math-answer \">\n\n<p>Ja, die Vaser-Liposuktion gilt im Allgemeinen als sicheres Verfahren, wenn sie von einem qualifizierten und erfahrenen plastischen Chirurgen durchgef\u00fchrt wird. Wie bei jedem chirurgischen Eingriff gibt es auch bei der Vaser-Liposuktion m\u00f6gliche Risiken und Komplikationen, die jedoch relativ selten sind. Wenn Sie einen renommierten Chirurgen ausw\u00e4hlen, die Anweisungen vor und nach der Operation sorgf\u00e4ltig befolgen und auf einen guten allgemeinen Gesundheitszustand achten, k\u00f6nnen Sie zu einem sichereren und erfolgreicheren Ergebnis beitragen. Es ist wichtig, dass Sie sich von einem qualifizierten plastischen Chirurgen beraten lassen, der Ihren individuellen Fall beurteilen, m\u00f6gliche Risiken und Komplikationen er\u00f6rtern und Ihnen individuelle Empfehlungen geben kann, die auf Ihre speziellen Bed\u00fcrfnisse und Ziele zugeschnitten sind.<\/p>\n\n<\/div>\n<\/div>\n<div id=\"faq-question-1684154435230\" class=\"rank-math-list-item\">\n<h3 class=\"rank-math-question \">Ist eine Vaser-Liposuktion dauerhaft?<\/h3>\n<div class=\"rank-math-answer \">\n\n<p>Die Vaser-Liposuktion kann langanhaltende Ergebnisse liefern, aber sie garantiert keine dauerhafte Fettentfernung. Bei diesem Verfahren werden unerw\u00fcnschte Fettzellen an bestimmten K\u00f6rperstellen gezielt entfernt. Die entfernten Fettzellen werden dauerhaft aus diesen Bereichen entfernt. Es ist jedoch wichtig zu wissen, dass sich die verbleibenden Fettzellen noch vergr\u00f6\u00dfern k\u00f6nnen, wenn eine Person nach dem Eingriff an Gewicht zunimmt. Um das Ergebnis der Vaser-Liposuktion zu erhalten, ist eine gesunde Lebensweise mit regelm\u00e4\u00dfiger Bewegung und ausgewogener Ern\u00e4hrung unerl\u00e4sslich, um neue Fettansammlungen zu vermeiden. Die Langlebigkeit der Ergebnisse einer Vaser-Liposuktion kann von Person zu Person variieren, und individuelle Faktoren wie Genetik, Lebensstil und Alterung k\u00f6nnen das Ergebnis im Laufe der Zeit beeinflussen. Eine Beratung durch einen qualifizierten plastischen Chirurgen kann ein besseres Verst\u00e4ndnis f\u00fcr die zu erwartende Dauer des Ergebnisses und Empfehlungen f\u00fcr die langfristige Pflege vermitteln.<\/p>\n\n<\/div>\n<\/div>\n<div id=\"faq-question-1684154746000\" class=\"rank-math-list-item\">\n<h3 class=\"rank-math-question \">Funktioniert die Vaser-Liposuktion?<\/h3>\n<div class=\"rank-math-answer \">\n\n<p>Die Vaser-Liposuktion ist ein bew\u00e4hrtes und wirksames Verfahren zur Fettentfernung und K\u00f6rperkonturierung. Es nutzt fortschrittliche Ultraschalltechnologie, um unerw\u00fcnschte Fettzellen an bestimmten K\u00f6rperstellen gezielt zu entfernen. Das Verfahren f\u00fchrt nachweislich zu einer deutlichen und sp\u00fcrbaren Verbesserung der K\u00f6rperform und -kontur. Es ist jedoch wichtig zu wissen, dass der Erfolg und die Effektivit\u00e4t der Vaser-Liposuktion auch von individuellen Faktoren wie der Elastizit\u00e4t der Haut und der allgemeinen K\u00f6rperzusammensetzung abh\u00e4ngen. Am besten lassen Sie sich von einem qualifizierten plastischen Chirurgen beraten, der Ihren speziellen Fall beurteilen und Ihnen individuelle Empfehlungen geben kann, die auf Ihre individuellen Bed\u00fcrfnisse und Ziele abgestimmt sind.<\/p>\n\n<\/div>\n<\/div>\n<div id=\"faq-question-1684154774602\" class=\"rank-math-list-item\">\n<h3 class=\"rank-math-question \">Lohnt sich eine Vaser-Lipo?<\/h3>\n<div class=\"rank-math-answer \">\n\n<p>Die Entscheidung, ob sich eine Vaser-Liposuktion lohnt, h\u00e4ngt von den individuellen Umst\u00e4nden und Zielen ab. Sie kann eine lohnende Option f\u00fcr Personen sein, die hartn\u00e4ckige Fettdepots bek\u00e4mpfen und eine bessere K\u00f6rperkontur erreichen wollen. Es ist jedoch wichtig, Faktoren wie m\u00f6gliche Risiken, den Wiederherstellungsprozess und die Kosten zu ber\u00fccksichtigen, bevor man eine Entscheidung trifft. Die Beratung durch einen qualifizierten plastischen Chirurgen kann Ihnen eine pers\u00f6nliche Beratung bieten und Ihnen dabei helfen, festzustellen, ob die Vaser-Liposuktion die richtige Wahl f\u00fcr Sie ist.<\/p>\n\n<\/div>\n<\/div>\n<\/div>\n<\/div>\n<p>\u00a0<\/p>\n\n<h3 class=\"wp-block-heading\">Kontaktieren Sie uns jetzt, falls Sie Fragen haben!<\/h3>\n","protected":false},"excerpt":{"rendered":"<p>Wenn Sie auf der Suche nach einer M\u00f6glichkeit sind, Ihr Aussehen zu verbessern, k\u00f6nnte eine Vaser-Liposuktion die perfekte L\u00f6sung sein. [&hellip;]<\/p>\n","protected":false},"author":4,"featured_media":85005,"parent":0,"menu_order":0,"comment_status":"closed","ping_status":"closed","template":"","meta":{"site-sidebar-layout":"default","site-content-layout":"","ast-site-content-layout":"default","site-content-style":"default","site-sidebar-style":"default","ast-global-header-display":"","ast-banner-title-visibility":"","ast-main-header-display":"","ast-hfb-above-header-display":"","ast-hfb-below-header-display":"","ast-hfb-mobile-header-display":"","site-post-title":"","ast-breadcrumbs-content":"","ast-featured-img":"","footer-sml-layout":"","ast-disable-related-posts":"","theme-transparent-header-meta":"","adv-header-id-meta":"","stick-header-meta":"","header-above-stick-meta":"","header-main-stick-meta":"","header-below-stick-meta":"","astra-migrate-meta-layouts":"default","ast-page-background-enabled":"default","ast-page-background-meta":{"desktop":{"background-color":"var(--ast-global-color-4)","background-image":"","background-repeat":"repeat","background-position":"center center","background-size":"auto","background-attachment":"scroll","background-type":"","background-media":"","overlay-type":"","overlay-color":"","overlay-opacity":"","overlay-gradient":""},"tablet":{"background-color":"","background-image":"","background-repeat":"repeat","background-position":"center center","background-size":"auto","background-attachment":"scroll","background-type":"","background-media":"","overlay-type":"","overlay-color":"","overlay-opacity":"","overlay-gradient":""},"mobile":{"background-color":"","background-image":"","background-repeat":"repeat","background-position":"center center","background-size":"auto","background-attachment":"scroll","background-type":"","background-media":"","overlay-type":"","overlay-color":"","overlay-opacity":"","overlay-gradient":""}},"ast-content-background-meta":{"desktop":{"background-color":"var(--ast-global-color-5)","background-image":"","background-repeat":"repeat","background-position":"center center","background-size":"auto","background-attachment":"scroll","background-type":"","background-media":"","overlay-type":"","overlay-color":"","overlay-opacity":"","overlay-gradient":""},"tablet":{"background-color":"var(--ast-global-color-5)","background-image":"","background-repeat":"repeat","background-position":"center center","background-size":"auto","background-attachment":"scroll","background-type":"","background-media":"","overlay-type":"","overlay-color":"","overlay-opacity":"","overlay-gradient":""},"mobile":{"background-color":"var(--ast-global-color-5)","background-image":"","background-repeat":"repeat","background-position":"center center","background-size":"auto","background-attachment":"scroll","background-type":"","background-media":"","overlay-type":"","overlay-color":"","overlay-opacity":"","overlay-gradient":""}},"footnotes":""},"class_list":["post-145561","page","type-page","status-publish","has-post-thumbnail","hentry"],"_links":{"self":[{"href":"https:\/\/medclinics.com\/de\/wp-json\/wp\/v2\/pages\/145561","targetHints":{"allow":["GET"]}}],"collection":[{"href":"https:\/\/medclinics.com\/de\/wp-json\/wp\/v2\/pages"}],"about":[{"href":"https:\/\/medclinics.com\/de\/wp-json\/wp\/v2\/types\/page"}],"author":[{"embeddable":true,"href":"https:\/\/medclinics.com\/de\/wp-json\/wp\/v2\/users\/4"}],"replies":[{"embeddable":true,"href":"https:\/\/medclinics.com\/de\/wp-json\/wp\/v2\/comments?post=145561"}],"version-history":[{"count":0,"href":"https:\/\/medclinics.com\/de\/wp-json\/wp\/v2\/pages\/145561\/revisions"}],"wp:featuredmedia":[{"embeddable":true,"href":"https:\/\/medclinics.com\/de\/wp-json\/wp\/v2\/media\/85005"}],"wp:attachment":[{"href":"https:\/\/medclinics.com\/de\/wp-json\/wp\/v2\/media?parent=145561"}],"curies":[{"name":"wp","href":"https:\/\/api.w.org\/{rel}","templated":true}]}}