{"id":145549,"date":"2023-05-15T12:29:46","date_gmt":"2023-05-15T09:29:46","guid":{"rendered":"https:\/\/medclinics.com\/arm-liposuction-2\/"},"modified":"2024-12-29T01:08:45","modified_gmt":"2024-12-28T22:08:45","slug":"arm-liposuction-2","status":"publish","type":"page","link":"https:\/\/medclinics.com\/de\/arm-liposuction-2\/","title":{"rendered":"Arm Liposuction"},"content":{"rendered":"\n<h2 class=\"wp-block-heading\">Wenn Sie auf der Suche nach einem Weg zur Transformation sind, der Ihnen schlanke, wohlgeformte Arme beschert, k\u00f6nnte eine Arm Liposuction die perfekte L\u00f6sung sein.<\/h2>\n\n<p>Die Fettabsaugung an den Armen ist ein kosmetischer Eingriff, der darauf abzielt, \u00fcbersch\u00fcssiges Fett an den Oberarmen zu entfernen. Sie wird h\u00e4ufig bei Personen durchgef\u00fchrt, die lokalisierte Fettablagerungen im Armbereich haben, die auf Di\u00e4t und Sport nicht ansprechen.<\/p>\n\n<p>Bei der <a href=\"https:\/\/istanbul-tourist-information.com\/en\/medical-treatment\/\" target=\"_blank\" rel=\"noreferrer noopener\">Fettabsaugung<\/a> an den Armen werden kleine Schnitte an unauff\u00e4lligen Stellen gesetzt und ein d\u00fcnner Schlauch, eine sogenannte Kan\u00fcle, eingef\u00fchrt, um das \u00fcbersch\u00fcssige Fett abzusaugen. Der Chirurg bewegt die Kan\u00fcle vorsichtig, um Fettablagerungen gezielt zu entfernen und die Arme zu formen, damit sie konturierter und proportionaler aussehen.<\/p>\n\n<p>Die Fettabsaugung am Arm wird in der Regel ambulant durchgef\u00fchrt, je nach Umfang der Behandlung in \u00f6rtlicher Bet\u00e4ubung oder Vollnarkose. Sie bietet eine weniger invasive Alternative zur traditionellen Armstraffung und ist im Allgemeinen mit einer k\u00fcrzeren Erholungszeit verbunden. Sie zielt jedoch in erster Linie auf \u00fcbersch\u00fcssiges Fett ab und kann schlaffe Haut nicht wirksam behandeln. In F\u00e4llen, in denen eine erhebliche Hauterschlaffung vorliegt, kann eine Kombination aus Fettabsaugung und Armstraffung f\u00fcr optimale Ergebnisse empfohlen werden. Eine Beratung durch einen qualifizierten plastischen Chirurgen kann ein besseres Verst\u00e4ndnis f\u00fcr die Eignung und die m\u00f6glichen Ergebnisse einer Arm-Liposuktion f\u00fcr die individuellen Bed\u00fcrfnisse vermitteln.<\/p>\n\n<h3 class=\"wp-block-heading\">Alles, was Sie \u00fcber <a href=\"https:\/\/medclinics.com\/de\/fettabsaugung\/\" target=\"_blank\" rel=\"noreferrer noopener\">Liposucton<\/a> wissen m\u00fcssen, einschlie\u00dflich Preis, Nachbehandlung und Heilungsprozess, oder <a href=\"#requestform\">kontaktieren Sie uns<\/a>!<\/h3>\n\n<figure class=\"wp-block-image size-large is-resized\"><img fetchpriority=\"high\" decoding=\"async\" width=\"5039\" height=\"3359\" src=\"https:\/\/medclinics.com\/wp-content\/uploads\/2023\/05\/arm-liposuction.png\" alt=\"Arm Liposuction Istanbul in der T&#xFC;rkei\" class=\"wp-image-84941\" style=\"width:960px;height:540px\" srcset=\"https:\/\/medclinics.com\/wp-content\/uploads\/2023\/05\/arm-liposuction.png 5039w, https:\/\/medclinics.com\/wp-content\/uploads\/2023\/05\/arm-liposuction-500x333.png 500w, https:\/\/medclinics.com\/wp-content\/uploads\/2023\/05\/arm-liposuction-1024x683.png 1024w, https:\/\/medclinics.com\/wp-content\/uploads\/2023\/05\/arm-liposuction-768x512.png 768w, https:\/\/medclinics.com\/wp-content\/uploads\/2023\/05\/arm-liposuction-1536x1024.png 1536w, https:\/\/medclinics.com\/wp-content\/uploads\/2023\/05\/arm-liposuction-2048x1365.png 2048w, https:\/\/medclinics.com\/wp-content\/uploads\/2023\/05\/arm-liposuction-24x16.png 24w, https:\/\/medclinics.com\/wp-content\/uploads\/2023\/05\/arm-liposuction-36x24.png 36w, https:\/\/medclinics.com\/wp-content\/uploads\/2023\/05\/arm-liposuction-48x32.png 48w\" sizes=\"(max-width: 5039px) 100vw, 5039px\" \/><\/figure>\n\n<h2 class=\"wp-block-heading\">FAQ<\/h2>\n<div id=\"rank-math-faq\" class=\"rank-math-block\">\n<div class=\"rank-math-list \">\n<div id=\"faq-question-1682603361561\" class=\"rank-math-list-item\">\n<h3 class=\"rank-math-question \">Lohnt sich die Armstraffung?<\/h3>\n<div class=\"rank-math-answer \">\n\n<p>Die Entscheidung, ob sich eine Armstraffung lohnt, h\u00e4ngt von den individuellen Umst\u00e4nden und pers\u00f6nlichen Vorlieben ab. Eine Armstraffung kann f\u00fcr Personen von Vorteil sein, die mit \u00fcbersch\u00fcssiger schlaffer Haut und Fett an den Oberarmen zu k\u00e4mpfen haben. Sie kann die Armkontur verbessern, f\u00fcr ein strafferes Aussehen sorgen und das Selbstbewusstsein st\u00e4rken. Es ist jedoch wichtig, mehrere Faktoren zu ber\u00fccksichtigen, bevor man entscheidet, ob sich ein Armlifting lohnt. Dazu geh\u00f6ren die m\u00f6glichen Risiken und Komplikationen im Zusammenhang mit der Operation, der Genesungsprozess und die damit verbundenen Kosten. Au\u00dferdem ist es wichtig, realistische Erwartungen zu haben, denn eine Armstraffung hinterl\u00e4sst eine sichtbare Narbe an der Innenseite des Arms.<\/p>\n\n<\/div>\n<\/div>\n<div id=\"faq-question-1684152986827\" class=\"rank-math-list-item\">\n<h3 class=\"rank-math-question \">Ist eine Fettabsaugung am Arm sicher?<\/h3>\n<div class=\"rank-math-answer \">\n\n<p>Die Fettabsaugung am Arm gilt im Allgemeinen als sicheres Verfahren, wenn sie von einem qualifizierten und erfahrenen plastischen Chirurgen durchgef\u00fchrt wird. Wie bei jedem chirurgischen Eingriff gibt es auch bei der Fettabsaugung am Arm Risiken und m\u00f6gliche Komplikationen, die jedoch relativ selten sind.<\/p>\n\n<\/div>\n<\/div>\n<div id=\"faq-question-1684153069636\" class=\"rank-math-list-item\">\n<h3 class=\"rank-math-question \">Ist eine Arm Liposuction schmerzhaft?<\/h3>\n<div class=\"rank-math-answer \">\n\n<p>Bei einer Fettabsaugung am Arm kann es w\u00e4hrend der Erholungsphase zu Unannehmlichkeiten wie Schwellungen, Bluterg\u00fcssen, Schmerzen und Empfindlichkeit kommen. Die Schmerzen k\u00f6nnen jedoch mit verschriebenen Medikamenten behandelt werden. Es ist wichtig, dass Sie die postoperativen Anweisungen Ihres Chirurgen befolgen, um eine reibungslose und angenehme Genesung zu gew\u00e4hrleisten.<\/p>\n\n<\/div>\n<\/div>\n<\/div>\n<\/div>\n<p>\u00a0<\/p>\n\n<h3 class=\"wp-block-heading\">Kontaktieren Sie uns jetzt, falls Sie Fragen haben!<\/h3>\n","protected":false},"excerpt":{"rendered":"<p>Wenn Sie auf der Suche nach einem Weg zur Transformation sind, der Ihnen schlanke, wohlgeformte Arme beschert, k\u00f6nnte eine Arm [&hellip;]<\/p>\n","protected":false},"author":4,"featured_media":84948,"parent":0,"menu_order":0,"comment_status":"closed","ping_status":"closed","template":"","meta":{"site-sidebar-layout":"default","site-content-layout":"","ast-site-content-layout":"default","site-content-style":"default","site-sidebar-style":"default","ast-global-header-display":"","ast-banner-title-visibility":"","ast-main-header-display":"","ast-hfb-above-header-display":"","ast-hfb-below-header-display":"","ast-hfb-mobile-header-display":"","site-post-title":"","ast-breadcrumbs-content":"","ast-featured-img":"","footer-sml-layout":"","ast-disable-related-posts":"","theme-transparent-header-meta":"","adv-header-id-meta":"","stick-header-meta":"","header-above-stick-meta":"","header-main-stick-meta":"","header-below-stick-meta":"","astra-migrate-meta-layouts":"default","ast-page-background-enabled":"default","ast-page-background-meta":{"desktop":{"background-color":"var(--ast-global-color-4)","background-image":"","background-repeat":"repeat","background-position":"center center","background-size":"auto","background-attachment":"scroll","background-type":"","background-media":"","overlay-type":"","overlay-color":"","overlay-opacity":"","overlay-gradient":""},"tablet":{"background-color":"","background-image":"","background-repeat":"repeat","background-position":"center center","background-size":"auto","background-attachment":"scroll","background-type":"","background-media":"","overlay-type":"","overlay-color":"","overlay-opacity":"","overlay-gradient":""},"mobile":{"background-color":"","background-image":"","background-repeat":"repeat","background-position":"center center","background-size":"auto","background-attachment":"scroll","background-type":"","background-media":"","overlay-type":"","overlay-color":"","overlay-opacity":"","overlay-gradient":""}},"ast-content-background-meta":{"desktop":{"background-color":"var(--ast-global-color-5)","background-image":"","background-repeat":"repeat","background-position":"center center","background-size":"auto","background-attachment":"scroll","background-type":"","background-media":"","overlay-type":"","overlay-color":"","overlay-opacity":"","overlay-gradient":""},"tablet":{"background-color":"var(--ast-global-color-5)","background-image":"","background-repeat":"repeat","background-position":"center center","background-size":"auto","background-attachment":"scroll","background-type":"","background-media":"","overlay-type":"","overlay-color":"","overlay-opacity":"","overlay-gradient":""},"mobile":{"background-color":"var(--ast-global-color-5)","background-image":"","background-repeat":"repeat","background-position":"center center","background-size":"auto","background-attachment":"scroll","background-type":"","background-media":"","overlay-type":"","overlay-color":"","overlay-opacity":"","overlay-gradient":""}},"footnotes":""},"class_list":["post-145549","page","type-page","status-publish","has-post-thumbnail","hentry"],"_links":{"self":[{"href":"https:\/\/medclinics.com\/de\/wp-json\/wp\/v2\/pages\/145549","targetHints":{"allow":["GET"]}}],"collection":[{"href":"https:\/\/medclinics.com\/de\/wp-json\/wp\/v2\/pages"}],"about":[{"href":"https:\/\/medclinics.com\/de\/wp-json\/wp\/v2\/types\/page"}],"author":[{"embeddable":true,"href":"https:\/\/medclinics.com\/de\/wp-json\/wp\/v2\/users\/4"}],"replies":[{"embeddable":true,"href":"https:\/\/medclinics.com\/de\/wp-json\/wp\/v2\/comments?post=145549"}],"version-history":[{"count":0,"href":"https:\/\/medclinics.com\/de\/wp-json\/wp\/v2\/pages\/145549\/revisions"}],"wp:featuredmedia":[{"embeddable":true,"href":"https:\/\/medclinics.com\/de\/wp-json\/wp\/v2\/media\/84948"}],"wp:attachment":[{"href":"https:\/\/medclinics.com\/de\/wp-json\/wp\/v2\/media?parent=145549"}],"curies":[{"name":"wp","href":"https:\/\/api.w.org\/{rel}","templated":true}]}}