{"id":145537,"date":"2023-05-15T12:08:51","date_gmt":"2023-05-15T09:08:51","guid":{"rendered":"https:\/\/medclinics.com\/armstraffung\/"},"modified":"2024-12-29T01:08:45","modified_gmt":"2024-12-28T22:08:45","slug":"armstraffung","status":"publish","type":"page","link":"https:\/\/medclinics.com\/de\/armstraffung\/","title":{"rendered":"Armstraffung"},"content":{"rendered":"\n<h2 class=\"wp-block-heading\">Wenn Sie auf der Suche nach einer Verwandlung sind, die Ihnen schlanke, wohlgeformte Arme beschert, ist das Armlifting vielleicht die perfekte L\u00f6sung.<\/h2>\n\n<p>Die Armstraffung, auch als Brachioplastik bezeichnet, ist ein chirurgischer Eingriff, der darauf abzielt, die Oberarme neu zu formen und ihr Aussehen zu verbessern. Sie wird in der Regel von Personen in Anspruch genommen, die unter \u00fcbersch\u00fcssiger schlaffer Haut und Fettablagerungen im Bereich der Oberarme leiden, die h\u00e4ufig durch Faktoren wie Alterung, Gewichtsverlust oder genetische Veranlagung verursacht werden.<\/p>\n\n<p>Bei dem Eingriff werden \u00fcbersch\u00fcssige Haut und Fett an den Armen entfernt, das darunter liegende Gewebe gestrafft und die Arme neu geformt, um ihnen ein strafferes und jugendlicheres Aussehen zu verleihen. Bei einer <a href=\"https:\/\/istanbul-tourist-information.com\/en\/\" target=\"_blank\" rel=\"noopener\">Armstraffung<\/a> wird ein Einschnitt entlang der Innenseite des Arms vorgenommen, der in der Regel von der Achselh\u00f6hle bis zum Ellbogen reicht.<\/p>\n\n<p>Die L\u00e4nge und das Muster des Schnittes k\u00f6nnen je nach den individuellen Bed\u00fcrfnissen des Patienten variieren. Durch diesen Schnitt entfernt der Chirurg die \u00fcbersch\u00fcssige Haut und das Fett und kann auch das darunter liegende Gewebe, wie die St\u00fctzstrukturen und Muskeln, straffen und neu formen. Die verbleibende Haut wird dann neu positioniert und vern\u00e4ht, was zu glatteren, definierteren Armen f\u00fchrt.<\/p>\n\n<h3 class=\"wp-block-heading\">Alles, was Sie \u00fcber <a href=\"https:\/\/medclinics.com\/de\/plastische-und-asthetische-chirurgie\/\" target=\"_blank\" rel=\"noreferrer noopener\">plastische und \u00e4sthetische Chirurgie<\/a> wissen m\u00fcssen, einschlie\u00dflich Preis, Nachsorge und Heilungsprozess, oder <a href=\"#requestform\">kontaktieren Sie uns<\/a>!<\/h3>\n\n<figure class=\"wp-block-image size-large\"><img fetchpriority=\"high\" decoding=\"async\" width=\"5184\" height=\"3456\" class=\"wp-image-84869\" src=\"https:\/\/medclinics.com\/wp-content\/uploads\/2023\/05\/arm-lift.png\" alt=\"Armstraffung\" srcset=\"https:\/\/medclinics.com\/wp-content\/uploads\/2023\/05\/arm-lift.png 5184w, https:\/\/medclinics.com\/wp-content\/uploads\/2023\/05\/arm-lift-500x333.png 500w, https:\/\/medclinics.com\/wp-content\/uploads\/2023\/05\/arm-lift-1024x683.png 1024w, https:\/\/medclinics.com\/wp-content\/uploads\/2023\/05\/arm-lift-768x512.png 768w, https:\/\/medclinics.com\/wp-content\/uploads\/2023\/05\/arm-lift-1536x1024.png 1536w, https:\/\/medclinics.com\/wp-content\/uploads\/2023\/05\/arm-lift-2048x1365.png 2048w, https:\/\/medclinics.com\/wp-content\/uploads\/2023\/05\/arm-lift-24x16.png 24w, https:\/\/medclinics.com\/wp-content\/uploads\/2023\/05\/arm-lift-36x24.png 36w, https:\/\/medclinics.com\/wp-content\/uploads\/2023\/05\/arm-lift-48x32.png 48w\" sizes=\"(max-width: 5184px) 100vw, 5184px\" \/><\/figure>\n\n<h2 class=\"wp-block-heading\">FAQ<\/h2>\n<div id=\"rank-math-faq\" class=\"rank-math-block\">\n<div class=\"rank-math-list \">\n<div id=\"faq-question-1682603361561\" class=\"rank-math-list-item\">\n<h3 class=\"rank-math-question \">Ist eine Armstraffung Operation schmerzhaft?<\/h3>\n<div class=\"rank-math-answer \">\n\n<p>Eine Armstraffung kann w\u00e4hrend der Erholungsphase schmerzhaft sein. Bei dem Verfahren werden Schnitte gesetzt, \u00fcbersch\u00fcssige Haut und Fett entfernt und eventuell das darunter liegende Gewebe gestrafft. Dieser chirurgische Prozess kann zu postoperativen Schmerzen und Unannehmlichkeiten f\u00fchren, w\u00e4hrend der K\u00f6rper heilt. Schwellungen, Bluterg\u00fcsse, Druckempfindlichkeit und Schmerzen sind nach der Operation normal. Es ist jedoch wichtig zu wissen, dass die Schmerzen von Person zu Person unterschiedlich stark ausgepr\u00e4gt sind. Manche Menschen haben eine h\u00f6here Schmerztoleranz und empfinden weniger Unbehagen als andere. Auch das Ausma\u00df des Eingriffs und die Techniken des Chirurgen k\u00f6nnen sich auf den Grad der Schmerzen auswirken.<\/p>\n\n<\/div>\n<\/div>\n<div id=\"faq-question-1684151966879\" class=\"rank-math-list-item\">\n<h3 class=\"rank-math-question \">Ist eine Armstraffung gef\u00e4hrlich?<\/h3>\n<div class=\"rank-math-answer \">\n\n<p>Wie jeder chirurgische Eingriff birgt auch die Armstraffung gewisse Risiken und m\u00f6gliche Komplikationen. Sie gilt jedoch im Allgemeinen als sicherer Eingriff, wenn er von einem qualifizierten und erfahrenen plastischen Chirurgen durchgef\u00fchrt wird. Zu den m\u00f6glichen Risiken geh\u00f6ren Infektionen, Blutungen, schlechte Wundheilung, Narbenbildung, Asymmetrie, Nervensch\u00e4den, Fl\u00fcssigkeitsansammlungen und unerw\u00fcnschte Reaktionen auf die An\u00e4sthesie. Diese Risiken k\u00f6nnen minimiert werden, indem man einen seri\u00f6sen Chirurgen w\u00e4hlt, die Anweisungen vor und nach der Operation befolgt und dem Chirurgen seine gesamte Krankengeschichte offen legt. Um die Sicherheit des Eingriffs zu gew\u00e4hrleisten, ist es wichtig, eine gr\u00fcndliche Beratung durch einen qualifizierten plastischen Chirurgen in Anspruch zu nehmen, der Ihren speziellen Fall beurteilen, m\u00f6gliche Risiken und Komplikationen besprechen und Ihnen individuelle Empfehlungen geben kann.<\/p>\n\n<\/div>\n<\/div>\n<div id=\"faq-question-1684152117536\" class=\"rank-math-list-item\">\n<h3 class=\"rank-math-question \">Was ist eine Armstraffungsoperation?<\/h3>\n<div class=\"rank-math-answer \">\n\n<p>Die Armstraffung, auch Brachioplastik genannt, ist ein kosmetischer Eingriff, der darauf abzielt, das Aussehen der Oberarme zu verbessern. Dabei werden \u00fcbersch\u00fcssige Haut und Fett entfernt und das darunter liegende Gewebe gestrafft, um die Arme zu straffen und zu definieren.<\/p>\n\n<\/div>\n<\/div>\n<div id=\"faq-question-1684152177743\" class=\"rank-math-list-item\">\n<h3 class=\"rank-math-question \">Lohnt sich die Armstraffung?<\/h3>\n<div class=\"rank-math-answer \">\n\n<p>Die Entscheidung, ob sich eine Armstraffung lohnt, h\u00e4ngt von den individuellen Umst\u00e4nden, Vorlieben und Zielen ab. F\u00fcr Menschen, die unter \u00fcbersch\u00fcssiger schlaffer Haut und Fett an den Oberarmen leiden, kann eine Armstraffung ein entscheidender Eingriff sein, der die Armkontur verbessert und das Selbstvertrauen st\u00e4rkt. Sie kann dazu beitragen, dass sich Menschen in \u00e4rmelloser oder kurz\u00e4rmeliger Kleidung wohler f\u00fchlen und ihr gesamtes Erscheinungsbild verbessern. Es ist jedoch wichtig, die potenziellen Risiken, den Heilungsprozess und die mit dem Verfahren verbundenen Kosten zu ber\u00fccksichtigen. Au\u00dferdem sollte man realistische Erwartungen haben, denn eine Armstraffung hinterl\u00e4sst eine sichtbare Narbe an der Innenseite des Arms. Eine Beratung durch einen qualifizierten plastischen Chirurgen kann zu einem besseren Verst\u00e4ndnis der m\u00f6glichen Vorteile und Grenzen in Bezug auf die individuellen Ziele und Erwartungen f\u00fchren. Letztendlich ist die Entscheidung, ob sich eine Armstraffung lohnt, eine pers\u00f6nliche Entscheidung, die in Absprache mit einem vertrauensw\u00fcrdigen Arzt sorgf\u00e4ltig abgewogen werden sollte.<\/p>\n\n<\/div>\n<\/div>\n<\/div>\n<\/div>\n<p>\u00a0<\/p>\n\n<h3 class=\"wp-block-heading\">Kontaktieren Sie uns jetzt, falls Sie Fragen haben!<\/h3>\n","protected":false},"excerpt":{"rendered":"<p>Wenn Sie auf der Suche nach einer Verwandlung sind, die Ihnen schlanke, wohlgeformte Arme beschert, ist das Armlifting vielleicht die [&hellip;]<\/p>\n","protected":false},"author":4,"featured_media":84909,"parent":0,"menu_order":0,"comment_status":"closed","ping_status":"closed","template":"","meta":{"site-sidebar-layout":"default","site-content-layout":"","ast-site-content-layout":"default","site-content-style":"default","site-sidebar-style":"default","ast-global-header-display":"","ast-banner-title-visibility":"","ast-main-header-display":"","ast-hfb-above-header-display":"","ast-hfb-below-header-display":"","ast-hfb-mobile-header-display":"","site-post-title":"","ast-breadcrumbs-content":"","ast-featured-img":"","footer-sml-layout":"","ast-disable-related-posts":"","theme-transparent-header-meta":"","adv-header-id-meta":"","stick-header-meta":"","header-above-stick-meta":"","header-main-stick-meta":"","header-below-stick-meta":"","astra-migrate-meta-layouts":"default","ast-page-background-enabled":"default","ast-page-background-meta":{"desktop":{"background-color":"var(--ast-global-color-4)","background-image":"","background-repeat":"repeat","background-position":"center center","background-size":"auto","background-attachment":"scroll","background-type":"","background-media":"","overlay-type":"","overlay-color":"","overlay-opacity":"","overlay-gradient":""},"tablet":{"background-color":"","background-image":"","background-repeat":"repeat","background-position":"center center","background-size":"auto","background-attachment":"scroll","background-type":"","background-media":"","overlay-type":"","overlay-color":"","overlay-opacity":"","overlay-gradient":""},"mobile":{"background-color":"","background-image":"","background-repeat":"repeat","background-position":"center center","background-size":"auto","background-attachment":"scroll","background-type":"","background-media":"","overlay-type":"","overlay-color":"","overlay-opacity":"","overlay-gradient":""}},"ast-content-background-meta":{"desktop":{"background-color":"var(--ast-global-color-5)","background-image":"","background-repeat":"repeat","background-position":"center center","background-size":"auto","background-attachment":"scroll","background-type":"","background-media":"","overlay-type":"","overlay-color":"","overlay-opacity":"","overlay-gradient":""},"tablet":{"background-color":"var(--ast-global-color-5)","background-image":"","background-repeat":"repeat","background-position":"center center","background-size":"auto","background-attachment":"scroll","background-type":"","background-media":"","overlay-type":"","overlay-color":"","overlay-opacity":"","overlay-gradient":""},"mobile":{"background-color":"var(--ast-global-color-5)","background-image":"","background-repeat":"repeat","background-position":"center center","background-size":"auto","background-attachment":"scroll","background-type":"","background-media":"","overlay-type":"","overlay-color":"","overlay-opacity":"","overlay-gradient":""}},"footnotes":""},"class_list":["post-145537","page","type-page","status-publish","has-post-thumbnail","hentry"],"_links":{"self":[{"href":"https:\/\/medclinics.com\/de\/wp-json\/wp\/v2\/pages\/145537","targetHints":{"allow":["GET"]}}],"collection":[{"href":"https:\/\/medclinics.com\/de\/wp-json\/wp\/v2\/pages"}],"about":[{"href":"https:\/\/medclinics.com\/de\/wp-json\/wp\/v2\/types\/page"}],"author":[{"embeddable":true,"href":"https:\/\/medclinics.com\/de\/wp-json\/wp\/v2\/users\/4"}],"replies":[{"embeddable":true,"href":"https:\/\/medclinics.com\/de\/wp-json\/wp\/v2\/comments?post=145537"}],"version-history":[{"count":0,"href":"https:\/\/medclinics.com\/de\/wp-json\/wp\/v2\/pages\/145537\/revisions"}],"wp:featuredmedia":[{"embeddable":true,"href":"https:\/\/medclinics.com\/de\/wp-json\/wp\/v2\/media\/84909"}],"wp:attachment":[{"href":"https:\/\/medclinics.com\/de\/wp-json\/wp\/v2\/media?parent=145537"}],"curies":[{"name":"wp","href":"https:\/\/api.w.org\/{rel}","templated":true}]}}