{"id":145527,"date":"2023-05-15T11:40:55","date_gmt":"2023-05-15T08:40:55","guid":{"rendered":"https:\/\/medclinics.com\/anwendung-von-fasern\/"},"modified":"2025-01-02T15:47:24","modified_gmt":"2025-01-02T12:47:24","slug":"anwendung-von-fasern","status":"publish","type":"page","link":"https:\/\/medclinics.com\/de\/anwendung-von-fasern\/","title":{"rendered":"Anwendung von Fasern"},"content":{"rendered":"\n<h2 class=\"wp-block-heading\">Das Auftragen von Fasern ist eine Technik, die bei der Zahnbehandlung eingesetzt wird.<\/h2>\n\n<p>Bei dieser Technik werden speziell f\u00fcr die Z\u00e4hne entwickelte Fasermaterialien verwendet. Diese Materialien werden in den besch\u00e4digten oder abgebrochenen Bereich des Zahns eingesetzt und verst\u00e4rken ihn, wobei die urspr\u00fcngliche Struktur des Zahns erhalten bleibt.<\/p>\n\n<p>Besonders bei der Behandlung von Sch\u00e4den im Wurzelbereich des Zahnes sind Faseranwendungen effektiv. Diese Praxis hilft Zahn\u00e4rzten, Z\u00e4hne zu retten, die aus verschiedenen Gr\u00fcnden besch\u00e4digt wurden.<\/p>\n\n<p>Die Anwendung von <a href=\"https:\/\/en.wikipedia.org\/wiki\/Fiber\" target=\"_blank\" rel=\"noreferrer noopener\">Fasern<\/a> ist weniger invasiv als andere zahnmedizinische Behandlungsmethoden und reduziert Schmerzen und Beschwerden f\u00fcr die Patienten. Deshalb wird es von Zahn\u00e4rzten h\u00e4ufig bevorzugt.<\/p>\n\n<p>Die Anwendung von Fasern ist jedoch nicht f\u00fcr jeden Patienten geeignet. Daher ist in jedem Fall eine zahn\u00e4rztliche Beurteilung erforderlich. Es ist auch wichtig, dass die Patienten nach der Anwendung der Fasern eine regelm\u00e4\u00dfige Zahnpflege durchf\u00fchren.<\/p>\n\n<h3 class=\"wp-block-heading\">Alles, was Sie \u00fcber <a href=\"https:\/\/medclinics.com\/dental-treatment\/\" target=\"_blank\" rel=\"noreferrer noopener\">Zahnbehandlungen<\/a> wissen m\u00fcssen, einschlie\u00dflich Preis, Nachsorge und Heilungsprozess, oder <a href=\"#requestform\">kontaktieren Sie uns<\/a>!<\/h3>\n\n<figure class=\"wp-block-image size-full\"><img fetchpriority=\"high\" decoding=\"async\" width=\"960\" height=\"580\" class=\"wp-image-84772\" src=\"https:\/\/medclinics.com\/wp-content\/uploads\/2023\/05\/fiber-application.jpg\" alt=\"\" srcset=\"https:\/\/medclinics.com\/wp-content\/uploads\/2023\/05\/fiber-application.jpg 960w, https:\/\/medclinics.com\/wp-content\/uploads\/2023\/05\/fiber-application-500x302.jpg 500w, https:\/\/medclinics.com\/wp-content\/uploads\/2023\/05\/fiber-application-768x464.jpg 768w, https:\/\/medclinics.com\/wp-content\/uploads\/2023\/05\/fiber-application-24x15.jpg 24w, https:\/\/medclinics.com\/wp-content\/uploads\/2023\/05\/fiber-application-36x22.jpg 36w, https:\/\/medclinics.com\/wp-content\/uploads\/2023\/05\/fiber-application-48x29.jpg 48w\" sizes=\"(max-width: 960px) 100vw, 960px\" \/><\/figure>\n\n<h3 class=\"wp-block-heading\">FAQ<\/h3>\n<div id=\"rank-math-faq\" class=\"rank-math-block\">\n<div class=\"rank-math-list \">\n<div id=\"faq-question-1683898477333\" class=\"rank-math-list-item\">\n<h3 class=\"rank-math-question \">Warum werden Fasern in Verbundwerkstoffen verwendet?<\/h3>\n<div class=\"rank-math-answer \">\n\n<p>Fasern werden Dentalkompositen zugesetzt, um ihre Festigkeit, Z\u00e4higkeit, Handhabung und Best\u00e4ndigkeit gegen Verschlei\u00df, Bruch, Schrumpfung und Empfindlichkeit zu verbessern.<\/p>\n\n<\/div>\n<\/div>\n<div id=\"faq-question-1683898525995\" class=\"rank-math-list-item\">\n<h3 class=\"rank-math-question \">Welche verschiedenen Arten von Fasern werden in Zahnpulpa verwendet?<\/h3>\n<div class=\"rank-math-answer \">\n\n<p>Die in Dentalkompositen am h\u00e4ufigsten verwendeten Fasern bestehen aus Glas, Kohlenstoff oder Keramik, wobei Art und Menge der Fasern je nach Anwendung und gew\u00fcnschten Eigenschaften des Materials variieren k\u00f6nnen.<\/p>\n\n<\/div>\n<\/div>\n<div id=\"faq-question-1683898720036\" class=\"rank-math-list-item\">\n<h3 class=\"rank-math-question \">Was ist faserverst\u00e4rkter Zahnersatz?<\/h3>\n<div class=\"rank-math-answer \">\n\n<p>Faserverst\u00e4rkte Dentalkomposite enthalten kleine Fasern aus Glas, Kohlenstoff oder Keramik, um ihre mechanischen Eigenschaften und ihre Best\u00e4ndigkeit gegen Abnutzung, Bruch, Abrieb und Empfindlichkeit zu verbessern. Die Fasern werden in die Kompositharzmatrix eingemischt und verleihen dem Material Festigkeit und Haltbarkeit. Faserverst\u00e4rkte Dentalkomposite werden h\u00e4ufig f\u00fcr Zahnrestaurationen wie F\u00fcllungen, Kronen und Br\u00fccken verwendet.<\/p>\n\n<\/div>\n<\/div>\n<\/div>\n<\/div>\n<p>\u00a0<\/p>\n\n<h3 class=\"wp-block-heading\">Kontaktieren Sie uns jetzt, falls Sie Fragen haben!<\/h3>\n","protected":false},"excerpt":{"rendered":"<p>Das Auftragen von Fasern ist eine Technik, die bei der Zahnbehandlung eingesetzt wird. Bei dieser Technik werden speziell f\u00fcr die [&hellip;]<\/p>\n","protected":false},"author":4,"featured_media":92263,"parent":0,"menu_order":0,"comment_status":"closed","ping_status":"closed","template":"","meta":{"site-sidebar-layout":"default","site-content-layout":"","ast-site-content-layout":"default","site-content-style":"default","site-sidebar-style":"default","ast-global-header-display":"","ast-banner-title-visibility":"","ast-main-header-display":"","ast-hfb-above-header-display":"","ast-hfb-below-header-display":"","ast-hfb-mobile-header-display":"","site-post-title":"","ast-breadcrumbs-content":"","ast-featured-img":"","footer-sml-layout":"","ast-disable-related-posts":"","theme-transparent-header-meta":"","adv-header-id-meta":"","stick-header-meta":"","header-above-stick-meta":"","header-main-stick-meta":"","header-below-stick-meta":"","astra-migrate-meta-layouts":"default","ast-page-background-enabled":"default","ast-page-background-meta":{"desktop":{"background-color":"var(--ast-global-color-4)","background-image":"","background-repeat":"repeat","background-position":"center center","background-size":"auto","background-attachment":"scroll","background-type":"","background-media":"","overlay-type":"","overlay-color":"","overlay-opacity":"","overlay-gradient":""},"tablet":{"background-color":"","background-image":"","background-repeat":"repeat","background-position":"center center","background-size":"auto","background-attachment":"scroll","background-type":"","background-media":"","overlay-type":"","overlay-color":"","overlay-opacity":"","overlay-gradient":""},"mobile":{"background-color":"","background-image":"","background-repeat":"repeat","background-position":"center center","background-size":"auto","background-attachment":"scroll","background-type":"","background-media":"","overlay-type":"","overlay-color":"","overlay-opacity":"","overlay-gradient":""}},"ast-content-background-meta":{"desktop":{"background-color":"var(--ast-global-color-5)","background-image":"","background-repeat":"repeat","background-position":"center center","background-size":"auto","background-attachment":"scroll","background-type":"","background-media":"","overlay-type":"","overlay-color":"","overlay-opacity":"","overlay-gradient":""},"tablet":{"background-color":"var(--ast-global-color-5)","background-image":"","background-repeat":"repeat","background-position":"center center","background-size":"auto","background-attachment":"scroll","background-type":"","background-media":"","overlay-type":"","overlay-color":"","overlay-opacity":"","overlay-gradient":""},"mobile":{"background-color":"var(--ast-global-color-5)","background-image":"","background-repeat":"repeat","background-position":"center center","background-size":"auto","background-attachment":"scroll","background-type":"","background-media":"","overlay-type":"","overlay-color":"","overlay-opacity":"","overlay-gradient":""}},"footnotes":""},"class_list":["post-145527","page","type-page","status-publish","has-post-thumbnail","hentry"],"_links":{"self":[{"href":"https:\/\/medclinics.com\/de\/wp-json\/wp\/v2\/pages\/145527","targetHints":{"allow":["GET"]}}],"collection":[{"href":"https:\/\/medclinics.com\/de\/wp-json\/wp\/v2\/pages"}],"about":[{"href":"https:\/\/medclinics.com\/de\/wp-json\/wp\/v2\/types\/page"}],"author":[{"embeddable":true,"href":"https:\/\/medclinics.com\/de\/wp-json\/wp\/v2\/users\/4"}],"replies":[{"embeddable":true,"href":"https:\/\/medclinics.com\/de\/wp-json\/wp\/v2\/comments?post=145527"}],"version-history":[{"count":0,"href":"https:\/\/medclinics.com\/de\/wp-json\/wp\/v2\/pages\/145527\/revisions"}],"wp:featuredmedia":[{"embeddable":true,"href":"https:\/\/medclinics.com\/de\/wp-json\/wp\/v2\/media\/92263"}],"wp:attachment":[{"href":"https:\/\/medclinics.com\/de\/wp-json\/wp\/v2\/media?parent=145527"}],"curies":[{"name":"wp","href":"https:\/\/api.w.org\/{rel}","templated":true}]}}