{"id":145515,"date":"2023-05-15T11:10:06","date_gmt":"2023-05-15T08:10:06","guid":{"rendered":"https:\/\/medclinics.com\/rehabilitation-fur-sehbehinderte\/"},"modified":"2025-01-02T16:47:08","modified_gmt":"2025-01-02T13:47:08","slug":"rehabilitation-fur-sehbehinderte","status":"publish","type":"page","link":"https:\/\/medclinics.com\/de\/rehabilitation-fur-sehbehinderte\/","title":{"rendered":"Rehabilitation f\u00fcr Sehbehinderte"},"content":{"rendered":"\n<h2 class=\"wp-block-heading\">Wenn Sie nach einer M\u00f6glichkeit suchen, Ihre Sehf\u00e4higkeit zu verbessern und Ihre Unabh\u00e4ngigkeit wiederzuerlangen, k\u00f6nnte Low Vision Rehabilitation die perfekte L\u00f6sung sein.<\/h2>\n\n<p>Bei der Rehabilitation von Sehbehinderten handelt es sich um ein spezielles Programm, das Menschen mit erheblichen Sehbehinderungen dabei hilft, ihre verbleibende Sehkraft zu maximieren und ihre Unabh\u00e4ngigkeit bei t\u00e4glichen Aktivit\u00e4ten wiederzuerlangen. Es ist auf die besonderen Bed\u00fcrfnisse und Herausforderungen von Menschen mit Sehschw\u00e4che ausgerichtet, die in der Regel durch Erkrankungen wie Makuladegeneration, Glaukom, diabetische Retinopathie oder andere Augenkrankheiten verursacht werden.<\/p>\n\n<p>Ziel der <a href=\"https:\/\/en.wikipedia.org\/wiki\/Vision_rehabilitation\" target=\"_blank\" rel=\"noreferrer noopener\">Rehabilitation von Sehbehinderten<\/a> ist es, das funktionale Sehen zu verbessern, die Lebensqualit\u00e4t zu erh\u00f6hen und das allgemeine Wohlbefinden zu f\u00f6rdern. Das Programm ist auf die individuellen Sehf\u00e4higkeiten, den Lebensstil und die Ziele jedes Einzelnen zugeschnitten. Sie kann eine Kombination aus Sehhilfen und Hilfsmitteln wie Lupen, Fernrohren, elektronischen Ger\u00e4ten und adaptiven Technologien umfassen. Dar\u00fcber hinaus werden Schulungen angeboten, um kompensatorische Strategien zu entwickeln, wie z. B. Kontrastverbesserung, Beleuchtungsanpassungen und optimale Positionierung beim Lesen oder bei der Ausf\u00fchrung von Aufgaben.<\/p>\n\n<p>Die Rehabilitation von Sehbehinderten wird in der Regel von einem Team von Fachleuten durchgef\u00fchrt, darunter Optometristen, Augen\u00e4rzte, Besch\u00e4ftigungstherapeuten und Spezialisten f\u00fcr Orientierung und Mobilit\u00e4t. Sie arbeiten zusammen, um die visuellen F\u00e4higkeiten des Einzelnen zu beurteilen, geeignete Hilfsmittel und Ger\u00e4te zu verschreiben und eine Schulung zu deren effektiver Nutzung anzubieten. Das Programm umfasst auch Beratung und Unterst\u00fctzung, um den Betroffenen bei der Bew\u00e4ltigung der emotionalen und psychologischen Aspekte des Sehverlusts zu helfen.<\/p>\n\n<p>Durch die Teilnahme an Rehabilitationsma\u00dfnahmen f\u00fcr Sehbehinderte k\u00f6nnen diese ihre Unabh\u00e4ngigkeit wiedererlangen, ihr funktionelles Sehverm\u00f6gen verbessern und ein aktives und erf\u00fclltes Leben f\u00fchren.<\/p>\n\n<h3 class=\"wp-block-heading\">Alles, was Sie \u00fcber <a href=\"https:\/\/medclinics.com\/de\/allgemeine-augenchirurgie\/\" target=\"_blank\" rel=\"noreferrer noopener\">Augenoperationen<\/a> wissen m\u00fcssen, einschlie\u00dflich Preis, Nachsorge und Heilungsprozess, oder <a href=\"#requestform\">kontaktieren Sie uns<\/a>!<\/h3>\n\n<figure class=\"wp-block-image size-large\"><img fetchpriority=\"high\" decoding=\"async\" width=\"4708\" height=\"3139\" src=\"https:\/\/medclinics.com\/wp-content\/uploads\/2023\/05\/low-vision-rehabilitation.png\" alt=\"Rehabilitation f&#xFC;r Sehbehinderte\" class=\"wp-image-84753\" srcset=\"https:\/\/medclinics.com\/wp-content\/uploads\/2023\/05\/low-vision-rehabilitation.png 4708w, https:\/\/medclinics.com\/wp-content\/uploads\/2023\/05\/low-vision-rehabilitation-500x333.png 500w, https:\/\/medclinics.com\/wp-content\/uploads\/2023\/05\/low-vision-rehabilitation-1024x683.png 1024w, https:\/\/medclinics.com\/wp-content\/uploads\/2023\/05\/low-vision-rehabilitation-768x512.png 768w, https:\/\/medclinics.com\/wp-content\/uploads\/2023\/05\/low-vision-rehabilitation-1536x1024.png 1536w, https:\/\/medclinics.com\/wp-content\/uploads\/2023\/05\/low-vision-rehabilitation-2048x1365.png 2048w, https:\/\/medclinics.com\/wp-content\/uploads\/2023\/05\/low-vision-rehabilitation-24x16.png 24w, https:\/\/medclinics.com\/wp-content\/uploads\/2023\/05\/low-vision-rehabilitation-36x24.png 36w, https:\/\/medclinics.com\/wp-content\/uploads\/2023\/05\/low-vision-rehabilitation-48x32.png 48w\" sizes=\"(max-width: 4708px) 100vw, 4708px\" \/><\/figure>\n\n<h2 class=\"wp-block-heading\">FAQ <\/h2>\n<div id=\"rank-math-faq\" class=\"rank-math-block\">\n<div class=\"rank-math-list \">\n<div id=\"faq-question-1682603361561\" class=\"rank-math-list-item\">\n<h3 class=\"rank-math-question \">Was ist Rehabilitation bei Sehbehinderung?<\/h3>\n<div class=\"rank-math-answer \">\n\n<p>Bei der Rehabilitation von Sehbehinderten handelt es sich um ein spezielles Programm, das Menschen mit erheblichen Sehbehinderungen dabei hilft, ihre verbleibende Sehkraft zu maximieren und ihre Unabh\u00e4ngigkeit bei t\u00e4glichen Aktivit\u00e4ten wiederzuerlangen. Es umfasst ein individuelles Training, die Verwendung von Sehhilfen und Hilfsmitteln sowie die Unterst\u00fctzung durch ein Team von Fachleuten. Ziel ist es, das funktionale Sehen zu verbessern, die Lebensqualit\u00e4t zu erh\u00f6hen und die Unabh\u00e4ngigkeit von Menschen mit Sehschw\u00e4che zu f\u00f6rdern.<\/p>\n\n<\/div>\n<\/div>\n<div id=\"faq-question-1684148576735\" class=\"rank-math-list-item\">\n<h3 class=\"rank-math-question \">Kann der Verlust des zentralen Sehens wiederhergestellt werden?<\/h3>\n<div class=\"rank-math-answer \">\n\n<p>Im Allgemeinen kann der Verlust des zentralen Sehverm\u00f6gens nicht vollst\u00e4ndig wiederhergestellt werden. Erkrankungen, die zum Verlust des zentralen Sehverm\u00f6gens f\u00fchren, wie Makuladegeneration oder Zentralvenenverschluss, f\u00fchren in der Regel zu einer dauerhaften Sch\u00e4digung des zentralen Teils der Netzhaut, der Makula. Es gibt jedoch Sehhilfen, Ger\u00e4te und Rehabilitationsprogramme, die Menschen mit zentralem Sehverlust dabei helfen k\u00f6nnen, das Beste aus ihrer verbleibenden Sehkraft zu machen und ihre Unabh\u00e4ngigkeit bei t\u00e4glichen Aktivit\u00e4ten zu bewahren. Diese Strategien zielen darauf ab, die Nutzung des peripheren Sehens zu optimieren und die Sehfunktion f\u00fcr Aufgaben wie Lesen, Schreiben und Erkennen von Gesichtern zu verbessern. Es ist wichtig, sich von einem Augenarzt oder einem Spezialisten f\u00fcr Sehschw\u00e4che beraten zu lassen, um die M\u00f6glichkeiten zur Maximierung der Sehkraft und zur Verbesserung der Lebensqualit\u00e4t auszuloten.<\/p>\n\n<\/div>\n<\/div>\n<div id=\"faq-question-1684148637223\" class=\"rank-math-list-item\">\n<h3 class=\"rank-math-question \">Ist Sehschw\u00e4che eine Behinderung?<\/h3>\n<div class=\"rank-math-answer \">\n\n<p>Sehschw\u00e4che gilt als Sehbehinderung und nicht als Behinderung im herk\u00f6mmlichen Sinne. Es handelt sich um eine erhebliche Sehbehinderung, die nicht vollst\u00e4ndig mit Brillen, Kontaktlinsen, Medikamenten oder chirurgischen Eingriffen korrigiert werden kann, aber Menschen mit geringer Sehkraft k\u00f6nnen dennoch \u00fcber ein mehr oder weniger starkes funktionales Sehverm\u00f6gen verf\u00fcgen. Eine Sehschw\u00e4che kann zwar die F\u00e4higkeit einer Person beeintr\u00e4chtigen, bestimmte Aufgaben auszuf\u00fchren, bedeutet aber nicht zwangsl\u00e4ufig, dass sie nicht in der Lage ist, allt\u00e4glichen Aktivit\u00e4ten nachzugehen oder zu arbeiten. Stattdessen k\u00f6nnen Menschen mit Sehschw\u00e4che von spezieller Unterst\u00fctzung, Rehabilitation und Hilfsmitteln profitieren, um ihr verbliebenes Sehverm\u00f6gen zu verbessern und ihre Unabh\u00e4ngigkeit zu erhalten. In einigen F\u00e4llen haben Menschen mit Sehbehinderung Anspruch auf bestimmte Anpassungen oder Unterst\u00fctzungsleistungen, die ihnen bei der Bew\u00e4ltigung der mit ihrer Sehbehinderung verbundenen Herausforderungen helfen.<\/p>\n\n<\/div>\n<\/div>\n<\/div>\n<\/div>\n<p><\/p>\n\n<h3 class=\"wp-block-heading\">Kontaktieren Sie uns jetzt, falls Sie Fragen haben!<\/h3>\n","protected":false},"excerpt":{"rendered":"<p>Wenn Sie nach einer M\u00f6glichkeit suchen, Ihre Sehf\u00e4higkeit zu verbessern und Ihre Unabh\u00e4ngigkeit wiederzuerlangen, k\u00f6nnte Low Vision Rehabilitation die perfekte [&hellip;]<\/p>\n","protected":false},"author":4,"featured_media":92099,"parent":0,"menu_order":0,"comment_status":"closed","ping_status":"closed","template":"","meta":{"site-sidebar-layout":"default","site-content-layout":"","ast-site-content-layout":"default","site-content-style":"default","site-sidebar-style":"default","ast-global-header-display":"","ast-banner-title-visibility":"","ast-main-header-display":"","ast-hfb-above-header-display":"","ast-hfb-below-header-display":"","ast-hfb-mobile-header-display":"","site-post-title":"","ast-breadcrumbs-content":"","ast-featured-img":"","footer-sml-layout":"","ast-disable-related-posts":"","theme-transparent-header-meta":"","adv-header-id-meta":"","stick-header-meta":"","header-above-stick-meta":"","header-main-stick-meta":"","header-below-stick-meta":"","astra-migrate-meta-layouts":"default","ast-page-background-enabled":"default","ast-page-background-meta":{"desktop":{"background-color":"var(--ast-global-color-4)","background-image":"","background-repeat":"repeat","background-position":"center center","background-size":"auto","background-attachment":"scroll","background-type":"","background-media":"","overlay-type":"","overlay-color":"","overlay-opacity":"","overlay-gradient":""},"tablet":{"background-color":"","background-image":"","background-repeat":"repeat","background-position":"center center","background-size":"auto","background-attachment":"scroll","background-type":"","background-media":"","overlay-type":"","overlay-color":"","overlay-opacity":"","overlay-gradient":""},"mobile":{"background-color":"","background-image":"","background-repeat":"repeat","background-position":"center center","background-size":"auto","background-attachment":"scroll","background-type":"","background-media":"","overlay-type":"","overlay-color":"","overlay-opacity":"","overlay-gradient":""}},"ast-content-background-meta":{"desktop":{"background-color":"var(--ast-global-color-5)","background-image":"","background-repeat":"repeat","background-position":"center center","background-size":"auto","background-attachment":"scroll","background-type":"","background-media":"","overlay-type":"","overlay-color":"","overlay-opacity":"","overlay-gradient":""},"tablet":{"background-color":"var(--ast-global-color-5)","background-image":"","background-repeat":"repeat","background-position":"center center","background-size":"auto","background-attachment":"scroll","background-type":"","background-media":"","overlay-type":"","overlay-color":"","overlay-opacity":"","overlay-gradient":""},"mobile":{"background-color":"var(--ast-global-color-5)","background-image":"","background-repeat":"repeat","background-position":"center center","background-size":"auto","background-attachment":"scroll","background-type":"","background-media":"","overlay-type":"","overlay-color":"","overlay-opacity":"","overlay-gradient":""}},"footnotes":""},"class_list":["post-145515","page","type-page","status-publish","has-post-thumbnail","hentry"],"_links":{"self":[{"href":"https:\/\/medclinics.com\/de\/wp-json\/wp\/v2\/pages\/145515","targetHints":{"allow":["GET"]}}],"collection":[{"href":"https:\/\/medclinics.com\/de\/wp-json\/wp\/v2\/pages"}],"about":[{"href":"https:\/\/medclinics.com\/de\/wp-json\/wp\/v2\/types\/page"}],"author":[{"embeddable":true,"href":"https:\/\/medclinics.com\/de\/wp-json\/wp\/v2\/users\/4"}],"replies":[{"embeddable":true,"href":"https:\/\/medclinics.com\/de\/wp-json\/wp\/v2\/comments?post=145515"}],"version-history":[{"count":0,"href":"https:\/\/medclinics.com\/de\/wp-json\/wp\/v2\/pages\/145515\/revisions"}],"wp:featuredmedia":[{"embeddable":true,"href":"https:\/\/medclinics.com\/de\/wp-json\/wp\/v2\/media\/92099"}],"wp:attachment":[{"href":"https:\/\/medclinics.com\/de\/wp-json\/wp\/v2\/media?parent=145515"}],"curies":[{"name":"wp","href":"https:\/\/api.w.org\/{rel}","templated":true}]}}