{"id":145503,"date":"2023-05-15T10:56:21","date_gmt":"2023-05-15T10:56:21","guid":{"rendered":"https:\/\/medclinics.com\/zahnchirurgie\/"},"modified":"2024-03-20T13:57:23","modified_gmt":"2024-03-20T10:57:23","slug":"zahnchirurgie","status":"publish","type":"page","link":"https:\/\/medclinics.com\/de\/zahnchirurgie\/","title":{"rendered":"Zahnchirurgie"},"content":{"rendered":"\n<h2 class=\"wp-block-heading\">Zahnextraktion oder Implantate? Unter anderem in diesen F\u00e4llen kann ein zahn\u00e4rztlicher Eingriff erforderlich sein.<\/h2>\n\n<p>Die Zahnchirurgie ist ein hochspezialisiertes Gebiet der Zahnmedizin, das chirurgische Verfahren zur Behandlung verschiedener Zahn- und Mundkrankheiten umfasst. Es kann aus verschiedenen Gr\u00fcnden notwendig sein, wie z. B. bei einer Zahnextraktion, wenn der Schaden oder die Karies nicht mehr zu beheben ist, was es zu einem h\u00e4ufigen Verfahren in diesem Bereich macht.<\/p>\n\n<p>Ein weiterer Grund, warum Sie eine zahn\u00e4rztliche Operation ben\u00f6tigen, ist, wenn Sie k\u00fcnstliche Zahnwurzeln, sogenannte <a href=\"https:\/\/medclinics.com\/de\/all-on-6-zahnimplantate\/\" target=\"_blank\" data-type=\"page\" data-id=\"82691\" rel=\"noreferrer noopener\">Zahnimplantate<\/a>, ben\u00f6tigen. Das Einsetzen dieser Implantate erfordert ein kompliziertes chirurgisches Verfahren, das von erfahrenen Fachleuten durchgef\u00fchrt wird, die eine umfassende Ausbildung absolviert haben.<\/p>\n\n<p>Kieferfehlstellungen wie Kiefergelenksprobleme und Schlafapnoe werden ebenfalls durch Kieferoperationen behandelt, die von erfahrenen Chirurgen mit Spezialisierung in diesem Bereich durchgef\u00fchrt werden.<\/p>\n\n<p>Die Behandlung von Zahnfleischerkrankungen mit Hilfe der Zahnfleischchirurgie hilft, Komplikationen wie Zahnfleischr\u00fcckgang und den Verlust von Z\u00e4hnen aufgrund von Infektionen, die durch unzureichende Hygiene verursacht werden, zu verhindern. Die <a href=\"https:\/\/medclinics.com\/de\/zahnwurzelbehandlung\/\" target=\"_blank\" data-type=\"page\" data-id=\"82908\" rel=\"noreferrer noopener\">Wurzelbehandlung<\/a> behandelt schwere Pulpa-Infektionen oder Sch\u00e4den in der Zahnwurzelstruktur effektiv und sorgt f\u00fcr minimale Beschwerden w\u00e4hrend der Erholungsphase nach dem Eingriff.<\/p>\n\n<p>Die Wiederherstellung der Mundgesundheit und die Verbesserung der Mundfunktion bleiben unser oberstes Ziel bei allen <a href=\"https:\/\/en.wikipedia.org\/wiki\/Dental_surgery\" target=\"_blank\" rel=\"noreferrer noopener\">zahn\u00e4rztlichen Eingriffen<\/a>, die von qualifizierten Experten durchgef\u00fchrt werden, die speziell f\u00fcr die professionelle Durchf\u00fchrung dieser Eingriffe ausgebildet wurden!<\/p>\n\n<h3 class=\"wp-block-heading\">Alles, was Sie \u00fcber <a href=\"https:\/\/medclinics.com\/dental\/\" target=\"_blank\" rel=\"noreferrer noopener\">Zahnbehandlungen<\/a> wissen m\u00fcssen, einschlie\u00dflich Preis, Nachsorge und Heilungsprozess, oder <a href=\"#requestform\">kontaktieren Sie uns<\/a>!<\/h3>\n\n<figure class=\"wp-block-image size-full\"><img fetchpriority=\"high\" decoding=\"async\" width=\"960\" height=\"580\" src=\"https:\/\/medclinics.com\/wp-content\/uploads\/2023\/05\/dental-surgery-2.jpg\" alt=\"Zahnchirurgie&#10;\" class=\"wp-image-84515\" srcset=\"https:\/\/medclinics.com\/wp-content\/uploads\/2023\/05\/dental-surgery-2.jpg 960w, https:\/\/medclinics.com\/wp-content\/uploads\/2023\/05\/dental-surgery-2-500x302.jpg 500w, https:\/\/medclinics.com\/wp-content\/uploads\/2023\/05\/dental-surgery-2-768x464.jpg 768w, https:\/\/medclinics.com\/wp-content\/uploads\/2023\/05\/dental-surgery-2-24x15.jpg 24w, https:\/\/medclinics.com\/wp-content\/uploads\/2023\/05\/dental-surgery-2-36x22.jpg 36w, https:\/\/medclinics.com\/wp-content\/uploads\/2023\/05\/dental-surgery-2-48x29.jpg 48w\" sizes=\"(max-width: 960px) 100vw, 960px\" \/><\/figure>\n\n<h3 class=\"wp-block-heading\">FAQ<\/h3>\n<div id=\"rank-math-faq\" class=\"rank-math-block\">\n<div class=\"rank-math-list \">\n<div id=\"faq-question-1683898477333\" class=\"rank-math-list-item\">\n<h3 class=\"rank-math-question \">Was ist eine Zahnarztpraxis?<\/h3>\n<div class=\"rank-math-answer \">\n\n<p>Zu den zahn\u00e4rztlichen Eingriffen geh\u00f6ren Zahnextraktionen, Zahnfleischoperationen, Zahnimplantate und Kieferrekonstruktionen. Einige Eingriffe gelten als geringf\u00fcgig und werden unter \u00f6rtlicher Bet\u00e4ubung durchgef\u00fchrt, w\u00e4hrend andere eine Sedierung oder Vollnarkose erfordern k\u00f6nnen.<\/p>\n\n<\/div>\n<\/div>\n<div id=\"faq-question-1683898525995\" class=\"rank-math-list-item\">\n<h3 class=\"rank-math-question \">Wie viele Z\u00e4hne k\u00f6nnen chirurgisch entfernt werden?<\/h3>\n<div class=\"rank-math-answer \">\n\n<p>Im Allgemeinen k\u00f6nnen bei einem zahn\u00e4rztlichen Eingriff ein oder mehrere Z\u00e4hne entfernt werden. In einigen F\u00e4llen, z. B. bei einer vollst\u00e4ndigen Extraktion oder einer Kieferoperation, m\u00fcssen alle Z\u00e4hne in einem oder beiden Kiefern entfernt werden. Dies kann mehrere Zahnarztbesuche erfordern.<\/p>\n\n<\/div>\n<\/div>\n<div id=\"faq-question-1683898720036\" class=\"rank-math-list-item\">\n<h3 class=\"rank-math-question \">Was sind die Nachteile der Zahnchirurgie?<\/h3>\n<div class=\"rank-math-answer \">\n\n<p>Zu den Nachteilen der Zahnchirurgie geh\u00f6ren:<br \/>Zu den Nachteilen eines zahn\u00e4rztlichen Eingriffs k\u00f6nnen Schmerzen und Unbehagen sowie Schwellungen und Bluterg\u00fcsse geh\u00f6ren. Wie bei jedem chirurgischen Eingriff besteht das Risiko einer Infektion, und es k\u00f6nnen Blutungen auftreten. In einigen F\u00e4llen k\u00f6nnen zahn\u00e4rztliche Eingriffe die Nerven im Mund sch\u00e4digen und Taubheitsgef\u00fchle, Kribbeln oder andere Empfindungen hervorrufen.<\/p>\n\n<\/div>\n<\/div>\n<\/div>\n<\/div>\n<p><\/p>\n\n<h3 class=\"wp-block-heading\">Kontaktieren Sie uns jetzt, falls Sie Fragen haben!<\/h3>\n","protected":false},"excerpt":{"rendered":"<p>Zahnextraktion oder Implantate? Unter anderem in diesen F\u00e4llen kann ein zahn\u00e4rztlicher Eingriff erforderlich sein. Die Zahnchirurgie ist ein hochspezialisiertes Gebiet [&hellip;]<\/p>\n","protected":false},"author":4,"featured_media":82381,"parent":0,"menu_order":0,"comment_status":"closed","ping_status":"closed","template":"","meta":{"site-sidebar-layout":"default","site-content-layout":"","ast-site-content-layout":"default","site-content-style":"default","site-sidebar-style":"default","ast-global-header-display":"","ast-banner-title-visibility":"","ast-main-header-display":"","ast-hfb-above-header-display":"","ast-hfb-below-header-display":"","ast-hfb-mobile-header-display":"","site-post-title":"","ast-breadcrumbs-content":"","ast-featured-img":"","footer-sml-layout":"","ast-disable-related-posts":"","theme-transparent-header-meta":"","adv-header-id-meta":"","stick-header-meta":"","header-above-stick-meta":"","header-main-stick-meta":"","header-below-stick-meta":"","astra-migrate-meta-layouts":"default","ast-page-background-enabled":"default","ast-page-background-meta":{"desktop":{"background-color":"var(--ast-global-color-4)","background-image":"","background-repeat":"repeat","background-position":"center center","background-size":"auto","background-attachment":"scroll","background-type":"","background-media":"","overlay-type":"","overlay-color":"","overlay-opacity":"","overlay-gradient":""},"tablet":{"background-color":"","background-image":"","background-repeat":"repeat","background-position":"center center","background-size":"auto","background-attachment":"scroll","background-type":"","background-media":"","overlay-type":"","overlay-color":"","overlay-opacity":"","overlay-gradient":""},"mobile":{"background-color":"","background-image":"","background-repeat":"repeat","background-position":"center center","background-size":"auto","background-attachment":"scroll","background-type":"","background-media":"","overlay-type":"","overlay-color":"","overlay-opacity":"","overlay-gradient":""}},"ast-content-background-meta":{"desktop":{"background-color":"var(--ast-global-color-5)","background-image":"","background-repeat":"repeat","background-position":"center center","background-size":"auto","background-attachment":"scroll","background-type":"","background-media":"","overlay-type":"","overlay-color":"","overlay-opacity":"","overlay-gradient":""},"tablet":{"background-color":"var(--ast-global-color-5)","background-image":"","background-repeat":"repeat","background-position":"center center","background-size":"auto","background-attachment":"scroll","background-type":"","background-media":"","overlay-type":"","overlay-color":"","overlay-opacity":"","overlay-gradient":""},"mobile":{"background-color":"var(--ast-global-color-5)","background-image":"","background-repeat":"repeat","background-position":"center center","background-size":"auto","background-attachment":"scroll","background-type":"","background-media":"","overlay-type":"","overlay-color":"","overlay-opacity":"","overlay-gradient":""}},"footnotes":""},"class_list":["post-145503","page","type-page","status-publish","has-post-thumbnail","hentry"],"_links":{"self":[{"href":"https:\/\/medclinics.com\/de\/wp-json\/wp\/v2\/pages\/145503","targetHints":{"allow":["GET"]}}],"collection":[{"href":"https:\/\/medclinics.com\/de\/wp-json\/wp\/v2\/pages"}],"about":[{"href":"https:\/\/medclinics.com\/de\/wp-json\/wp\/v2\/types\/page"}],"author":[{"embeddable":true,"href":"https:\/\/medclinics.com\/de\/wp-json\/wp\/v2\/users\/4"}],"replies":[{"embeddable":true,"href":"https:\/\/medclinics.com\/de\/wp-json\/wp\/v2\/comments?post=145503"}],"version-history":[{"count":0,"href":"https:\/\/medclinics.com\/de\/wp-json\/wp\/v2\/pages\/145503\/revisions"}],"wp:featuredmedia":[{"embeddable":true,"href":"https:\/\/medclinics.com\/de\/wp-json\/wp\/v2\/media\/82381"}],"wp:attachment":[{"href":"https:\/\/medclinics.com\/de\/wp-json\/wp\/v2\/media?parent=145503"}],"curies":[{"name":"wp","href":"https:\/\/api.w.org\/{rel}","templated":true}]}}