{"id":145465,"date":"2023-05-15T09:01:27","date_gmt":"2023-05-15T09:01:27","guid":{"rendered":"https:\/\/medclinics.com\/strabismus-chirurgie\/"},"modified":"2024-04-01T17:12:40","modified_gmt":"2024-04-01T14:12:40","slug":"strabismus-chirurgie","status":"publish","type":"page","link":"https:\/\/medclinics.com\/de\/strabismus-chirurgie\/","title":{"rendered":"Strabismus-Chirurgie"},"content":{"rendered":"\n<h2 class=\"wp-block-heading\">Wenn Sie nach einer M\u00f6glichkeit suchen, Ihr Sehverm\u00f6gen zu verbessern und die Sch\u00f6nheit einer klaren Welt zu erreichen, k\u00f6nnte die Schieloperation die perfekte L\u00f6sung sein.<\/h2>\n\n<p>Schielen, auch als Strabismus oder Crossing Eyes bekannt, ist ein Zustand, der durch eine Fehlstellung der Augen gekennzeichnet ist. Sie tritt auf, wenn die Muskeln, die die Augenbewegung und -ausrichtung steuern, nicht richtig zusammenarbeiten. Infolgedessen kann sich ein Auge nach innen, au\u00dfen, oben oder unten drehen, w\u00e4hrend das andere Auge in seiner normalen Position bleibt. Das Schielen kann st\u00e4ndig vorhanden sein (konstant) oder intermittierend auftreten (intermittierend).<\/p>\n\n<p><a href=\"https:\/\/en.wikipedia.org\/wiki\/Eye_surgery\" target=\"_blank\" rel=\"noreferrer noopener\">Schielen<\/a> kann sich in der Kindheit oder im Erwachsenenalter entwickeln und verschiedene Ursachen haben. Bei Kindern kann sie durch Entwicklungs- oder Koordinationsprobleme der Augenmuskeln, Probleme mit den Nerven, die die Augenbewegungen steuern, oder durch bestimmte Grunderkrankungen verursacht werden. Bei Erwachsenen kann Schielen aufgrund von Augenmuskelproblemen, Nervensch\u00e4den, Traumata oder bestimmten systemischen Krankheiten auftreten.<\/p>\n\n<p>Bei der Schieloperation werden die Augenmuskeln korrigiert, um die Ausrichtung der Augen zu verbessern. Es werden kleine Schnitte in das Gewebe, das das Auge bedeckt, gesetzt, und der Chirurg ver\u00e4ndert je nach Bedarf die Position oder die Spannung der Augenmuskeln. Dabei k\u00f6nnen die Muskeln verk\u00fcrzt oder verl\u00e4ngert werden. Der Eingriff wird unter Vollnarkose durchgef\u00fchrt, und die Patienten k\u00f6nnen in der Regel noch am selben Tag nach Hause gehen.<\/p>\n\n<h3 class=\"wp-block-heading\">Alles, was Sie \u00fcber <a href=\"https:\/\/medclinics.com\/de\/allgemeine-augenchirurgie\/\" target=\"_blank\" rel=\"noreferrer noopener\">Augenoperationen<\/a> wissen m\u00fcssen, einschlie\u00dflich Preis, Nachsorge und Heilungsprozess, oder <a href=\"#requestform\">kontaktieren Sie uns<\/a>!<\/h3>\n\n<figure class=\"wp-block-image size-large\"><img fetchpriority=\"high\" decoding=\"async\" width=\"4573\" height=\"3279\" src=\"https:\/\/medclinics.com\/wp-content\/uploads\/2023\/05\/strabismus.png\" alt=\"Strabismus-Chirurgie Istanbul T&#xFC;rkei\" class=\"wp-image-83458\" srcset=\"https:\/\/medclinics.com\/wp-content\/uploads\/2023\/05\/strabismus.png 4573w, https:\/\/medclinics.com\/wp-content\/uploads\/2023\/05\/strabismus-500x359.png 500w, https:\/\/medclinics.com\/wp-content\/uploads\/2023\/05\/strabismus-1024x734.png 1024w, https:\/\/medclinics.com\/wp-content\/uploads\/2023\/05\/strabismus-768x551.png 768w, https:\/\/medclinics.com\/wp-content\/uploads\/2023\/05\/strabismus-1536x1101.png 1536w, https:\/\/medclinics.com\/wp-content\/uploads\/2023\/05\/strabismus-2048x1468.png 2048w, https:\/\/medclinics.com\/wp-content\/uploads\/2023\/05\/strabismus-24x17.png 24w, https:\/\/medclinics.com\/wp-content\/uploads\/2023\/05\/strabismus-36x26.png 36w, https:\/\/medclinics.com\/wp-content\/uploads\/2023\/05\/strabismus-48x34.png 48w\" sizes=\"(max-width: 4573px) 100vw, 4573px\" \/><\/figure>\n\n<h2 class=\"wp-block-heading\">FAQ <\/h2>\n<div id=\"rank-math-faq\" class=\"rank-math-block\">\n<div class=\"rank-math-list \">\n<div id=\"faq-question-1682603361561\" class=\"rank-math-list-item\">\n<h3 class=\"rank-math-question \">Kann man Strabismus beheben?<\/h3>\n<div class=\"rank-math-answer \">\n\n<p>Ja, Strabismus kann behandelt werden. Zu den Behandlungsm\u00f6glichkeiten geh\u00f6ren Korrektionsbrillen, Prismenlinsen, Sehtherapie\u00fcbungen und in einigen F\u00e4llen auch chirurgische Eingriffe. Die Wahl der Behandlung h\u00e4ngt vom Schweregrad und der zugrunde liegenden Ursache der Erkrankung ab. Eine fr\u00fchzeitige Diagnose und ein fr\u00fchzeitiges Eingreifen sind wichtig f\u00fcr eine wirksame Behandlung der Krankheit.<\/p>\n\n<\/div>\n<\/div>\n<div id=\"faq-question-1682665852961\" class=\"rank-math-list-item\">\n<h3 class=\"rank-math-question \">Was ist eine Schieloperation?<\/h3>\n<div class=\"rank-math-answer \">\n\n<p>Bei der Schieloperation handelt es sich um einen Eingriff zur Korrektur von Fehlstellungen der Augen. Dabei werden die Augenmuskeln eingestellt, um die Ausrichtung und Koordination der Augen zu verbessern. Der Eingriff wird in der Regel unter Vollnarkose durchgef\u00fchrt, und die spezifischen Muskeln, die ver\u00e4ndert werden m\u00fcssen, werden identifiziert und entsprechend angepasst. Die Erholungszeit ist unterschiedlich lang, und es sind postoperative Nachuntersuchungen erforderlich. Dieser Eingriff ist im Allgemeinen sicher und kann die Ausrichtung der Augen deutlich verbessern, doch sollten m\u00f6gliche Risiken mit dem Chirurgen besprochen werden.<\/p>\n\n<\/div>\n<\/div>\n<div id=\"faq-question-1682666623404\" class=\"rank-math-list-item\">\n<h3 class=\"rank-math-question \">Lohnt sich eine Schieloperation?<\/h3>\n<div class=\"rank-math-answer \">\n\n<p>Die Entscheidung, ob sich eine Schieloperation lohnt, h\u00e4ngt von den individuellen Umst\u00e4nden und den Auswirkungen der Erkrankung auf das Leben des Einzelnen ab. Diese Operation kann die Ausrichtung der Augen verbessern, das beid\u00e4ugige Sehen f\u00f6rdern und das Selbstbewusstsein verringern. Es ist jedoch wichtig, die m\u00f6glichen Vorteile und Risiken mit einem erfahrenen Augenchirurgen zu besprechen, bevor man eine Entscheidung trifft.<\/p>\n\n<\/div>\n<\/div>\n<div id=\"faq-question-1684140897716\" class=\"rank-math-list-item\">\n<h3 class=\"rank-math-question \">Wie wird eine Schieloperation durchgef\u00fchrt?<\/h3>\n<div class=\"rank-math-answer \">\n\n<p>Bei der Schieloperation werden kleine Schnitte in das Gewebe, das das Auge bedeckt, gesetzt, um Zugang zu den Augenmuskeln zu erhalten. Der Chirurg identifiziert die spezifischen Muskeln, die angepasst werden m\u00fcssen, und ver\u00e4ndert ihre Position, Spannung oder L\u00e4nge, falls erforderlich. Dies geschieht durch Schw\u00e4chung oder St\u00e4rkung der Muskeln mit Techniken wie Muskelresektion, Muskelrezessionen oder Sehnenanpassungen. Die Operation wird in der Regel unter Vollnarkose und ambulant durchgef\u00fchrt.<\/p>\n\n<\/div>\n<\/div>\n<div id=\"faq-question-1682666956133\" class=\"rank-math-list-item\">\n<h3 class=\"rank-math-question \">Kann Strabismus korrigiert werden?<\/h3>\n<div class=\"rank-math-answer \">\n\n<p>Ja, Strabismus kann mit einer geeigneten Behandlung oft korrigiert oder deutlich verbessert werden. Der spezifische Ansatz zur Korrektur h\u00e4ngt von Faktoren wie dem Schweregrad der Fehlstellung, der zugrundeliegenden Ursache und dem Alter der Person ab. Zu den Behandlungsm\u00f6glichkeiten geh\u00f6ren die Verwendung von Korrektionsbrillen, Prismenlinsen, Sehtherapie\u00fcbungen und in einigen F\u00e4llen auch eine Operation. Das Ziel der Behandlung ist es, die Augen auszurichten und das beid\u00e4ugige Sehen zu verbessern. Es ist wichtig, einen Augenarzt zu konsultieren, der Ihre spezielle Situation beurteilen und den am besten geeigneten Behandlungsplan zur Korrektur oder Behandlung Ihres Problems empfehlen kann.<\/p>\n\n<\/div>\n<\/div>\n<\/div>\n<\/div>\n<p><\/p>\n\n<h3 class=\"wp-block-heading\">Kontaktieren Sie uns jetzt, falls Sie Fragen haben!<\/h3>\n","protected":false},"excerpt":{"rendered":"<p>Wenn Sie nach einer M\u00f6glichkeit suchen, Ihr Sehverm\u00f6gen zu verbessern und die Sch\u00f6nheit einer klaren Welt zu erreichen, k\u00f6nnte die [&hellip;]<\/p>\n","protected":false},"author":4,"featured_media":83420,"parent":0,"menu_order":0,"comment_status":"closed","ping_status":"closed","template":"","meta":{"site-sidebar-layout":"default","site-content-layout":"","ast-site-content-layout":"default","site-content-style":"default","site-sidebar-style":"default","ast-global-header-display":"","ast-banner-title-visibility":"","ast-main-header-display":"","ast-hfb-above-header-display":"","ast-hfb-below-header-display":"","ast-hfb-mobile-header-display":"","site-post-title":"","ast-breadcrumbs-content":"","ast-featured-img":"","footer-sml-layout":"","ast-disable-related-posts":"","theme-transparent-header-meta":"","adv-header-id-meta":"","stick-header-meta":"","header-above-stick-meta":"","header-main-stick-meta":"","header-below-stick-meta":"","astra-migrate-meta-layouts":"default","ast-page-background-enabled":"default","ast-page-background-meta":{"desktop":{"background-color":"var(--ast-global-color-4)","background-image":"","background-repeat":"repeat","background-position":"center center","background-size":"auto","background-attachment":"scroll","background-type":"","background-media":"","overlay-type":"","overlay-color":"","overlay-opacity":"","overlay-gradient":""},"tablet":{"background-color":"","background-image":"","background-repeat":"repeat","background-position":"center center","background-size":"auto","background-attachment":"scroll","background-type":"","background-media":"","overlay-type":"","overlay-color":"","overlay-opacity":"","overlay-gradient":""},"mobile":{"background-color":"","background-image":"","background-repeat":"repeat","background-position":"center center","background-size":"auto","background-attachment":"scroll","background-type":"","background-media":"","overlay-type":"","overlay-color":"","overlay-opacity":"","overlay-gradient":""}},"ast-content-background-meta":{"desktop":{"background-color":"var(--ast-global-color-5)","background-image":"","background-repeat":"repeat","background-position":"center center","background-size":"auto","background-attachment":"scroll","background-type":"","background-media":"","overlay-type":"","overlay-color":"","overlay-opacity":"","overlay-gradient":""},"tablet":{"background-color":"var(--ast-global-color-5)","background-image":"","background-repeat":"repeat","background-position":"center center","background-size":"auto","background-attachment":"scroll","background-type":"","background-media":"","overlay-type":"","overlay-color":"","overlay-opacity":"","overlay-gradient":""},"mobile":{"background-color":"var(--ast-global-color-5)","background-image":"","background-repeat":"repeat","background-position":"center center","background-size":"auto","background-attachment":"scroll","background-type":"","background-media":"","overlay-type":"","overlay-color":"","overlay-opacity":"","overlay-gradient":""}},"footnotes":""},"class_list":["post-145465","page","type-page","status-publish","has-post-thumbnail","hentry"],"_links":{"self":[{"href":"https:\/\/medclinics.com\/de\/wp-json\/wp\/v2\/pages\/145465","targetHints":{"allow":["GET"]}}],"collection":[{"href":"https:\/\/medclinics.com\/de\/wp-json\/wp\/v2\/pages"}],"about":[{"href":"https:\/\/medclinics.com\/de\/wp-json\/wp\/v2\/types\/page"}],"author":[{"embeddable":true,"href":"https:\/\/medclinics.com\/de\/wp-json\/wp\/v2\/users\/4"}],"replies":[{"embeddable":true,"href":"https:\/\/medclinics.com\/de\/wp-json\/wp\/v2\/comments?post=145465"}],"version-history":[{"count":0,"href":"https:\/\/medclinics.com\/de\/wp-json\/wp\/v2\/pages\/145465\/revisions"}],"wp:featuredmedia":[{"embeddable":true,"href":"https:\/\/medclinics.com\/de\/wp-json\/wp\/v2\/media\/83420"}],"wp:attachment":[{"href":"https:\/\/medclinics.com\/de\/wp-json\/wp\/v2\/media?parent=145465"}],"curies":[{"name":"wp","href":"https:\/\/api.w.org\/{rel}","templated":true}]}}