{"id":145453,"date":"2023-05-15T08:30:16","date_gmt":"2023-05-15T05:30:16","guid":{"rendered":"https:\/\/medclinics.com\/glaukom\/"},"modified":"2025-01-02T15:48:27","modified_gmt":"2025-01-02T12:48:27","slug":"glaukom","status":"publish","type":"page","link":"https:\/\/medclinics.com\/de\/glaukom\/","title":{"rendered":"Glaukom"},"content":{"rendered":"\n<h2 class=\"wp-block-heading\">Machen Sie den Weg frei f\u00fcr eine dauerhafte Vision! Unsere fortschrittliche Pflege und modernsten Behandlungen helfen, das Glaukom zu bek\u00e4mpfen und eine bessere Zukunft zu sichern.<\/h2>\n\n<p>Der Begriff Glaukom bezeichnet eine Reihe von Augenerkrankungen, die den Sehnerv sch\u00e4digen und zu Sehst\u00f6rungen f\u00fchren. In der Regel wird sie durch einen erh\u00f6hten Druck im Auge, den so genannten Augeninnendruck, verursacht. Dieser erh\u00f6hte Druck sch\u00e4digt im Laufe der Zeit den Sehnerv, was allm\u00e4hlich zum Verlust des peripheren Sehverm\u00f6gens und, falls unbehandelt, zur Erblindung f\u00fchren kann. Sie schreitet oft langsam und schmerzlos voran, so dass es schwierig ist, sie in den fr\u00fchen Stadien zu erkennen.<\/p>\n\n<p>Es gibt verschiedene Arten, wobei das prim\u00e4re <a href=\"https:\/\/en.wikipedia.org\/wiki\/Glaucoma\" target=\"_blank\" rel=\"noreferrer noopener\">Offenwinkelglaukom<\/a> die h\u00e4ufigste Form ist. Sie tritt auf, wenn die Abflusskan\u00e4le des Auges weniger effektiv Fl\u00fcssigkeit ableiten, was zu einem erh\u00f6hten Augeninnendruck f\u00fchrt. Eine andere Form, das Winkelverschlussglaukom, entsteht, wenn die Iris den Abflusswinkel blockiert, was einen raschen Druckanstieg und akute Symptome wie starke Augenschmerzen und verschwommenes Sehen verursacht. Das Normaldruckglaukom ist weniger verbreitet und f\u00fchrt zu einer Sch\u00e4digung des Sehnervs trotz normaler Augeninnendruckwerte.<\/p>\n\n<p>Eine fr\u00fchzeitige Diagnose und Behandlung sind entscheidend, um diese Krankheit in den Griff zu bekommen und einen Sehkraftverlust zu verhindern. Regelm\u00e4\u00dfige Augenuntersuchungen, die die Messung des Augeninnendrucks, die Untersuchung des Sehnervs und die Beurteilung der Gesichtsfeldfunktion umfassen, sind f\u00fcr die Fr\u00fcherkennung unerl\u00e4sslich. Die Behandlungsm\u00f6glichkeiten umfassen h\u00e4ufig die Senkung des Augeninnendrucks durch Augentropfen, orale Medikamente, Lasertherapie oder chirurgische Eingriffe, die auf die jeweilige Art und Schwere der Erkrankung zugeschnitten sind. <\/p>\n\n<h3 class=\"wp-block-heading\">Alles, was Sie \u00fcber <a href=\"https:\/\/medclinics.com\/de\/allgemeine-augenchirurgie\/\" target=\"_blank\" rel=\"noreferrer noopener\">Augenoperationen<\/a> wissen m\u00fcssen, einschlie\u00dflich Preis, Nachsorge und Heilungsprozess, oder <a href=\"#requestform\">kontaktieren Sie uns<\/a>!<\/h3>\n\n<figure class=\"wp-block-image size-large\"><img fetchpriority=\"high\" decoding=\"async\" width=\"3321\" height=\"2418\" src=\"https:\/\/medclinics.com\/wp-content\/uploads\/2023\/05\/glaucoma.png\" alt=\"Glaukom Istanbul T&#xFC;rkei\" class=\"wp-image-83431\" srcset=\"https:\/\/medclinics.com\/wp-content\/uploads\/2023\/05\/glaucoma.png 3321w, https:\/\/medclinics.com\/wp-content\/uploads\/2023\/05\/glaucoma-500x364.png 500w, https:\/\/medclinics.com\/wp-content\/uploads\/2023\/05\/glaucoma-1024x746.png 1024w, https:\/\/medclinics.com\/wp-content\/uploads\/2023\/05\/glaucoma-768x559.png 768w, https:\/\/medclinics.com\/wp-content\/uploads\/2023\/05\/glaucoma-1536x1118.png 1536w, https:\/\/medclinics.com\/wp-content\/uploads\/2023\/05\/glaucoma-2048x1491.png 2048w, https:\/\/medclinics.com\/wp-content\/uploads\/2023\/05\/glaucoma-24x17.png 24w, https:\/\/medclinics.com\/wp-content\/uploads\/2023\/05\/glaucoma-36x26.png 36w, https:\/\/medclinics.com\/wp-content\/uploads\/2023\/05\/glaucoma-48x35.png 48w\" sizes=\"(max-width: 3321px) 100vw, 3321px\" \/><\/figure>\n\n<h2 class=\"wp-block-heading\">FAQ <\/h2>\n<div id=\"rank-math-faq\" class=\"rank-math-block\">\n<div class=\"rank-math-list \">\n<div id=\"faq-question-1684138446600\" class=\"rank-math-list-item\">\n<h3 class=\"rank-math-question \">Was ist ein Glaukom?<\/h3>\n<div class=\"rank-math-answer \">\n\n<p>Das Glaukom ist eine Gruppe von Augenerkrankungen, die zu einem Sehverlust f\u00fchren k\u00f6nnen, der in der Regel auf einen erh\u00f6hten Druck im Auge zur\u00fcckzuf\u00fchren ist. Eine fr\u00fchzeitige Erkennung und Behandlung ist wichtig, um die Krankheit in den Griff zu bekommen und das Sehverm\u00f6gen zu erhalten. Zu den Behandlungsm\u00f6glichkeiten geh\u00f6ren Augentropfen, Medikamente, Lasertherapie oder eine Operation, je nach Art und Schweregrad.<\/p>\n\n<\/div>\n<\/div>\n<div id=\"faq-question-1684138180750\" class=\"rank-math-list-item\">\n<h3 class=\"rank-math-question \">Warum entsteht ein Glaukom?<\/h3>\n<div class=\"rank-math-answer \">\n\n<p>Das Glaukom entsteht durch eine Kombination von Faktoren, aber die Hauptursache ist ein Anstieg des Augeninnendrucks. Dieser erh\u00f6hte Druck kann durch eine Ansammlung von Fl\u00fcssigkeit im Auge, dem so genannten Kammerwasser, entstehen, das normalerweise durch die Abflusskan\u00e4le des Auges zirkuliert und abflie\u00dft.<br \/>Der genaue Grund f\u00fcr diese Fl\u00fcssigkeitsansammlung kann je nach Art dieser Krankheit variieren. In den meisten F\u00e4llen handelt es sich um eine Verstopfung der Abflusskan\u00e4le, so dass die Fl\u00fcssigkeit nicht richtig aus dem Auge abflie\u00dfen kann. Dies f\u00fchrt zu einem allm\u00e4hlichen Anstieg des Augeninnendrucks, der mit der Zeit den Sehnerv sch\u00e4digen kann. Weitere Faktoren sind Genetik, Alter, ethnische Zugeh\u00f6rigkeit, Familiengeschichte, bestimmte Krankheiten (wie Diabetes und Bluthochdruck) und bestimmte augenbezogene Faktoren (wie die Ausd\u00fcnnung der Hornhaut oder des Sehnervs).<\/p>\n\n<\/div>\n<\/div>\n<div id=\"faq-question-1684138299898\" class=\"rank-math-list-item\">\n<h3 class=\"rank-math-question \">Besteht ein Zusammenhang zwischen Glaukom und Diabetes?<\/h3>\n<div class=\"rank-math-answer \">\n\n<p>Ja, es besteht ein Zusammenhang zwischen Glaukom und Diabetes. Die Zuckerkrankheit erh\u00f6ht das Risiko, an bestimmten Formen des Glaukoms zu erkranken, insbesondere am Offenwinkelglaukom. Faktoren wie Ver\u00e4nderungen der Durchblutung des Sehnervs und Anomalien im Abflusssystem des Auges k\u00f6nnen zu diesem Zusammenhang beitragen. Regelm\u00e4\u00dfige Augenuntersuchungen sind f\u00fcr Diabetiker wichtig, um Anzeichen eines Glaukoms zu erkennen und die Erkrankung wirksam zu behandeln.<\/p>\n\n<\/div>\n<\/div>\n<div id=\"faq-question-1684138370842\" class=\"rank-math-list-item\">\n<h3 class=\"rank-math-question \">Kann ein Glaukom geheilt werden?<\/h3>\n<div class=\"rank-math-answer \">\n\n<p>Nein, ein Glaukom kann nicht im Sinne einer Wiederherstellung des gesch\u00e4digten Sehnervs oder einer Umkehrung seiner Auswirkungen geheilt werden. Bei fr\u00fchzeitiger Erkennung und angemessener Behandlung kann das Fortschreiten der Krankheit jedoch verlangsamt oder aufgehalten werden, so dass die Betroffenen ihre verbleibende Sehkraft und ihre Lebensqualit\u00e4t erhalten k\u00f6nnen. Das prim\u00e4re Ziel der Behandlung ist die Kontrolle des Augeninnendrucks, um eine weitere Sch\u00e4digung des Sehnervs zu verhindern. Zu den Behandlungsm\u00f6glichkeiten geh\u00f6ren Augentropfen, orale Medikamente, Lasertherapie oder eine Operation, je nach Art und Schweregrad. Eine regelm\u00e4\u00dfige \u00dcberwachung und die Einhaltung des Behandlungsplans sind f\u00fcr eine wirksame Behandlung dieser Krankheit und zur Vermeidung von Sehkraftverlusten unerl\u00e4sslich.<\/p>\n\n<\/div>\n<\/div>\n<div id=\"faq-question-1684138517581\" class=\"rank-math-list-item\">\n<h3 class=\"rank-math-question \">Wie kann man einem Glaukom vorbeugen?<\/h3>\n<div class=\"rank-math-answer \">\n\n<p>Um das Krankheitsrisiko zu verringern, ist es wichtig, bestimmte vorbeugende Ma\u00dfnahmen zu ergreifen. F\u00fchren Sie regelm\u00e4\u00dfig umfassende Augenuntersuchungen durch, achten Sie auf Ihre Grunderkrankungen, treiben Sie regelm\u00e4\u00dfig Sport, sch\u00fctzen Sie Ihre Augen vor Verletzungen, vermeiden Sie das Rauchen, ern\u00e4hren Sie sich gesund und schr\u00e4nken Sie den Koffeinkonsum ein. Diese Ma\u00dfnahmen k\u00f6nnen dazu beitragen, die Gesundheit der Augen zu f\u00f6rdern und den Ausbruch der Krankheit m\u00f6glicherweise zu verz\u00f6gern oder zu minimieren. Regelm\u00e4\u00dfige Augenuntersuchungen sind jedoch nach wie vor unerl\u00e4sslich f\u00fcr die Fr\u00fcherkennung und die wirksame Behandlung der Krankheit.<\/p>\n\n<\/div>\n<\/div>\n<div id=\"faq-question-1684138587627\" class=\"rank-math-list-item\">\n<h3 class=\"rank-math-question \">Ist ein Glaukom ansteckend?<\/h3>\n<div class=\"rank-math-answer \">\n\n<p>Nein, ein Glaukom ist nicht ansteckend. Sie wird nicht durch Viren, Bakterien oder andere Infektionserreger verursacht. Bei dieser Krankheit handelt es sich um eine Gruppe von Augenerkrankungen, die in erster Linie auf einen erh\u00f6hten Augeninnendruck oder andere Faktoren zur\u00fcckzuf\u00fchren sind, die zu einer Sch\u00e4digung des Sehnervs f\u00fchren. Sie kann nicht durch Kontakt oder auf andere Weise von Mensch zu Mensch \u00fcbertragen werden.<\/p>\n\n<\/div>\n<\/div>\n<\/div>\n<\/div>\n<h3 class=\"wp-block-heading\">Kontaktieren Sie uns jetzt, falls Sie Fragen haben!<\/h3>\n","protected":false},"excerpt":{"rendered":"<p>Machen Sie den Weg frei f\u00fcr eine dauerhafte Vision! Unsere fortschrittliche Pflege und modernsten Behandlungen helfen, das Glaukom zu bek\u00e4mpfen [&hellip;]<\/p>\n","protected":false},"author":4,"featured_media":92071,"parent":0,"menu_order":0,"comment_status":"closed","ping_status":"closed","template":"","meta":{"site-sidebar-layout":"default","site-content-layout":"","ast-site-content-layout":"default","site-content-style":"default","site-sidebar-style":"default","ast-global-header-display":"","ast-banner-title-visibility":"","ast-main-header-display":"","ast-hfb-above-header-display":"","ast-hfb-below-header-display":"","ast-hfb-mobile-header-display":"","site-post-title":"","ast-breadcrumbs-content":"","ast-featured-img":"","footer-sml-layout":"","ast-disable-related-posts":"","theme-transparent-header-meta":"","adv-header-id-meta":"","stick-header-meta":"","header-above-stick-meta":"","header-main-stick-meta":"","header-below-stick-meta":"","astra-migrate-meta-layouts":"default","ast-page-background-enabled":"default","ast-page-background-meta":{"desktop":{"background-color":"var(--ast-global-color-4)","background-image":"","background-repeat":"repeat","background-position":"center center","background-size":"auto","background-attachment":"scroll","background-type":"","background-media":"","overlay-type":"","overlay-color":"","overlay-opacity":"","overlay-gradient":""},"tablet":{"background-color":"","background-image":"","background-repeat":"repeat","background-position":"center center","background-size":"auto","background-attachment":"scroll","background-type":"","background-media":"","overlay-type":"","overlay-color":"","overlay-opacity":"","overlay-gradient":""},"mobile":{"background-color":"","background-image":"","background-repeat":"repeat","background-position":"center center","background-size":"auto","background-attachment":"scroll","background-type":"","background-media":"","overlay-type":"","overlay-color":"","overlay-opacity":"","overlay-gradient":""}},"ast-content-background-meta":{"desktop":{"background-color":"var(--ast-global-color-5)","background-image":"","background-repeat":"repeat","background-position":"center center","background-size":"auto","background-attachment":"scroll","background-type":"","background-media":"","overlay-type":"","overlay-color":"","overlay-opacity":"","overlay-gradient":""},"tablet":{"background-color":"var(--ast-global-color-5)","background-image":"","background-repeat":"repeat","background-position":"center center","background-size":"auto","background-attachment":"scroll","background-type":"","background-media":"","overlay-type":"","overlay-color":"","overlay-opacity":"","overlay-gradient":""},"mobile":{"background-color":"var(--ast-global-color-5)","background-image":"","background-repeat":"repeat","background-position":"center center","background-size":"auto","background-attachment":"scroll","background-type":"","background-media":"","overlay-type":"","overlay-color":"","overlay-opacity":"","overlay-gradient":""}},"footnotes":""},"class_list":["post-145453","page","type-page","status-publish","has-post-thumbnail","hentry"],"_links":{"self":[{"href":"https:\/\/medclinics.com\/de\/wp-json\/wp\/v2\/pages\/145453","targetHints":{"allow":["GET"]}}],"collection":[{"href":"https:\/\/medclinics.com\/de\/wp-json\/wp\/v2\/pages"}],"about":[{"href":"https:\/\/medclinics.com\/de\/wp-json\/wp\/v2\/types\/page"}],"author":[{"embeddable":true,"href":"https:\/\/medclinics.com\/de\/wp-json\/wp\/v2\/users\/4"}],"replies":[{"embeddable":true,"href":"https:\/\/medclinics.com\/de\/wp-json\/wp\/v2\/comments?post=145453"}],"version-history":[{"count":0,"href":"https:\/\/medclinics.com\/de\/wp-json\/wp\/v2\/pages\/145453\/revisions"}],"wp:featuredmedia":[{"embeddable":true,"href":"https:\/\/medclinics.com\/de\/wp-json\/wp\/v2\/media\/92071"}],"wp:attachment":[{"href":"https:\/\/medclinics.com\/de\/wp-json\/wp\/v2\/media?parent=145453"}],"curies":[{"name":"wp","href":"https:\/\/api.w.org\/{rel}","templated":true}]}}