{"id":145441,"date":"2023-05-15T07:58:06","date_gmt":"2023-05-15T04:58:06","guid":{"rendered":"https:\/\/medclinics.com\/hornhaut\/"},"modified":"2025-01-02T14:29:49","modified_gmt":"2025-01-02T11:29:49","slug":"hornhaut","status":"publish","type":"page","link":"https:\/\/medclinics.com\/de\/hornhaut\/","title":{"rendered":"Hornhaut"},"content":{"rendered":"\n<h2 class=\"wp-block-heading\">Erleben Sie mit modernster Augenhornhaut Chirurgie eine Revolution des Sehens wie nie zuvor. Lassen Sie uns Ihre Sehkraft in eine Welt der Klarheit verwandeln und die Sch\u00f6nheit des perfekten Fokus in Ihre Augen bringen.<\/h2>\n\n<p>Die <a href=\"https:\/\/en.wikipedia.org\/wiki\/Eye_surgery\" target=\"_blank\" rel=\"noreferrer noopener\">Hornhautchirurgie<\/a> umfasst eine Reihe von chirurgischen Eingriffen, die die klare \u00e4u\u00dfere Schicht des Auges, die Hornhaut, betreffen. Eine g\u00e4ngige Form der Hornhautchirurgie besteht darin, eine besch\u00e4digte oder kranke Hornhaut durch eine gesunde Spenderhornhaut zu ersetzen, was als Hornhauttransplantation oder Keratoplastik bezeichnet wird. Dieses Verfahren wird in der Regel zur Behandlung von Hornhautnarben, Keratokonus und Hornhautdystrophien eingesetzt.<\/p>\n\n<p>Eine weitere beliebte Option f\u00fcr die Hornhautchirurgie sind lasergest\u00fctzte refraktive Eingriffe wie PRK und LASIK. Diese Verfahren zielen darauf ab, Brechungsfehler wie Kurzsichtigkeit, Weitsichtigkeit und Astigmatismus zu korrigieren, indem die Hornhaut neu geformt wird. Ziel ist es, den Bedarf an verschreibungspflichtigen Brillen zu beseitigen oder zu verringern, was zu einer klareren Sicht f\u00fchrt.<\/p>\n\n<p>Die Hornhautchirurgie umfasst auch Behandlungen wie die Hornhautvernetzung, die zur St\u00e4rkung einer schwachen oder d\u00fcnnen Hornhaut bei fortschreitendem Keratokonus eingesetzt wird. Bei dieser Behandlung werden Riboflavin-Augentropfen auf die Hornhaut aufgetragen und diese mit ultraviolettem Licht bestrahlt. Au\u00dferdem k\u00f6nnen Operationen durchgef\u00fchrt werden, um wiederkehrende Hornhauterosionen zu behandeln, bei denen Schichten der Hornhaut entfernt oder ersetzt werden, um die Symptome zu lindern und die Heilung zu f\u00f6rdern.<\/p>\n\n<p>Das Hauptziel der Hornhautchirurgie besteht darin, die Gesundheit der Hornhaut zu verbessern, die Sehkraft zu erh\u00f6hen und bestimmte Erkrankungen der Hornhaut zu behandeln. Diese Operationen werden in der Regel von Augen\u00e4rzten oder Hornhautspezialisten durchgef\u00fchrt, da sie \u00fcber Fachwissen in der Diagnose und Behandlung von Hornhauterkrankungen und -st\u00f6rungen verf\u00fcgen.<\/p>\n\n<h3 class=\"wp-block-heading\">Alles, was Sie \u00fcber <a href=\"https:\/\/medclinics.com\/de\/allgemeine-augenchirurgie\/\" target=\"_blank\" rel=\"noreferrer noopener\">Augenoperationen<\/a> wissen m\u00fcssen, einschlie\u00dflich Preis, Nachsorge und Heilungsprozess, oder <a href=\"#requestform\">kontaktieren Sie uns<\/a>!<\/h3>\n\n<figure class=\"wp-block-image size-large\"><img fetchpriority=\"high\" decoding=\"async\" width=\"5760\" height=\"3840\" src=\"https:\/\/medclinics.com\/wp-content\/uploads\/2023\/05\/cornea-surgery.png\" alt=\"Augenhornhaut Chirurgie\" class=\"wp-image-83223\" srcset=\"https:\/\/medclinics.com\/wp-content\/uploads\/2023\/05\/cornea-surgery.png 5760w, https:\/\/medclinics.com\/wp-content\/uploads\/2023\/05\/cornea-surgery-500x333.png 500w, https:\/\/medclinics.com\/wp-content\/uploads\/2023\/05\/cornea-surgery-1024x683.png 1024w, https:\/\/medclinics.com\/wp-content\/uploads\/2023\/05\/cornea-surgery-768x512.png 768w, https:\/\/medclinics.com\/wp-content\/uploads\/2023\/05\/cornea-surgery-1536x1024.png 1536w, https:\/\/medclinics.com\/wp-content\/uploads\/2023\/05\/cornea-surgery-2048x1365.png 2048w, https:\/\/medclinics.com\/wp-content\/uploads\/2023\/05\/cornea-surgery-24x16.png 24w, https:\/\/medclinics.com\/wp-content\/uploads\/2023\/05\/cornea-surgery-36x24.png 36w, https:\/\/medclinics.com\/wp-content\/uploads\/2023\/05\/cornea-surgery-48x32.png 48w\" sizes=\"(max-width: 5760px) 100vw, 5760px\" \/><\/figure>\n\n<h2 class=\"wp-block-heading\">FAQ<\/h2>\n<div id=\"rank-math-faq\" class=\"rank-math-block\">\n<div class=\"rank-math-list \">\n<div id=\"faq-question-1684136695628\" class=\"rank-math-list-item\">\n<h3 class=\"rank-math-question \">Warum eine Hornhauttransplantation?<\/h3>\n<div class=\"rank-math-answer \">\n\n<p>Eine Hornhauttransplantation, auch Keratoplastik genannt, wird durchgef\u00fchrt, wenn die Hornhaut besch\u00e4digt oder erkrankt ist, was zu einer Sehbehinderung f\u00fchrt. Dabei handelt es sich um einen chirurgischen Eingriff, bei dem eine gesunde Spenderhornhaut die besch\u00e4digte Hornhaut ersetzt. Zu den Gr\u00fcnden f\u00fcr eine Hornhauttransplantation geh\u00f6ren Hornhautnarben, Keratokonus, Hornhautdystrophien und schwere Hornhautgeschw\u00fcre. Durch die Wiederherstellung der Klarheit und Struktur der Hornhaut zielt die Hornhauttransplantation darauf ab, die Sehkraft zu verbessern, Beschwerden zu lindern und die allgemeine Augengesundheit zu f\u00f6rdern. Dieses spezielle Verfahren wird von erfahrenen Augen\u00e4rzten mit gespendeten Hornh\u00e4uten von hilfbereiten Menschen durchgef\u00fchrt, die sich als Augenspender zur Verf\u00fcgung gestellt haben.<\/p>\n\n<\/div>\n<\/div>\n<div id=\"faq-question-1684136841343\" class=\"rank-math-list-item\">\n<h3 class=\"rank-math-question \">Kann die Hornhaut des Auges heilen?<\/h3>\n<div class=\"rank-math-answer \">\n\n<p>Ja, die Hornhaut hat in vielen F\u00e4llen die F\u00e4higkeit, sich selbst zu heilen. Kleinere Verletzungen oder Absch\u00fcrfungen der Hornhaut heilen in der Regel innerhalb weniger Tage oder Wochen durch einen Prozess, der als Reepithelisierung bezeichnet wird und bei dem sich die Zellen auf der Oberfl\u00e4che der Hornhaut regenerieren und einwandern, um den besch\u00e4digten Bereich zu bedecken. Schwerere oder tiefere Hornhautverletzungen k\u00f6nnen jedoch einen medizinischen Eingriff und spezielle Behandlungen erfordern, um eine ordnungsgem\u00e4\u00dfe Heilung zu gew\u00e4hrleisten. Es ist wichtig, bei Hornhautverletzungen rechtzeitig einen Arzt aufzusuchen, um eine angemessene Behandlung zu erhalten und eine optimale Heilung zu f\u00f6rdern. Augen\u00e4rzte k\u00f6nnen das Ausma\u00df der Verletzung beurteilen und Behandlungen anbieten, wie z. B. schmierende Augentropfen oder -salben, oder bei Bedarf chirurgische Eingriffe oder Medikamente empfehlen, um die Heilung der Hornhaut zu erleichtern und die Sehkraft zu erhalten.<\/p>\n\n<\/div>\n<\/div>\n<div id=\"faq-question-1684136953591\" class=\"rank-math-list-item\">\n<h3 class=\"rank-math-question \">Sind Augenoperationen sicher?<\/h3>\n<div class=\"rank-math-answer \">\n\n<p>Ja, Augenoperationen gelten im Allgemeinen als sicher, wenn sie von qualifizierten Chirurgen und in angemessener medizinischer Umgebung durchgef\u00fchrt werden. Fortschritte in der chirurgischen Technik und Technologie haben die Sicherheit und die Erfolgsraten dieser Verfahren erheblich verbessert. Wie bei jedem chirurgischen Eingriff bestehen jedoch Risiken wie Infektionen, Blutungen oder unerw\u00fcnschte Reaktionen auf An\u00e4sthesie oder Medikamente. Die Sicherheit einer Augenoperation h\u00e4ngt von Faktoren wie der Art des Eingriffs, dem allgemeinen Gesundheitszustand des Patienten und dem Fachwissen des Chirurgen ab. Es ist wichtig, einen qualifizierten Augenchirurgen zu konsultieren, der Ihre individuelle Situation beurteilen, m\u00f6gliche Risiken und Vorteile er\u00f6rtern und individuelle Empfehlungen aussprechen kann. Durch eine sorgf\u00e4ltige Abw\u00e4gung der Risiken und Vorteile k\u00f6nnen Sie und Ihr Chirurg eine fundierte Entscheidung \u00fcber die Sicherheit und Eignung der Augenoperation f\u00fcr Ihre speziellen Bed\u00fcrfnisse treffen.<\/p>\n\n<\/div>\n<\/div>\n<div id=\"faq-question-1684137034727\" class=\"rank-math-list-item\">\n<h3 class=\"rank-math-question \">Wie lange dauert es, sich von einer Hornhauttransplantation zu erholen?<\/h3>\n<div class=\"rank-math-answer \">\n\n<p>Die Genesungszeit nach einer Hornhautoperation ist unterschiedlich lang, im Allgemeinen dauert es jedoch mehrere Wochen bis zu einigen Monaten, bis die Hornhaut vollst\u00e4ndig verheilt ist. Nach dem Eingriff kann es zu Unwohlsein, Lichtempfindlichkeit und verschwommener Sicht kommen, die sich in der Regel allm\u00e4hlich bessern. Ihr Chirurg wird Ihnen spezielle Anweisungen f\u00fcr die Zeit nach der Operation geben, einschlie\u00dflich der Verwendung von verschriebenen Augentropfen und Medikamenten, und er wird Ihnen m\u00f6glicherweise einen Nachsorgeplan empfehlen, um Ihre Fortschritte zu \u00fcberwachen. Es ist wichtig, dass Sie diese Termine wahrnehmen und Ihrem Chirurgen alle Bedenken mitteilen. Da der Heilungsprozess bei jedem Menschen anders verl\u00e4uft, ist es wichtig, dass Sie die Anweisungen Ihres Chirurgen befolgen, sich ausreichend Zeit f\u00fcr die Genesung nehmen und geduldig sind, w\u00e4hrend Ihre Hornhaut heilt und sich stabilisiert.<\/p>\n\n<\/div>\n<\/div>\n<\/div>\n<\/div>\n<h3 class=\"wp-block-heading\">Kontaktieren Sie uns jetzt, falls Sie Fragen haben!<\/h3>\n","protected":false},"excerpt":{"rendered":"<p>Erleben Sie mit modernster Augenhornhaut Chirurgie eine Revolution des Sehens wie nie zuvor. Lassen Sie uns Ihre Sehkraft in eine [&hellip;]<\/p>\n","protected":false},"author":4,"featured_media":92046,"parent":0,"menu_order":0,"comment_status":"closed","ping_status":"closed","template":"","meta":{"site-sidebar-layout":"default","site-content-layout":"","ast-site-content-layout":"default","site-content-style":"default","site-sidebar-style":"default","ast-global-header-display":"","ast-banner-title-visibility":"","ast-main-header-display":"","ast-hfb-above-header-display":"","ast-hfb-below-header-display":"","ast-hfb-mobile-header-display":"","site-post-title":"","ast-breadcrumbs-content":"","ast-featured-img":"","footer-sml-layout":"","ast-disable-related-posts":"","theme-transparent-header-meta":"","adv-header-id-meta":"","stick-header-meta":"","header-above-stick-meta":"","header-main-stick-meta":"","header-below-stick-meta":"","astra-migrate-meta-layouts":"default","ast-page-background-enabled":"default","ast-page-background-meta":{"desktop":{"background-color":"var(--ast-global-color-4)","background-image":"","background-repeat":"repeat","background-position":"center center","background-size":"auto","background-attachment":"scroll","background-type":"","background-media":"","overlay-type":"","overlay-color":"","overlay-opacity":"","overlay-gradient":""},"tablet":{"background-color":"","background-image":"","background-repeat":"repeat","background-position":"center center","background-size":"auto","background-attachment":"scroll","background-type":"","background-media":"","overlay-type":"","overlay-color":"","overlay-opacity":"","overlay-gradient":""},"mobile":{"background-color":"","background-image":"","background-repeat":"repeat","background-position":"center center","background-size":"auto","background-attachment":"scroll","background-type":"","background-media":"","overlay-type":"","overlay-color":"","overlay-opacity":"","overlay-gradient":""}},"ast-content-background-meta":{"desktop":{"background-color":"var(--ast-global-color-5)","background-image":"","background-repeat":"repeat","background-position":"center center","background-size":"auto","background-attachment":"scroll","background-type":"","background-media":"","overlay-type":"","overlay-color":"","overlay-opacity":"","overlay-gradient":""},"tablet":{"background-color":"var(--ast-global-color-5)","background-image":"","background-repeat":"repeat","background-position":"center center","background-size":"auto","background-attachment":"scroll","background-type":"","background-media":"","overlay-type":"","overlay-color":"","overlay-opacity":"","overlay-gradient":""},"mobile":{"background-color":"var(--ast-global-color-5)","background-image":"","background-repeat":"repeat","background-position":"center center","background-size":"auto","background-attachment":"scroll","background-type":"","background-media":"","overlay-type":"","overlay-color":"","overlay-opacity":"","overlay-gradient":""}},"footnotes":""},"class_list":["post-145441","page","type-page","status-publish","has-post-thumbnail","hentry"],"_links":{"self":[{"href":"https:\/\/medclinics.com\/de\/wp-json\/wp\/v2\/pages\/145441","targetHints":{"allow":["GET"]}}],"collection":[{"href":"https:\/\/medclinics.com\/de\/wp-json\/wp\/v2\/pages"}],"about":[{"href":"https:\/\/medclinics.com\/de\/wp-json\/wp\/v2\/types\/page"}],"author":[{"embeddable":true,"href":"https:\/\/medclinics.com\/de\/wp-json\/wp\/v2\/users\/4"}],"replies":[{"embeddable":true,"href":"https:\/\/medclinics.com\/de\/wp-json\/wp\/v2\/comments?post=145441"}],"version-history":[{"count":0,"href":"https:\/\/medclinics.com\/de\/wp-json\/wp\/v2\/pages\/145441\/revisions"}],"wp:featuredmedia":[{"embeddable":true,"href":"https:\/\/medclinics.com\/de\/wp-json\/wp\/v2\/media\/92046"}],"wp:attachment":[{"href":"https:\/\/medclinics.com\/de\/wp-json\/wp\/v2\/media?parent=145441"}],"curies":[{"name":"wp","href":"https:\/\/api.w.org\/{rel}","templated":true}]}}