{"id":145425,"date":"2023-05-15T07:23:20","date_gmt":"2023-05-15T04:23:20","guid":{"rendered":"https:\/\/medclinics.com\/netzhautchirurgie\/"},"modified":"2025-01-02T23:40:59","modified_gmt":"2025-01-02T20:40:59","slug":"netzhautchirurgie","status":"publish","type":"page","link":"https:\/\/medclinics.com\/de\/netzhautchirurgie\/","title":{"rendered":"Netzhautchirurgie"},"content":{"rendered":"\n<h2 class=\"wp-block-heading\">Eine bessere Zukunft f\u00fcr Ihr Sehverm\u00f6gen ist mit einer professionellen Netzhautchirurgie m\u00f6glich. Lassen Sie sich von unserem engagierten Team den Weg zu besserem Sehen und neuem Optimismus zeigen.<\/h2>\n\n<p>Die <a href=\"https:\/\/en.wikipedia.org\/wiki\/Eye_surgery\" target=\"_blank\" rel=\"noreferrer noopener\">Netzhautchirurgie<\/a> ist ein spezieller Eingriff an der Netzhaut, dem lichtempfindlichen Gewebe am hinteren Teil des Auges. Sie wird durchgef\u00fchrt, um verschiedene Netzhautprobleme und -krankheiten zu behandeln, die zum Verlust oder zur Beeintr\u00e4chtigung des Sehverm\u00f6gens f\u00fchren k\u00f6nnen. Einige h\u00e4ufige Gr\u00fcnde f\u00fcr eine Netzhautoperation sind Netzhautabl\u00f6sungen, Makulaforamina, diabetische Retinopathie und epiretinale Membranen.<\/p>\n\n<p>Bei einer Netzhautoperation versucht der Chirurg, abnormales oder besch\u00e4digtes Gewebe in der Netzhaut zu reparieren oder zu entfernen, um das Sehverm\u00f6gen wiederherzustellen oder zu verbessern. Die spezifischen Techniken k\u00f6nnen je nach der zu behandelnden Erkrankung variieren. Zu diesen Techniken geh\u00f6ren das Wiederanlegen der Netzhaut, das Schlie\u00dfen von Rissen oder L\u00f6chern, die Entfernung von Narbengewebe oder die Behandlung von Blutungen.<\/p>\n\n<p>Es ist wichtig zu wissen, dass Netzhautoperationen potenzielle Risiken und Komplikationen mit sich bringen, und dass das spezifische Vorgehen und der Genesungsprozess bei jedem Einzelnen unterschiedlich sein k\u00f6nnen. Die Konsultation eines qualifizierten Augenarztes oder Netzhautchirurgen ist von entscheidender Bedeutung, um den spezifischen Zustand zu beurteilen und den am besten geeigneten Behandlungsansatz f\u00fcr die bestm\u00f6glichen Ergebnisse zu bestimmen.<\/p>\n\n<h3 class=\"wp-block-heading\">Alles, was Sie \u00fcber <a href=\"https:\/\/medclinics.com\/de\/allgemeine-augenchirurgie\/\" target=\"_blank\" rel=\"noreferrer noopener\">Augenoperationen<\/a> wissen m\u00fcssen, einschlie\u00dflich Preis, Nachsorge und Heilungsprozess, oder <a href=\"#requestform\">kontaktieren Sie uns<\/a>!<\/h3>\n\n<figure class=\"wp-block-image size-large\"><img fetchpriority=\"high\" decoding=\"async\" width=\"7360\" height=\"4912\" src=\"https:\/\/medclinics.com\/wp-content\/uploads\/2023\/05\/retina-surgery-2.png\" alt=\"Netzhautchirurgie Istanbul T&#xFC;rkei\" class=\"wp-image-82941\" srcset=\"https:\/\/medclinics.com\/wp-content\/uploads\/2023\/05\/retina-surgery-2.png 7360w, https:\/\/medclinics.com\/wp-content\/uploads\/2023\/05\/retina-surgery-2-500x334.png 500w, https:\/\/medclinics.com\/wp-content\/uploads\/2023\/05\/retina-surgery-2-1024x683.png 1024w, https:\/\/medclinics.com\/wp-content\/uploads\/2023\/05\/retina-surgery-2-768x513.png 768w, https:\/\/medclinics.com\/wp-content\/uploads\/2023\/05\/retina-surgery-2-1536x1025.png 1536w, https:\/\/medclinics.com\/wp-content\/uploads\/2023\/05\/retina-surgery-2-2048x1367.png 2048w, https:\/\/medclinics.com\/wp-content\/uploads\/2023\/05\/retina-surgery-2-24x16.png 24w, https:\/\/medclinics.com\/wp-content\/uploads\/2023\/05\/retina-surgery-2-36x24.png 36w, https:\/\/medclinics.com\/wp-content\/uploads\/2023\/05\/retina-surgery-2-48x32.png 48w\" sizes=\"(max-width: 7360px) 100vw, 7360px\" \/><\/figure>\n\n<h2 class=\"wp-block-heading\">FAQ<\/h2>\n<div id=\"rank-math-faq\" class=\"rank-math-block\">\n<div class=\"rank-math-list \">\n<div id=\"faq-question-1684133273895\" class=\"rank-math-list-item\">\n<h3 class=\"rank-math-question \">Wie schl\u00e4ft man nach einer Netzhautabl\u00f6sung?<\/h3>\n<div class=\"rank-math-answer \">\n\n<p>Es ist wichtig, dass Sie die postoperativen Anweisungen Ihres Chirurgen befolgen, insbesondere die Empfehlungen zur Ruhezeit nach einer Netzhautabl\u00f6sung. Um die Belastung des operierten Auges zu verringern, wird h\u00e4ufig empfohlen, auf dem R\u00fccken oder auf der nicht betroffenen Seite zu schlafen. Sie k\u00f6nnen Ihren Kopf ein wenig anheben und die Augen entlasten, indem Sie st\u00fctzende Kissen verwenden. Um das Auge zu sch\u00fctzen und unbeabsichtigtes Reiben im Schlaf zu vermeiden, kann der Chirurg Ihnen auch eine Augenklappe oder ein Pflaster geben. Vermeiden Sie schwere T\u00e4tigkeiten kurz vor dem Schlafengehen, und sorgen Sie daf\u00fcr, dass Ihre Augen gen\u00fcgend Ruhe bekommen. Regelm\u00e4\u00dfige Nachsorgetermine mit Ihrem Chirurgen stellen sicher, dass Sie eine pers\u00f6nliche Anleitung zu Schlafpositionen und Aktivit\u00e4ten erhalten, die f\u00fcr Ihren individuellen Fall am besten geeignet sind, um eine reibungslose Genesung und optimale Heilung zu erm\u00f6glichen.<\/p>\n\n<\/div>\n<\/div>\n<div id=\"faq-question-1684133564202\" class=\"rank-math-list-item\">\n<h3 class=\"rank-math-question \">Was erwartet mich nach einer Laseroperation bei einem Netzhautriss?<\/h3>\n<div class=\"rank-math-answer \">\n\n<p>Nach einem laserchirurgischen Eingriff zur Behandlung eines Netzhautrisses k\u00f6nnen Sie w\u00e4hrend der Genesungsphase einige allgemeine Aspekte erwarten. Anf\u00e4nglich kann es zu leichten Beschwerden oder Druckgef\u00fchlen im behandelten Auge sowie zu Lichtempfindlichkeit kommen. Diese Beschwerden k\u00f6nnen mit verschriebenen Augentropfen oder rezeptfreien Schmerzmitteln gelindert werden. Vor\u00fcbergehende Sehver\u00e4nderungen, wie verschwommenes oder verzerrtes Sehen, sind nach dem Eingriff \u00fcblich, verbessern sich aber in der Regel allm\u00e4hlich. Es ist wichtig, dass Sie sich an die von Ihrem Chirurgen auferlegten Aktivit\u00e4tsbeschr\u00e4nkungen halten, wie z. B. das Vermeiden von schwerem Heben oder anstrengenden \u00dcbungen. Es werden regelm\u00e4\u00dfige Nachsorgetermine angesetzt, um Ihren Heilungsfortschritt zu \u00fcberwachen und die Wirksamkeit der Laserbehandlung festzustellen. Langfristige Pflege, einschlie\u00dflich routinem\u00e4\u00dfiger Augenuntersuchungen, stellt die Gesundheit der Augen sicher und deckt m\u00f6gliche Komplikationen oder neue Netzhautrisse auf. Wenn Sie starke Schmerzen, pl\u00f6tzliche Sehver\u00e4nderungen oder besorgniserregende Symptome bemerken, wenden Sie sich umgehend an Ihren Chirurgen, damit er Sie weiter ber\u00e4t und untersucht.<\/p>\n\n<\/div>\n<\/div>\n<div id=\"faq-question-1684133815144\" class=\"rank-math-list-item\">\n<h3 class=\"rank-math-question \">Wie lange nach der Operation der Netzhautabl\u00f6sung kann ich Auto fahren?<\/h3>\n<div class=\"rank-math-answer \">\n\n<p>Nach einer Netzhautabl\u00f6sung dauert es einige Zeit, bis sich Ihr Sehverm\u00f6gen stabilisiert hat und etwaige Beschwerden oder Unsch\u00e4rfen abklingen. Sie m\u00fcssen \u00fcber ein ausreichendes Sehverm\u00f6gen und eine ausreichende Sehsch\u00e4rfe verf\u00fcgen, um sicher fahren und auf die Stra\u00dfen- und Verkehrsverh\u00e4ltnisse reagieren zu k\u00f6nnen. Es ist wichtig, dass Sie sich an die Anweisungen Ihres Chirurgen halten, wann Sie das Autofahren wieder aufnehmen k\u00f6nnen.<br \/>W\u00e4hrend der Genesungsphase ist es ratsam, sich von einer anderen Person bef\u00f6rdern zu lassen oder bei Bedarf \u00f6ffentliche Verkehrsmittel oder Taxis zu benutzen. Stellen Sie Ihre Sicherheit und die Sicherheit anderer Verkehrsteilnehmer immer in den Vordergrund. Wenden Sie sich an Ihren Chirurgen, um spezifische Empfehlungen und Richtlinien f\u00fcr das F\u00fchren eines Fahrzeugs nach einer Netzhautabl\u00f6sung zu erhalten, die auf Ihre individuellen Umst\u00e4nde abgestimmt sind.<\/p>\n\n<\/div>\n<\/div>\n<div id=\"faq-question-1684133835589\" class=\"rank-math-list-item\">\n<h3 class=\"rank-math-question \">Wie lange dauert die Genesung nach einer Netzhautabl\u00f6sungsoperation?<\/h3>\n<div class=\"rank-math-answer \">\n\n<p>Die Genesungszeit nach einer Netzhautabl\u00f6sung kann unterschiedlich lang sein, in der Regel dauert es jedoch mehrere Wochen bis einige Monate, bis das Auge vollst\u00e4ndig geheilt ist. W\u00e4hrend dieser Zeit kann es am operierten Auge zu Unwohlsein, R\u00f6tung und Empfindlichkeit kommen. Ihr Chirurg wird Ihnen spezielle Anweisungen f\u00fcr die Zeit nach der Operation geben, einschlie\u00dflich der Einnahme von verschriebenen Medikamenten oder Augentropfen, um Schmerzen und Entz\u00fcndungen zu lindern.<br \/>In der ersten Zeit der Genesung kann Ihre Sicht verschwommen oder verzerrt sein, und Sie k\u00f6nnen Floater bemerken. Diese Symptome bessern sich oft im Laufe der Zeit, wenn das Auge heilt. Es ist wichtig, Nachsorgetermine bei Ihrem Chirurgen wahrzunehmen, um die Fortschritte zu \u00fcberwachen und eine ordnungsgem\u00e4\u00dfe Heilung zu gew\u00e4hrleisten.<br \/>Die genaue Dauer der Genesung kann zwar je nach Faktoren wie dem Ausma\u00df der Netzhautabl\u00f6sung und dem allgemeinen Gesundheitszustand des Patienten variieren, aber es ist wichtig, geduldig zu sein und dem Auge ausreichend Zeit zur Heilung zu geben. Ihr Chirurg wird Ihnen sagen, wann Sie Ihre normalen Aktivit\u00e4ten wieder aufnehmen k\u00f6nnen, und Ihnen genaue Anweisungen f\u00fcr die postoperative Pflege geben.<\/p>\n\n<\/div>\n<\/div>\n<div id=\"faq-question-1684133964646\" class=\"rank-math-list-item\">\n<h3 class=\"rank-math-question \">Ist eine Netzhautoperation schmerzhaft?<\/h3>\n<div class=\"rank-math-answer \">\n\n<p>Die Netzhautoperation selbst ist in der Regel nicht schmerzhaft, da sie unter Narkose durchgef\u00fchrt wird, die das Auge und das umliegende Gewebe bet\u00e4ubt. W\u00e4hrend des Eingriffs sollten Sie keine Beschwerden oder Schmerzen versp\u00fcren.<br \/>Es ist jedoch \u00fcblich, dass Sie in den Tagen nach dem Eingriff ein gewisses Unbehagen oder leichte Schmerzen versp\u00fcren. Diese Beschwerden k\u00f6nnen von Person zu Person unterschiedlich sein und Empfindungen wie leichte Schmerzen, Wundsein oder Reizungen im operierten Auge umfassen. Ihr Chirurg wird Ihnen Schmerzmittel verschreiben oder freiverk\u00e4ufliche Schmerzmittel empfehlen, um die postoperativen Beschwerden zu lindern. Jeder Mensch empfindet Schmerzen und Unwohlsein anders, und individuelle Faktoren wie die Art der durchgef\u00fchrten Netzhautoperation und die individuelle Schmerzgrenze k\u00f6nnen das Ausma\u00df des Unwohlseins beeinflussen.<\/p>\n\n<\/div>\n<\/div>\n<div id=\"faq-question-1684134094514\" class=\"rank-math-list-item\">\n<h3 class=\"rank-math-question \">Wie lange dauert eine Netzhautoperation?<\/h3>\n<div class=\"rank-math-answer \">\n\n<p>Die Dauer einer Netzhautoperation kann von mehreren Faktoren abh\u00e4ngen, darunter die Art des Eingriffs, die Komplexit\u00e4t des Falles sowie die Technik und Erfahrung des jeweiligen Chirurgen. Im Allgemeinen dauern die meisten Netzhautoperationen zwischen 1 und 3 Stunden.<br \/>Dies ist jedoch nur eine Sch\u00e4tzung und die tats\u00e4chliche Dauer kann variieren. Einige Operationen an der Netzhaut, z. B. bei Netzhautabl\u00f6sungen oder Makulaforamina, k\u00f6nnen kompliziertere Verfahren erfordern und dauern l\u00e4nger. Andererseits k\u00f6nnen bestimmte, weniger komplexe Verfahren wie die Laserphotokoagulation oder intravitreale Injektionen relativ schnell durchgef\u00fchrt werden.<br \/>Ihr Chirurg wird Ihnen anhand der Einzelheiten Ihres Falles eine genauere Einsch\u00e4tzung der voraussichtlichen Dauer Ihrer speziellen Netzhautoperation geben k\u00f6nnen. Es ist wichtig, Gr\u00fcndlichkeit und Pr\u00e4zision bei der Operation zu bevorzugen, anstatt einen bestimmten Zeitrahmen einzuhalten, da das ultimative Ziel darin besteht, das bestm\u00f6gliche Ergebnis f\u00fcr Ihre Augengesundheit zu erzielen.<\/p>\n\n<\/div>\n<\/div>\n<div id=\"faq-question-1684134296748\" class=\"rank-math-list-item\">\n<h3 class=\"rank-math-question \">Sind Augenoperationen sicher?<\/h3>\n<div class=\"rank-math-answer \">\n\n<p>Wie jeder medizinische Eingriff birgt auch die Augenchirurgie gewisse Risiken, doch gilt sie im Allgemeinen als sicher, wenn sie von qualifizierten und erfahrenen Chirurgen durchgef\u00fchrt wird. Die Sicherheit von Augenoperationen h\u00e4ngt von verschiedenen Faktoren ab, unter anderem von der Art des Eingriffs, der spezifischen Erkrankung, die behandelt wird, dem allgemeinen Gesundheitszustand des Patienten und der Qualit\u00e4t der medizinischen Einrichtung, in der der Eingriff durchgef\u00fchrt wird.<br \/>Fortschritte bei den Operationstechniken, der An\u00e4sthesie und der pr\u00e4- und postoperativen Betreuung haben die Sicherheit und die Erfolgsraten von Augenoperationen erheblich verbessert. Die Chirurgen werden umfassend geschult und halten sich an strenge Sicherheitsprotokolle, um Risiken und Komplikationen zu minimieren.<\/p>\n\n<\/div>\n<\/div>\n<div id=\"faq-question-1684134510529\" class=\"rank-math-list-item\">\n<h3 class=\"rank-math-question \">Kann eine Augenlaseroperation eine Netzhautabl\u00f6sung verursachen?<\/h3>\n<div class=\"rank-math-answer \">\n\n<p>Obwohl es extrem selten ist, besteht ein sehr geringes Risiko einer Netzhautabl\u00f6sung im Zusammenhang mit einer Augenlaseroperation. Das Risiko wird auf weniger als 1 von 10.000 F\u00e4llen gesch\u00e4tzt. Es ist wichtig, den Eingriff bei einem qualifizierten Chirurgen durchf\u00fchren zu lassen und sich vor der Operation gr\u00fcndlich untersuchen zu lassen, um das Risiko von Komplikationen zu minimieren.<\/p>\n\n<\/div>\n<\/div>\n<\/div>\n<\/div>\n<h3 class=\"wp-block-heading\">Kontaktieren Sie uns jetzt, falls Sie Fragen haben!<\/h3>\n","protected":false},"excerpt":{"rendered":"<p>Eine bessere Zukunft f\u00fcr Ihr Sehverm\u00f6gen ist mit einer professionellen Netzhautchirurgie m\u00f6glich. Lassen Sie sich von unserem engagierten Team den [&hellip;]<\/p>\n","protected":false},"author":4,"featured_media":92133,"parent":0,"menu_order":0,"comment_status":"closed","ping_status":"closed","template":"","meta":{"site-sidebar-layout":"default","site-content-layout":"","ast-site-content-layout":"default","site-content-style":"default","site-sidebar-style":"default","ast-global-header-display":"","ast-banner-title-visibility":"","ast-main-header-display":"","ast-hfb-above-header-display":"","ast-hfb-below-header-display":"","ast-hfb-mobile-header-display":"","site-post-title":"","ast-breadcrumbs-content":"","ast-featured-img":"","footer-sml-layout":"","ast-disable-related-posts":"","theme-transparent-header-meta":"","adv-header-id-meta":"","stick-header-meta":"","header-above-stick-meta":"","header-main-stick-meta":"","header-below-stick-meta":"","astra-migrate-meta-layouts":"default","ast-page-background-enabled":"default","ast-page-background-meta":{"desktop":{"background-color":"var(--ast-global-color-4)","background-image":"","background-repeat":"repeat","background-position":"center center","background-size":"auto","background-attachment":"scroll","background-type":"","background-media":"","overlay-type":"","overlay-color":"","overlay-opacity":"","overlay-gradient":""},"tablet":{"background-color":"","background-image":"","background-repeat":"repeat","background-position":"center center","background-size":"auto","background-attachment":"scroll","background-type":"","background-media":"","overlay-type":"","overlay-color":"","overlay-opacity":"","overlay-gradient":""},"mobile":{"background-color":"","background-image":"","background-repeat":"repeat","background-position":"center center","background-size":"auto","background-attachment":"scroll","background-type":"","background-media":"","overlay-type":"","overlay-color":"","overlay-opacity":"","overlay-gradient":""}},"ast-content-background-meta":{"desktop":{"background-color":"var(--ast-global-color-5)","background-image":"","background-repeat":"repeat","background-position":"center center","background-size":"auto","background-attachment":"scroll","background-type":"","background-media":"","overlay-type":"","overlay-color":"","overlay-opacity":"","overlay-gradient":""},"tablet":{"background-color":"var(--ast-global-color-5)","background-image":"","background-repeat":"repeat","background-position":"center center","background-size":"auto","background-attachment":"scroll","background-type":"","background-media":"","overlay-type":"","overlay-color":"","overlay-opacity":"","overlay-gradient":""},"mobile":{"background-color":"var(--ast-global-color-5)","background-image":"","background-repeat":"repeat","background-position":"center center","background-size":"auto","background-attachment":"scroll","background-type":"","background-media":"","overlay-type":"","overlay-color":"","overlay-opacity":"","overlay-gradient":""}},"footnotes":""},"class_list":["post-145425","page","type-page","status-publish","has-post-thumbnail","hentry"],"_links":{"self":[{"href":"https:\/\/medclinics.com\/de\/wp-json\/wp\/v2\/pages\/145425","targetHints":{"allow":["GET"]}}],"collection":[{"href":"https:\/\/medclinics.com\/de\/wp-json\/wp\/v2\/pages"}],"about":[{"href":"https:\/\/medclinics.com\/de\/wp-json\/wp\/v2\/types\/page"}],"author":[{"embeddable":true,"href":"https:\/\/medclinics.com\/de\/wp-json\/wp\/v2\/users\/4"}],"replies":[{"embeddable":true,"href":"https:\/\/medclinics.com\/de\/wp-json\/wp\/v2\/comments?post=145425"}],"version-history":[{"count":0,"href":"https:\/\/medclinics.com\/de\/wp-json\/wp\/v2\/pages\/145425\/revisions"}],"wp:featuredmedia":[{"embeddable":true,"href":"https:\/\/medclinics.com\/de\/wp-json\/wp\/v2\/media\/92133"}],"wp:attachment":[{"href":"https:\/\/medclinics.com\/de\/wp-json\/wp\/v2\/media?parent=145425"}],"curies":[{"name":"wp","href":"https:\/\/api.w.org\/{rel}","templated":true}]}}