{"id":145411,"date":"2023-05-14T19:55:30","date_gmt":"2023-05-14T16:55:30","guid":{"rendered":"https:\/\/medclinics.com\/zahnwurzelbehandlung\/"},"modified":"2025-01-02T23:44:22","modified_gmt":"2025-01-02T20:44:22","slug":"zahnwurzelbehandlung","status":"publish","type":"page","link":"https:\/\/medclinics.com\/de\/zahnwurzelbehandlung\/","title":{"rendered":"Zahnwurzelbehandlung"},"content":{"rendered":"\n<h2 class=\"wp-block-heading\">Die Wurzelbehandlung ist ein wichtiges zahnmedizinisches Verfahren, das Ihre Z\u00e4hne sch\u00fctzt, indem es infiziertes oder entz\u00fcndetes Gewebe und Nerven im Zahn entfernt.<\/h2>\n\n<p>Diese Methode wird in der Regel f\u00fcr Personen mit tiefer Karies, gebrochenen Z\u00e4hnen oder nach einem Trauma empfohlen.<\/p>\n\n<p>Der Prozess der Wurzelbehandlung umfasst mehrere Schritte, um ihre Wirksamkeit zu gew\u00e4hrleisten. In einem ersten Schritt werden gesch\u00e4digtes Nervengewebe und kari\u00f6ses Material aus dem betroffenen Bereich entfernt, bevor dieser mit speziellen Materialien aufgef\u00fcllt wird, die die geschw\u00e4chte Zahnstruktur weiter st\u00e4rken.<\/p>\n\n<p>Bei diesem Verfahren werden die Patienten in der Regel \u00f6rtlich bet\u00e4ubt, so dass sie w\u00e4hrend des gesamten Eingriffs keinerlei Schmerzen versp\u00fcren. Danach kann in einigen F\u00e4llen eine leichte Empfindlichkeit auftreten, aber seien Sie versichert, dass diese Erscheinungen nur vor\u00fcbergehend sind!<\/p>\n\n<p>Zusammenfassend l\u00e4sst sich sagen, dass die <a href=\"https:\/\/en.wikipedia.org\/wiki\/Root_canal_treatment\" target=\"_blank\" rel=\"noreferrer noopener\">Zahnwurzelbehandlung<\/a> eine wesentliche Rolle bei der Erhaltung der Mundgesundheit und der langfristigen Gesunderhaltung des Gebisses spielt! Mit hohen Erfolgsquoten, die in verschiedenen weltweit durchgef\u00fchrten Studien berichtet wurden, empfehlen wir Ihnen, diese Option in Erw\u00e4gung zu ziehen, wenn Sie Probleme mit Ihren wei\u00dfen Perlen haben!<\/p>\n\n<h3 class=\"wp-block-heading\">Alles, was Sie \u00fcber <a href=\"https:\/\/medclinics.com\/dental-treatment\/\" target=\"_blank\" rel=\"noreferrer noopener\">Zahnbehandlungen<\/a> wissen m\u00fcssen, einschlie\u00dflich Preis, Nachsorge und Heilungsprozess, oder <a href=\"#requestform\">kontaktieren Sie uns<\/a>!<\/h3>\n\n<figure class=\"wp-block-image size-full\"><img fetchpriority=\"high\" decoding=\"async\" width=\"960\" height=\"580\" src=\"https:\/\/medclinics.com\/wp-content\/uploads\/2023\/05\/Root-canal-treatment.jpg\" alt=\"\" class=\"wp-image-82909\" srcset=\"https:\/\/medclinics.com\/wp-content\/uploads\/2023\/05\/Root-canal-treatment.jpg 960w, https:\/\/medclinics.com\/wp-content\/uploads\/2023\/05\/Root-canal-treatment-500x302.jpg 500w, https:\/\/medclinics.com\/wp-content\/uploads\/2023\/05\/Root-canal-treatment-768x464.jpg 768w, https:\/\/medclinics.com\/wp-content\/uploads\/2023\/05\/Root-canal-treatment-24x15.jpg 24w, https:\/\/medclinics.com\/wp-content\/uploads\/2023\/05\/Root-canal-treatment-36x22.jpg 36w, https:\/\/medclinics.com\/wp-content\/uploads\/2023\/05\/Root-canal-treatment-48x29.jpg 48w\" sizes=\"(max-width: 960px) 100vw, 960px\" \/><\/figure>\n\n<h3 class=\"wp-block-heading\">FAQ<\/h3>\n<div id=\"rank-math-faq\" class=\"rank-math-block\">\n<div class=\"rank-math-list \">\n<div id=\"faq-question-1683898477333\" class=\"rank-math-list-item\">\n<h3 class=\"rank-math-question \">Ist die Wurzelbehandlung schmerzhaft?<\/h3>\n<div class=\"rank-math-answer \">\n\n<p>Eine Wurzelbehandlung wird in der Regel unter \u00f6rtlicher Bet\u00e4ubung durchgef\u00fchrt. W\u00e4hrend des Eingriffs versp\u00fcren Sie keine Schmerzen.<br \/>In den ersten Tagen nach dem Eingriff k\u00f6nnen leichte bis m\u00e4\u00dfige Schmerzen auftreten, die sich jedoch mit herk\u00f6mmlichen Schmerzmitteln gut behandeln lassen.<\/p>\n\n<\/div>\n<\/div>\n<div id=\"faq-question-1683898525995\" class=\"rank-math-list-item\">\n<h3 class=\"rank-math-question \">Was ist besser? Zahnwurzelbehandlung oder Extraktion?<\/h3>\n<div class=\"rank-math-answer \">\n\n<p>Im Allgemeinen ist die Erhaltung des nat\u00fcrlichen Zahns durch eine Wurzelbehandlung vorzuziehen, da der umliegende Knochen gesch\u00fctzt wird und der nat\u00fcrliche Biss und das Aussehen der Z\u00e4hne erhalten bleiben.<br \/>Eine Extraktion wird empfohlen, wenn der Zahn nicht gerettet werden kann, starke Schmerzen oder eine Infektion verursacht oder ein Risiko f\u00fcr die umliegenden Z\u00e4hne oder oralen Strukturen darstellt.<\/p>\n\n<\/div>\n<\/div>\n<div id=\"faq-question-1683898720036\" class=\"rank-math-list-item\">\n<h3 class=\"rank-math-question \">Wie funktioniert eine Wurzelbehandlung?<\/h3>\n<div class=\"rank-math-answer \">\n\n<p>Bei der Wurzelkanalbehandlung wird das infizierte oder besch\u00e4digte Zahnmark aus dem Inneren des Zahns entfernt, die Wurzelkan\u00e4le werden gereinigt und desinfiziert, die Kan\u00e4le werden so geformt, dass sie f\u00fcr eine F\u00fcllung vorbereitet werden k\u00f6nnen, und mit einem biokompatiblen Material gef\u00fcllt, um sie zu versiegeln und eine weitere Infektion zu verhindern.<\/p>\n\n<\/div>\n<\/div>\n<div id=\"faq-question-1683898844556\" class=\"rank-math-list-item\">\n<h3 class=\"rank-math-question \"><br>Kann eine Wurzelbehandlung in einer Sitzung abgeschlossen werden?<\/h3>\n<div class=\"rank-math-answer \">\n\n<p>Ja, in vielen F\u00e4llen kann eine Wurzelbehandlung in einer einzigen Sitzung durchgef\u00fchrt werden, vor allem wenn die Infektion oder Entz\u00fcndung nicht allzu schwerwiegend ist. Manchmal sind jedoch mehrere Sitzungen erforderlich, damit die Infektion oder Entz\u00fcndung abklingen kann, bevor die F\u00fcllung oder Krone fertiggestellt wird.<\/p>\n\n<\/div>\n<\/div>\n<\/div>\n<\/div>\n<p>\u00a0<\/p>\n\n<h3 class=\"wp-block-heading\">Kontaktieren Sie uns jetzt, falls Sie Fragen haben!<\/h3>\n","protected":false},"excerpt":{"rendered":"<p>Die Wurzelbehandlung ist ein wichtiges zahnmedizinisches Verfahren, das Ihre Z\u00e4hne sch\u00fctzt, indem es infiziertes oder entz\u00fcndetes Gewebe und Nerven im [&hellip;]<\/p>\n","protected":false},"author":4,"featured_media":92491,"parent":0,"menu_order":0,"comment_status":"closed","ping_status":"closed","template":"","meta":{"site-sidebar-layout":"default","site-content-layout":"","ast-site-content-layout":"default","site-content-style":"default","site-sidebar-style":"default","ast-global-header-display":"","ast-banner-title-visibility":"","ast-main-header-display":"","ast-hfb-above-header-display":"","ast-hfb-below-header-display":"","ast-hfb-mobile-header-display":"","site-post-title":"","ast-breadcrumbs-content":"","ast-featured-img":"","footer-sml-layout":"","ast-disable-related-posts":"","theme-transparent-header-meta":"","adv-header-id-meta":"","stick-header-meta":"","header-above-stick-meta":"","header-main-stick-meta":"","header-below-stick-meta":"","astra-migrate-meta-layouts":"default","ast-page-background-enabled":"default","ast-page-background-meta":{"desktop":{"background-color":"var(--ast-global-color-4)","background-image":"","background-repeat":"repeat","background-position":"center center","background-size":"auto","background-attachment":"scroll","background-type":"","background-media":"","overlay-type":"","overlay-color":"","overlay-opacity":"","overlay-gradient":""},"tablet":{"background-color":"","background-image":"","background-repeat":"repeat","background-position":"center center","background-size":"auto","background-attachment":"scroll","background-type":"","background-media":"","overlay-type":"","overlay-color":"","overlay-opacity":"","overlay-gradient":""},"mobile":{"background-color":"","background-image":"","background-repeat":"repeat","background-position":"center center","background-size":"auto","background-attachment":"scroll","background-type":"","background-media":"","overlay-type":"","overlay-color":"","overlay-opacity":"","overlay-gradient":""}},"ast-content-background-meta":{"desktop":{"background-color":"var(--ast-global-color-5)","background-image":"","background-repeat":"repeat","background-position":"center center","background-size":"auto","background-attachment":"scroll","background-type":"","background-media":"","overlay-type":"","overlay-color":"","overlay-opacity":"","overlay-gradient":""},"tablet":{"background-color":"var(--ast-global-color-5)","background-image":"","background-repeat":"repeat","background-position":"center center","background-size":"auto","background-attachment":"scroll","background-type":"","background-media":"","overlay-type":"","overlay-color":"","overlay-opacity":"","overlay-gradient":""},"mobile":{"background-color":"var(--ast-global-color-5)","background-image":"","background-repeat":"repeat","background-position":"center center","background-size":"auto","background-attachment":"scroll","background-type":"","background-media":"","overlay-type":"","overlay-color":"","overlay-opacity":"","overlay-gradient":""}},"footnotes":""},"class_list":["post-145411","page","type-page","status-publish","has-post-thumbnail","hentry"],"_links":{"self":[{"href":"https:\/\/medclinics.com\/de\/wp-json\/wp\/v2\/pages\/145411","targetHints":{"allow":["GET"]}}],"collection":[{"href":"https:\/\/medclinics.com\/de\/wp-json\/wp\/v2\/pages"}],"about":[{"href":"https:\/\/medclinics.com\/de\/wp-json\/wp\/v2\/types\/page"}],"author":[{"embeddable":true,"href":"https:\/\/medclinics.com\/de\/wp-json\/wp\/v2\/users\/4"}],"replies":[{"embeddable":true,"href":"https:\/\/medclinics.com\/de\/wp-json\/wp\/v2\/comments?post=145411"}],"version-history":[{"count":0,"href":"https:\/\/medclinics.com\/de\/wp-json\/wp\/v2\/pages\/145411\/revisions"}],"wp:featuredmedia":[{"embeddable":true,"href":"https:\/\/medclinics.com\/de\/wp-json\/wp\/v2\/media\/92491"}],"wp:attachment":[{"href":"https:\/\/medclinics.com\/de\/wp-json\/wp\/v2\/media?parent=145411"}],"curies":[{"name":"wp","href":"https:\/\/api.w.org\/{rel}","templated":true}]}}