{"id":145397,"date":"2023-05-14T19:29:31","date_gmt":"2023-05-14T16:29:31","guid":{"rendered":"https:\/\/medclinics.com\/zahnfullungen\/"},"modified":"2025-01-02T14:29:49","modified_gmt":"2025-01-02T11:29:49","slug":"zahnfullungen","status":"publish","type":"page","link":"https:\/\/medclinics.com\/de\/zahnfullungen\/","title":{"rendered":"Zahnf\u00fcllungen"},"content":{"rendered":"\n<h2 class=\"wp-block-heading\">Zahnf\u00fcllungen sind eine wirksame zahn\u00e4rztliche Behandlung, mit der Sch\u00e4den an Ihren Z\u00e4hnen, die durch Karies oder Frakturen entstanden sind, repariert werden k\u00f6nnen.<\/h2>\n\n<p>Bei diesem Verfahren wird der betroffene Bereich des Zahns gereinigt und trockengelegt, bevor er mit einem geeigneten Material gef\u00fcllt wird.<\/p>\n\n<p>Es gibt verschiedene Materialien f\u00fcr Zahnf\u00fcllungen, darunter Kompositharz, Amalgam, Porzellan oder Gold. Zahnf\u00fcllungen aus Kompositharz f\u00fcgen sich nat\u00fcrlich in Ihre vorhandenen Z\u00e4hne ein, w\u00e4hrend Amalgamf\u00fcllungen in der Regel haltbarer und kosteng\u00fcnstiger sind.<\/p>\n\n<p>Um den Eingriff so angenehm wie m\u00f6glich zu gestalten, wird eine \u00f6rtliche Bet\u00e4ubung verabreicht, bei der Gummitropfen um den behandelten Zahn gelegt werden, so dass Sie keinerlei Schmerzen oder Empfindlichkeit sp\u00fcren. Danach sehen Ihre Z\u00e4hne nicht nur wie neu aus, sondern sind auch in ihrer Funktion wiederhergestellt und verhindern gleichzeitig, dass weitere Karies auftritt!<\/p>\n\n<p>Lassen Sie nicht zu, dass besch\u00e4digte Z\u00e4hne Ihr L\u00e4cheln ruinieren; entscheiden Sie sich noch heute f\u00fcr <a href=\"https:\/\/istanbul-tourist-information.com\/en\/category\/dental\/\" target=\"_blank\" rel=\"noreferrer noopener\">Zahnf\u00fcllungen <\/a>!<\/p>\n\n<h3 class=\"wp-block-heading\">Alles, was Sie \u00fcber <a href=\"https:\/\/medclinics.com\/dental-treatment\/\">Zahnbehandlungen<\/a> wissen m\u00fcssen, einschlie\u00dflich Preis, Nachsorge und Heilungsprozess, oder <a href=\"#requestform\">kontaktieren Sie uns<\/a>!<\/h3>\n\n<figure class=\"wp-block-image size-full\"><img fetchpriority=\"high\" decoding=\"async\" width=\"960\" height=\"580\" class=\"wp-image-82880\" src=\"https:\/\/medclinics.com\/wp-content\/uploads\/2023\/05\/Dental-Fillings.jpg\" alt=\"Zahnf&#xFC;llungen\" srcset=\"https:\/\/medclinics.com\/wp-content\/uploads\/2023\/05\/Dental-Fillings.jpg 960w, https:\/\/medclinics.com\/wp-content\/uploads\/2023\/05\/Dental-Fillings-500x302.jpg 500w, https:\/\/medclinics.com\/wp-content\/uploads\/2023\/05\/Dental-Fillings-768x464.jpg 768w, https:\/\/medclinics.com\/wp-content\/uploads\/2023\/05\/Dental-Fillings-24x15.jpg 24w, https:\/\/medclinics.com\/wp-content\/uploads\/2023\/05\/Dental-Fillings-36x22.jpg 36w, https:\/\/medclinics.com\/wp-content\/uploads\/2023\/05\/Dental-Fillings-48x29.jpg 48w\" sizes=\"(max-width: 960px) 100vw, 960px\" \/><\/figure>\n\n<h3 class=\"wp-block-heading\">FAQ<\/h3>\n<div id=\"rank-math-faq\" class=\"rank-math-block\">\n<div class=\"rank-math-list \">\n<div id=\"faq-question-1683898477333\" class=\"rank-math-list-item\">\n<h3 class=\"rank-math-question \">Welche Zahnf\u00fcllung ist die beste?<\/h3>\n<div class=\"rank-math-answer \">\n\n<p>Die wichtigsten Arten von Zahnf\u00fcllungen sind Amalgam (Silber), Komposit (zahnfarben), Keramik und Gold, jede mit ihren eigenen Vor- und Nachteilen. Amalgamf\u00fcllungen (Silberf\u00fcllungen) werden seit Jahrzehnten verwendet und sind langlebig und kosteng\u00fcnstig, w\u00e4hrend Kompositf\u00fcllungen eine beliebte Wahl f\u00fcr Frontz\u00e4hne sind, da sie sich an die nat\u00fcrliche Zahnfarbe anpassen. Keramik- und Goldf\u00fcllungen werden seltener verwendet. Es h\u00e4ngt von Ihren individuellen Umst\u00e4nden ab, welche Variante f\u00fcr Sie die beste ist.<\/p>\n\n<\/div>\n<\/div>\n<div id=\"faq-question-1683898525995\" class=\"rank-math-list-item\">\n<h3 class=\"rank-math-question \">Wann kann ich nach einer Zahnf\u00fcllung wieder essen?<\/h3>\n<div class=\"rank-math-answer \">\n\n<p>Normalerweise k\u00f6nnen Sie nach einer Zahnf\u00fcllung sofort essen und trinken. Sie sollten jedoch warten, bis die Bet\u00e4ubung abgeklungen ist, damit Sie sich nicht selbst bei\u00dfen.<\/p>\n\n<\/div>\n<\/div>\n<div id=\"faq-question-1683898720036\" class=\"rank-math-list-item\">\n<h3 class=\"rank-math-question \">Brauche ich eine F\u00fcllung, wenn ich keine Schmerzen habe?<\/h3>\n<div class=\"rank-math-answer \">\n\n<p>Es ist m\u00f6glich, dass Sie nur ein sehr kleines Loch haben, das keine Schmerzen verursacht. Dennoch wird Ihr Zahnarzt eine F\u00fcllung empfehlen.<\/p>\n\n<\/div>\n<\/div>\n<div id=\"faq-question-1683898844556\" class=\"rank-math-list-item\">\n<h3 class=\"rank-math-question \">Sind Zahnf\u00fcllungen dauerhaft?<\/h3>\n<div class=\"rank-math-answer \">\n\n<p>Zahnf\u00fcllungen sind nicht unbedingt haltbar und m\u00fcssen irgendwann aufgrund von Abnutzung, Karies oder anderen Faktoren ersetzt werden. Bei richtiger Pflege k\u00f6nnen Zahnf\u00fcllungen jedoch mehrere Jahre oder sogar Jahrzehnte halten, bevor sie ersetzt werden m\u00fcssen.<\/p>\n\n<\/div>\n<\/div>\n<\/div>\n<\/div>\n<p>\u00a0<\/p>\n\n<h3 class=\"wp-block-heading\">Kontaktieren Sie uns jetzt, falls Sie Fragen haben!<\/h3>\n","protected":false},"excerpt":{"rendered":"<p>Zahnf\u00fcllungen sind eine wirksame zahn\u00e4rztliche Behandlung, mit der Sch\u00e4den an Ihren Z\u00e4hnen, die durch Karies oder Frakturen entstanden sind, repariert [&hellip;]<\/p>\n","protected":false},"author":4,"featured_media":92512,"parent":0,"menu_order":0,"comment_status":"closed","ping_status":"closed","template":"","meta":{"site-sidebar-layout":"default","site-content-layout":"","ast-site-content-layout":"default","site-content-style":"default","site-sidebar-style":"default","ast-global-header-display":"","ast-banner-title-visibility":"","ast-main-header-display":"","ast-hfb-above-header-display":"","ast-hfb-below-header-display":"","ast-hfb-mobile-header-display":"","site-post-title":"","ast-breadcrumbs-content":"","ast-featured-img":"","footer-sml-layout":"","ast-disable-related-posts":"","theme-transparent-header-meta":"","adv-header-id-meta":"","stick-header-meta":"","header-above-stick-meta":"","header-main-stick-meta":"","header-below-stick-meta":"","astra-migrate-meta-layouts":"default","ast-page-background-enabled":"default","ast-page-background-meta":{"desktop":{"background-color":"var(--ast-global-color-4)","background-image":"","background-repeat":"repeat","background-position":"center center","background-size":"auto","background-attachment":"scroll","background-type":"","background-media":"","overlay-type":"","overlay-color":"","overlay-opacity":"","overlay-gradient":""},"tablet":{"background-color":"","background-image":"","background-repeat":"repeat","background-position":"center center","background-size":"auto","background-attachment":"scroll","background-type":"","background-media":"","overlay-type":"","overlay-color":"","overlay-opacity":"","overlay-gradient":""},"mobile":{"background-color":"","background-image":"","background-repeat":"repeat","background-position":"center center","background-size":"auto","background-attachment":"scroll","background-type":"","background-media":"","overlay-type":"","overlay-color":"","overlay-opacity":"","overlay-gradient":""}},"ast-content-background-meta":{"desktop":{"background-color":"var(--ast-global-color-5)","background-image":"","background-repeat":"repeat","background-position":"center center","background-size":"auto","background-attachment":"scroll","background-type":"","background-media":"","overlay-type":"","overlay-color":"","overlay-opacity":"","overlay-gradient":""},"tablet":{"background-color":"var(--ast-global-color-5)","background-image":"","background-repeat":"repeat","background-position":"center center","background-size":"auto","background-attachment":"scroll","background-type":"","background-media":"","overlay-type":"","overlay-color":"","overlay-opacity":"","overlay-gradient":""},"mobile":{"background-color":"var(--ast-global-color-5)","background-image":"","background-repeat":"repeat","background-position":"center center","background-size":"auto","background-attachment":"scroll","background-type":"","background-media":"","overlay-type":"","overlay-color":"","overlay-opacity":"","overlay-gradient":""}},"footnotes":""},"class_list":["post-145397","page","type-page","status-publish","has-post-thumbnail","hentry"],"_links":{"self":[{"href":"https:\/\/medclinics.com\/de\/wp-json\/wp\/v2\/pages\/145397","targetHints":{"allow":["GET"]}}],"collection":[{"href":"https:\/\/medclinics.com\/de\/wp-json\/wp\/v2\/pages"}],"about":[{"href":"https:\/\/medclinics.com\/de\/wp-json\/wp\/v2\/types\/page"}],"author":[{"embeddable":true,"href":"https:\/\/medclinics.com\/de\/wp-json\/wp\/v2\/users\/4"}],"replies":[{"embeddable":true,"href":"https:\/\/medclinics.com\/de\/wp-json\/wp\/v2\/comments?post=145397"}],"version-history":[{"count":0,"href":"https:\/\/medclinics.com\/de\/wp-json\/wp\/v2\/pages\/145397\/revisions"}],"wp:featuredmedia":[{"embeddable":true,"href":"https:\/\/medclinics.com\/de\/wp-json\/wp\/v2\/media\/92512"}],"wp:attachment":[{"href":"https:\/\/medclinics.com\/de\/wp-json\/wp\/v2\/media?parent=145397"}],"curies":[{"name":"wp","href":"https:\/\/api.w.org\/{rel}","templated":true}]}}