{"id":145369,"date":"2023-05-13T20:01:16","date_gmt":"2023-05-13T20:01:16","guid":{"rendered":"https:\/\/medclinics.com\/zahnarztliche-knochentransplantate\/"},"modified":"2024-04-01T14:42:04","modified_gmt":"2024-04-01T11:42:04","slug":"zahnarztliche-knochentransplantate","status":"publish","type":"page","link":"https:\/\/medclinics.com\/de\/zahnarztliche-knochentransplantate\/","title":{"rendered":"Zahn\u00e4rztliche Knochentransplantate"},"content":{"rendered":"\n<h2 class=\"wp-block-heading\">Leiden Sie unter Knochenschwund im Kiefer aufgrund von Zahnverlust, Parodontitis, Verletzungen oder anderen Ursachen?<\/h2>\n\n<p>Wenn ja, k\u00f6nnte ein Knochentransplantat die L\u00f6sung f\u00fcr Sie sein.<\/p>\n\n<p>Leiden Sie unter Knochenschwund im Kiefer aufgrund von Zahnverlust, Parodontalerkrankungen, Verletzungen oder anderen Ursachen? Wenn ja, k\u00f6nnte ein Knochentransplantat die L\u00f6sung f\u00fcr Sie sein. Dieses Verfahren wurde speziell entwickelt, um das Knochengewebe im Kieferknochen zu regenerieren und ihn f\u00fcr das Einsetzen von Zahnimplantaten vorzubereiten.<\/p>\n\n<p>Anschlie\u00dfend wird jegliches infizierte oder besch\u00e4digte Gewebe entfernt, bevor die erforderliche Menge an Transplantatmaterial dort eingesetzt wird, wo die Regeneration am n\u00f6tigsten ist. Um eine optimale Heilung und einen optimalen Schutz w\u00e4hrend der Genesungszeit zu gew\u00e4hrleisten, folgt diesem Prozess in der Regel eine Membranabdeckung.<\/p>\n\n<p>Lassen Sie nicht zu, dass fehlende Z\u00e4hne Sie daran hindern, eine perfekte Mundgesundheit zu erreichen! <a href=\"https:\/\/en.wikipedia.org\/wiki\/Bone_grafting\" target=\"_blank\" rel=\"noreferrer noopener\">Dentale Knochentransplantate<\/a> k\u00f6nnen dabei helfen, verlorenen Knochen wiederherzustellen und ihn f\u00fcr zuk\u00fcnftige Implantate vorzubereiten, die unser L\u00e4cheln f\u00fcr immer ver\u00e4ndern k\u00f6nnten!<\/p>\n\n<h3 class=\"wp-block-heading\">Alles, was Sie \u00fcber <a href=\"https:\/\/medclinics.com\/dental-treatment\/\" target=\"_blank\" rel=\"noreferrer noopener\">Zahnbehandlungen<\/a> wissen m\u00fcssen, einschlie\u00dflich Preis, Nachsorge und Heilungsprozess, oder <a href=\"#requestform\">kontaktieren Sie uns<\/a>!<\/h3>\n\n<figure class=\"wp-block-image size-full\"><img fetchpriority=\"high\" decoding=\"async\" width=\"960\" height=\"580\" class=\"wp-image-82756\" src=\"https:\/\/medclinics.com\/wp-content\/uploads\/2023\/05\/dental-bone-grafts.jpg\" alt=\"\" srcset=\"https:\/\/medclinics.com\/wp-content\/uploads\/2023\/05\/dental-bone-grafts.jpg 960w, https:\/\/medclinics.com\/wp-content\/uploads\/2023\/05\/dental-bone-grafts-500x302.jpg 500w, https:\/\/medclinics.com\/wp-content\/uploads\/2023\/05\/dental-bone-grafts-768x464.jpg 768w, https:\/\/medclinics.com\/wp-content\/uploads\/2023\/05\/dental-bone-grafts-24x15.jpg 24w, https:\/\/medclinics.com\/wp-content\/uploads\/2023\/05\/dental-bone-grafts-36x22.jpg 36w, https:\/\/medclinics.com\/wp-content\/uploads\/2023\/05\/dental-bone-grafts-48x29.jpg 48w\" sizes=\"(max-width: 960px) 100vw, 960px\" \/><\/figure>\n\n<h3 class=\"wp-block-heading\">FAQ<\/h3>\n<div id=\"rank-math-faq\" class=\"rank-math-block\">\n<div class=\"rank-math-list \">\n<div id=\"faq-question-1683898477333\" class=\"rank-math-list-item\">\n<h3 class=\"rank-math-question \">Lohnt sich eine Knochentransplantation?<\/h3>\n<div class=\"rank-math-answer \">\n\n<p>Ein Knochentransplantat ist sinnvoll, wenn es Ihre Mundgesundheit und Funktion wiederherstellen kann. Letztlich h\u00e4ngt dies von den individuellen Umst\u00e4nden ab und sollte mit einem Zahnarzt oder Kieferchirurgen besprochen werden.<\/p>\n\n<\/div>\n<\/div>\n<div id=\"faq-question-1683898525995\" class=\"rank-math-list-item\">\n<h3 class=\"rank-math-question \">Ist eine Knochentransplantation schmerzhaft?<\/h3>\n<div class=\"rank-math-answer \">\n\n<p>Die Knochentransplantation kann w\u00e4hrend und nach dem Eingriff Beschwerden verursachen. Durch die An\u00e4sthesie und die Schmerzmittel sollte sich dies jedoch in Grenzen halten.<\/p>\n\n<\/div>\n<\/div>\n<div id=\"faq-question-1683898720036\" class=\"rank-math-list-item\">\n<h3 class=\"rank-math-question \">Wie lange dauert es, bis man sich von einer Knochentransplantation erholt?<\/h3>\n<div class=\"rank-math-answer \">\n\n<p>Die Erholungszeit f\u00fcr Knochentransplantate kann je nach Art und Umfang des Eingriffs variieren, aber im Allgemeinen kann es einige Wochen bis Monate dauern, bis das Transplantat vollst\u00e4ndig integriert ist und Sie sich vollst\u00e4ndig erholt haben.<\/p>\n\n<\/div>\n<\/div>\n<\/div>\n<\/div>\n<p>\u00a0<\/p>\n\n<h3 class=\"wp-block-heading\">Kontaktieren Sie uns jetzt, falls Sie Fragen haben!<\/h3>\n","protected":false},"excerpt":{"rendered":"<p>Leiden Sie unter Knochenschwund im Kiefer aufgrund von Zahnverlust, Parodontitis, Verletzungen oder anderen Ursachen? Wenn ja, k\u00f6nnte ein Knochentransplantat die [&hellip;]<\/p>\n","protected":false},"author":4,"featured_media":92526,"parent":0,"menu_order":0,"comment_status":"closed","ping_status":"closed","template":"","meta":{"site-sidebar-layout":"default","site-content-layout":"","ast-site-content-layout":"default","site-content-style":"default","site-sidebar-style":"default","ast-global-header-display":"","ast-banner-title-visibility":"","ast-main-header-display":"","ast-hfb-above-header-display":"","ast-hfb-below-header-display":"","ast-hfb-mobile-header-display":"","site-post-title":"","ast-breadcrumbs-content":"","ast-featured-img":"","footer-sml-layout":"","ast-disable-related-posts":"","theme-transparent-header-meta":"","adv-header-id-meta":"","stick-header-meta":"","header-above-stick-meta":"","header-main-stick-meta":"","header-below-stick-meta":"","astra-migrate-meta-layouts":"default","ast-page-background-enabled":"default","ast-page-background-meta":{"desktop":{"background-color":"var(--ast-global-color-4)","background-image":"","background-repeat":"repeat","background-position":"center center","background-size":"auto","background-attachment":"scroll","background-type":"","background-media":"","overlay-type":"","overlay-color":"","overlay-opacity":"","overlay-gradient":""},"tablet":{"background-color":"","background-image":"","background-repeat":"repeat","background-position":"center center","background-size":"auto","background-attachment":"scroll","background-type":"","background-media":"","overlay-type":"","overlay-color":"","overlay-opacity":"","overlay-gradient":""},"mobile":{"background-color":"","background-image":"","background-repeat":"repeat","background-position":"center center","background-size":"auto","background-attachment":"scroll","background-type":"","background-media":"","overlay-type":"","overlay-color":"","overlay-opacity":"","overlay-gradient":""}},"ast-content-background-meta":{"desktop":{"background-color":"var(--ast-global-color-5)","background-image":"","background-repeat":"repeat","background-position":"center center","background-size":"auto","background-attachment":"scroll","background-type":"","background-media":"","overlay-type":"","overlay-color":"","overlay-opacity":"","overlay-gradient":""},"tablet":{"background-color":"var(--ast-global-color-5)","background-image":"","background-repeat":"repeat","background-position":"center center","background-size":"auto","background-attachment":"scroll","background-type":"","background-media":"","overlay-type":"","overlay-color":"","overlay-opacity":"","overlay-gradient":""},"mobile":{"background-color":"var(--ast-global-color-5)","background-image":"","background-repeat":"repeat","background-position":"center center","background-size":"auto","background-attachment":"scroll","background-type":"","background-media":"","overlay-type":"","overlay-color":"","overlay-opacity":"","overlay-gradient":""}},"footnotes":""},"class_list":["post-145369","page","type-page","status-publish","has-post-thumbnail","hentry"],"_links":{"self":[{"href":"https:\/\/medclinics.com\/de\/wp-json\/wp\/v2\/pages\/145369","targetHints":{"allow":["GET"]}}],"collection":[{"href":"https:\/\/medclinics.com\/de\/wp-json\/wp\/v2\/pages"}],"about":[{"href":"https:\/\/medclinics.com\/de\/wp-json\/wp\/v2\/types\/page"}],"author":[{"embeddable":true,"href":"https:\/\/medclinics.com\/de\/wp-json\/wp\/v2\/users\/4"}],"replies":[{"embeddable":true,"href":"https:\/\/medclinics.com\/de\/wp-json\/wp\/v2\/comments?post=145369"}],"version-history":[{"count":0,"href":"https:\/\/medclinics.com\/de\/wp-json\/wp\/v2\/pages\/145369\/revisions"}],"wp:featuredmedia":[{"embeddable":true,"href":"https:\/\/medclinics.com\/de\/wp-json\/wp\/v2\/media\/92526"}],"wp:attachment":[{"href":"https:\/\/medclinics.com\/de\/wp-json\/wp\/v2\/media?parent=145369"}],"curies":[{"name":"wp","href":"https:\/\/api.w.org\/{rel}","templated":true}]}}