{"id":145355,"date":"2023-05-13T19:10:58","date_gmt":"2023-05-13T19:10:58","guid":{"rendered":"https:\/\/medclinics.com\/zahnfleischbluten\/"},"modified":"2024-04-01T14:24:14","modified_gmt":"2024-04-01T11:24:14","slug":"zahnfleischbluten","status":"publish","type":"page","link":"https:\/\/medclinics.com\/de\/zahnfleischbluten\/","title":{"rendered":"Zahnfleischbluten"},"content":{"rendered":"\n<h2 class=\"wp-block-heading\">Zahnfleischbluten tritt typischerweise beim Z\u00e4hneputzen oder bei der Verwendung von Zahnseide auf.<\/h2>\n\n<p>Das Auftreten von Zahnfleischbluten kann auf verschiedene Faktoren zur\u00fcckzuf\u00fchren sein, darunter eine Zahnfleischentz\u00fcndung oder eine Infektion. Unzureichende Mundhygiene, Zahnsteinbildung, unsachgem\u00e4\u00dfes Z\u00e4hneputzen und sogar Zahnfleischerkrankungen k\u00f6nnen zu diesem unerw\u00fcnschten Symptom f\u00fchren.<\/p>\n\n<p>Obwohl die Blutung in der Regel nur leicht ist, gibt es F\u00e4lle, in denen sie stark wird und zu wunden Stellen im Mund f\u00fchren kann.<\/p>\n\n<p>Um dieses Problem wirksam anzugehen, sollten Personen mit solchen Symptomen einen <a href=\"https:\/\/istanbul-tourist-information.com\/en\/category\/dental\/\" target=\"_blank\" rel=\"noreferrer noopener\">Zahnarzt<\/a> aufsuchen, der sie \u00fcber ihre allgemeine Zahnfleischgesundheit ber\u00e4t. Dar\u00fcber hinaus kann die Verbesserung der t\u00e4glichen Zahnpflege durch regelm\u00e4\u00dfiges Z\u00e4hneputzen und die Verwendung von Zahnseide zusammen mit anderen guten Gewohnheiten dazu beitragen, die Wahrscheinlichkeit weiterer Probleme im Zusammenhang mit Zahnfleischbluten zu verringern und stattdessen gesundes Zahnfleisch zu f\u00f6rdern!<\/p>\n\n<h3 class=\"wp-block-heading\">Alles, was Sie \u00fcber <a href=\"https:\/\/medclinics.com\/dental-treatment\/\" target=\"_blank\" rel=\"noreferrer noopener\">Zahnbehandlungen<\/a> wissen m\u00fcssen, einschlie\u00dflich Preis, Nachsorge und Heilungsprozess, oder <a href=\"#requestform\">kontaktieren Sie uns<\/a>!<\/h3>\n\n<figure class=\"wp-block-image size-full\"><img fetchpriority=\"high\" decoding=\"async\" width=\"960\" height=\"580\" class=\"wp-image-82726\" src=\"https:\/\/medclinics.com\/wp-content\/uploads\/2023\/05\/bleeding-guns.jpg\" alt=\"Zahnfleischbluten\" srcset=\"https:\/\/medclinics.com\/wp-content\/uploads\/2023\/05\/bleeding-guns.jpg 960w, https:\/\/medclinics.com\/wp-content\/uploads\/2023\/05\/bleeding-guns-500x302.jpg 500w, https:\/\/medclinics.com\/wp-content\/uploads\/2023\/05\/bleeding-guns-768x464.jpg 768w, https:\/\/medclinics.com\/wp-content\/uploads\/2023\/05\/bleeding-guns-24x15.jpg 24w, https:\/\/medclinics.com\/wp-content\/uploads\/2023\/05\/bleeding-guns-36x22.jpg 36w, https:\/\/medclinics.com\/wp-content\/uploads\/2023\/05\/bleeding-guns-48x29.jpg 48w\" sizes=\"(max-width: 960px) 100vw, 960px\" \/><\/figure>\n\n<h3 class=\"wp-block-heading\">FAQ<\/h3>\n<div id=\"rank-math-faq\" class=\"rank-math-block\">\n<div class=\"rank-math-list \">\n<div id=\"faq-question-1683898477333\" class=\"rank-math-list-item\">\n<h3 class=\"rank-math-question \">Kann Vitamin C das Zahnfleischbluten stoppen?<\/h3>\n<div class=\"rank-math-answer \">\n\n<p>Die Einnahme von Vitamin C kann helfen, Zahnfleischbluten zu stoppen, das durch einen Vitamin-C-Mangel verursacht wird, aber anhaltendes oder \u00fcberm\u00e4\u00dfiges Zahnfleischbluten sollte von einem Arzt untersucht werden.<\/p>\n\n<\/div>\n<\/div>\n<div id=\"faq-question-1683898525995\" class=\"rank-math-list-item\">\n<h3 class=\"rank-math-question \">Wie kann man Zahnfleischbluten behandeln?<\/h3>\n<div class=\"rank-math-answer \">\n\n<p>Sie kann durch gute Mundhygiene behandelt werden, z. B. durch regelm\u00e4\u00dfiges Z\u00e4hneputzen, Verwendung von Zahnseide und antiseptischen Mundsp\u00fclungen. Die Z\u00e4hne sollten regelm\u00e4\u00dfig von einem Zahnarzt professionell gereinigt werden. Diese Person wird auch untersuchen, ob eine Zahnfleischerkrankung die Ursache f\u00fcr die Blutung ist.<\/p>\n\n<\/div>\n<\/div>\n<div id=\"faq-question-1683898720036\" class=\"rank-math-list-item\">\n<h3 class=\"rank-math-question \">Wann sollte ich mir Sorgen \u00fcber Zahnfleischbluten machen?<\/h3>\n<div class=\"rank-math-answer \">\n\n<p>Sie sollten sich Sorgen machen, wenn die Blutungen anhaltend sind, \u00fcberm\u00e4\u00dfig stark bluten oder von anderen Symptomen wie Schmerzen, Schwellungen oder schlechtem Atem begleitet werden. Dies k\u00f6nnen Anzeichen einer Zahnfleischerkrankung sein. Ihr Zahnarzt wird Ihnen dabei helfen k\u00f6nnen.<\/p>\n\n<\/div>\n<\/div>\n<\/div>\n<\/div>\n<p>\u00a0<\/p>\n\n<h3 class=\"wp-block-heading\">Kontaktieren Sie uns jetzt, falls Sie Fragen haben!<\/h3>\n","protected":false},"excerpt":{"rendered":"<p>Zahnfleischbluten tritt typischerweise beim Z\u00e4hneputzen oder bei der Verwendung von Zahnseide auf. Das Auftreten von Zahnfleischbluten kann auf verschiedene Faktoren [&hellip;]<\/p>\n","protected":false},"author":4,"featured_media":92533,"parent":0,"menu_order":0,"comment_status":"closed","ping_status":"closed","template":"","meta":{"site-sidebar-layout":"default","site-content-layout":"","ast-site-content-layout":"default","site-content-style":"default","site-sidebar-style":"default","ast-global-header-display":"","ast-banner-title-visibility":"","ast-main-header-display":"","ast-hfb-above-header-display":"","ast-hfb-below-header-display":"","ast-hfb-mobile-header-display":"","site-post-title":"","ast-breadcrumbs-content":"","ast-featured-img":"","footer-sml-layout":"","ast-disable-related-posts":"","theme-transparent-header-meta":"","adv-header-id-meta":"","stick-header-meta":"","header-above-stick-meta":"","header-main-stick-meta":"","header-below-stick-meta":"","astra-migrate-meta-layouts":"default","ast-page-background-enabled":"default","ast-page-background-meta":{"desktop":{"background-color":"var(--ast-global-color-4)","background-image":"","background-repeat":"repeat","background-position":"center center","background-size":"auto","background-attachment":"scroll","background-type":"","background-media":"","overlay-type":"","overlay-color":"","overlay-opacity":"","overlay-gradient":""},"tablet":{"background-color":"","background-image":"","background-repeat":"repeat","background-position":"center center","background-size":"auto","background-attachment":"scroll","background-type":"","background-media":"","overlay-type":"","overlay-color":"","overlay-opacity":"","overlay-gradient":""},"mobile":{"background-color":"","background-image":"","background-repeat":"repeat","background-position":"center center","background-size":"auto","background-attachment":"scroll","background-type":"","background-media":"","overlay-type":"","overlay-color":"","overlay-opacity":"","overlay-gradient":""}},"ast-content-background-meta":{"desktop":{"background-color":"var(--ast-global-color-5)","background-image":"","background-repeat":"repeat","background-position":"center center","background-size":"auto","background-attachment":"scroll","background-type":"","background-media":"","overlay-type":"","overlay-color":"","overlay-opacity":"","overlay-gradient":""},"tablet":{"background-color":"var(--ast-global-color-5)","background-image":"","background-repeat":"repeat","background-position":"center center","background-size":"auto","background-attachment":"scroll","background-type":"","background-media":"","overlay-type":"","overlay-color":"","overlay-opacity":"","overlay-gradient":""},"mobile":{"background-color":"var(--ast-global-color-5)","background-image":"","background-repeat":"repeat","background-position":"center center","background-size":"auto","background-attachment":"scroll","background-type":"","background-media":"","overlay-type":"","overlay-color":"","overlay-opacity":"","overlay-gradient":""}},"footnotes":""},"class_list":["post-145355","page","type-page","status-publish","has-post-thumbnail","hentry"],"_links":{"self":[{"href":"https:\/\/medclinics.com\/de\/wp-json\/wp\/v2\/pages\/145355","targetHints":{"allow":["GET"]}}],"collection":[{"href":"https:\/\/medclinics.com\/de\/wp-json\/wp\/v2\/pages"}],"about":[{"href":"https:\/\/medclinics.com\/de\/wp-json\/wp\/v2\/types\/page"}],"author":[{"embeddable":true,"href":"https:\/\/medclinics.com\/de\/wp-json\/wp\/v2\/users\/4"}],"replies":[{"embeddable":true,"href":"https:\/\/medclinics.com\/de\/wp-json\/wp\/v2\/comments?post=145355"}],"version-history":[{"count":0,"href":"https:\/\/medclinics.com\/de\/wp-json\/wp\/v2\/pages\/145355\/revisions"}],"wp:featuredmedia":[{"embeddable":true,"href":"https:\/\/medclinics.com\/de\/wp-json\/wp\/v2\/media\/92533"}],"wp:attachment":[{"href":"https:\/\/medclinics.com\/de\/wp-json\/wp\/v2\/media?parent=145355"}],"curies":[{"name":"wp","href":"https:\/\/api.w.org\/{rel}","templated":true}]}}