{"id":145313,"date":"2023-05-12T13:54:22","date_gmt":"2023-05-12T13:54:22","guid":{"rendered":"https:\/\/medclinics.com\/asthetische-fullung\/"},"modified":"2024-04-01T14:23:28","modified_gmt":"2024-04-01T11:23:28","slug":"asthetische-fullung","status":"publish","type":"page","link":"https:\/\/medclinics.com\/de\/asthetische-fullung\/","title":{"rendered":"\u00c4sthetische F\u00fcllung"},"content":{"rendered":"\n<h2 class=\"wp-block-heading\">Haben Sie genug von unansehnlichen L\u00fccken, die durch Karies, Verletzungen oder Zahnverlust entstanden sind? \u00c4sthetische F\u00fcllungen sind die L\u00f6sung f\u00fcr Ihr Zahnproblem.<\/h2>\n\n<p>Dieses Verfahren verbessert nicht nur die Funktion, sondern auch das Aussehen Ihrer Z\u00e4hne.<\/p>\n\n<p>Die Zeiten, in denen traditionelle Materialien wie Amalgam, Gold und Silber f\u00fcr F\u00fcllungen verwendet wurden, sind vorbei. Die heutige Technologie bietet eine Reihe von <a href=\"https:\/\/istanbul-tourist-information.com\/en\/category\/dental\/\" target=\"_blank\" rel=\"noreferrer noopener\">\u00e4sthetischen und nat\u00fcrlich aussehenden<\/a> Optionen wie Komposit, Keramik und Porzellan, die sich nahtlos an Ihre nat\u00fcrliche Zahnfarbe anpassen.<\/p>\n\n<p>Die \u00e4sthetische F\u00fcllung wird unter lokaler An\u00e4sthesie von Zahn\u00e4rzten durchgef\u00fchrt, die die besch\u00e4digten Teile reinigen und sie dann mit einem geeigneten Material in eine angemessene Form bringen; dieses Verfahren bewahrt das urspr\u00fcngliche Aussehen und stellt die Funktionalit\u00e4t der betroffenen Bereiche wieder her, ohne dass nach dem Eingriff Beschwerden auftreten.<\/p>\n\n<p>W\u00e4hlen Sie aus einer Reihe von Materialien, die von erfahrenen Fachleuten empfohlen werden und die f\u00fcr Ihre individuellen Bed\u00fcrfnisse am besten geeignet sind, um jedes Mal optimale Ergebnisse zu erzielen! Lassen Sie sich Ihr perfektes L\u00e4cheln nicht mehr durch Karies ruinieren &#8211; melden Sie sich noch heute an!<\/p>\n\n<h3 class=\"wp-block-heading\">Alles, was Sie \u00fcber <a href=\"https:\/\/medclinics.com\/dental-treatment\/\" target=\"_blank\" rel=\"noreferrer noopener\">Zahnbehandlungen<\/a> wissen m\u00fcssen, einschlie\u00dflich Preis, Nachsorge und Heilungsprozess, oder <a href=\"#requestform\">kontaktieren Sie uns<\/a>!<\/h3>\n\n<figure class=\"wp-block-image size-full\"><img fetchpriority=\"high\" decoding=\"async\" width=\"960\" height=\"550\" class=\"wp-image-82374\" src=\"https:\/\/medclinics.com\/wp-content\/uploads\/2023\/05\/aesthetic-filling.jpg\" alt=\"&#xC4;sthetische F&#xFC;llung\" srcset=\"https:\/\/medclinics.com\/wp-content\/uploads\/2023\/05\/aesthetic-filling.jpg 960w, https:\/\/medclinics.com\/wp-content\/uploads\/2023\/05\/aesthetic-filling-500x286.jpg 500w, https:\/\/medclinics.com\/wp-content\/uploads\/2023\/05\/aesthetic-filling-768x440.jpg 768w, https:\/\/medclinics.com\/wp-content\/uploads\/2023\/05\/aesthetic-filling-24x14.jpg 24w, https:\/\/medclinics.com\/wp-content\/uploads\/2023\/05\/aesthetic-filling-36x21.jpg 36w, https:\/\/medclinics.com\/wp-content\/uploads\/2023\/05\/aesthetic-filling-48x28.jpg 48w\" sizes=\"(max-width: 960px) 100vw, 960px\" \/><\/figure>\n\n<h3 class=\"wp-block-heading\">FAQ<\/h3>\n<div id=\"rank-math-faq\" class=\"rank-math-block\">\n<div class=\"rank-math-list \">\n<div id=\"faq-question-1683898477333\" class=\"rank-math-list-item\">\n<h3 class=\"rank-math-question \">Wann kann ich nach einer \u00e4sthetischen Zahnf\u00fcllung essen?<\/h3>\n<div class=\"rank-math-answer \">\n\n<p>Nach einer \u00e4sthetischen F\u00fcllung warten Sie am besten, bis die Bet\u00e4ubung abgeklungen ist, bevor Sie etwas essen. Dies dauert in der Regel ein paar Stunden.<\/p>\n\n<\/div>\n<\/div>\n<div id=\"faq-question-1683898525995\" class=\"rank-math-list-item\">\n<h3 class=\"rank-math-question \">Welche \u00e4sthetischen F\u00fcllungen werden heute am h\u00e4ufigsten verwendet: Komposit oder Keramik?<\/h3>\n<div class=\"rank-math-answer \">\n\n<p>Kompositf\u00fcllungen werden heutzutage immer h\u00e4ufiger verwendet als Keramikf\u00fcllungen, da sie preiswerter sind als Keramikf\u00fcllungen und besser an die nat\u00fcrliche Zahnfarbe angepasst werden k\u00f6nnen.<\/p>\n\n<\/div>\n<\/div>\n<div id=\"faq-question-1683898720036\" class=\"rank-math-list-item\">\n<h3 class=\"rank-math-question \">Warum sind wei\u00dfe F\u00fcllungen besser?<\/h3>\n<div class=\"rank-math-answer \">\n\n<p>Wei\u00dfe F\u00fcllungen sind besser als herk\u00f6mmliche Metallf\u00fcllungen, weil sie \u00e4sthetisch ansprechender sind, weniger Zahnsubstanzabtrag erfordern und aus einem sicheren, ungiftigen Material bestehen.<\/p>\n\n<\/div>\n<\/div>\n<div id=\"faq-question-1683898844556\" class=\"rank-math-list-item\">\n<h3 class=\"rank-math-question \">K\u00f6nnen F\u00fcllungen Karies verursachen?<\/h3>\n<div class=\"rank-math-answer \">\n\n<p>Ja, Karies kann sich um die \u00e4sthetische F\u00fcllung herum bilden, wenn der Bereich nicht sauber und frei von Bakterien gehalten wird.<\/p>\n\n<\/div>\n<\/div>\n<\/div>\n<\/div>\n<p>\u00a0<\/p>\n\n<h3 class=\"wp-block-heading\">Kontaktieren Sie uns jetzt, falls Sie Fragen haben!<\/h3>\n","protected":false},"excerpt":{"rendered":"<p>Haben Sie genug von unansehnlichen L\u00fccken, die durch Karies, Verletzungen oder Zahnverlust entstanden sind? \u00c4sthetische F\u00fcllungen sind die L\u00f6sung f\u00fcr [&hellip;]<\/p>\n","protected":false},"author":4,"featured_media":82381,"parent":0,"menu_order":0,"comment_status":"closed","ping_status":"closed","template":"","meta":{"site-sidebar-layout":"default","site-content-layout":"","ast-site-content-layout":"default","site-content-style":"default","site-sidebar-style":"default","ast-global-header-display":"","ast-banner-title-visibility":"","ast-main-header-display":"","ast-hfb-above-header-display":"","ast-hfb-below-header-display":"","ast-hfb-mobile-header-display":"","site-post-title":"","ast-breadcrumbs-content":"","ast-featured-img":"","footer-sml-layout":"","ast-disable-related-posts":"","theme-transparent-header-meta":"","adv-header-id-meta":"","stick-header-meta":"","header-above-stick-meta":"","header-main-stick-meta":"","header-below-stick-meta":"","astra-migrate-meta-layouts":"default","ast-page-background-enabled":"default","ast-page-background-meta":{"desktop":{"background-color":"var(--ast-global-color-4)","background-image":"","background-repeat":"repeat","background-position":"center center","background-size":"auto","background-attachment":"scroll","background-type":"","background-media":"","overlay-type":"","overlay-color":"","overlay-opacity":"","overlay-gradient":""},"tablet":{"background-color":"","background-image":"","background-repeat":"repeat","background-position":"center center","background-size":"auto","background-attachment":"scroll","background-type":"","background-media":"","overlay-type":"","overlay-color":"","overlay-opacity":"","overlay-gradient":""},"mobile":{"background-color":"","background-image":"","background-repeat":"repeat","background-position":"center center","background-size":"auto","background-attachment":"scroll","background-type":"","background-media":"","overlay-type":"","overlay-color":"","overlay-opacity":"","overlay-gradient":""}},"ast-content-background-meta":{"desktop":{"background-color":"var(--ast-global-color-5)","background-image":"","background-repeat":"repeat","background-position":"center center","background-size":"auto","background-attachment":"scroll","background-type":"","background-media":"","overlay-type":"","overlay-color":"","overlay-opacity":"","overlay-gradient":""},"tablet":{"background-color":"var(--ast-global-color-5)","background-image":"","background-repeat":"repeat","background-position":"center center","background-size":"auto","background-attachment":"scroll","background-type":"","background-media":"","overlay-type":"","overlay-color":"","overlay-opacity":"","overlay-gradient":""},"mobile":{"background-color":"var(--ast-global-color-5)","background-image":"","background-repeat":"repeat","background-position":"center center","background-size":"auto","background-attachment":"scroll","background-type":"","background-media":"","overlay-type":"","overlay-color":"","overlay-opacity":"","overlay-gradient":""}},"footnotes":""},"class_list":["post-145313","page","type-page","status-publish","has-post-thumbnail","hentry"],"_links":{"self":[{"href":"https:\/\/medclinics.com\/de\/wp-json\/wp\/v2\/pages\/145313","targetHints":{"allow":["GET"]}}],"collection":[{"href":"https:\/\/medclinics.com\/de\/wp-json\/wp\/v2\/pages"}],"about":[{"href":"https:\/\/medclinics.com\/de\/wp-json\/wp\/v2\/types\/page"}],"author":[{"embeddable":true,"href":"https:\/\/medclinics.com\/de\/wp-json\/wp\/v2\/users\/4"}],"replies":[{"embeddable":true,"href":"https:\/\/medclinics.com\/de\/wp-json\/wp\/v2\/comments?post=145313"}],"version-history":[{"count":0,"href":"https:\/\/medclinics.com\/de\/wp-json\/wp\/v2\/pages\/145313\/revisions"}],"wp:featuredmedia":[{"embeddable":true,"href":"https:\/\/medclinics.com\/de\/wp-json\/wp\/v2\/media\/82381"}],"wp:attachment":[{"href":"https:\/\/medclinics.com\/de\/wp-json\/wp\/v2\/media?parent=145313"}],"curies":[{"name":"wp","href":"https:\/\/api.w.org\/{rel}","templated":true}]}}