{"id":145301,"date":"2023-05-28T09:33:00","date_gmt":"2023-05-28T06:33:00","guid":{"rendered":"https:\/\/medclinics.com\/barttransplantation\/"},"modified":"2025-01-24T21:39:02","modified_gmt":"2025-01-24T18:39:02","slug":"barttransplantation","status":"publish","type":"page","link":"https:\/\/medclinics.com\/de\/barttransplantation\/","title":{"rendered":"Barttransplantation"},"content":{"rendered":"\n<h2 class=\"wp-block-heading\">Barttransplantationen erfreuen sich immer gr\u00f6\u00dferer Beliebtheit, und Istanbul ist seit langem die heimliche Hauptstadt der Barttransplantation.<\/h2>\n\n<p>Nicht nur Haare, sondern auch <a href=\"https:\/\/istanbul-tourist-information.com\/en\/medical-treatment\/beard-transplantation-turkey\/\" target=\"_blank\" rel=\"noreferrer noopener\">B\u00e4rte<\/a> k\u00f6nnen transplantiert werden. Oft leiden M\u00e4nner unter teilweise kahlen Stellen in ihrem Bart oder denken einfach, dass ihr Bart zu d\u00fcnn ist. Dies kann erblich bedingt sein, aber auch durch medikament\u00f6se Behandlungen, einen Unfall oder ein Trauma verursacht werden.<\/p>\n\n<p>Bei der Barttransplantation werden die gleichen Techniken wie bei der Haartransplantation angewandt. Heutzutage wird haupts\u00e4chlich die <a href=\"https:\/\/medclinics.com\/de\/fue-haartransplantation\/\" data-type=\"page\" data-id=\"80085\">FUE-Technik<\/a> oder die <a href=\"https:\/\/medclinics.com\/fue-sapphire-hair-transplant\/\" target=\"_blank\" rel=\"noreferrer noopener\">FUE-Sapphire-Technik<\/a> bevorzugt.<\/p>\n\n<p>Auch hier werden die Haarfollikel vom Hinterkopf entnommen und dann in den Bartbereich eingesetzt. Manchmal wird auch die untere Kinnpartie als Spenderbereich angesehen, wo der Bart dichter w\u00e4chst. Bevor die Barttransplantation beginnt, bestimmt der Chirurg genau, wie die Bartlinie verlaufen soll.<\/p>\n\n<h3 class=\"wp-block-heading\">Alles, was Sie \u00fcber <a href=\"https:\/\/medclinics.com\/de\/haartransplantation\/\" target=\"_blank\" rel=\"noreferrer noopener\">Haartransplantationen<\/a> wissen m\u00fcssen, einschlie\u00dflich Preis, Nachbehandlung und Heilungsprozess, oder <a href=\"#requestform\">kontaktieren Sie uns<\/a>!<\/h3>\n\n<figure class=\"wp-block-image size-full\"><img fetchpriority=\"high\" decoding=\"async\" width=\"960\" height=\"550\" src=\"https:\/\/medclinics.com\/wp-content\/uploads\/2023\/05\/beard-transplant-istanbul-turkey.jpg\" alt=\"\" class=\"wp-image-87619\" srcset=\"https:\/\/medclinics.com\/wp-content\/uploads\/2023\/05\/beard-transplant-istanbul-turkey.jpg 960w, https:\/\/medclinics.com\/wp-content\/uploads\/2023\/05\/beard-transplant-istanbul-turkey-500x286.jpg 500w, https:\/\/medclinics.com\/wp-content\/uploads\/2023\/05\/beard-transplant-istanbul-turkey-768x440.jpg 768w, https:\/\/medclinics.com\/wp-content\/uploads\/2023\/05\/beard-transplant-istanbul-turkey-24x14.jpg 24w, https:\/\/medclinics.com\/wp-content\/uploads\/2023\/05\/beard-transplant-istanbul-turkey-36x21.jpg 36w, https:\/\/medclinics.com\/wp-content\/uploads\/2023\/05\/beard-transplant-istanbul-turkey-48x28.jpg 48w\" sizes=\"(max-width: 960px) 100vw, 960px\" \/><\/figure>\n\n<h2 class=\"wp-block-heading\">FAQ <\/h2>\n<div id=\"rank-math-faq\" class=\"rank-math-block\">\n<div class=\"rank-math-list \">\n<div id=\"faq-question-1683391548998\" class=\"rank-math-list-item\">\n<h3 class=\"rank-math-question \">Wie viele Grafts ben\u00f6tige ich f\u00fcr eine Barttransplantation?<\/h3>\n<div class=\"rank-math-answer \">\n\n<p>Die Anzahl der ben\u00f6tigten Transplantate h\u00e4ngt davon ab, wie viele kahle Stellen im Bart vorhanden sind und wie viel verbessert werden muss. In der Regel rechnet man mit 1.000 bis 3.000 Grafts f\u00fcr eine Haartransplantation.<\/p>\n\n<\/div>\n<\/div>\n<div id=\"faq-question-1683391585179\" class=\"rank-math-list-item\">\n<h3 class=\"rank-math-question \">Kann man sich nach einer Barttransplantation rasieren?<\/h3>\n<div class=\"rank-math-answer \">\n\n<p>In den ersten 10-14 Tagen nach der Barttransplantation sollten Sie sich nicht rasieren, damit die transplantierten Haare gut wachsen k\u00f6nnen. Danach sollten Sie bei der Rasur vorsichtig sein und nicht zu viel Druck aus\u00fcben.<\/p>\n\n<\/div>\n<\/div>\n<div id=\"faq-question-1683391788739\" class=\"rank-math-list-item\">\n<h3 class=\"rank-math-question \">Wie viele Grafts k\u00f6nnen transplantiert werden?<\/h3>\n<div class=\"rank-math-answer \">\n\n<p>In einer Sitzung werden in der Regel maximal 5.000 Grafts transplantiert. Falls Sie mehr brauchen, wird der Arzt eine zweite Sitzung nach 6 Monaten empfehlen.<\/p>\n\n<\/div>\n<\/div>\n<div id=\"faq-question-1683392049787\" class=\"rank-math-list-item\">\n<h3 class=\"rank-math-question \">Was ist der Unterschied zwischen der DHI- und der FUE-Methode?<\/h3>\n<div class=\"rank-math-answer \">\n\n<p>Bei der FUE-Methode werden die Transplantate aus dem Spenderbereich entnommen, in eine Fl\u00fcssigkeit gelegt und verpflanzt, sobald alle Transplantate entnommen wurden. Bei der DHI-Methode werden die Transplantate sofort nach ihrer Entnahme verpflanzt, ohne dass sie in einer Fl\u00fcssigkeit liegen.<\/p>\n\n<\/div>\n<\/div>\n<\/div>\n<\/div>\n<p><\/p>\n\n<h3 class=\"wp-block-heading\">Kontaktieren Sie uns jetzt, falls Sie Fragen haben!<\/h3>\n","protected":false},"excerpt":{"rendered":"<p>Barttransplantationen erfreuen sich immer gr\u00f6\u00dferer Beliebtheit, und Istanbul ist seit langem die heimliche Hauptstadt der Barttransplantation. Nicht nur Haare, sondern [&hellip;]<\/p>\n","protected":false},"author":4,"featured_media":91791,"parent":0,"menu_order":0,"comment_status":"closed","ping_status":"closed","template":"","meta":{"site-sidebar-layout":"default","site-content-layout":"","ast-site-content-layout":"default","site-content-style":"default","site-sidebar-style":"default","ast-global-header-display":"","ast-banner-title-visibility":"","ast-main-header-display":"","ast-hfb-above-header-display":"","ast-hfb-below-header-display":"","ast-hfb-mobile-header-display":"","site-post-title":"","ast-breadcrumbs-content":"","ast-featured-img":"","footer-sml-layout":"","ast-disable-related-posts":"","theme-transparent-header-meta":"","adv-header-id-meta":"","stick-header-meta":"","header-above-stick-meta":"","header-main-stick-meta":"","header-below-stick-meta":"","astra-migrate-meta-layouts":"default","ast-page-background-enabled":"default","ast-page-background-meta":{"desktop":{"background-color":"var(--ast-global-color-4)","background-image":"","background-repeat":"repeat","background-position":"center center","background-size":"auto","background-attachment":"scroll","background-type":"","background-media":"","overlay-type":"","overlay-color":"","overlay-opacity":"","overlay-gradient":""},"tablet":{"background-color":"","background-image":"","background-repeat":"repeat","background-position":"center center","background-size":"auto","background-attachment":"scroll","background-type":"","background-media":"","overlay-type":"","overlay-color":"","overlay-opacity":"","overlay-gradient":""},"mobile":{"background-color":"","background-image":"","background-repeat":"repeat","background-position":"center center","background-size":"auto","background-attachment":"scroll","background-type":"","background-media":"","overlay-type":"","overlay-color":"","overlay-opacity":"","overlay-gradient":""}},"ast-content-background-meta":{"desktop":{"background-color":"var(--ast-global-color-5)","background-image":"","background-repeat":"repeat","background-position":"center center","background-size":"auto","background-attachment":"scroll","background-type":"","background-media":"","overlay-type":"","overlay-color":"","overlay-opacity":"","overlay-gradient":""},"tablet":{"background-color":"var(--ast-global-color-5)","background-image":"","background-repeat":"repeat","background-position":"center center","background-size":"auto","background-attachment":"scroll","background-type":"","background-media":"","overlay-type":"","overlay-color":"","overlay-opacity":"","overlay-gradient":""},"mobile":{"background-color":"var(--ast-global-color-5)","background-image":"","background-repeat":"repeat","background-position":"center center","background-size":"auto","background-attachment":"scroll","background-type":"","background-media":"","overlay-type":"","overlay-color":"","overlay-opacity":"","overlay-gradient":""}},"footnotes":""},"class_list":["post-145301","page","type-page","status-publish","has-post-thumbnail","hentry"],"_links":{"self":[{"href":"https:\/\/medclinics.com\/de\/wp-json\/wp\/v2\/pages\/145301","targetHints":{"allow":["GET"]}}],"collection":[{"href":"https:\/\/medclinics.com\/de\/wp-json\/wp\/v2\/pages"}],"about":[{"href":"https:\/\/medclinics.com\/de\/wp-json\/wp\/v2\/types\/page"}],"author":[{"embeddable":true,"href":"https:\/\/medclinics.com\/de\/wp-json\/wp\/v2\/users\/4"}],"replies":[{"embeddable":true,"href":"https:\/\/medclinics.com\/de\/wp-json\/wp\/v2\/comments?post=145301"}],"version-history":[{"count":0,"href":"https:\/\/medclinics.com\/de\/wp-json\/wp\/v2\/pages\/145301\/revisions"}],"wp:featuredmedia":[{"embeddable":true,"href":"https:\/\/medclinics.com\/de\/wp-json\/wp\/v2\/media\/91791"}],"wp:attachment":[{"href":"https:\/\/medclinics.com\/de\/wp-json\/wp\/v2\/media?parent=145301"}],"curies":[{"name":"wp","href":"https:\/\/api.w.org\/{rel}","templated":true}]}}