{"id":145231,"date":"2023-05-11T13:36:15","date_gmt":"2023-05-11T10:36:15","guid":{"rendered":"https:\/\/medclinics.com\/myopie-kurzsichtigkeit\/"},"modified":"2025-01-02T17:03:15","modified_gmt":"2025-01-02T14:03:15","slug":"myopie-kurzsichtigkeit","status":"publish","type":"page","link":"https:\/\/medclinics.com\/de\/myopie-kurzsichtigkeit\/","title":{"rendered":"Myopie (Kurzsichtigkeit)"},"content":{"rendered":"\n<h2 class=\"wp-block-heading\">Verabschieden Sie sich von verschwommener Sicht und begr\u00fc\u00dfen Sie eine Welt voller Klarheit mit unseren Behandlungsm\u00f6glichkeiten f\u00fcr Myopie! Wir helfen Ihnen, die Welt in einem neuen Licht zu sehen.<\/h2>\n\n<p>Myopie, auch Kurzsichtigkeit genannt, ist ein h\u00e4ufiger Brechungsfehler des Auges, der die Sehsch\u00e4rfe f\u00fcr entfernte Objekte beeintr\u00e4chtigt. Menschen mit Kurzsichtigkeit haben Schwierigkeiten, Objekte in der Ferne zu sehen, k\u00f6nnen aber in der Regel ohne Probleme Objekte in der N\u00e4he erkennen.<\/p>\n\n<p>Dieser Zustand tritt auf, wenn das <a href=\"https:\/\/istanbul-tourist-information.com\/en\/\" target=\"_blank\" rel=\"noreferrer noopener\">Auge<\/a> zu lang oder die Hornhaut (die klare vordere Fl\u00e4che des Auges) zu steil ist, wodurch das Licht vor der Netzhaut anstatt direkt auf ihr fokussiert wird. Dies f\u00fchrt dazu, dass das Bild unscharf erscheint. Kurzsichtigkeit kann auch auftreten, wenn die Linse im Inneren des Auges zu dick ist.<\/p>\n\n<p>Sie kann sich in der Kindheit entwickeln und verschlimmert sich oft in den Teenagerjahren, wenn das Auge weiter w\u00e4chst. Sie kann sich auch im Erwachsenenalter entwickeln, was auf verschiedene Faktoren zur\u00fcckzuf\u00fchren ist, z. B. auf die Genetik, l\u00e4ngere Arbeit in der N\u00e4he und Umweltfaktoren. Unbehandelt kann die Myopie zu anderen Augenproblemen wie Glaukom, Katarakt und Netzhautabl\u00f6sung f\u00fchren. Zu den Behandlungsm\u00f6glichkeiten geh\u00f6ren Korrektionsbrillen, Kontaktlinsen und refraktive Chirurgie.<\/p>\n\n<h3 class=\"wp-block-heading\">Alles, was Sie \u00fcber <a href=\"https:\/\/medclinics.com\/de\/augenbehandlungen\/\" target=\"_blank\" rel=\"noreferrer noopener\">Augenoperationen<\/a> wissen m\u00fcssen, einschlie\u00dflich Preise, Nachsorge und Heilungsprozess, oder <a href=\"#requestform\">kontaktieren Sie uns<\/a>!<\/h3>\n\n<figure class=\"wp-block-image size-large\"><img fetchpriority=\"high\" decoding=\"async\" width=\"5662\" height=\"3775\" src=\"https:\/\/medclinics.com\/wp-content\/uploads\/2023\/05\/myopia.png\" alt=\"Myopie - Kurzsichtigkeit Istnabul T&#xFC;rkei\" class=\"wp-image-81767\" srcset=\"https:\/\/medclinics.com\/wp-content\/uploads\/2023\/05\/myopia.png 5662w, https:\/\/medclinics.com\/wp-content\/uploads\/2023\/05\/myopia-500x333.png 500w, https:\/\/medclinics.com\/wp-content\/uploads\/2023\/05\/myopia-1024x683.png 1024w, https:\/\/medclinics.com\/wp-content\/uploads\/2023\/05\/myopia-768x512.png 768w, https:\/\/medclinics.com\/wp-content\/uploads\/2023\/05\/myopia-1536x1024.png 1536w, https:\/\/medclinics.com\/wp-content\/uploads\/2023\/05\/myopia-2048x1365.png 2048w, https:\/\/medclinics.com\/wp-content\/uploads\/2023\/05\/myopia-24x16.png 24w, https:\/\/medclinics.com\/wp-content\/uploads\/2023\/05\/myopia-36x24.png 36w, https:\/\/medclinics.com\/wp-content\/uploads\/2023\/05\/myopia-48x32.png 48w\" sizes=\"(max-width: 5662px) 100vw, 5662px\" \/><\/figure>\n\n<h2 class=\"wp-block-heading\">FAQ<\/h2>\n<div id=\"rank-math-faq\" class=\"rank-math-block\">\n<div class=\"rank-math-list \">\n<div id=\"faq-question-1682603361561\" class=\"rank-math-list-item\">\n<h3 class=\"rank-math-question \">Wie kann Myopie korrigiert werden?<\/h3>\n<div class=\"rank-math-answer \">\n\n<p>Myopie oder Kurzsichtigkeit kann mit verschiedenen Methoden korrigiert werden. Die g\u00e4ngigste Methode zur Korrektur ist die Verwendung von Brillen oder Kontaktlinsen, die so beschaffen sind, dass sie den Augen helfen, richtig zu fokussieren. Eine weitere beliebte Methode ist die refraktive Chirurgie, z. B. die LASIK, bei der die Hornhaut mit einem Laser neu geformt und die Sehkraft verbessert wird. Eine weitere M\u00f6glichkeit ist die Orthokeratologie, bei der spezielle Kontaktlinsen getragen werden, die die Hornhaut im Schlaf neu formen. Eine andere M\u00f6glichkeit ist die Verwendung implantierbarer Linsen, die chirurgisch in das Auge eingesetzt werden. Neben diesen Korrekturmethoden gibt es auch verschiedene Techniken, die dazu beitragen k\u00f6nnen, das Fortschreiten der Kurzsichtigkeit bei Kindern zu verlangsamen, wie z. B. die Verwendung niedrig dosierter Atropin-Augentropfen oder multifokaler Kontaktlinsen. Es ist wichtig, einen Augenarzt zu konsultieren, um den f\u00fcr die jeweilige Person am besten geeigneten Behandlungsplan zu bestimmen.<\/p>\n\n<\/div>\n<\/div>\n<div id=\"faq-question-1682665852961\" class=\"rank-math-list-item\">\n<h3 class=\"rank-math-question \">Ist Myopie genetisch bedingt?<\/h3>\n<div class=\"rank-math-answer \">\n\n<p>Ja, Myopie kann genetisch bedingt sein. Studien haben gezeigt, dass, wenn ein Elternteil oder beide Elternteile betroffen sind, ihre Kinder mit gr\u00f6\u00dferer Wahrscheinlichkeit ebenfalls an Kurzsichtigkeit leiden. Das Risiko, an Kurzsichtigkeit zu erkranken, steigt weiter, wenn beide Elternteile kurzsichtig sind. Die Genetik ist jedoch nicht der einzige Faktor, der die Entwicklung dieser Krankheit beeinflusst. Auch Umweltfaktoren wie lange Arbeitszeiten in der N\u00e4he der Wohnung und zu wenig Zeit im Freien spielen eine Rolle.<\/p>\n\n<\/div>\n<\/div>\n<div id=\"faq-question-1682666623404\" class=\"rank-math-list-item\">\n<h3 class=\"rank-math-question \">Wann h\u00f6rt die Kurzsichtigkeit auf?<\/h3>\n<div class=\"rank-math-answer \">\n\n<p>Das Fortschreiten der Myopie kann von Person zu Person variieren und stabilisiert sich in der Regel im sp\u00e4ten Teenageralter oder fr\u00fchen Erwachsenenalter. In einigen F\u00e4llen kann sie jedoch bis ins Erwachsenenalter fortschreiten. Es ist wichtig, dass die Betroffenen regelm\u00e4\u00dfige Augenuntersuchungen durchf\u00fchren lassen, um das Fortschreiten ihrer Erkrankung zu \u00fcberwachen.<\/p>\n\n<\/div>\n<\/div>\n<div id=\"faq-question-1682666956133\" class=\"rank-math-list-item\">\n<h3 class=\"rank-math-question \">Kann sich die Myopie verbessern?<\/h3>\n<div class=\"rank-math-answer \">\n\n<p>In einigen F\u00e4llen kann sich die Kurzsichtigkeit von selbst verbessern, insbesondere bei Kindern und Jugendlichen. Dies kann passieren, da die Augen in dieser Entwicklungsphase weiter wachsen und sich ver\u00e4ndern. In der Regel verschlimmert sie sich jedoch im Laufe der Zeit, vor allem, wenn sie nicht korrigiert wird. Dar\u00fcber hinaus sind einige Formen der Kurzsichtigkeit, wie z. B. die degenerative Myopie, progressiv und k\u00f6nnen zu einem schweren Sehverlust f\u00fchren, wenn sie nicht behandelt werden. Daher ist es wichtig, die Augen regelm\u00e4\u00dfig untersuchen zu lassen und den Rat eines Augenarztes zu befolgen, um diese Krankheit wirksam zu \u00fcberwachen und zu behandeln.<\/p>\n\n<\/div>\n<\/div>\n<\/div>\n<\/div>\n<p>\u00a0<\/p>\n\n<h3 class=\"wp-block-heading\">Kontaktieren Sie uns jetzt, falls Sie Fragen haben!<\/h3>\n","protected":false},"excerpt":{"rendered":"<p>Verabschieden Sie sich von verschwommener Sicht und begr\u00fc\u00dfen Sie eine Welt voller Klarheit mit unseren Behandlungsm\u00f6glichkeiten f\u00fcr Myopie! Wir helfen [&hellip;]<\/p>\n","protected":false},"author":4,"featured_media":92126,"parent":0,"menu_order":0,"comment_status":"closed","ping_status":"closed","template":"","meta":{"site-sidebar-layout":"default","site-content-layout":"","ast-site-content-layout":"default","site-content-style":"default","site-sidebar-style":"default","ast-global-header-display":"","ast-banner-title-visibility":"","ast-main-header-display":"","ast-hfb-above-header-display":"","ast-hfb-below-header-display":"","ast-hfb-mobile-header-display":"","site-post-title":"","ast-breadcrumbs-content":"","ast-featured-img":"","footer-sml-layout":"","ast-disable-related-posts":"","theme-transparent-header-meta":"","adv-header-id-meta":"","stick-header-meta":"","header-above-stick-meta":"","header-main-stick-meta":"","header-below-stick-meta":"","astra-migrate-meta-layouts":"default","ast-page-background-enabled":"default","ast-page-background-meta":{"desktop":{"background-color":"var(--ast-global-color-4)","background-image":"","background-repeat":"repeat","background-position":"center center","background-size":"auto","background-attachment":"scroll","background-type":"","background-media":"","overlay-type":"","overlay-color":"","overlay-opacity":"","overlay-gradient":""},"tablet":{"background-color":"","background-image":"","background-repeat":"repeat","background-position":"center center","background-size":"auto","background-attachment":"scroll","background-type":"","background-media":"","overlay-type":"","overlay-color":"","overlay-opacity":"","overlay-gradient":""},"mobile":{"background-color":"","background-image":"","background-repeat":"repeat","background-position":"center center","background-size":"auto","background-attachment":"scroll","background-type":"","background-media":"","overlay-type":"","overlay-color":"","overlay-opacity":"","overlay-gradient":""}},"ast-content-background-meta":{"desktop":{"background-color":"var(--ast-global-color-5)","background-image":"","background-repeat":"repeat","background-position":"center center","background-size":"auto","background-attachment":"scroll","background-type":"","background-media":"","overlay-type":"","overlay-color":"","overlay-opacity":"","overlay-gradient":""},"tablet":{"background-color":"var(--ast-global-color-5)","background-image":"","background-repeat":"repeat","background-position":"center center","background-size":"auto","background-attachment":"scroll","background-type":"","background-media":"","overlay-type":"","overlay-color":"","overlay-opacity":"","overlay-gradient":""},"mobile":{"background-color":"var(--ast-global-color-5)","background-image":"","background-repeat":"repeat","background-position":"center center","background-size":"auto","background-attachment":"scroll","background-type":"","background-media":"","overlay-type":"","overlay-color":"","overlay-opacity":"","overlay-gradient":""}},"footnotes":""},"class_list":["post-145231","page","type-page","status-publish","has-post-thumbnail","hentry"],"_links":{"self":[{"href":"https:\/\/medclinics.com\/de\/wp-json\/wp\/v2\/pages\/145231","targetHints":{"allow":["GET"]}}],"collection":[{"href":"https:\/\/medclinics.com\/de\/wp-json\/wp\/v2\/pages"}],"about":[{"href":"https:\/\/medclinics.com\/de\/wp-json\/wp\/v2\/types\/page"}],"author":[{"embeddable":true,"href":"https:\/\/medclinics.com\/de\/wp-json\/wp\/v2\/users\/4"}],"replies":[{"embeddable":true,"href":"https:\/\/medclinics.com\/de\/wp-json\/wp\/v2\/comments?post=145231"}],"version-history":[{"count":0,"href":"https:\/\/medclinics.com\/de\/wp-json\/wp\/v2\/pages\/145231\/revisions"}],"wp:featuredmedia":[{"embeddable":true,"href":"https:\/\/medclinics.com\/de\/wp-json\/wp\/v2\/media\/92126"}],"wp:attachment":[{"href":"https:\/\/medclinics.com\/de\/wp-json\/wp\/v2\/media?parent=145231"}],"curies":[{"name":"wp","href":"https:\/\/api.w.org\/{rel}","templated":true}]}}