{"id":145225,"date":"2023-05-11T13:08:11","date_gmt":"2023-05-11T10:08:11","guid":{"rendered":"https:\/\/medclinics.com\/augentumor\/"},"modified":"2025-01-02T15:20:08","modified_gmt":"2025-01-02T12:20:08","slug":"augentumor","status":"publish","type":"page","link":"https:\/\/medclinics.com\/de\/augentumor\/","title":{"rendered":"Augentumor"},"content":{"rendered":"\n<h2 class=\"wp-block-heading\">K\u00e4mpfen Sie nicht allein gegen Augentumore! Unsere Experten helfen Ihnen dabei und bieten Ihnen die besten Behandlungsm\u00f6glichkeiten an.<\/h2>\n\n<p>Ein Augentumor ist ein abnormales Wachstum von Zellen im oder um das Auge. Es gibt verschiedene Arten von Augentumoren, darunter gutartige Tumoren wie N\u00e4vi und H\u00e4mangiome, aber auch b\u00f6sartige Tumoren wie Melanome und Retinoblastome. Augentumore k\u00f6nnen sich in verschiedenen Teilen des Auges entwickeln, darunter Augenlid, Bindehaut, Hornhaut, Iris, Ziliark\u00f6rper, Aderhaut, Netzhaut und Sehnerv.<\/p>\n\n<p>Augentumore k\u00f6nnen je nach Lage und Gr\u00f6\u00dfe eine Vielzahl von Symptomen verursachen. Zu diesen Symptomen k\u00f6nnen Sehver\u00e4nderungen wie verschwommenes oder verzerrtes Sehen, Floater, Lichtblitze und der Verlust des peripheren Sehens geh\u00f6ren. Weitere Symptome k\u00f6nnen Schmerzen, R\u00f6tungen, Schwellungen oder eine sichtbare Masse oder Beule am Auge oder Augenlid sein. Bei Verdacht auf einen Augentumor f\u00fchrt der Augenarzt eine gr\u00fcndliche Untersuchung des Auges durch und ordnet m\u00f6glicherweise bildgebende Untersuchungen wie eine MRT oder einen Ultraschall an, um die Diagnose zu best\u00e4tigen und das Ausma\u00df des Tumors zu bestimmen.<\/p>\n\n<p>Die Behandlung von Augentumoren h\u00e4ngt von der Art, der Lage und der Gr\u00f6\u00dfe des Tumors sowie vom allgemeinen Gesundheitszustand des Patienten ab. Zu den Optionen geh\u00f6ren eine Operation zur Entfernung des Tumors, eine Strahlentherapie, eine Chemotherapie oder eine Kombination dieser Behandlungen. Es ist wichtig, Augentumore fr\u00fchzeitig zu erkennen und zu behandeln, um Komplikationen wie den Verlust des Sehverm\u00f6gens oder die Ausbreitung auf andere K\u00f6rperteile zu verhindern. Regelm\u00e4\u00dfige Augenuntersuchungen und Selbstuntersuchungen k\u00f6nnen dazu beitragen, Anomalien des <a href=\"https:\/\/istanbul-tourist-information.com\/en\/\" target=\"_blank\" rel=\"noreferrer noopener\">Auges<\/a> zu erkennen und gegebenenfalls eine weitere Untersuchung durch einen Augenarzt zu veranlassen.<\/p>\n\n<h3 class=\"wp-block-heading\">Alles, was Sie \u00fcber <a href=\"https:\/\/medclinics.com\/de\/allgemeine-augenchirurgie\/\" target=\"_blank\" rel=\"noreferrer noopener\">Augenoperationen<\/a> wissen m\u00fcssen, einschlie\u00dflich Preis, Nachsorge und Heilungsprozess, oder <a href=\"#requestform\">kontaktieren Sie uns<\/a>!<\/h3>\n\n<figure class=\"wp-block-image size-large\"><img decoding=\"async\" src=\"https:\/\/medclinics.com\/wp-content\/uploads\/2023\/05\/eye-tumor.png\" alt=\"Augentumor Behandlung Istanbul T&#xFC;rkei\" class=\"wp-image-81734\"\/><\/figure>\n\n<h2 class=\"wp-block-heading\">FAQ<\/h2>\n<div id=\"rank-math-faq\" class=\"rank-math-block\">\n<div class=\"rank-math-list \">\n<div id=\"faq-question-1682603361561\" class=\"rank-math-list-item\">\n<h3 class=\"rank-math-question \">Warum entsteht Augenkrebs?<\/h3>\n<div class=\"rank-math-answer \">\n\n<p>Augenkrebs, auch als Okularkrebs bezeichnet, entsteht, wenn Zellen im Auge abnormal wachsen und einen Tumor bilden. Die genaue Ursache von Augenkrebs ist nicht bekannt, aber es gibt bestimmte Risikofaktoren, die die Wahrscheinlichkeit der Entstehung dieser Krankheit erh\u00f6hen. Dazu geh\u00f6ren die Exposition gegen\u00fcber ultraviolettem (UV-)Licht, ein geschw\u00e4chtes Immunsystem, eine famili\u00e4re Vorbelastung mit Augenkrebs und bestimmte genetische Bedingungen. Es ist wichtig, Augenkrebs fr\u00fchzeitig zu erkennen und zu behandeln, um zu verhindern, dass er sich auf andere Teile des K\u00f6rpers ausbreitet und m\u00f6glicherweise lebensbedrohlich wird.<\/p>\n\n<\/div>\n<\/div>\n<div id=\"faq-question-1682665852961\" class=\"rank-math-list-item\">\n<h3 class=\"rank-math-question \">Sind Augentumore selten?<\/h3>\n<div class=\"rank-math-answer \">\n\n<p>Augentumore sind im Vergleich zu anderen Krebsarten relativ selten. Dennoch k\u00f6nnen sie auftreten, und es ist wichtig, dass Sie einen Arzt aufsuchen, wenn Sie ungew\u00f6hnliche Symptome an Ihren Augen feststellen. Die Inzidenz von Augentumoren variiert je nach Art des Tumors und der untersuchten Population. Einige Augentumore, wie das Retinoblastom, treten h\u00e4ufiger bei Kindern auf, w\u00e4hrend andere, wie das Augenmelanom, h\u00e4ufiger bei Erwachsenen vorkommen. Insgesamt sind Augentumore zwar selten, aber es ist wichtig, auf die Anzeichen und Symptome zu achten und bei Bedenken sofort einen Arzt aufzusuchen.<\/p>\n\n<\/div>\n<\/div>\n<div id=\"faq-question-1682666623404\" class=\"rank-math-list-item\">\n<h3 class=\"rank-math-question \">Wohin breitet sich der Augenkrebs aus?<\/h3>\n<div class=\"rank-math-answer \">\n\n<p>Augenkrebs kann sich je nach Art und Stadium des Krebses auf verschiedene K\u00f6rperteile ausbreiten. Die h\u00e4ufigsten Ausbreitungsorte sind die Leber, die Lunge, die Knochen und das Gehirn. Es ist wichtig zu wissen, dass sich nicht alle Augenkrebsarten ausbreiten. Einige k\u00f6nnen mit einer Operation oder Strahlentherapie behandelt werden, ohne dass sie auf andere K\u00f6rperteile \u00fcbergreifen. Daher ist eine fr\u00fchzeitige Erkennung und Behandlung von Augenkrebs von entscheidender Bedeutung, um eine weitere Ausbreitung zu verhindern und die Behandlungsergebnisse zu verbessern.<\/p>\n\n<\/div>\n<\/div>\n<div id=\"faq-question-1682666956133\" class=\"rank-math-list-item\">\n<h3 class=\"rank-math-question \">K\u00f6nnen Augen\u00e4rzte Hirntumore erkennen?<\/h3>\n<div class=\"rank-math-answer \">\n\n<p>Augen\u00e4rzte, z. B. Augen\u00e4rzte und Optometristen, k\u00f6nnen Anzeichen von Hirntumoren manchmal bei einer routinem\u00e4\u00dfigen Augenuntersuchung feststellen. Dies liegt daran, dass der Sehnerv, der die visuellen Informationen vom Auge zum Gehirn \u00fcbertr\u00e4gt, von bestimmten Hirntumoren beeintr\u00e4chtigt werden kann. In manchen F\u00e4llen kann ein Augenarzt Schwellungen oder Ver\u00e4nderungen im Erscheinungsbild des Sehnervs beobachten, die auf einen Hirntumor hinweisen k\u00f6nnen. Augen\u00e4rzte k\u00f6nnen jedoch keine Hirntumore definitiv diagnostizieren oder behandeln.<br \/> Besteht der Verdacht auf einen Hirntumor, wird der Patient in der Regel zur weiteren Untersuchung und Behandlung an einen Neurologen oder Neurochirurgen \u00fcberwiesen. In einigen F\u00e4llen k\u00f6nnen zus\u00e4tzliche Tests wie bildgebende Untersuchungen oder Biopsien erforderlich sein, um das Vorhandensein eines Hirntumors zu best\u00e4tigen.<\/p>\n\n<\/div>\n<\/div>\n<\/div>\n<\/div>\n<p>\u00a0<\/p>\n\n<h3 class=\"wp-block-heading\">Kontaktieren Sie uns jetzt, falls Sie Fragen haben!<\/h3>\n","protected":false},"excerpt":{"rendered":"<p>K\u00e4mpfen Sie nicht allein gegen Augentumore! Unsere Experten helfen Ihnen dabei und bieten Ihnen die besten Behandlungsm\u00f6glichkeiten an. Ein Augentumor [&hellip;]<\/p>\n","protected":false},"author":4,"featured_media":160838,"parent":0,"menu_order":0,"comment_status":"closed","ping_status":"closed","template":"","meta":{"site-sidebar-layout":"default","site-content-layout":"","ast-site-content-layout":"default","site-content-style":"default","site-sidebar-style":"default","ast-global-header-display":"","ast-banner-title-visibility":"","ast-main-header-display":"","ast-hfb-above-header-display":"","ast-hfb-below-header-display":"","ast-hfb-mobile-header-display":"","site-post-title":"","ast-breadcrumbs-content":"","ast-featured-img":"","footer-sml-layout":"","ast-disable-related-posts":"","theme-transparent-header-meta":"","adv-header-id-meta":"","stick-header-meta":"","header-above-stick-meta":"","header-main-stick-meta":"","header-below-stick-meta":"","astra-migrate-meta-layouts":"default","ast-page-background-enabled":"default","ast-page-background-meta":{"desktop":{"background-color":"var(--ast-global-color-4)","background-image":"","background-repeat":"repeat","background-position":"center center","background-size":"auto","background-attachment":"scroll","background-type":"","background-media":"","overlay-type":"","overlay-color":"","overlay-opacity":"","overlay-gradient":""},"tablet":{"background-color":"","background-image":"","background-repeat":"repeat","background-position":"center center","background-size":"auto","background-attachment":"scroll","background-type":"","background-media":"","overlay-type":"","overlay-color":"","overlay-opacity":"","overlay-gradient":""},"mobile":{"background-color":"","background-image":"","background-repeat":"repeat","background-position":"center center","background-size":"auto","background-attachment":"scroll","background-type":"","background-media":"","overlay-type":"","overlay-color":"","overlay-opacity":"","overlay-gradient":""}},"ast-content-background-meta":{"desktop":{"background-color":"var(--ast-global-color-5)","background-image":"","background-repeat":"repeat","background-position":"center center","background-size":"auto","background-attachment":"scroll","background-type":"","background-media":"","overlay-type":"","overlay-color":"","overlay-opacity":"","overlay-gradient":""},"tablet":{"background-color":"var(--ast-global-color-5)","background-image":"","background-repeat":"repeat","background-position":"center center","background-size":"auto","background-attachment":"scroll","background-type":"","background-media":"","overlay-type":"","overlay-color":"","overlay-opacity":"","overlay-gradient":""},"mobile":{"background-color":"var(--ast-global-color-5)","background-image":"","background-repeat":"repeat","background-position":"center center","background-size":"auto","background-attachment":"scroll","background-type":"","background-media":"","overlay-type":"","overlay-color":"","overlay-opacity":"","overlay-gradient":""}},"footnotes":""},"class_list":["post-145225","page","type-page","status-publish","has-post-thumbnail","hentry"],"_links":{"self":[{"href":"https:\/\/medclinics.com\/de\/wp-json\/wp\/v2\/pages\/145225","targetHints":{"allow":["GET"]}}],"collection":[{"href":"https:\/\/medclinics.com\/de\/wp-json\/wp\/v2\/pages"}],"about":[{"href":"https:\/\/medclinics.com\/de\/wp-json\/wp\/v2\/types\/page"}],"author":[{"embeddable":true,"href":"https:\/\/medclinics.com\/de\/wp-json\/wp\/v2\/users\/4"}],"replies":[{"embeddable":true,"href":"https:\/\/medclinics.com\/de\/wp-json\/wp\/v2\/comments?post=145225"}],"version-history":[{"count":0,"href":"https:\/\/medclinics.com\/de\/wp-json\/wp\/v2\/pages\/145225\/revisions"}],"wp:featuredmedia":[{"embeddable":true,"href":"https:\/\/medclinics.com\/de\/wp-json\/wp\/v2\/media\/160838"}],"wp:attachment":[{"href":"https:\/\/medclinics.com\/de\/wp-json\/wp\/v2\/media?parent=145225"}],"curies":[{"name":"wp","href":"https:\/\/api.w.org\/{rel}","templated":true}]}}