{"id":145213,"date":"2023-05-11T12:14:37","date_gmt":"2023-05-11T09:14:37","guid":{"rendered":"https:\/\/medclinics.com\/padiatrische-augengesundheit\/"},"modified":"2025-01-02T19:03:14","modified_gmt":"2025-01-02T16:03:14","slug":"padiatrische-augengesundheit","status":"publish","type":"page","link":"https:\/\/medclinics.com\/de\/padiatrische-augengesundheit\/","title":{"rendered":"P\u00e4diatrische Augengesundheit"},"content":{"rendered":"\n<h2 class=\"wp-block-heading\">Gesunde Augen, gl\u00fcckliche Kinder! Lassen Sie uns ihre Visionen f\u00fcr eine bessere Zukunft sch\u00fctzen.<\/h2>\n\n<p>Bei der Augengesundheit von Kindern geht es darum, sicherzustellen, dass sich ihr Sehverm\u00f6gen richtig entwickelt, und alle potenziellen Probleme zu behandeln, die auftreten k\u00f6nnen. Zur p\u00e4diatrischen Augenheilkunde geh\u00f6ren regelm\u00e4\u00dfige Augenuntersuchungen, insbesondere in kritischen Entwicklungsphasen wie dem S\u00e4uglings- und Kleinkindalter, um sicherzustellen, dass Sehprobleme fr\u00fchzeitig erkannt werden. Zu den h\u00e4ufigen <a href=\"https:\/\/istanbul-tourist-information.com\/en\/\" target=\"_blank\" rel=\"noreferrer noopener\" data-type=\"URL\" data-id=\"https:\/\/istanbul-tourist-information.com\/en\/\">Augenkrankheiten<\/a>, die Kinder betreffen k\u00f6nnen, geh\u00f6ren Amblyopie (tr\u00e4ges Auge), Strabismus (Schielen) und Brechungsfehler wie Myopie oder Hyperopie.<\/p>\n\n<p>Zu einer guten p\u00e4diatrischen Augengesundheit geh\u00f6ren auch Ma\u00dfnahmen zur Vermeidung von Augenverletzungen. Dazu geh\u00f6rt das Tragen von Schutzbrillen bei Aktivit\u00e4ten wie Sport oder Bauarbeiten und die Aufkl\u00e4rung der Kinder \u00fcber die Gefahren bestimmter Gegenst\u00e4nde oder Aktivit\u00e4ten, die Augensch\u00e4den verursachen k\u00f6nnen. Dar\u00fcber hinaus kann die F\u00f6rderung gesunder Gewohnheiten, wie richtige Ern\u00e4hrung und regelm\u00e4\u00dfige Bewegung, die allgemeine Augengesundheit unterst\u00fctzen.<\/p>\n\n<p>Auch die Eltern k\u00f6nnen eine Rolle bei der F\u00f6rderung der Augengesundheit ihrer Kinder spielen, indem sie daf\u00fcr sorgen, dass sie bei Bedarf Zugang zu einer angemessenen Sehhilfe und Behandlung haben. Dazu geh\u00f6ren regelm\u00e4\u00dfige Augenuntersuchungen bei einem Optiker oder Augenarzt, die m\u00f6glichst fr\u00fchzeitige Behandlung potenzieller Sehprobleme und die Bereitstellung von Korrekturgl\u00e4sern oder anderen Behandlungen bei Bedarf. Indem sie der Augengesundheit ihrer Kinder Priorit\u00e4t einr\u00e4umen, k\u00f6nnen Eltern dazu beitragen, dass sie mit einer starken, gesunden Sehkraft aufwachsen, die ihr allgemeines Wohlbefinden unterst\u00fctzt.<\/p>\n\n<h3 class=\"wp-block-heading\">Informieren Sie sich \u00fcber alles, was Sie \u00fcber <a href=\"https:\/\/medclinics.com\/de\/allgemeine-augenchirurgie\/\" target=\"_blank\" rel=\"noreferrer noopener\">Augenoperationen<\/a> wissen m\u00fcssen, von der Vorsorgeuntersuchung bis zur Sicherheit, oder <a href=\"https:\/\/medclinics.com\/wp-admin\/post.php?post=81673&amp;action=edit#requestform\">wenden Sie sich an uns<\/a>, um fachkundigen Rat zu erhalten.<\/h3>\n\n<figure class=\"wp-block-image size-large\"><img decoding=\"async\" src=\"https:\/\/medclinics.com\/wp-content\/uploads\/2023\/05\/pediatric-eye-health.png\" alt=\"P&#xE4;diatrische Augengesundheit\" class=\"wp-image-81698\"\/><\/figure>\n\n<h3 class=\"wp-block-heading\">FAQ<\/h3>\n<div id=\"rank-math-faq\" class=\"rank-math-block\">\n<div class=\"rank-math-list \">\n<div id=\"faq-question-1682600986649\" class=\"rank-math-list-item\">\n<h3 class=\"rank-math-question \">Wird sich die Sehkraft meines Kindes verbessern?<\/h3>\n<div class=\"rank-math-answer \">\n\n<p>Es ist m\u00f6glich, dass sich die Sehkraft eines Kindes verbessert, aber das h\u00e4ngt von der spezifischen Ursache der Sehst\u00f6rung ab. In einigen F\u00e4llen kann das Tragen einer Korrektionsbrille oder eine Sehtherapie zur Verbesserung der Sehkraft beitragen. Es ist jedoch wichtig, einen Kinderaugenarzt zu konsultieren, um die beste Vorgehensweise f\u00fcr die individuellen Bed\u00fcrfnisse Ihres Kindes zu bestimmen.<\/p>\n\n<\/div>\n<\/div>\n<div id=\"faq-question-1682601014853\" class=\"rank-math-list-item\">\n<h3 class=\"rank-math-question \">Wann sollte ein Kind einen Sehtest machen?<\/h3>\n<div class=\"rank-math-answer \">\n\n<p>Kinder sollten ihre erste umfassende Augenuntersuchung im Alter von etwa sechs Monaten erhalten. Danach sollten die Augen im Alter von drei Jahren vor der Einschulung und danach mindestens alle zwei Jahre erneut untersucht werden, sofern der Augenarzt nichts anderes empfiehlt. Wenn jedoch in der Familie eines Kindes bereits Augenprobleme aufgetreten sind oder wenn es Bedenken hinsichtlich der Sehkraft oder der Augengesundheit gibt, sollte eine Augenuntersuchung sogar noch fr\u00fcher angesetzt werden.  <\/p>\n\n<\/div>\n<\/div>\n<div id=\"faq-question-1682601039488\" class=\"rank-math-list-item\">\n<h3 class=\"rank-math-question \">Wie werden die Augen von Kindern getestet?<\/h3>\n<div class=\"rank-math-answer \">\n\n<p>Die Augen von Kindern werden bei einer umfassenden Augenuntersuchung durch einen Augenarzt oder Optometristen getestet. Die Untersuchung umfasst in der Regel einen Sehsch\u00e4rfentest, bei dem Buchstaben auf einer Augentafel abgelesen werden; einen Binokulartest, bei dem beurteilt wird, wie gut die Augen zusammenarbeiten; einen Refraktionstest, bei dem festgestellt wird, ob das Kind eine Brille oder Kontaktlinsen ben\u00f6tigt; und eine Untersuchung mit erweiterten Augen, bei der der Augenarzt das Innere des Auges untersuchen kann. Die Untersuchung kann auch zus\u00e4tzliche Tests umfassen, die je nach Alter des Kindes und besonderen Anliegen erforderlich sind. Ziel der Untersuchung ist es, Sehprobleme oder Augenkrankheiten zu erkennen, die m\u00f6glicherweise behandelt oder \u00fcberwacht werden m\u00fcssen.<\/p>\n\n<\/div>\n<\/div>\n<div id=\"faq-question-1682601070178\" class=\"rank-math-list-item\">\n<h3 class=\"rank-math-question \">Was sind die Anzeichen f\u00fcr ungesunde Augen?<\/h3>\n<div class=\"rank-math-answer \">\n\n<p>Da Kinder nicht immer in der Lage sind, ihre Sehprobleme mitzuteilen, ist es wichtig, dass die Eltern die Anzeichen f\u00fcr ungesunde Augen erkennen k\u00f6nnen. Ein h\u00e4ufiges Anzeichen ist, wenn ein Kind sich h\u00e4ufig die Augen reibt oder \u00fcber Juckreiz oder Brennen klagt. Blinzeln oder das Schlie\u00dfen eines Auges, um besser sehen zu k\u00f6nnen, kann ebenfalls ein Zeichen f\u00fcr Sehprobleme sein. Ein weiterer Indikator ist, wenn ein Kind zu nah vor dem Fernseher sitzt oder B\u00fccher zu nah an sein Gesicht h\u00e4lt. Wenn ein Kind h\u00e4ufig Kopfschmerzen hat oder die Augen \u00fcberanstrengt, k\u00f6nnte dies auch auf ein zugrunde liegendes Sehproblem zur\u00fcckzuf\u00fchren sein. Die Eltern sollten auch auf ungew\u00f6hnliche Augenbewegungen achten oder darauf, ob die Augen des Kindes schief stehen. Wenn eines dieser Anzeichen auftritt, ist es wichtig, einen Termin f\u00fcr eine Augenuntersuchung bei einem Kinderaugenarzt zu vereinbaren, um eine optimale Augengesundheit und Sehentwicklung des Kindes sicherzustellen.<\/p>\n\n<\/div>\n<\/div>\n<div id=\"faq-question-1683806968702\" class=\"rank-math-list-item\">\n<h3 class=\"rank-math-question \">Was ist p\u00e4diatrische Augengesundheit?<\/h3>\n<div class=\"rank-math-answer \">\n\n<p>Die p\u00e4diatrische Augenheilkunde ist der Zweig der Medizin, der sich mit der Augengesundheit von S\u00e4uglingen, Kindern und Jugendlichen befasst. Sie umfasst die Diagnose und Behandlung verschiedener Augenkrankheiten, die Kinder betreffen k\u00f6nnen, wie Schielen, Amblyopie, Refraktionsfehler und Augeninfektionen. Die p\u00e4diatrische Augengesundheit spielt eine wichtige Rolle, wenn es darum geht, Kindern die bestm\u00f6gliche Sehkraft und Augengesundheit zu gew\u00e4hrleisten, was sich auf ihre schulische, soziale und emotionale Entwicklung auswirken kann.<\/p>\n\n<\/div>\n<\/div>\n<\/div>\n<\/div>\n<p>\u00a0<\/p>\n\n<h3 class=\"wp-block-heading\">Kontaktieren Sie uns jetzt, falls Sie Fragen haben!<\/h3>\n","protected":false},"excerpt":{"rendered":"<p>Gesunde Augen, gl\u00fcckliche Kinder! Lassen Sie uns ihre Visionen f\u00fcr eine bessere Zukunft sch\u00fctzen. Bei der Augengesundheit von Kindern geht [&hellip;]<\/p>\n","protected":false},"author":4,"featured_media":160861,"parent":0,"menu_order":0,"comment_status":"closed","ping_status":"closed","template":"","meta":{"site-sidebar-layout":"default","site-content-layout":"","ast-site-content-layout":"default","site-content-style":"default","site-sidebar-style":"default","ast-global-header-display":"","ast-banner-title-visibility":"","ast-main-header-display":"","ast-hfb-above-header-display":"","ast-hfb-below-header-display":"","ast-hfb-mobile-header-display":"","site-post-title":"","ast-breadcrumbs-content":"","ast-featured-img":"","footer-sml-layout":"","ast-disable-related-posts":"","theme-transparent-header-meta":"","adv-header-id-meta":"","stick-header-meta":"","header-above-stick-meta":"","header-main-stick-meta":"","header-below-stick-meta":"","astra-migrate-meta-layouts":"default","ast-page-background-enabled":"default","ast-page-background-meta":{"desktop":{"background-color":"var(--ast-global-color-4)","background-image":"","background-repeat":"repeat","background-position":"center center","background-size":"auto","background-attachment":"scroll","background-type":"","background-media":"","overlay-type":"","overlay-color":"","overlay-opacity":"","overlay-gradient":""},"tablet":{"background-color":"","background-image":"","background-repeat":"repeat","background-position":"center center","background-size":"auto","background-attachment":"scroll","background-type":"","background-media":"","overlay-type":"","overlay-color":"","overlay-opacity":"","overlay-gradient":""},"mobile":{"background-color":"","background-image":"","background-repeat":"repeat","background-position":"center center","background-size":"auto","background-attachment":"scroll","background-type":"","background-media":"","overlay-type":"","overlay-color":"","overlay-opacity":"","overlay-gradient":""}},"ast-content-background-meta":{"desktop":{"background-color":"var(--ast-global-color-5)","background-image":"","background-repeat":"repeat","background-position":"center center","background-size":"auto","background-attachment":"scroll","background-type":"","background-media":"","overlay-type":"","overlay-color":"","overlay-opacity":"","overlay-gradient":""},"tablet":{"background-color":"var(--ast-global-color-5)","background-image":"","background-repeat":"repeat","background-position":"center center","background-size":"auto","background-attachment":"scroll","background-type":"","background-media":"","overlay-type":"","overlay-color":"","overlay-opacity":"","overlay-gradient":""},"mobile":{"background-color":"var(--ast-global-color-5)","background-image":"","background-repeat":"repeat","background-position":"center center","background-size":"auto","background-attachment":"scroll","background-type":"","background-media":"","overlay-type":"","overlay-color":"","overlay-opacity":"","overlay-gradient":""}},"footnotes":""},"class_list":["post-145213","page","type-page","status-publish","has-post-thumbnail","hentry"],"_links":{"self":[{"href":"https:\/\/medclinics.com\/de\/wp-json\/wp\/v2\/pages\/145213","targetHints":{"allow":["GET"]}}],"collection":[{"href":"https:\/\/medclinics.com\/de\/wp-json\/wp\/v2\/pages"}],"about":[{"href":"https:\/\/medclinics.com\/de\/wp-json\/wp\/v2\/types\/page"}],"author":[{"embeddable":true,"href":"https:\/\/medclinics.com\/de\/wp-json\/wp\/v2\/users\/4"}],"replies":[{"embeddable":true,"href":"https:\/\/medclinics.com\/de\/wp-json\/wp\/v2\/comments?post=145213"}],"version-history":[{"count":0,"href":"https:\/\/medclinics.com\/de\/wp-json\/wp\/v2\/pages\/145213\/revisions"}],"wp:featuredmedia":[{"embeddable":true,"href":"https:\/\/medclinics.com\/de\/wp-json\/wp\/v2\/media\/160861"}],"wp:attachment":[{"href":"https:\/\/medclinics.com\/de\/wp-json\/wp\/v2\/media?parent=145213"}],"curies":[{"name":"wp","href":"https:\/\/api.w.org\/{rel}","templated":true}]}}