{"id":145205,"date":"2023-05-11T11:36:41","date_gmt":"2023-05-11T08:36:41","guid":{"rendered":"https:\/\/medclinics.com\/amblyopie\/"},"modified":"2024-12-29T00:50:07","modified_gmt":"2024-12-28T21:50:07","slug":"amblyopie","status":"publish","type":"page","link":"https:\/\/medclinics.com\/de\/amblyopie\/","title":{"rendered":"Amblyopie"},"content":{"rendered":"\n<h2 class=\"wp-block-heading\">Lassen Sie nicht zu, dass Amblyopie Ihre Sicht tr\u00fcbt. Vertrauen Sie unseren Experten, damit Sie wieder klare Sicht und eine bessere Zukunft haben.<\/h2>\n\n<p>Amblyopie, gemeinhin als &#8222;tr\u00e4ges Auge&#8220; bekannt, ist eine Sehst\u00f6rung, die im Kindesalter auftritt. Sie ist gekennzeichnet durch eine Abnahme der Sehkraft auf einem oder beiden Augen, die nicht durch eine Brille oder Kontaktlinsen korrigiert werden kann. Dieser Sehverlust tritt auf, weil das Gehirn &#8222;lernt&#8220;, die Signale des schw\u00e4cheren Auges zu ignorieren und nur die Signale des st\u00e4rkeren Auges zu verarbeiten. Dies geschieht, weil das Gehirn verschwommene oder doppelte Bilder von dem schw\u00e4cheren Auge empf\u00e4ngt, so dass es lernt, die Signale von diesem Auge zu ignorieren, um Verwirrung zu vermeiden.<\/p>\n\n<p>Es gibt mehrere Ursachen f\u00fcr diese Krankheit, aber die h\u00e4ufigste ist das Schielen, also eine Fehlstellung der <a href=\"https:\/\/istanbul-tourist-information.com\/en\/category\/eye\/\" target=\"_blank\" rel=\"noreferrer noopener\">Augen<\/a>. Andere Ursachen sind ein erheblicher Unterschied in der Refraktion zwischen den Augen, z. B. wenn ein Auge viel kurzsichtiger oder weitsichtiger ist als das andere, oder ein physisches Hindernis, das verhindert, dass das Licht richtig in das Auge eintritt. Sie kann bei einer umfassenden Augenuntersuchung festgestellt werden, die f\u00fcr alle Kinder ab einem Alter von etwa 6 Monaten empfohlen wird.<\/p>\n\n<p>Die Behandlung der Amblyopie umfasst in der Regel die Korrektur der zugrundeliegenden Probleme, z. B. die Behandlung des Schielens oder die Korrektur eines Brechungsfehlers mit einer Brille oder Kontaktlinsen. Dar\u00fcber hinaus kann das st\u00e4rkere Auge geflickt oder unscharf gemacht werden, um das schw\u00e4chere Auge zu zwingen, h\u00e4rter zu arbeiten und seine Sehkraft zu verbessern. Diese Behandlung dauert in der Regel mehrere Wochen bis Monate, und es ist wichtig, die Anweisungen des Arztes genau zu befolgen, um das bestm\u00f6gliche Ergebnis zu erzielen. Bleibt die Amblyopie unbehandelt, kann sie zu einem dauerhaften Verlust des Sehverm\u00f6gens auf dem betroffenen Auge f\u00fchren, daher sind eine fr\u00fchzeitige Erkennung und Behandlung entscheidend f\u00fcr den Erhalt des Sehverm\u00f6gens.<\/p>\n\n<h3 class=\"wp-block-heading\">Entdecken Sie mit uns Ihre perfekte <a href=\"https:\/\/medclinics.com\/de\/allgemeine-augenchirurgie\/\" target=\"_blank\" rel=\"noreferrer noopener\">augenchirurgische<\/a> L\u00f6sung. Vom Preis bis zur Nachbetreuung, wir haben alles f\u00fcr Sie &#8211; kontaktieren Sie <a href=\"https:\/\/medclinics.com\/wp-admin\/post.php?post=81673&amp;action=edit#requestform\">uns<\/a> noch heute!<\/h3>\n\n<figure class=\"wp-block-image size-large\"><img fetchpriority=\"high\" decoding=\"async\" width=\"6016\" height=\"4016\" src=\"https:\/\/medclinics.com\/wp-content\/uploads\/2023\/05\/amblyopia.png\" alt=\"Ein Kind mit Amblyopie\" class=\"wp-image-81680\" srcset=\"https:\/\/medclinics.com\/wp-content\/uploads\/2023\/05\/amblyopia.png 6016w, https:\/\/medclinics.com\/wp-content\/uploads\/2023\/05\/amblyopia-500x334.png 500w, https:\/\/medclinics.com\/wp-content\/uploads\/2023\/05\/amblyopia-1024x684.png 1024w, https:\/\/medclinics.com\/wp-content\/uploads\/2023\/05\/amblyopia-768x513.png 768w, https:\/\/medclinics.com\/wp-content\/uploads\/2023\/05\/amblyopia-1536x1025.png 1536w, https:\/\/medclinics.com\/wp-content\/uploads\/2023\/05\/amblyopia-2048x1367.png 2048w, https:\/\/medclinics.com\/wp-content\/uploads\/2023\/05\/amblyopia-24x16.png 24w, https:\/\/medclinics.com\/wp-content\/uploads\/2023\/05\/amblyopia-36x24.png 36w, https:\/\/medclinics.com\/wp-content\/uploads\/2023\/05\/amblyopia-48x32.png 48w\" sizes=\"(max-width: 6016px) 100vw, 6016px\" \/><\/figure>\n\n<h2 class=\"wp-block-heading\">FAQ<\/h2>\n<div id=\"rank-math-faq\" class=\"rank-math-block\">\n<div class=\"rank-math-list \">\n<div id=\"faq-question-1682603361561\" class=\"rank-math-list-item\">\n<h3 class=\"rank-math-question \">Was bedeutet Amblyopie?<\/h3>\n<div class=\"rank-math-answer \">\n\n<p>Amblyopie, allgemein als u0022lazy eye,u0022 bezeichnet, ist eine Erkrankung, die das Sehverm\u00f6gen in der Kindheit beeintr\u00e4chtigt. Diese St\u00f6rung tritt auf, wenn sich ein Auge nicht richtig entwickelt, was zu einem schlechten visuellen Input und schlie\u00dflich zu einer Vernachl\u00e4ssigung durch das Gehirn f\u00fchrt. Infolgedessen kann die Sehkraft des betroffenen Auges selbst bei Korrektur eingeschr\u00e4nkt sein, was unbehandelt zu weiteren Sehproblemen f\u00fchren kann.<\/p>\n\n<\/div>\n<\/div>\n<div id=\"faq-question-1682665852961\" class=\"rank-math-list-item\">\n<h3 class=\"rank-math-question \">Kann die Amblyopie korrigiert werden?<\/h3>\n<div class=\"rank-math-answer \">\n\n<p>Ja, Amblyopie kann mit einer Behandlung korrigiert werden, insbesondere wenn sie fr\u00fchzeitig erkannt und behandelt wird. Zu den h\u00e4ufigsten Behandlungen geh\u00f6ren das Aufkleben eines Pflasters auf das gute Auge, um das schw\u00e4chere Auge zu zwingen, mehr zu arbeiten, Augentropfen, um die Sicht auf dem guten Auge zu tr\u00fcben, und eine Korrektionsbrille oder Kontaktlinsen. In einigen F\u00e4llen kann ein chirurgischer Eingriff erforderlich sein, um die zugrunde liegenden strukturellen Probleme des Auges zu korrigieren. Der Erfolg der Behandlung h\u00e4ngt von verschiedenen Faktoren ab, u. a. vom Alter, in dem die Behandlung beginnt, vom Schweregrad der Erkrankung und davon, ob sich der Patient an den Behandlungsplan h\u00e4lt.<\/p>\n\n<\/div>\n<\/div>\n<div id=\"faq-question-1682666623404\" class=\"rank-math-list-item\">\n<h3 class=\"rank-math-question \">Kann Amblyopie Strabismus verursachen?<\/h3>\n<div class=\"rank-math-answer \">\n\n<p>Ja, Amblyopie kann manchmal zu Schielen f\u00fchren, d. h. zu einem Zustand, in dem die Augen nicht richtig ausgerichtet sind. Dies liegt daran, dass das Gehirn ein Auge gegen\u00fcber dem anderen bevorzugen kann, was dazu f\u00fchrt, dass sich das schw\u00e4chere Auge nach innen oder au\u00dfen dreht und Schielen verursacht. Es ist jedoch wichtig zu wissen, dass nicht alle F\u00e4lle von Amblyopie zu Strabismus f\u00fchren und nicht alle F\u00e4lle von Strabismus durch Amblyopie verursacht werden.<\/p>\n\n<\/div>\n<\/div>\n<div id=\"faq-question-1682666956133\" class=\"rank-math-list-item\">\n<h3 class=\"rank-math-question \">Kann die Amblyopie bei Erwachsenen korrigiert werden?<\/h3>\n<div class=\"rank-math-answer \">\n\n<p>Ja, Amblyopie kann bei Erwachsenen korrigiert werden, auch wenn es l\u00e4nger dauern und mehr Aufwand erfordern kann als bei Kindern. Zu den Behandlungsm\u00f6glichkeiten f\u00fcr Erwachsene geh\u00f6ren Sehtherapie, Augenpflaster oder eine Kombination aus beidem. Es ist wichtig, einen Augenarzt zu konsultieren, um eine angemessene Bewertung und einen individuellen Behandlungsplan zu erhalten.<\/p>\n\n<\/div>\n<\/div>\n<\/div>\n<\/div>\n<p>\u00a0<\/p>\n\n<h3 class=\"wp-block-heading\">Kontaktieren Sie uns jetzt, falls Sie Fragen haben!<\/h3>\n","protected":false},"excerpt":{"rendered":"<p>Lassen Sie nicht zu, dass Amblyopie Ihre Sicht tr\u00fcbt. Vertrauen Sie unseren Experten, damit Sie wieder klare Sicht und eine [&hellip;]<\/p>\n","protected":false},"author":4,"featured_media":93117,"parent":0,"menu_order":0,"comment_status":"closed","ping_status":"closed","template":"","meta":{"site-sidebar-layout":"default","site-content-layout":"","ast-site-content-layout":"default","site-content-style":"default","site-sidebar-style":"default","ast-global-header-display":"","ast-banner-title-visibility":"","ast-main-header-display":"","ast-hfb-above-header-display":"","ast-hfb-below-header-display":"","ast-hfb-mobile-header-display":"","site-post-title":"","ast-breadcrumbs-content":"","ast-featured-img":"","footer-sml-layout":"","ast-disable-related-posts":"","theme-transparent-header-meta":"","adv-header-id-meta":"","stick-header-meta":"","header-above-stick-meta":"","header-main-stick-meta":"","header-below-stick-meta":"","astra-migrate-meta-layouts":"default","ast-page-background-enabled":"default","ast-page-background-meta":{"desktop":{"background-color":"var(--ast-global-color-4)","background-image":"","background-repeat":"repeat","background-position":"center center","background-size":"auto","background-attachment":"scroll","background-type":"","background-media":"","overlay-type":"","overlay-color":"","overlay-opacity":"","overlay-gradient":""},"tablet":{"background-color":"","background-image":"","background-repeat":"repeat","background-position":"center center","background-size":"auto","background-attachment":"scroll","background-type":"","background-media":"","overlay-type":"","overlay-color":"","overlay-opacity":"","overlay-gradient":""},"mobile":{"background-color":"","background-image":"","background-repeat":"repeat","background-position":"center center","background-size":"auto","background-attachment":"scroll","background-type":"","background-media":"","overlay-type":"","overlay-color":"","overlay-opacity":"","overlay-gradient":""}},"ast-content-background-meta":{"desktop":{"background-color":"var(--ast-global-color-5)","background-image":"","background-repeat":"repeat","background-position":"center center","background-size":"auto","background-attachment":"scroll","background-type":"","background-media":"","overlay-type":"","overlay-color":"","overlay-opacity":"","overlay-gradient":""},"tablet":{"background-color":"var(--ast-global-color-5)","background-image":"","background-repeat":"repeat","background-position":"center center","background-size":"auto","background-attachment":"scroll","background-type":"","background-media":"","overlay-type":"","overlay-color":"","overlay-opacity":"","overlay-gradient":""},"mobile":{"background-color":"var(--ast-global-color-5)","background-image":"","background-repeat":"repeat","background-position":"center center","background-size":"auto","background-attachment":"scroll","background-type":"","background-media":"","overlay-type":"","overlay-color":"","overlay-opacity":"","overlay-gradient":""}},"footnotes":""},"class_list":["post-145205","page","type-page","status-publish","has-post-thumbnail","hentry"],"_links":{"self":[{"href":"https:\/\/medclinics.com\/de\/wp-json\/wp\/v2\/pages\/145205","targetHints":{"allow":["GET"]}}],"collection":[{"href":"https:\/\/medclinics.com\/de\/wp-json\/wp\/v2\/pages"}],"about":[{"href":"https:\/\/medclinics.com\/de\/wp-json\/wp\/v2\/types\/page"}],"author":[{"embeddable":true,"href":"https:\/\/medclinics.com\/de\/wp-json\/wp\/v2\/users\/4"}],"replies":[{"embeddable":true,"href":"https:\/\/medclinics.com\/de\/wp-json\/wp\/v2\/comments?post=145205"}],"version-history":[{"count":0,"href":"https:\/\/medclinics.com\/de\/wp-json\/wp\/v2\/pages\/145205\/revisions"}],"wp:featuredmedia":[{"embeddable":true,"href":"https:\/\/medclinics.com\/de\/wp-json\/wp\/v2\/media\/93117"}],"wp:attachment":[{"href":"https:\/\/medclinics.com\/de\/wp-json\/wp\/v2\/media?parent=145205"}],"curies":[{"name":"wp","href":"https:\/\/api.w.org\/{rel}","templated":true}]}}