{"id":145199,"date":"2023-05-27T09:48:40","date_gmt":"2023-05-27T06:48:40","guid":{"rendered":"https:\/\/medclinics.com\/katarakt\/"},"modified":"2024-12-30T19:30:23","modified_gmt":"2024-12-30T16:30:23","slug":"katarakt","status":"publish","type":"page","link":"https:\/\/medclinics.com\/de\/katarakt\/","title":{"rendered":"Katarakt"},"content":{"rendered":"\n<h2 class=\"wp-block-heading\">Haben Sie mit verschwommenem Sehen zu k\u00e4mpfen oder haben Sie Schwierigkeiten bei schlechten Lichtverh\u00e4ltnissen? Lassen Sie sich beraten, um \u00fcber Ihre Optionen f\u00fcr die Behandlung des Grauen Stars zu entscheiden.<\/h2>\n\n<p>Durch den Grauen Star werden die Augen tr\u00fcb und verschwommen. Es geschieht langsam, und Sie bemerken es vielleicht zun\u00e4chst nicht. Das kann mit zunehmendem Alter passieren, aber auch durch Verletzungen, Medikamente oder gesundheitliche Probleme.<\/p>\n\n<p>Der Graue Star kann zu einer unklaren Sicht f\u00fchren, insbesondere nachts. Das Licht k\u00f6nnte Sie st\u00f6ren, und Sie k\u00f6nnten auf einem Auge doppelt sehen. Wenn Sie sich nicht helfen lassen, kann sich Ihr Sehverm\u00f6gen erheblich verschlechtern. Aber eine Operation kann sie beheben und Ihre Sehkraft verbessern.<\/p>\n\n<p><br\/>Bei der Operation wird die tr\u00fcbe Linse in Ihrem Auge entfernt und durch eine neue Linse, eine so genannte Intraokularlinse (IOL), ersetzt. Der Eingriff ist schnell und dauert etwa 15-20 Minuten pro Auge. Nach der \u00f6rtlichen Bet\u00e4ubung k\u00f6nnen Sie wahrscheinlich noch am selben Tag nach Hause gehen. Schon nach wenigen Tagen f\u00fchlen Sie sich besser und k\u00f6nnen Ihren normalen Aktivit\u00e4ten wieder nachgehen.<\/p>\n\n<p>Diese Operation ist sehr h\u00e4ufig. Sie ist auch sehr erfolgreich &#8211; nach Angaben der American Society of Cataract and Refractive Surgery in \u00fcber 98 % der F\u00e4lle. Die Chirurgie wird dank neuer Technologien und Techniken immer besser. Das bedeutet noch bessere Ergebnisse f\u00fcr die Patienten.  <\/p>\n\n<h3 class=\"wp-block-heading\">Alles, was Sie \u00fcber die <a href=\"https:\/\/medclinics.com\/de\/allgemeine-augenchirurgie\/\" target=\"_blank\" rel=\"noreferrer noopener\">allgemeine Augenchirurgie<\/a> wissen m\u00fcssen, einschlie\u00dflich Preis, Nachsorge und Heilungsprozess, oder <a href=\"#requestform\">kontaktieren Sie uns<\/a>!<\/h3>\n\n<figure class=\"wp-block-image size-large\"><img fetchpriority=\"high\" decoding=\"async\" width=\"6720\" height=\"4480\" src=\"https:\/\/medclinics.com\/wp-content\/uploads\/2023\/05\/cataract.png\" alt=\"Katarakt OP in Istanbul T&#xFC;rkei\" class=\"wp-image-81653\" srcset=\"https:\/\/medclinics.com\/wp-content\/uploads\/2023\/05\/cataract.png 6720w, https:\/\/medclinics.com\/wp-content\/uploads\/2023\/05\/cataract-500x333.png 500w, https:\/\/medclinics.com\/wp-content\/uploads\/2023\/05\/cataract-1024x683.png 1024w, https:\/\/medclinics.com\/wp-content\/uploads\/2023\/05\/cataract-768x512.png 768w, https:\/\/medclinics.com\/wp-content\/uploads\/2023\/05\/cataract-1536x1024.png 1536w, https:\/\/medclinics.com\/wp-content\/uploads\/2023\/05\/cataract-2048x1365.png 2048w, https:\/\/medclinics.com\/wp-content\/uploads\/2023\/05\/cataract-24x16.png 24w, https:\/\/medclinics.com\/wp-content\/uploads\/2023\/05\/cataract-36x24.png 36w, https:\/\/medclinics.com\/wp-content\/uploads\/2023\/05\/cataract-48x32.png 48w\" sizes=\"(max-width: 6720px) 100vw, 6720px\" \/><\/figure>\n\n<h2 class=\"wp-block-heading\">FAQ <\/h2>\n\n<h3 class=\"wp-block-heading\">Kontaktieren Sie uns jetzt, falls Sie Fragen haben!<\/h3>\n","protected":false},"excerpt":{"rendered":"<p>Haben Sie mit verschwommenem Sehen zu k\u00e4mpfen oder haben Sie Schwierigkeiten bei schlechten Lichtverh\u00e4ltnissen? Lassen Sie sich beraten, um \u00fcber [&hellip;]<\/p>\n","protected":false},"author":4,"featured_media":93148,"parent":0,"menu_order":0,"comment_status":"closed","ping_status":"closed","template":"","meta":{"site-sidebar-layout":"default","site-content-layout":"","ast-site-content-layout":"default","site-content-style":"default","site-sidebar-style":"default","ast-global-header-display":"","ast-banner-title-visibility":"","ast-main-header-display":"","ast-hfb-above-header-display":"","ast-hfb-below-header-display":"","ast-hfb-mobile-header-display":"","site-post-title":"","ast-breadcrumbs-content":"","ast-featured-img":"","footer-sml-layout":"","ast-disable-related-posts":"","theme-transparent-header-meta":"","adv-header-id-meta":"","stick-header-meta":"","header-above-stick-meta":"","header-main-stick-meta":"","header-below-stick-meta":"","astra-migrate-meta-layouts":"default","ast-page-background-enabled":"default","ast-page-background-meta":{"desktop":{"background-color":"var(--ast-global-color-4)","background-image":"","background-repeat":"repeat","background-position":"center center","background-size":"auto","background-attachment":"scroll","background-type":"","background-media":"","overlay-type":"","overlay-color":"","overlay-opacity":"","overlay-gradient":""},"tablet":{"background-color":"","background-image":"","background-repeat":"repeat","background-position":"center center","background-size":"auto","background-attachment":"scroll","background-type":"","background-media":"","overlay-type":"","overlay-color":"","overlay-opacity":"","overlay-gradient":""},"mobile":{"background-color":"","background-image":"","background-repeat":"repeat","background-position":"center center","background-size":"auto","background-attachment":"scroll","background-type":"","background-media":"","overlay-type":"","overlay-color":"","overlay-opacity":"","overlay-gradient":""}},"ast-content-background-meta":{"desktop":{"background-color":"var(--ast-global-color-5)","background-image":"","background-repeat":"repeat","background-position":"center center","background-size":"auto","background-attachment":"scroll","background-type":"","background-media":"","overlay-type":"","overlay-color":"","overlay-opacity":"","overlay-gradient":""},"tablet":{"background-color":"var(--ast-global-color-5)","background-image":"","background-repeat":"repeat","background-position":"center center","background-size":"auto","background-attachment":"scroll","background-type":"","background-media":"","overlay-type":"","overlay-color":"","overlay-opacity":"","overlay-gradient":""},"mobile":{"background-color":"var(--ast-global-color-5)","background-image":"","background-repeat":"repeat","background-position":"center center","background-size":"auto","background-attachment":"scroll","background-type":"","background-media":"","overlay-type":"","overlay-color":"","overlay-opacity":"","overlay-gradient":""}},"footnotes":""},"class_list":["post-145199","page","type-page","status-publish","has-post-thumbnail","hentry"],"_links":{"self":[{"href":"https:\/\/medclinics.com\/de\/wp-json\/wp\/v2\/pages\/145199","targetHints":{"allow":["GET"]}}],"collection":[{"href":"https:\/\/medclinics.com\/de\/wp-json\/wp\/v2\/pages"}],"about":[{"href":"https:\/\/medclinics.com\/de\/wp-json\/wp\/v2\/types\/page"}],"author":[{"embeddable":true,"href":"https:\/\/medclinics.com\/de\/wp-json\/wp\/v2\/users\/4"}],"replies":[{"embeddable":true,"href":"https:\/\/medclinics.com\/de\/wp-json\/wp\/v2\/comments?post=145199"}],"version-history":[{"count":0,"href":"https:\/\/medclinics.com\/de\/wp-json\/wp\/v2\/pages\/145199\/revisions"}],"wp:featuredmedia":[{"embeddable":true,"href":"https:\/\/medclinics.com\/de\/wp-json\/wp\/v2\/media\/93148"}],"wp:attachment":[{"href":"https:\/\/medclinics.com\/de\/wp-json\/wp\/v2\/media?parent=145199"}],"curies":[{"name":"wp","href":"https:\/\/api.w.org\/{rel}","templated":true}]}}