{"id":145189,"date":"2023-05-11T08:55:58","date_gmt":"2023-05-11T05:55:58","guid":{"rendered":"https:\/\/medclinics.com\/allgemeine-augenchirurgie\/"},"modified":"2025-01-02T15:50:38","modified_gmt":"2025-01-02T12:50:38","slug":"allgemeine-augenchirurgie","status":"publish","type":"page","link":"https:\/\/medclinics.com\/de\/allgemeine-augenchirurgie\/","title":{"rendered":"Allgemeine Augenchirurgie"},"content":{"rendered":"\n<h2 class=\"wp-block-heading\" id=\"general-eye-or-ophthalmology-surgery\">Allgemeine Augenchirurgie oder Ophthalmologie <\/h2>\n\n<p>Ist ein medizinisches Fachgebiet, das sich mit der Erforschung der Anatomie, Physiologie und Krankheiten des Auges befasst.<br\/>Um das Sehverm\u00f6gen ihrer Patienten zu erhalten oder wiederherzustellen, f\u00fchren Augen\u00e4rzte verschiedene Verfahren wie Hornhauttransplantationen, Kataraktoperationen und Augenlaseroperationen durch.<\/p>\n\n<figure class=\"wp-block-image size-full\"><img fetchpriority=\"high\" decoding=\"async\" width=\"780\" height=\"488\" src=\"https:\/\/medclinics.com\/wp-content\/uploads\/2024\/04\/General-Eye-Surgery-Ophthalmology-treatment.jpg\" alt=\"\" class=\"wp-image-161302\" srcset=\"https:\/\/medclinics.com\/wp-content\/uploads\/2024\/04\/General-Eye-Surgery-Ophthalmology-treatment.jpg 780w, https:\/\/medclinics.com\/wp-content\/uploads\/2024\/04\/General-Eye-Surgery-Ophthalmology-treatment-300x188.jpg 300w, https:\/\/medclinics.com\/wp-content\/uploads\/2024\/04\/General-Eye-Surgery-Ophthalmology-treatment-768x480.jpg 768w\" sizes=\"(max-width: 780px) 100vw, 780px\" \/><\/figure>\n\n<div class=\"wp-block-rank-math-toc-block\" id=\"rank-math-toc\"><h2>Inhaltsverzeichnis<\/h2><nav><ul><li><a href=\"#general-eye-or-ophthalmology-surgery\">Allgemeine Augenchirurgie oder Ophthalmologie<\/a><\/li><li><a href=\"#so-what-is\">Was ist also<\/a><\/li><li><a href=\"#types-and-methods\">Arten und Methoden<\/a><\/li><li><a href=\"#treatment-plan\">Behandlungsplan<\/a><\/li><li><a href=\"#aftercare\">Nachsorge<\/a><\/li><li><a href=\"#top-general-eye-surgery-costs-by-country\">Die h\u00f6chsten Kosten f\u00fcr allgemeine Augenchirurgie nach Land<\/a><\/li><li><a href=\"#types-of-general-eye-surgery\">Arten der allgemeinen Augenchirurgie<\/a><\/li><li><a href=\"#faq\">FAQ<\/a><\/li><li><a href=\"#history\">Geschichte<\/a><\/li><\/ul><\/nav><\/div>\n\n<h2 class=\"wp-block-heading\" id=\"so-what-is\">Was ist also<\/h2>\n\n<ul class=\"wp-block-list\">\n<li>Die allgemeine Augenchirurgie oder Ophthalmologie ist ein medizinisches Fachgebiet, das sich mit der Diagnose, Behandlung und Vorbeugung von Krankheiten und St\u00f6rungen des Auges befasst.<\/li>\n\n\n\n<li>Sie wird von hochqualifizierten Augen\u00e4rzten durchgef\u00fchrt, die verschiedene Instrumente und Techniken einsetzen, um das Sehverm\u00f6gen ihrer Patienten zu erhalten und wiederherzustellen.<\/li>\n<\/ul>\n\n<h2 class=\"wp-block-heading\" id=\"types-and-methods\">Arten und Methoden<\/h2>\n\n<h3 class=\"wp-block-heading\" id=\"there-are-several-types-and-techniques-of-mammoplasty\">Es gibt verschiedene Arten und Techniken der allgemeinen Augenchirurgie:<\/h3>\n\n<ul class=\"wp-block-list\">\n<li><a href=\"https:\/\/medclinics.com\/de\/asthetik-der-augenlider\/\" target=\"_blank\" rel=\"noreferrer noopener\">\u00c4sthetik der Augenlider<\/a><\/li>\n\n\n\n<li><a href=\"https:\/\/medclinics.com\/de\/augenlaser\/\" target=\"_blank\" rel=\"noreferrer noopener\">Augenlaser  <\/a><\/li>\n\n\n\n<li><a href=\"https:\/\/medclinics.com\/de\/multifokallinsen\/\" target=\"_blank\" rel=\"noreferrer noopener\">Multifokallinsen<\/a><\/li>\n\n\n\n<li><a href=\"https:\/\/medclinics.com\/de\/katarakt\/\" target=\"_blank\" rel=\"noreferrer noopener\">Grauer Star<\/a><\/li>\n\n\n\n<li><a href=\"https:\/\/medclinics.com\/de\/netzhautchirurgie\/\" target=\"_blank\" rel=\"noreferrer noopener\">Netzhautchirurgie<\/a><\/li>\n\n\n\n<li><a href=\"https:\/\/medclinics.com\/de\/padiatrische-augengesundheit\/\" target=\"_blank\" rel=\"noreferrer noopener\">P\u00e4diatrische Augengesundheit<\/a><\/li>\n\n\n\n<li><a href=\"https:\/\/medclinics.com\/de\/amblyopie\/\" target=\"_blank\" rel=\"noreferrer noopener\">Amblyopie<\/a><\/li>\n\n\n\n<li><a href=\"https:\/\/medclinics.com\/de\/hornhaut\/\" target=\"_blank\" rel=\"noreferrer noopener\">Hornhaut<\/a><\/li>\n\n\n\n<li><a href=\"https:\/\/medclinics.com\/de\/neuro-ophthalmologie\/\" target=\"_blank\" rel=\"noreferrer noopener\">Neuro-Ophthalmologie<\/a><\/li>\n\n\n\n<li><a href=\"https:\/\/medclinics.com\/de\/augentumor\/\" target=\"_blank\" rel=\"noreferrer noopener\">Augentumor<\/a><\/li>\n\n\n\n<li><a href=\"https:\/\/medclinics.com\/de\/myopie-kurzsichtigkeit\/\" target=\"_blank\" rel=\"noreferrer noopener\">Myopie (Kurzsichtigkeit)  <\/a><\/li>\n\n\n\n<li><a href=\"https:\/\/medclinics.com\/de\/hypermetropie-weitsichtigkeit\/\" target=\"_blank\" rel=\"noreferrer noopener\">Hypermetropie (Weitsichtigkeit)<\/a><\/li>\n\n\n\n<li><a href=\"https:\/\/medclinics.com\/de\/glaukom\/\" target=\"_blank\" rel=\"noreferrer noopener\">Glaukom<\/a><\/li>\n\n\n\n<li><a href=\"https:\/\/medclinics.com\/de\/strabismus-chirurgie\/\">Strabismus-Chirurgie<\/a><\/li>\n\n\n\n<li><a href=\"https:\/\/medclinics.com\/de\/kontaktlinsen\/\" target=\"_blank\" rel=\"noreferrer noopener\">Kontaktlinsen<\/a><\/li>\n\n\n\n<li><a href=\"https:\/\/medclinics.com\/de\/uveitis-intraokulare-entzundungen\/\" target=\"_blank\" rel=\"noreferrer noopener\">Uveitis (Intraokulare Entz\u00fcndungen)<\/a><\/li>\n\n\n\n<li><a href=\"https:\/\/medclinics.com\/de\/rehabilitation-fur-sehbehinderte\/\" target=\"_blank\" rel=\"noreferrer noopener\">Rehabilitation f\u00fcr Sehbehinderte<\/a><\/li>\n<\/ul>\n\n<h2 class=\"wp-block-heading\" id=\"treatment-plan\">Behandlungsplan<\/h2>\n\n<p><strong>1. Tag:<\/strong><\/p>\n\n<ul class=\"wp-block-list\">\n<li>Treffen Sie Ihren medizinischen Berater<\/li>\n\n\n\n<li>Ausf\u00fchrliche Untersuchung Ihres Auges<\/li>\n\n\n\n<li>Endg\u00fcltige Entscheidung \u00fcber die Operationsmethode<\/li>\n<\/ul>\n\n<p><strong>2. Tag:  <\/strong><\/p>\n\n<ul class=\"wp-block-list\">\n<li>Konsultation mit Ihrem behandelnden Arzt<\/li>\n\n\n\n<li>Vorbereitung und Beginn des Eingriffs<\/li>\n\n\n\n<li>Sie werden keine Schmerzen versp\u00fcren, da der gesamte Eingriff unter \u00f6rtlicher Bet\u00e4ubung durchgef\u00fchrt wird.<\/li>\n\n\n\n<li>Informationen dar\u00fcber, worauf Sie in den n\u00e4chsten Tagen achten sollten<\/li>\n\n\n\n<li>Danach verlassen Sie das Krankenhaus, fahren zu Ihrem Hotel und entspannen sich.<\/li>\n\n\n\n<li>Wir empfehlen Ihnen ausdr\u00fccklich, die Medikamente und Augentropfen, die Sie von unserer Klinik erhalten, gewissenhaft anzuwenden<\/li>\n<\/ul>\n\n<p><strong>3. Tag:<\/strong><\/p>\n\n<ul class=\"wp-block-list\">\n<li>Konsultation mit Ihrem behandelnden Arzt<\/li>\n\n\n\n<li>Ausf\u00fchrliche Nachuntersuchung Ihrer Augen<\/li>\n<\/ul>\n\n<p><strong>4. Tag:<\/strong><\/p>\n\n<p><strong>Wenn Sie sich gut f\u00fchlen, k\u00f6nnen Sie jetzt Istanbul erkunden!<\/strong><br\/>Besuchen Sie den Gro\u00dfen Basar zum Einkaufen! Besuchen Sie die Hagia Sophia, den Topkapi-Palast und die Zisterne der Basilika und <a href=\"https:\/\/istanbul-tourist-information.com\/en\/\" target=\"_blank\" rel=\"noreferrer noopener\">machen Sie eine Bootsfahrt auf dem Bosporus<\/a>!<\/p>\n\n<p><strong>5. Tag:<\/strong><\/p>\n\n<ul class=\"wp-block-list\">\n<li>Endkontrolle durch Ihren behandelnden Arzt in unserem Krankenhaus<\/li>\n\n\n\n<li>Detaillierte Untersuchung des Operationsgebiets<\/li>\n\n\n\n<li>Reinigung der Wunde und Wechsel der Verb\u00e4nde<\/li>\n\n\n\n<li>Danach k\u00f6nnen Sie entspannt nach Hause gehen<\/li>\n<\/ul>\n\n<h3 class=\"wp-block-heading\" id=\"mammoplasty-for\">Allgemeine Augenchirurgie f\u00fcr:<\/h3>\n\n<ul class=\"wp-block-list\">\n<li>Personen mit grauem Star (Katarakt)<\/li>\n\n\n\n<li>Personen mit refraktiven Fehlern<\/li>\n\n\n\n<li>Personen mit Glaukom (Gr\u00fcner Star)<\/li>\n\n\n\n<li>Personen mit Netzhauterkrankungen<\/li>\n\n\n\n<li>Personen mit Augenlidproblemen<\/li>\n<\/ul>\n\n<h3 class=\"wp-block-heading\" id=\"mammoplasty-duration\">Allgemeine Augenchirurgie Dauer:<\/h3>\n\n<ul class=\"wp-block-list\">\n<li>Die Dauer einer allgemeinen Augenoperation kann je nach Art des Eingriffs zwischen weniger als einer Stunde und mehreren Stunden liegen.<\/li>\n<\/ul>\n\n<h3 class=\"wp-block-heading\" id=\"mammoplasty-recovery-timeline\">Allgemeiner Zeitplan f\u00fcr die Genesung nach einer Augenoperation:<\/h3>\n\n<ul class=\"wp-block-list\">\n<li>In der Regel dauert es einige Tage bis mehrere Wochen, bis man sich von der Operation erholt hat.<\/li>\n\n\n\n<li>K\u00f6rperliche Aktivit\u00e4ten k\u00f6nnen innerhalb von ein bis zwei Wochen wieder aufgenommen werden.<\/li>\n\n\n\n<li>In einigen F\u00e4llen bemerken die Patienten sofort nach dem Eingriff eine Verbesserung ihrer Sehkraft, w\u00e4hrend es in anderen F\u00e4llen mehrere Wochen oder sogar Monate dauern kann, bis sie den vollen Nutzen des Eingriffs sp\u00fcren.<\/li>\n<\/ul>\n\n<h3 class=\"wp-block-heading\" id=\"possible-risks-for-mammoplasty\">M\u00f6gliche Risiken bei allgemeinen Augenoperationen:<\/h3>\n\n<ul class=\"wp-block-list\">\n<li>Infektion<\/li>\n\n\n\n<li>Blutungen<\/li>\n\n\n\n<li>Sehkraftverlust<\/li>\n\n\n\n<li>Trockenes Auge<\/li>\n\n\n\n<li>Doppeltsehen<\/li>\n\n\n\n<li>Glaukom<\/li>\n\n\n\n<li>Kataraktbildung<\/li>\n\n\n\n<li>Hornhautprobleme<\/li>\n\n\n\n<li>Netzhautabl\u00f6sung<\/li>\n\n\n\n<li>Risiken bei der An\u00e4sthesie<\/li>\n<\/ul>\n\n<h2 class=\"wp-block-heading\" id=\"aftercare\">Nachsorge<\/h2>\n\n<h3 class=\"wp-block-heading\" id=\"of-course-we-will-also-take-care-of-you-after-your-treatment\">Nat\u00fcrlich k\u00fcmmern wir uns auch nach der Behandlung um Sie!<\/h3>\n\n<p>Nach der Operation werden unsere medizinischen Berater bis zu einem Jahr lang f\u00fcr Sie da sein.<br\/>Unsere Mitarbeiter stehen Ihnen f\u00fcr alle Fragen zur Verf\u00fcgung und helfen Ihnen bei Bedarf. Um den Fortschritt zu \u00fcberwachen, werden wir nach 2 Wochen, 2 Monaten, 6 Monaten und 1 Jahr nach der Operation Bilder anfordern.<\/p>\n\n<h3 class=\"wp-block-heading\" id=\"breast-aesthetic-surgery-healing-process\">Allgemeiner Heilungsprozess bei Augenoperationen<\/h3>\n\n<h4 class=\"wp-block-heading\" id=\"the-healing-process-as-a-whole-takes-between-6-and-12-months\">Der gesamte Heilungsprozess dauert zwischen 6 und 12 Monaten.<\/h4>\n\n<p>Unmittelbar nach der Operation: Ihr Auge wird m\u00f6glicherweise mit einem Schutzschild oder einer Augenklappe abgedeckt, und es kann zu Unwohlsein, R\u00f6tung oder Tr\u00e4nenfluss kommen. Ihr Chirurg wird Ihnen Anweisungen zur Pflege Ihres Auges geben, einschlie\u00dflich aller Augentropfen oder Medikamente, die Sie verwenden m\u00fcssen.<\/p>\n\n<p>Erste Woche: In dieser Zeit sollten Sie sich ausruhen und alle anstrengenden Aktivit\u00e4ten vermeiden, die Druck auf Ihr Auge aus\u00fcben k\u00f6nnten. M\u00f6glicherweise sehen Sie verschwommen oder sind lichtempfindlich, und es ist wichtig, dass Sie Ihr Auge nicht reiben oder ber\u00fchren.<\/p>\n\n<p>Zweite Woche: Sie k\u00f6nnen einige normale Aktivit\u00e4ten wieder aufnehmen, sollten aber weiterhin Aktivit\u00e4ten vermeiden, die Ihr Auge belasten oder unter Druck setzen k\u00f6nnten. Ihr Chirurg kann in dieser Zeit eventuelle F\u00e4den oder Nahtstellen entfernen.<\/p>\n\n<p>Erster Monat: Ihre Sicht kann noch verschwommen sein, aber sie sollte sich mit der Zeit allm\u00e4hlich verbessern. Es kann auch zu Trockenheit oder Reizungen im Auge kommen.<\/p>\n\n<p>Die ersten 3-6 Monate: Ihr Auge sollte weiter heilen und Ihre Sehkraft sollte sich allm\u00e4hlich verbessern. Ihr Chirurg wird Ihnen m\u00f6glicherweise weitere Nachsorgetermine empfehlen, um Ihre Fortschritte zu \u00fcberwachen und die Medikation gegebenenfalls anzupassen.<\/p>\n\n<p>Ein Jahr: Zu diesem Zeitpunkt sollte Ihr Auge vollst\u00e4ndig verheilt sein, und Ihre Sehkraft sollte stabil und klar sein. Ihr Chirurg kann regelm\u00e4\u00dfige Augenuntersuchungen empfehlen, um Ihre Augengesundheit und Sehkraft zu \u00fcberwachen.<\/p>\n\n<figure class=\"wp-block-image size-full\"><img decoding=\"async\" width=\"780\" height=\"488\" src=\"https:\/\/medclinics.com\/wp-content\/uploads\/2024\/04\/General-Eye-Surgery-Ophthalmology.jpg\" alt=\"Allgemein-Augenchirurgie-Ophthalmologie\" class=\"wp-image-161294\" srcset=\"https:\/\/medclinics.com\/wp-content\/uploads\/2024\/04\/General-Eye-Surgery-Ophthalmology.jpg 780w, https:\/\/medclinics.com\/wp-content\/uploads\/2024\/04\/General-Eye-Surgery-Ophthalmology-300x188.jpg 300w, https:\/\/medclinics.com\/wp-content\/uploads\/2024\/04\/General-Eye-Surgery-Ophthalmology-768x480.jpg 768w\" sizes=\"(max-width: 780px) 100vw, 780px\" \/><\/figure>\n\n<h2 class=\"wp-block-heading\" id=\"top-general-eye-surgery-costs-by-country\">Die h\u00f6chsten Kosten f\u00fcr allgemeine Augenchirurgie nach Land<\/h2>\n\n<p>Die Kosten f\u00fcr eine allgemeine Augenoperation h\u00e4ngen von der Erfahrung des Chirurgen, der angewandten Technik, der von Ihnen gew\u00e4hlten Klinik oder dem Krankenhaus und Ihrem individuellen Gesundheitszustand ab.<br\/>Die unten aufgef\u00fchrten Preise sollen Ihnen eine ungef\u00e4hre Vorstellung vermitteln und sind kein endg\u00fcltiges Angebot. Ihr MedClincs-Berater wird Sie gerne \u00fcber die Einzelheiten informieren.<\/p>\n\n<figure class=\"wp-block-table\"><table><thead><tr><th>Land <\/th><th>Preis  <\/th><th>Bewertung<\/th><\/tr><\/thead><tbody><tr><td>T\u00fcrkiye (T\u00fcrkei)<\/td><td>~ 1000\u20ac &#8211; 2000\u20ac<\/td><td>\u2605\u2605\u2605\u2605\u2605<\/td><\/tr><tr><td>Spanien<\/td><td>~ 1500\u20ac &#8211; 3000\u20ac<\/td><td>\u2605\u2605<\/td><\/tr><tr><td>Polen<\/td><td>~ 1000\u20ac &#8211; 2000\u20ac<\/td><td>\u2605\u2605\u2605\u2605<\/td><\/tr><tr><td>USA<\/td><td>~ 3500\u20ac &#8211; 5500\u20ac<\/td><td>\u2605\u2605\u2605<\/td><\/tr><tr><td>Deutschland<\/td><td>~ 1500\u20ac &#8211; 2500\u20ac<\/td><td>\u2605\u2605\u2605<\/td><\/tr><\/tbody><\/table><\/figure>\n\n<h2 class=\"wp-block-heading\" id=\"types-of-general-eye-surgery\">Arten der allgemeinen Augenchirurgie<\/h2>\n<div class=\"jet-listing-grid--blocks   jet-sm-gb-wrapper jet-sm-gb-8ee14fe5-2e42-4d3b-9612-13db20e24f92\"data-element-id=\"8ee14fe5-2e42-4d3b-9612-13db20e24f92\"data-listing-type=\"blocks\"data-is-block=\"jet-engine\/listing-grid\"><div class=\"jet-listing-notice\">Please select listing to show.<\/div><\/div>\n<h2 class=\"wp-block-heading\" id=\"faq\">FAQ<\/h2>\n<div id=\"rank-math-faq\" class=\"rank-math-block\">\n<div class=\"rank-math-list \">\n<div id=\"faq-question-1682598236692\" class=\"rank-math-list-item\">\n<h3 class=\"rank-math-question \">Kann eine Augenlaseroperation schiefgehen?<\/h3>\n<div class=\"rank-math-answer \">\n\n<p>Augenlaseroperationen sind zwar im Allgemeinen sicher und wirksam, aber wie bei jedem medizinischen Eingriff besteht auch hier das Risiko von Komplikationen. Das Risiko f\u00fcr diese Komplikationen ist jedoch relativ gering, und die meisten Patienten erleben nach dem Eingriff eine deutliche Verbesserung ihrer Sehkraft. Es ist wichtig, die m\u00f6glichen Risiken und Vorteile einer Augenlaseroperation mit einem qualifizierten Arzt zu besprechen, bevor man sich f\u00fcr den Eingriff entscheidet.<\/p>\n\n<\/div>\n<\/div>\n<div id=\"faq-question-1682599778411\" class=\"rank-math-list-item\">\n<h3 class=\"rank-math-question \">Kann man seine Augenfarbe durch eine Operation \u00e4ndern?<\/h3>\n<div class=\"rank-math-answer \">\n\n<p>Es gibt zwar kosmetische Kontaktlinsen, die das Aussehen Ihrer Augenfarbe vor\u00fcbergehend ver\u00e4ndern k\u00f6nnen, aber es gibt derzeit keinen chirurgischen Eingriff, der Ihre Augenfarbe dauerhaft ver\u00e4ndern kann. In den letzten Jahren wurden einige experimentelle chirurgische Verfahren entwickelt, bei denen farbige Irislinsen in das Auge implantiert werden, um das Erscheinungsbild der Iris zu ver\u00e4ndern. Diese Verfahren sind jedoch nicht allgemein verf\u00fcgbar und wurden von Aufsichtsbeh\u00f6rden wie der FDA (Food and Drug Administration) in den Vereinigten Staaten nicht genehmigt. Es ist wichtig, daran zu denken, dass jeder chirurgische Eingriff Risiken und potenzielle Komplikationen birgt. Daher ist es nicht empfehlenswert, sich einem chirurgischen Eingriff allein aus kosmetischen Gr\u00fcnden zu unterziehen, insbesondere wenn kein zugelassenes oder allgemein akzeptiertes Verfahren zur Verf\u00fcgung steht.<\/p>\n\n<\/div>\n<\/div>\n<div id=\"faq-question-1682599810915\" class=\"rank-math-list-item\">\n<h3 class=\"rank-math-question \">Ist eine Augenlaseroperation sicher?<\/h3>\n<div class=\"rank-math-answer \">\n\n<p>Ja, Augenlaseroperationen gelten im Allgemeinen als sicher, und das Risiko von Komplikationen ist gering. Wie bei jedem medizinischen Eingriff gibt es jedoch potenzielle Risiken, und es ist wichtig, einen qualifizierten Chirurgen zu w\u00e4hlen und die potenziellen Vorteile und Risiken sorgf\u00e4ltig abzuw\u00e4gen, bevor man sich f\u00fcr den Eingriff entscheidet.<\/p>\n\n<\/div>\n<\/div>\n<div id=\"faq-question-1682599837003\" class=\"rank-math-list-item\">\n<h3 class=\"rank-math-question \">Was sind die Vorteile einer allgemeinen Augenoperation in der T\u00fcrkei?<\/h3>\n<div class=\"rank-math-answer \">\n\n<p>Die T\u00fcrkei ist aufgrund mehrerer Vorteile ein immer beliebteres Ziel f\u00fcr allgemeine Augenoperationen. Das Land bietet eine qualitativ hochwertige medizinische Versorgung mit modernen Einrichtungen und gut ausgebildeten medizinischen Fachkr\u00e4ften und ist dabei erschwinglicher als viele andere L\u00e4nder. Viele Augenchirurgen in der T\u00fcrkei verf\u00fcgen \u00fcber umfangreiche Erfahrung und Ausbildung in der Durchf\u00fchrung einer breiten Palette von Augenoperationen, und das Land hat Zugang zu fortschrittlicher Technologie und Ausr\u00fcstung. Durch seine Lage an der Schnittstelle zwischen Europa und Asien ist es von vielen Teilen der Welt aus leicht zu erreichen, und sein reiches kulturelles Erbe und seine sch\u00f6nen Sehensw\u00fcrdigkeiten machen es zu einem idealen Reiseziel, um medizinische Behandlung mit Freizeitreisen zu verbinden. Es ist wichtig, alle Faktoren sorgf\u00e4ltig abzuw\u00e4gen und einen qualifizierten und erfahrenen Chirurgen zu w\u00e4hlen, um das bestm\u00f6gliche Ergebnis zu erzielen.<\/p>\n\n<\/div>\n<\/div>\n<div id=\"faq-question-1682599872711\" class=\"rank-math-list-item\">\n<h3 class=\"rank-math-question \">Ist eine allgemeine Augenoperation schmerzhaft?<\/h3>\n<div class=\"rank-math-answer \">\n\n<p>Die allgemeine Augenoperation wird in der Regel unter \u00f6rtlicher Bet\u00e4ubung durchgef\u00fchrt, und die meisten Patienten berichten nur \u00fcber leichte bis mittlere Beschwerden w\u00e4hrend und nach dem Eingriff. Etwaige Beschwerden k\u00f6nnen in der Regel mit rezeptfreien Schmerzmitteln gelindert werden, und Ihr Chirurg wird Ihnen detaillierte Anweisungen f\u00fcr die postoperative Behandlung geben. Jeder Patient ist anders, aber die \u00fcberwiegende Mehrheit der Patienten, die sich einer allgemeinen Augenoperation unterziehen, berichten nicht \u00fcber nennenswerte Schmerzen oder Unannehmlichkeiten.<\/p>\n\n<\/div>\n<\/div>\n<div id=\"faq-question-1682599930139\" class=\"rank-math-list-item\">\n<h3 class=\"rank-math-question \">Was ist eine PRK-Augenoperation?<\/h3>\n<div class=\"rank-math-answer \">\n\n<p>PRK steht f\u00fcr Photorefraktive Keratektomie, eine Art der Augenlaserchirurgie zur Korrektur von Kurzsichtigkeit, Weitsichtigkeit und Astigmatismus. Bei dem Verfahren wird die \u00e4u\u00dfere Schicht der Hornhaut entfernt und die Hornhaut mit einem Laser neu geformt, um die Sehkraft zu verbessern. Der Eingriff wird unter \u00f6rtlicher Bet\u00e4ubung durchgef\u00fchrt und dauert etwa 10-15 Minuten pro Auge. Die PRK gilt als sichere und wirksame Option f\u00fcr viele Patienten, kann aber eine l\u00e4ngere Heilungszeit erfordern als andere Arten der Augenlaseroperation.<\/p>\n\n<\/div>\n<\/div>\n<div id=\"faq-question-1683792907519\" class=\"rank-math-list-item\">\n<h3 class=\"rank-math-question \">Wie lange dauert die Genesung bei einer Augenoperation?<\/h3>\n<div class=\"rank-math-answer \">\n\n<p>Die Erholungszeit nach einer Augenoperation kann je nach dem spezifischen Verfahren und individuellen Faktoren wie Alter und allgemeinem Gesundheitszustand variieren. Im Allgemeinen k\u00f6nnen die meisten Patienten jedoch mit einer anf\u00e4nglichen Erholungszeit von etwa ein bis zwei Wochen f\u00fcr die meisten Arten von allgemeinen Augenoperationen, wie Kataraktoperationen oder Glaukomoperationen, rechnen. Bei Augenlaseroperationen wie LASIK oder PRK ist die anf\u00e4ngliche Erholungszeit in der Regel k\u00fcrzer und betr\u00e4gt in der Regel etwa 2-3 Tage. Die vollst\u00e4ndige Genesung kann jedoch mehrere Wochen oder sogar Monate dauern.<br \/>Es ist wichtig, dass Sie die postoperativen Pflegeanweisungen Ihres Chirurgen befolgen und alle geplanten Nachsorgetermine wahrnehmen, um Ihre Genesung zu \u00fcberwachen und das bestm\u00f6gliche Ergebnis zu erzielen.<\/p>\n\n<\/div>\n<\/div>\n<\/div>\n<\/div>\n<h2 class=\"wp-block-heading\" id=\"history\">Geschichte<\/h2>\n\n<h3 class=\"wp-block-heading\" id=\"breast-surgeries-have-been-documented-for-centuries-although-mostly-on-men\">Die allgemeine Augenchirurgie ist seit Jahrhunderten dokumentiert.<\/h3>\n\n<p>Augenoperationen wurden bereits von den alten Zivilisationen, einschlie\u00dflich der \u00c4gypter und Griechen, durchgef\u00fchrt, um verschiedene Krankheiten wie Katarakte und Glaukome zu behandeln.<\/p>\n\n<p>W\u00e4hrend des Mittelalters spielten arabische \u00c4rzte eine bedeutende Rolle bei der Weiterentwicklung der Augenheilkunde, indem sie innovative Techniken zur Behandlung von Augenverletzungen und -krankheiten einbrachten.<\/p>\n\n<p>Im 20. Jahrhundert brachte die Einf\u00fchrung moderner chirurgischer Techniken und Technologien bemerkenswerte Verbesserungen in der Augenchirurgie hervor. Die Anwendung von Lokalan\u00e4sthesie f\u00fchrte zu sichereren und effektiveren chirurgischen Verfahren, w\u00e4hrend mikrochirurgische Ger\u00e4te pr\u00e4zisere und kompliziertere Verfahren erm\u00f6glichten.<\/p>\n\n<p>Mit dem Aufkommen der Lasertechnologie in den 1960er Jahren trat die Augenchirurgie in eine revolution\u00e4re Phase ein. Der Laser erm\u00f6glichte noch pr\u00e4zisere und wirksamere Behandlungen und er\u00f6ffnete ein breites Spektrum allgemeiner Augenoperationen, die bis heute fortgesetzt werden &#8211; von der Kataraktchirurgie \u00fcber Hornhauttransplantationen bis hin zur Laser-Sehkorrektur.<\/p>\n","protected":false},"excerpt":{"rendered":"<p>Allgemeine Augenchirurgie oder Ophthalmologie Ist ein medizinisches Fachgebiet, das sich mit der Erforschung der Anatomie, Physiologie und Krankheiten des Auges [&hellip;]<\/p>\n","protected":false},"author":4,"featured_media":93132,"parent":0,"menu_order":0,"comment_status":"closed","ping_status":"closed","template":"","meta":{"site-sidebar-layout":"default","site-content-layout":"","ast-site-content-layout":"default","site-content-style":"default","site-sidebar-style":"default","ast-global-header-display":"","ast-banner-title-visibility":"","ast-main-header-display":"","ast-hfb-above-header-display":"","ast-hfb-below-header-display":"","ast-hfb-mobile-header-display":"","site-post-title":"","ast-breadcrumbs-content":"","ast-featured-img":"","footer-sml-layout":"","ast-disable-related-posts":"","theme-transparent-header-meta":"","adv-header-id-meta":"","stick-header-meta":"","header-above-stick-meta":"","header-main-stick-meta":"","header-below-stick-meta":"","astra-migrate-meta-layouts":"default","ast-page-background-enabled":"default","ast-page-background-meta":{"desktop":{"background-color":"var(--ast-global-color-4)","background-image":"","background-repeat":"repeat","background-position":"center center","background-size":"auto","background-attachment":"scroll","background-type":"","background-media":"","overlay-type":"","overlay-color":"","overlay-opacity":"","overlay-gradient":""},"tablet":{"background-color":"","background-image":"","background-repeat":"repeat","background-position":"center center","background-size":"auto","background-attachment":"scroll","background-type":"","background-media":"","overlay-type":"","overlay-color":"","overlay-opacity":"","overlay-gradient":""},"mobile":{"background-color":"","background-image":"","background-repeat":"repeat","background-position":"center center","background-size":"auto","background-attachment":"scroll","background-type":"","background-media":"","overlay-type":"","overlay-color":"","overlay-opacity":"","overlay-gradient":""}},"ast-content-background-meta":{"desktop":{"background-color":"var(--ast-global-color-5)","background-image":"","background-repeat":"repeat","background-position":"center center","background-size":"auto","background-attachment":"scroll","background-type":"","background-media":"","overlay-type":"","overlay-color":"","overlay-opacity":"","overlay-gradient":""},"tablet":{"background-color":"var(--ast-global-color-5)","background-image":"","background-repeat":"repeat","background-position":"center center","background-size":"auto","background-attachment":"scroll","background-type":"","background-media":"","overlay-type":"","overlay-color":"","overlay-opacity":"","overlay-gradient":""},"mobile":{"background-color":"var(--ast-global-color-5)","background-image":"","background-repeat":"repeat","background-position":"center center","background-size":"auto","background-attachment":"scroll","background-type":"","background-media":"","overlay-type":"","overlay-color":"","overlay-opacity":"","overlay-gradient":""}},"footnotes":""},"class_list":["post-145189","page","type-page","status-publish","has-post-thumbnail","hentry"],"_links":{"self":[{"href":"https:\/\/medclinics.com\/de\/wp-json\/wp\/v2\/pages\/145189","targetHints":{"allow":["GET"]}}],"collection":[{"href":"https:\/\/medclinics.com\/de\/wp-json\/wp\/v2\/pages"}],"about":[{"href":"https:\/\/medclinics.com\/de\/wp-json\/wp\/v2\/types\/page"}],"author":[{"embeddable":true,"href":"https:\/\/medclinics.com\/de\/wp-json\/wp\/v2\/users\/4"}],"replies":[{"embeddable":true,"href":"https:\/\/medclinics.com\/de\/wp-json\/wp\/v2\/comments?post=145189"}],"version-history":[{"count":0,"href":"https:\/\/medclinics.com\/de\/wp-json\/wp\/v2\/pages\/145189\/revisions"}],"wp:featuredmedia":[{"embeddable":true,"href":"https:\/\/medclinics.com\/de\/wp-json\/wp\/v2\/media\/93132"}],"wp:attachment":[{"href":"https:\/\/medclinics.com\/de\/wp-json\/wp\/v2\/media?parent=145189"}],"curies":[{"name":"wp","href":"https:\/\/api.w.org\/{rel}","templated":true}]}}