{"id":145131,"date":"2023-11-10T20:51:04","date_gmt":"2023-11-10T17:51:04","guid":{"rendered":"https:\/\/medclinics.com\/haartransplantation-fur-frauen\/"},"modified":"2025-01-25T00:36:41","modified_gmt":"2025-01-24T21:36:41","slug":"haartransplantation-fur-frauen","status":"publish","type":"page","link":"https:\/\/medclinics.com\/de\/haartransplantation-fur-frauen\/","title":{"rendered":"Haartransplantation f\u00fcr Frauen"},"content":{"rendered":"\n<h2 class=\"wp-block-heading\">Die Haartransplantation f\u00fcr Frauen wird immer beliebter.<\/h2>\n\n<p>W\u00e4hrend sich in der Vergangenheit fast nur M\u00e4nner einer <a href=\"https:\/\/istanbul-tourist-information.com\/en\/category\/hair\/\" target=\"_blank\" rel=\"noreferrer noopener\">Haartransplantation<\/a> unterzogen, suchen heute immer mehr Frauen nach einer dauerhaften L\u00f6sung f\u00fcr den Haarausfall.<\/p>\n\n<p>Ein Mann mit Glatze kann durchaus attraktiv sein, aber f\u00fcr Frauen ist das etwas ganz anderes. Das Haar gilt immer noch als Symbol der Weiblichkeit. Umso schlimmer ist es f\u00fcr Frauen, wenn mit der Zeit immer mehr Haare ausfallen, sich Geheimratsecken bilden oder der Scheitel immer mehr sichtbar wird.<\/p>\n\n<p>Statistiken zufolge ist die Zahl der Haartransplantationen bei Frauen in den letzten zehn Jahren um mehr als 20 % gestiegen. (Internationale Gesellschaft f\u00fcr Haarwiederherstellungschirurgie &#8211; ISHRS).<\/p>\n\n<p>Diese Zunahme der Haartransplantation bei Frauen ist zum Teil auf die wachsende Akzeptanz der Haartransplantation sowie auf die sich st\u00e4ndig weiterentwickelnde Technologie zur\u00fcckzuf\u00fchren.<br\/>Alle g\u00e4ngigen Techniken der Haartransplantation, wie <a href=\"https:\/\/medclinics.com\/de\/fue-haartransplantation\/\" data-type=\"page\" data-id=\"80085\" target=\"_blank\" rel=\"noreferrer noopener\">FUE<\/a>, <a href=\"https:\/\/medclinics.com\/fue-sapphire-hair-transplant\/\" data-type=\"page\" data-id=\"80109\" target=\"_blank\" rel=\"noreferrer noopener\">FUE Sapphire<\/a> oder <a href=\"https:\/\/medclinics.com\/de\/dhi-haartransplantation\/\" data-type=\"page\" data-id=\"80131\">DHI<\/a> k\u00f6nnen auch bei Frauen angewendet werden. Besonders beliebt ist die Haartransplantation ohne Rasur.<\/p>\n\n<h3 class=\"wp-block-heading\">Alles, was Sie \u00fcber <a href=\"https:\/\/medclinics.com\/de\/haartransplantation\/\" target=\"_blank\" rel=\"noreferrer noopener\">Haartransplantationen<\/a> wissen m\u00fcssen, einschlie\u00dflich Preis, Nachbehandlung und Heilungsprozess, oder <a href=\"#requestform\">kontaktieren Sie uns<\/a>!<\/h3>\n\n<figure class=\"wp-block-image size-large\"><img fetchpriority=\"high\" decoding=\"async\" width=\"1440\" height=\"470\" src=\"https:\/\/medclinics.com\/wp-content\/uploads\/2023\/02\/Regenera-Activa-Hair-Treatment-istanbul-in-istanbul.jpg\" alt=\"Haartransplantation f&#xFC;r eine Frau in Istanbul in der T&#xFC;rkei\" class=\"wp-image-53881\" srcset=\"https:\/\/medclinics.com\/wp-content\/uploads\/2023\/02\/Regenera-Activa-Hair-Treatment-istanbul-in-istanbul.jpg 1440w, https:\/\/medclinics.com\/wp-content\/uploads\/2023\/02\/Regenera-Activa-Hair-Treatment-istanbul-in-istanbul-500x163.jpg 500w, https:\/\/medclinics.com\/wp-content\/uploads\/2023\/02\/Regenera-Activa-Hair-Treatment-istanbul-in-istanbul-1024x334.jpg 1024w, https:\/\/medclinics.com\/wp-content\/uploads\/2023\/02\/Regenera-Activa-Hair-Treatment-istanbul-in-istanbul-768x251.jpg 768w\" sizes=\"(max-width: 1440px) 100vw, 1440px\" \/><\/figure>\n\n<h2 class=\"wp-block-heading\">FAQ <\/h2>\n<div id=\"rank-math-faq\" class=\"rank-math-block\">\n<div class=\"rank-math-list \">\n<div id=\"faq-question-1683391548998\" class=\"rank-math-list-item\">\n<h3 class=\"rank-math-question \">K\u00f6nnen auch Frauen eine Haartransplantation erhalten?<\/h3>\n<div class=\"rank-math-answer \">\n\n<p>Die Haartransplantation f\u00fcr Frauen kann auch wie die Haartransplantation f\u00fcr M\u00e4nner durchgef\u00fchrt werden. Die Techniken sind die gleichen.  <\/p>\n\n<\/div>\n<\/div>\n<div id=\"faq-question-1683391585179\" class=\"rank-math-list-item\">\n<h3 class=\"rank-math-question \">M\u00fcssen die Haare bei einer Haartransplantation bei Frauen rasiert werden?  <\/h3>\n<div class=\"rank-math-answer \">\n\n<p>In der Regel wird bei einer Haartransplantation der Kopf rasiert. Inzwischen gibt es jedoch auch neue Methoden, die eine Transplantation ohne vollst\u00e4ndige Rasur erm\u00f6glichen. Bei der Haartransplantation f\u00fcr Frauen wird dies oft bevorzugt.<\/p>\n\n<\/div>\n<\/div>\n<div id=\"faq-question-1683391788739\" class=\"rank-math-list-item\">\n<h3 class=\"rank-math-question \">Ist die Haartransplantation ohne Rasur teurer als die klassischen Haartransplantationsmethoden? <\/h3>\n<div class=\"rank-math-answer \">\n\n<p>Nein, der Preis ist derselbe, denn es werden dieselben Techniken verwendet. Nur wenn Sie sich f\u00fcr eine Haartransplantation ohne Rasur entscheiden, wird es einen Preisunterschied geben, da diese Technik mehr Erfahrung des Arztes erfordert und mehr Zeit in Anspruch nimmt.  <\/p>\n\n<\/div>\n<\/div>\n<div id=\"faq-question-1683392049787\" class=\"rank-math-list-item\">\n<h3 class=\"rank-math-question \">Wann wird eine Haartransplantation ohne Rasur bevorzugt?<\/h3>\n<div class=\"rank-math-answer \">\n\n<p>Diese Technik wird h\u00e4ufig angewandt, wenn nur ein kleiner Teil der Kopfhaut behandelt werden muss, wie z. B. der Haaransatz oder der Scheitel.<\/p>\n\n<\/div>\n<\/div>\n<\/div>\n<\/div>\n<p><\/p>\n\n<h3 class=\"wp-block-heading\">Kontaktieren Sie uns jetzt, falls Sie Fragen haben!<\/h3>\n","protected":false},"excerpt":{"rendered":"<p>Die Haartransplantation f\u00fcr Frauen wird immer beliebter. W\u00e4hrend sich in der Vergangenheit fast nur M\u00e4nner einer Haartransplantation unterzogen, suchen heute [&hellip;]<\/p>\n","protected":false},"author":4,"featured_media":91862,"parent":0,"menu_order":0,"comment_status":"closed","ping_status":"closed","template":"","meta":{"site-sidebar-layout":"default","site-content-layout":"","ast-site-content-layout":"default","site-content-style":"default","site-sidebar-style":"default","ast-global-header-display":"","ast-banner-title-visibility":"","ast-main-header-display":"","ast-hfb-above-header-display":"","ast-hfb-below-header-display":"","ast-hfb-mobile-header-display":"","site-post-title":"","ast-breadcrumbs-content":"","ast-featured-img":"","footer-sml-layout":"","ast-disable-related-posts":"","theme-transparent-header-meta":"","adv-header-id-meta":"","stick-header-meta":"","header-above-stick-meta":"","header-main-stick-meta":"","header-below-stick-meta":"","astra-migrate-meta-layouts":"default","ast-page-background-enabled":"default","ast-page-background-meta":{"desktop":{"background-color":"var(--ast-global-color-4)","background-image":"","background-repeat":"repeat","background-position":"center center","background-size":"auto","background-attachment":"scroll","background-type":"","background-media":"","overlay-type":"","overlay-color":"","overlay-opacity":"","overlay-gradient":""},"tablet":{"background-color":"","background-image":"","background-repeat":"repeat","background-position":"center center","background-size":"auto","background-attachment":"scroll","background-type":"","background-media":"","overlay-type":"","overlay-color":"","overlay-opacity":"","overlay-gradient":""},"mobile":{"background-color":"","background-image":"","background-repeat":"repeat","background-position":"center center","background-size":"auto","background-attachment":"scroll","background-type":"","background-media":"","overlay-type":"","overlay-color":"","overlay-opacity":"","overlay-gradient":""}},"ast-content-background-meta":{"desktop":{"background-color":"var(--ast-global-color-5)","background-image":"","background-repeat":"repeat","background-position":"center center","background-size":"auto","background-attachment":"scroll","background-type":"","background-media":"","overlay-type":"","overlay-color":"","overlay-opacity":"","overlay-gradient":""},"tablet":{"background-color":"var(--ast-global-color-5)","background-image":"","background-repeat":"repeat","background-position":"center center","background-size":"auto","background-attachment":"scroll","background-type":"","background-media":"","overlay-type":"","overlay-color":"","overlay-opacity":"","overlay-gradient":""},"mobile":{"background-color":"var(--ast-global-color-5)","background-image":"","background-repeat":"repeat","background-position":"center center","background-size":"auto","background-attachment":"scroll","background-type":"","background-media":"","overlay-type":"","overlay-color":"","overlay-opacity":"","overlay-gradient":""}},"footnotes":""},"class_list":["post-145131","page","type-page","status-publish","has-post-thumbnail","hentry"],"_links":{"self":[{"href":"https:\/\/medclinics.com\/de\/wp-json\/wp\/v2\/pages\/145131","targetHints":{"allow":["GET"]}}],"collection":[{"href":"https:\/\/medclinics.com\/de\/wp-json\/wp\/v2\/pages"}],"about":[{"href":"https:\/\/medclinics.com\/de\/wp-json\/wp\/v2\/types\/page"}],"author":[{"embeddable":true,"href":"https:\/\/medclinics.com\/de\/wp-json\/wp\/v2\/users\/4"}],"replies":[{"embeddable":true,"href":"https:\/\/medclinics.com\/de\/wp-json\/wp\/v2\/comments?post=145131"}],"version-history":[{"count":0,"href":"https:\/\/medclinics.com\/de\/wp-json\/wp\/v2\/pages\/145131\/revisions"}],"wp:featuredmedia":[{"embeddable":true,"href":"https:\/\/medclinics.com\/de\/wp-json\/wp\/v2\/media\/91862"}],"wp:attachment":[{"href":"https:\/\/medclinics.com\/de\/wp-json\/wp\/v2\/media?parent=145131"}],"curies":[{"name":"wp","href":"https:\/\/api.w.org\/{rel}","templated":true}]}}